{"id":1117,"date":"2016-07-27T19:31:59","date_gmt":"2016-07-27T18:31:59","guid":{"rendered":"http:\/\/cuicui.be\/?page_id=1117"},"modified":"2016-08-01T19:21:10","modified_gmt":"2016-08-01T18:21:10","slug":"alea-jacta-est","status":"publish","type":"page","link":"https:\/\/cuicui.be\/fr\/","title":{"rendered":"Alea jacta est"},"content":{"rendered":"<style>.slick-slider#wpsp-1116 {margin-left: 0px; }.slick-slider#wpsp-1116 .wp-show-posts-inner {margin-left: 0.5em; margin-right: 0.5em; }#wpsp-1116.wpsp-card .wp-show-posts-single {margin-bottom: 1em; }.slick-slider#wpsp-1116 .wp-show-posts-single {margin-bottom: 0px; }#wpsp-1116 .wp-show-posts-inner {border: 1px solid #999999; }#wpsp-1116:not(.wpsp-card) .wp-show-posts-inner {padding: 5px; }#wpsp-1116.wpsp-card .wpsp-content-wrap {padding: 5px; }<\/style><style>.wp-show-posts-columns#wpsp-1116 {margin-left: -1em; }.wp-show-posts-columns#wpsp-1116 .wp-show-posts-inner {margin: 0 0 1em 1em; }<\/style><section id=\"wpsp-1116\" class=\" wp-show-posts-columns wp-show-posts-masonry wp-show-posts\" style=\"\"><div class=\"grid-sizer wpsp-col-4\"><\/div><article class=\"  wp-show-posts-masonry-col-4  wp-show-posts-masonry-block wp-show-posts-single post-1297 post type-post status-publish format-standard has-post-thumbnail hentry category-asia category-china wpsp-col-4\" itemtype=\"http:\/\/schema.org\/CreativeWork\" itemscope><div class=\"wp-show-posts-inner\" style=\"\">\t\t<div class=\"wp-show-posts-image zoom wpsp-image-center \">\n\t\t\t<a href=\"https:\/\/cuicui.be\/fr\/china-yungang-buddhist-grottoes\/\"  title=\"Les grottes bouddhiques de Yungang\"><img loading=\"lazy\" decoding=\"async\" width=\"1024\" height=\"512\" src=\"https:\/\/cuicui.be\/wp-content\/uploads\/2016\/08\/cn-yungang.jpg\" class=\"attachment-full size-full wp-post-image\" alt=\"\" itemprop=\"image\" srcset=\"https:\/\/cuicui.be\/wp-content\/uploads\/2016\/08\/cn-yungang.jpg 1024w, https:\/\/cuicui.be\/wp-content\/uploads\/2016\/08\/cn-yungang-300x150.jpg 300w, https:\/\/cuicui.be\/wp-content\/uploads\/2016\/08\/cn-yungang-768x384.jpg 768w, https:\/\/cuicui.be\/wp-content\/uploads\/2016\/08\/cn-yungang-150x75.jpg 150w, https:\/\/cuicui.be\/wp-content\/uploads\/2016\/08\/cn-yungang-600x300.jpg 600w\" sizes=\"auto, (max-width: 1024px) 100vw, 1024px\" \/><\/a>\t\t<\/div>\n\t\t\t\t\t\t\t\t<header class=\"wp-show-posts-entry-header\">\n\t\t\t\t\t\t\t<h2 class=\"wp-show-posts-entry-title\" itemprop=\"headline\"><a href=\"https:\/\/cuicui.be\/fr\/china-yungang-buddhist-grottoes\/\" rel=\"bookmark\">Les grottes bouddhiques de Yungang<\/a><\/h2>\t\t\t\t\t\t<\/header><!-- .entry-header -->\n\t\t\t\t\t\t\t\t\t\t\t<div class=\"wp-show-posts-entry-summary\" itemprop=\"text\">\n\t\t\t\t\t\t\t<p>\u00ab\u00a0Les grottes de Yungang, \u00e0 Datong, province du Shanxi, avec leurs 252 grottes et leurs 51 000 statues, repr\u00e9sentent une r\u00e9ussite exceptionnelle&#8230;<\/p>\n\t\t\t\t\t\t<\/div><!-- .entry-summary -->\n\t\t\t\t\t<\/div><!-- wp-show-posts-inner --><\/article><article class=\"  wp-show-posts-masonry-col-4  wp-show-posts-masonry-block wp-show-posts-single post-1990 post type-post status-publish format-standard has-post-thumbnail hentry category-asia category-iran wpsp-col-4\" itemtype=\"http:\/\/schema.org\/CreativeWork\" itemscope><div class=\"wp-show-posts-inner\" style=\"\">\t\t<div class=\"wp-show-posts-image zoom wpsp-image-center \">\n\t\t\t<a href=\"https:\/\/cuicui.be\/fr\/iran-yazd-persian-architecture\/\"  title=\"Architecture perse de Yazd\"><img loading=\"lazy\" decoding=\"async\" width=\"1024\" height=\"512\" src=\"https:\/\/cuicui.be\/wp-content\/uploads\/2016\/09\/ir-yazd.jpg\" class=\"attachment-full size-full wp-post-image\" alt=\"\" itemprop=\"image\" srcset=\"https:\/\/cuicui.be\/wp-content\/uploads\/2016\/09\/ir-yazd.jpg 1024w, https:\/\/cuicui.be\/wp-content\/uploads\/2016\/09\/ir-yazd-300x150.jpg 300w, https:\/\/cuicui.be\/wp-content\/uploads\/2016\/09\/ir-yazd-768x384.jpg 768w, https:\/\/cuicui.be\/wp-content\/uploads\/2016\/09\/ir-yazd-150x75.jpg 150w, https:\/\/cuicui.be\/wp-content\/uploads\/2016\/09\/ir-yazd-600x300.jpg 600w\" sizes=\"auto, (max-width: 1024px) 100vw, 1024px\" \/><\/a>\t\t<\/div>\n\t\t\t\t\t\t\t\t<header class=\"wp-show-posts-entry-header\">\n\t\t\t\t\t\t\t<h2 class=\"wp-show-posts-entry-title\" itemprop=\"headline\"><a href=\"https:\/\/cuicui.be\/fr\/iran-yazd-persian-architecture\/\" rel=\"bookmark\">Architecture perse de Yazd<\/a><\/h2>\t\t\t\t\t\t<\/header><!-- .entry-header -->\n\t\t\t\t\t\t\t\t\t\t\t<div class=\"wp-show-posts-entry-summary\" itemprop=\"text\">\n\t\t\t\t\t\t\t<p>\u00ab\u00a0Yazd a depuis toujours d\u00e9velopp\u00e9 une architecture adapt\u00e9e \u00e0 son milieu d\u00e9sertique extr\u00eame. Les maisons sont traditionnellement en pis\u00e9, \u00e0 toits plats&#8230;<\/p>\n\t\t\t\t\t\t<\/div><!-- .entry-summary -->\n\t\t\t\t\t<\/div><!-- wp-show-posts-inner --><\/article><article class=\"  wp-show-posts-masonry-col-4  wp-show-posts-masonry-block wp-show-posts-single post-2123 post type-post status-publish format-standard has-post-thumbnail hentry category-israel category-middle-east wpsp-col-4\" itemtype=\"http:\/\/schema.org\/CreativeWork\" itemscope><div class=\"wp-show-posts-inner\" style=\"\">\t\t<div class=\"wp-show-posts-image zoom wpsp-image-center \">\n\t\t\t<a href=\"https:\/\/cuicui.be\/fr\/israel-yad-vashem-memorial\/\"  title=\"Le m\u00e9morial de Yad Vashem\"><img loading=\"lazy\" decoding=\"async\" width=\"1024\" height=\"512\" src=\"https:\/\/cuicui.be\/wp-content\/uploads\/2016\/10\/il-yad-vashem.jpg\" class=\"attachment-full size-full wp-post-image\" alt=\"\" itemprop=\"image\" srcset=\"https:\/\/cuicui.be\/wp-content\/uploads\/2016\/10\/il-yad-vashem.jpg 1024w, https:\/\/cuicui.be\/wp-content\/uploads\/2016\/10\/il-yad-vashem-150x75.jpg 150w, https:\/\/cuicui.be\/wp-content\/uploads\/2016\/10\/il-yad-vashem-300x150.jpg 300w, https:\/\/cuicui.be\/wp-content\/uploads\/2016\/10\/il-yad-vashem-768x384.jpg 768w, https:\/\/cuicui.be\/wp-content\/uploads\/2016\/10\/il-yad-vashem-600x300.jpg 600w\" sizes=\"auto, (max-width: 1024px) 100vw, 1024px\" \/><\/a>\t\t<\/div>\n\t\t\t\t\t\t\t\t<header class=\"wp-show-posts-entry-header\">\n\t\t\t\t\t\t\t<h2 class=\"wp-show-posts-entry-title\" itemprop=\"headline\"><a href=\"https:\/\/cuicui.be\/fr\/israel-yad-vashem-memorial\/\" rel=\"bookmark\">Le m\u00e9morial de Yad Vashem<\/a><\/h2>\t\t\t\t\t\t<\/header><!-- .entry-header -->\n\t\t\t\t\t\t\t\t\t\t\t<div class=\"wp-show-posts-entry-summary\" itemprop=\"text\">\n\t\t\t\t\t\t\t<p>\u00ab\u00a0Le m\u00e9morial de Yad Vashem est un m\u00e9morial isra\u00e9lien situ\u00e9 \u00e0 J\u00e9rusalem, construit en m\u00e9moire des victimes juives de la Shoah.\u00a0\u00bb\u00a0Plus sur&#8230;<\/p>\n\t\t\t\t\t\t<\/div><!-- .entry-summary -->\n\t\t\t\t\t<\/div><!-- wp-show-posts-inner --><\/article><article class=\"  wp-show-posts-masonry-col-4  wp-show-posts-masonry-block wp-show-posts-single post-1182 post type-post status-publish format-standard has-post-thumbnail hentry category-asia category-china wpsp-col-4\" itemtype=\"http:\/\/schema.org\/CreativeWork\" itemscope><div class=\"wp-show-posts-inner\" style=\"\">\t\t<div class=\"wp-show-posts-image zoom wpsp-image-center \">\n\t\t\t<a href=\"https:\/\/cuicui.be\/fr\/china-xian-city-wall\/\"  title=\"Les remparts de Xi&rsquo;an\"><img loading=\"lazy\" decoding=\"async\" width=\"1024\" height=\"512\" src=\"https:\/\/cuicui.be\/wp-content\/uploads\/2016\/07\/cn-xian.jpg\" class=\"attachment-full size-full wp-post-image\" alt=\"\" itemprop=\"image\" srcset=\"https:\/\/cuicui.be\/wp-content\/uploads\/2016\/07\/cn-xian.jpg 1024w, https:\/\/cuicui.be\/wp-content\/uploads\/2016\/07\/cn-xian-300x150.jpg 300w, https:\/\/cuicui.be\/wp-content\/uploads\/2016\/07\/cn-xian-768x384.jpg 768w, https:\/\/cuicui.be\/wp-content\/uploads\/2016\/07\/cn-xian-150x75.jpg 150w, https:\/\/cuicui.be\/wp-content\/uploads\/2016\/07\/cn-xian-600x300.jpg 600w\" sizes=\"auto, (max-width: 1024px) 100vw, 1024px\" \/><\/a>\t\t<\/div>\n\t\t\t\t\t\t\t\t<header class=\"wp-show-posts-entry-header\">\n\t\t\t\t\t\t\t<h2 class=\"wp-show-posts-entry-title\" itemprop=\"headline\"><a href=\"https:\/\/cuicui.be\/fr\/china-xian-city-wall\/\" rel=\"bookmark\">Les remparts de Xi&rsquo;an<\/a><\/h2>\t\t\t\t\t\t<\/header><!-- .entry-header -->\n\t\t\t\t\t\t\t\t\t\t\t<div class=\"wp-show-posts-entry-summary\" itemprop=\"text\">\n\t\t\t\t\t\t\t<p>\u00ab\u00a0Les remparts de Xi&rsquo;an, une des anciennes capitales de la Chine, sont un des ensembles de remparts les plus anciens et les&#8230;<\/p>\n\t\t\t\t\t\t<\/div><!-- .entry-summary -->\n\t\t\t\t\t<\/div><!-- wp-show-posts-inner --><\/article><article class=\"  wp-show-posts-masonry-col-4  wp-show-posts-masonry-block wp-show-posts-single post-1382 post type-post status-publish format-standard has-post-thumbnail hentry category-asia category-china wpsp-col-4\" itemtype=\"http:\/\/schema.org\/CreativeWork\" itemscope><div class=\"wp-show-posts-inner\" style=\"\">\t\t<div class=\"wp-show-posts-image zoom wpsp-image-center \">\n\t\t\t<a href=\"https:\/\/cuicui.be\/fr\/china-wuyi-mountains\/\"  title=\"Les monts Wuyi\"><img loading=\"lazy\" decoding=\"async\" width=\"1024\" height=\"512\" src=\"https:\/\/cuicui.be\/wp-content\/uploads\/2016\/08\/cn-wuyishan.jpg\" class=\"attachment-full size-full wp-post-image\" alt=\"\" itemprop=\"image\" srcset=\"https:\/\/cuicui.be\/wp-content\/uploads\/2016\/08\/cn-wuyishan.jpg 1024w, https:\/\/cuicui.be\/wp-content\/uploads\/2016\/08\/cn-wuyishan-300x150.jpg 300w, https:\/\/cuicui.be\/wp-content\/uploads\/2016\/08\/cn-wuyishan-768x384.jpg 768w, https:\/\/cuicui.be\/wp-content\/uploads\/2016\/08\/cn-wuyishan-150x75.jpg 150w, https:\/\/cuicui.be\/wp-content\/uploads\/2016\/08\/cn-wuyishan-600x300.jpg 600w\" sizes=\"auto, (max-width: 1024px) 100vw, 1024px\" \/><\/a>\t\t<\/div>\n\t\t\t\t\t\t\t\t<header class=\"wp-show-posts-entry-header\">\n\t\t\t\t\t\t\t<h2 class=\"wp-show-posts-entry-title\" itemprop=\"headline\"><a href=\"https:\/\/cuicui.be\/fr\/china-wuyi-mountains\/\" rel=\"bookmark\">Les monts Wuyi<\/a><\/h2>\t\t\t\t\t\t<\/header><!-- .entry-header -->\n\t\t\t\t\t\t\t\t\t\t\t<div class=\"wp-show-posts-entry-summary\" itemprop=\"text\">\n\t\t\t\t\t\t\t<p>La r\u00e9gion a subi une activit\u00e9 volcanique importante, de larges failles s&rsquo;y sont d\u00e9velopp\u00e9es, model\u00e9es depuis par l&rsquo;\u00e9rosion naturelle. Les paysages sont&#8230;<\/p>\n\t\t\t\t\t\t<\/div><!-- .entry-summary -->\n\t\t\t\t\t<\/div><!-- wp-show-posts-inner --><\/article><article class=\"  wp-show-posts-masonry-col-4  wp-show-posts-masonry-block wp-show-posts-single post-2141 post type-post status-publish format-standard has-post-thumbnail hentry category-israel category-middle-east wpsp-col-4\" itemtype=\"http:\/\/schema.org\/CreativeWork\" itemscope><div class=\"wp-show-posts-inner\" style=\"\">\t\t<div class=\"wp-show-posts-image zoom wpsp-image-center \">\n\t\t\t<a href=\"https:\/\/cuicui.be\/fr\/israel-white-city-of-tel-aviv\/\"  title=\"Ville blanche de Tel-Aviv : le mouvement moderne\"><img loading=\"lazy\" decoding=\"async\" width=\"1024\" height=\"512\" src=\"https:\/\/cuicui.be\/wp-content\/uploads\/2016\/10\/il-tel-aviv.jpg\" class=\"attachment-full size-full wp-post-image\" alt=\"\" itemprop=\"image\" srcset=\"https:\/\/cuicui.be\/wp-content\/uploads\/2016\/10\/il-tel-aviv.jpg 1024w, https:\/\/cuicui.be\/wp-content\/uploads\/2016\/10\/il-tel-aviv-150x75.jpg 150w, https:\/\/cuicui.be\/wp-content\/uploads\/2016\/10\/il-tel-aviv-300x150.jpg 300w, https:\/\/cuicui.be\/wp-content\/uploads\/2016\/10\/il-tel-aviv-768x384.jpg 768w, https:\/\/cuicui.be\/wp-content\/uploads\/2016\/10\/il-tel-aviv-600x300.jpg 600w\" sizes=\"auto, (max-width: 1024px) 100vw, 1024px\" \/><\/a>\t\t<\/div>\n\t\t\t\t\t\t\t\t<header class=\"wp-show-posts-entry-header\">\n\t\t\t\t\t\t\t<h2 class=\"wp-show-posts-entry-title\" itemprop=\"headline\"><a href=\"https:\/\/cuicui.be\/fr\/israel-white-city-of-tel-aviv\/\" rel=\"bookmark\">Ville blanche de Tel-Aviv : le mouvement moderne<\/a><\/h2>\t\t\t\t\t\t<\/header><!-- .entry-header -->\n\t\t\t\t\t\t\t\t\t\t\t<div class=\"wp-show-posts-entry-summary\" itemprop=\"text\">\n\t\t\t\t\t\t\t<p>\u00ab\u00a0Tel-Aviv fut fond\u00e9e en 1909 et s\u2019est d\u00e9velopp\u00e9e comme une ville m\u00e9tropolitaine sous le mandat britannique en Palestine. La ville blanche fut&#8230;<\/p>\n\t\t\t\t\t\t<\/div><!-- .entry-summary -->\n\t\t\t\t\t<\/div><!-- wp-show-posts-inner --><\/article><article class=\"  wp-show-posts-masonry-col-4  wp-show-posts-masonry-block wp-show-posts-single post-2161 post type-post status-publish format-standard has-post-thumbnail hentry category-israel category-middle-east wpsp-col-4\" itemtype=\"http:\/\/schema.org\/CreativeWork\" itemscope><div class=\"wp-show-posts-inner\" style=\"\">\t\t<div class=\"wp-show-posts-image zoom wpsp-image-center \">\n\t\t\t<a href=\"https:\/\/cuicui.be\/fr\/jerusalem-western-wall\/\"  title=\"Le mur des Lamentations \u00e0 J\u00e9rusalem\"><img loading=\"lazy\" decoding=\"async\" width=\"1024\" height=\"512\" src=\"https:\/\/cuicui.be\/wp-content\/uploads\/2016\/10\/il-jerusalem-kotel.jpg\" class=\"attachment-full size-full wp-post-image\" alt=\"\" itemprop=\"image\" srcset=\"https:\/\/cuicui.be\/wp-content\/uploads\/2016\/10\/il-jerusalem-kotel.jpg 1024w, https:\/\/cuicui.be\/wp-content\/uploads\/2016\/10\/il-jerusalem-kotel-150x75.jpg 150w, https:\/\/cuicui.be\/wp-content\/uploads\/2016\/10\/il-jerusalem-kotel-300x150.jpg 300w, https:\/\/cuicui.be\/wp-content\/uploads\/2016\/10\/il-jerusalem-kotel-768x384.jpg 768w, https:\/\/cuicui.be\/wp-content\/uploads\/2016\/10\/il-jerusalem-kotel-600x300.jpg 600w\" sizes=\"auto, (max-width: 1024px) 100vw, 1024px\" \/><\/a>\t\t<\/div>\n\t\t\t\t\t\t\t\t<header class=\"wp-show-posts-entry-header\">\n\t\t\t\t\t\t\t<h2 class=\"wp-show-posts-entry-title\" itemprop=\"headline\"><a href=\"https:\/\/cuicui.be\/fr\/jerusalem-western-wall\/\" rel=\"bookmark\">Le mur des Lamentations \u00e0 J\u00e9rusalem<\/a><\/h2>\t\t\t\t\t\t<\/header><!-- .entry-header -->\n\t\t\t\t\t\t\t\t\t\t\t<div class=\"wp-show-posts-entry-summary\" itemprop=\"text\">\n\t\t\t\t\t\t\t<p>\u00ab\u00a0Le Mur des Lamentations, appel\u00e9 aussi Mur occidental, est un mur de sout\u00e8nement de l&rsquo;esplanade du Temple de J\u00e9rusalem situ\u00e9 dans le&#8230;<\/p>\n\t\t\t\t\t\t<\/div><!-- .entry-summary -->\n\t\t\t\t\t<\/div><!-- wp-show-posts-inner --><\/article><article class=\"  wp-show-posts-masonry-col-4  wp-show-posts-masonry-block wp-show-posts-single post-2860 post type-post status-publish format-standard has-post-thumbnail hentry category-jordan category-middle-east wpsp-col-4\" itemtype=\"http:\/\/schema.org\/CreativeWork\" itemscope><div class=\"wp-show-posts-inner\" style=\"\">\t\t<div class=\"wp-show-posts-image zoom wpsp-image-center \">\n\t\t\t<a href=\"https:\/\/cuicui.be\/fr\/jordan-surroundings-of-petra\/\"  title=\"Environs et wadis de Petra\"><img loading=\"lazy\" decoding=\"async\" width=\"1024\" height=\"512\" src=\"https:\/\/cuicui.be\/wp-content\/uploads\/2016\/11\/jo-petra-surroundings.jpg\" class=\"attachment-full size-full wp-post-image\" alt=\"\" itemprop=\"image\" srcset=\"https:\/\/cuicui.be\/wp-content\/uploads\/2016\/11\/jo-petra-surroundings.jpg 1024w, https:\/\/cuicui.be\/wp-content\/uploads\/2016\/11\/jo-petra-surroundings-150x75.jpg 150w, https:\/\/cuicui.be\/wp-content\/uploads\/2016\/11\/jo-petra-surroundings-300x150.jpg 300w, https:\/\/cuicui.be\/wp-content\/uploads\/2016\/11\/jo-petra-surroundings-768x384.jpg 768w, https:\/\/cuicui.be\/wp-content\/uploads\/2016\/11\/jo-petra-surroundings-600x300.jpg 600w\" sizes=\"auto, (max-width: 1024px) 100vw, 1024px\" \/><\/a>\t\t<\/div>\n\t\t\t\t\t\t\t\t<header class=\"wp-show-posts-entry-header\">\n\t\t\t\t\t\t\t<h2 class=\"wp-show-posts-entry-title\" itemprop=\"headline\"><a href=\"https:\/\/cuicui.be\/fr\/jordan-surroundings-of-petra\/\" rel=\"bookmark\">Environs et wadis de Petra<\/a><\/h2>\t\t\t\t\t\t<\/header><!-- .entry-header -->\n\t\t\t\t\t\t\t\t\t\t\t<div class=\"wp-show-posts-entry-summary\" itemprop=\"text\">\n\t\t\t\t\t\t\t<p>\u00ab\u00a0Cr\u00e9\u00e9e dans l&rsquo;Antiquit\u00e9 vers la fin du VIIIe si\u00e8cle av. J.-C. par les \u00c9domites, elle est ensuite occup\u00e9e vers le VIe si\u00e8cle&#8230;<\/p>\n\t\t\t\t\t\t<\/div><!-- .entry-summary -->\n\t\t\t\t\t<\/div><!-- wp-show-posts-inner --><\/article><article class=\"  wp-show-posts-masonry-col-4  wp-show-posts-masonry-block wp-show-posts-single post-421 post type-post status-publish format-standard has-post-thumbnail hentry category-europe category-france wpsp-col-4\" itemtype=\"http:\/\/schema.org\/CreativeWork\" itemscope><div class=\"wp-show-posts-inner\" style=\"\">\t\t<div class=\"wp-show-posts-image zoom wpsp-image-center \">\n\t\t\t<a href=\"https:\/\/cuicui.be\/fr\/france-paris-vincent-van-gogh-bedroom\/\"  title=\"La Chambre de Vincent Van Gogh\"><img loading=\"lazy\" decoding=\"async\" width=\"1024\" height=\"512\" src=\"https:\/\/cuicui.be\/wp-content\/uploads\/2016\/07\/fr-van-gogh-chamber.jpg\" class=\"attachment-full size-full wp-post-image\" alt=\"\" itemprop=\"image\" srcset=\"https:\/\/cuicui.be\/wp-content\/uploads\/2016\/07\/fr-van-gogh-chamber.jpg 1024w, https:\/\/cuicui.be\/wp-content\/uploads\/2016\/07\/fr-van-gogh-chamber-300x150.jpg 300w, https:\/\/cuicui.be\/wp-content\/uploads\/2016\/07\/fr-van-gogh-chamber-768x384.jpg 768w\" sizes=\"auto, (max-width: 1024px) 100vw, 1024px\" \/><\/a>\t\t<\/div>\n\t\t\t\t\t\t\t\t<header class=\"wp-show-posts-entry-header\">\n\t\t\t\t\t\t\t<h2 class=\"wp-show-posts-entry-title\" itemprop=\"headline\"><a href=\"https:\/\/cuicui.be\/fr\/france-paris-vincent-van-gogh-bedroom\/\" rel=\"bookmark\">La Chambre de Vincent Van Gogh<\/a><\/h2>\t\t\t\t\t\t<\/header><!-- .entry-header -->\n\t\t\t\t\t\t\t\t\t\t\t<div class=\"wp-show-posts-entry-summary\" itemprop=\"text\">\n\t\t\t\t\t\t\t<p>La Chambre \u00e0 Arles est une peinture de Vincent van Gogh. Il en existe trois versions dont la derni\u00e8re est ici expos\u00e9e&#8230;<\/p>\n\t\t\t\t\t\t<\/div><!-- .entry-summary -->\n\t\t\t\t\t<\/div><!-- wp-show-posts-inner --><\/article><div class=\"wpsp-clear\"><\/div><\/section><!-- .wp-show-posts --><div class=\"wpsp-load-more\"><span aria-current=\"page\" class=\"page-numbers current\">1<\/span>\n<a class=\"page-numbers\" href=\"https:\/\/cuicui.be\/fr\/wp-json\/wp\/v2\/pages\/1117\/page\/2\/\">2<\/a>\n<span class=\"page-numbers dots\">\u2026<\/span>\n<a class=\"page-numbers\" href=\"https:\/\/cuicui.be\/fr\/wp-json\/wp\/v2\/pages\/1117\/page\/35\/\">35<\/a>\n<a class=\"next page-numbers\" href=\"https:\/\/cuicui.be\/fr\/wp-json\/wp\/v2\/pages\/1117\/page\/2\/\">Next &rarr;<\/a><\/div>\n","protected":false},"excerpt":{"rendered":"","protected":false},"author":1,"featured_media":0,"parent":0,"menu_order":0,"comment_status":"closed","ping_status":"closed","template":"","meta":{"generate_page_header":"","footnotes":""},"class_list":["post-1117","page","type-page","status-publish","hentry","generate-columns","tablet-grid-50","mobile-grid-100","grid-parent","grid-33"],"_links":{"self":[{"href":"https:\/\/cuicui.be\/fr\/wp-json\/wp\/v2\/pages\/1117","targetHints":{"allow":["GET"]}}],"collection":[{"href":"https:\/\/cuicui.be\/fr\/wp-json\/wp\/v2\/pages"}],"about":[{"href":"https:\/\/cuicui.be\/fr\/wp-json\/wp\/v2\/types\/page"}],"author":[{"embeddable":true,"href":"https:\/\/cuicui.be\/fr\/wp-json\/wp\/v2\/users\/1"}],"replies":[{"embeddable":true,"href":"https:\/\/cuicui.be\/fr\/wp-json\/wp\/v2\/comments?post=1117"}],"version-history":[{"count":0,"href":"https:\/\/cuicui.be\/fr\/wp-json\/wp\/v2\/pages\/1117\/revisions"}],"wp:attachment":[{"href":"https:\/\/cuicui.be\/fr\/wp-json\/wp\/v2\/media?parent=1117"}],"curies":[{"name":"wp","href":"https:\/\/api.w.org\/{rel}","templated":true}]}}