{"id":1527,"date":"2016-09-09T16:50:56","date_gmt":"2016-09-09T15:50:56","guid":{"rendered":"http:\/\/cuicui.be\/?page_id=1527"},"modified":"2016-09-09T16:54:00","modified_gmt":"2016-09-09T15:54:00","slug":"china","status":"publish","type":"page","link":"https:\/\/cuicui.be\/fr\/china\/","title":{"rendered":"Chine"},"content":{"rendered":"<style>.slick-slider#wpsp-1508 {margin-left: 0px; }.slick-slider#wpsp-1508 .wp-show-posts-inner {margin-left: 1em; margin-right: 1em; }#wpsp-1508.wpsp-card .wp-show-posts-single {margin-bottom: 2em; }.slick-slider#wpsp-1508 .wp-show-posts-single {margin-bottom: 0px; }#wpsp-1508 .wp-show-posts-inner {border: 1px solid #adadad; }#wpsp-1508:not(.wpsp-card) .wp-show-posts-inner {padding: 5px; }#wpsp-1508.wpsp-card .wpsp-content-wrap {padding: 5px; }<\/style><style>.wp-show-posts-columns#wpsp-1508 {margin-left: -2em; }.wp-show-posts-columns#wpsp-1508 .wp-show-posts-inner {margin: 0 0 2em 2em; }<\/style><section id=\"wpsp-1508\" class=\" wp-show-posts-columns wp-show-posts-masonry wp-show-posts\" style=\"\"><div class=\"grid-sizer wpsp-col-4\"><\/div><article class=\"  wp-show-posts-masonry-col-4  wp-show-posts-masonry-block wp-show-posts-single post-1404 post type-post status-publish format-standard has-post-thumbnail hentry category-asia category-china wpsp-col-4\" itemtype=\"http:\/\/schema.org\/CreativeWork\" itemscope><div class=\"wp-show-posts-inner\" style=\"\">\t\t<div class=\"wp-show-posts-image zoom wpsp-image-center \">\n\t\t\t<a href=\"https:\/\/cuicui.be\/fr\/china-huanglong-natural-pools\/\"  title=\"Les bassins naturels de Huanglong\"><img loading=\"lazy\" decoding=\"async\" width=\"1024\" height=\"512\" src=\"https:\/\/cuicui.be\/wp-content\/uploads\/2016\/08\/cn-huanglong.jpg\" class=\"attachment-full size-full wp-post-image\" alt=\"\" itemprop=\"image\" srcset=\"https:\/\/cuicui.be\/wp-content\/uploads\/2016\/08\/cn-huanglong.jpg 1024w, https:\/\/cuicui.be\/wp-content\/uploads\/2016\/08\/cn-huanglong-300x150.jpg 300w, https:\/\/cuicui.be\/wp-content\/uploads\/2016\/08\/cn-huanglong-768x384.jpg 768w, https:\/\/cuicui.be\/wp-content\/uploads\/2016\/08\/cn-huanglong-150x75.jpg 150w, https:\/\/cuicui.be\/wp-content\/uploads\/2016\/08\/cn-huanglong-600x300.jpg 600w\" sizes=\"auto, (max-width: 1024px) 100vw, 1024px\" \/><\/a>\t\t<\/div>\n\t\t\t\t\t\t\t\t<header class=\"wp-show-posts-entry-header\">\n\t\t\t\t\t\t\t<h2 class=\"wp-show-posts-entry-title\" itemprop=\"headline\"><a href=\"https:\/\/cuicui.be\/fr\/china-huanglong-natural-pools\/\" rel=\"bookmark\">Les bassins naturels de Huanglong<\/a><\/h2>\t\t\t\t\t\t<\/header><!-- .entry-header -->\n\t\t\t\t\t\t\t\t\t\t\t<div class=\"wp-show-posts-entry-summary\" itemprop=\"text\">\n\t\t\t\t\t\t\t<p>Huanglong est connu pour ses piscines auxquelles les concr\u00e9tions de calcite donnent des couleurs exceptionnelles. La r\u00e9gion abrite plusieurs esp\u00e8ces animales menac\u00e9es,&#8230;<\/p>\n\t\t\t\t\t\t<\/div><!-- .entry-summary -->\n\t\t\t\t\t<\/div><!-- wp-show-posts-inner --><\/article><article class=\"  wp-show-posts-masonry-col-4  wp-show-posts-masonry-block wp-show-posts-single post-1173 post type-post status-publish format-standard has-post-thumbnail hentry category-asia category-china wpsp-col-4\" itemtype=\"http:\/\/schema.org\/CreativeWork\" itemscope><div class=\"wp-show-posts-inner\" style=\"\">\t\t<div class=\"wp-show-posts-image zoom wpsp-image-center \">\n\t\t\t<a href=\"https:\/\/cuicui.be\/fr\/china-jiaohe-ruins\/\"  title=\"Les ruines de Jiaohe\"><img loading=\"lazy\" decoding=\"async\" width=\"1024\" height=\"512\" src=\"https:\/\/cuicui.be\/wp-content\/uploads\/2016\/07\/cn-jiaohe.jpg\" class=\"attachment-full size-full wp-post-image\" alt=\"\" itemprop=\"image\" srcset=\"https:\/\/cuicui.be\/wp-content\/uploads\/2016\/07\/cn-jiaohe.jpg 1024w, https:\/\/cuicui.be\/wp-content\/uploads\/2016\/07\/cn-jiaohe-300x150.jpg 300w, https:\/\/cuicui.be\/wp-content\/uploads\/2016\/07\/cn-jiaohe-768x384.jpg 768w, https:\/\/cuicui.be\/wp-content\/uploads\/2016\/07\/cn-jiaohe-150x75.jpg 150w, https:\/\/cuicui.be\/wp-content\/uploads\/2016\/07\/cn-jiaohe-600x300.jpg 600w\" sizes=\"auto, (max-width: 1024px) 100vw, 1024px\" \/><\/a>\t\t<\/div>\n\t\t\t\t\t\t\t\t<header class=\"wp-show-posts-entry-header\">\n\t\t\t\t\t\t\t<h2 class=\"wp-show-posts-entry-title\" itemprop=\"headline\"><a href=\"https:\/\/cuicui.be\/fr\/china-jiaohe-ruins\/\" rel=\"bookmark\">Les ruines de Jiaohe<\/a><\/h2>\t\t\t\t\t\t<\/header><!-- .entry-header -->\n\t\t\t\t\t\t\t\t\t\t\t<div class=\"wp-show-posts-entry-summary\" itemprop=\"text\">\n\t\t\t\t\t\t\t<p>\u00ab\u00a0Jiaohe fut une forteresse naturelle sous la forme d&rsquo;un plateau irrigu\u00e9 par deux rivi\u00e8res en contre-bas de falaises. Jiaohe fut une \u00e9tape&#8230;<\/p>\n\t\t\t\t\t\t<\/div><!-- .entry-summary -->\n\t\t\t\t\t<\/div><!-- wp-show-posts-inner --><\/article><article class=\"  wp-show-posts-masonry-col-4  wp-show-posts-masonry-block wp-show-posts-single post-1377 post type-post status-publish format-standard has-post-thumbnail hentry category-asia category-china wpsp-col-4\" itemtype=\"http:\/\/schema.org\/CreativeWork\" itemscope><div class=\"wp-show-posts-inner\" style=\"\">\t\t<div class=\"wp-show-posts-image zoom wpsp-image-center \">\n\t\t\t<a href=\"https:\/\/cuicui.be\/fr\/china-tianzhu-feng-taoist-monastery\/\"  title=\"Le monast\u00e8re tao\u00efste Tianzhu Feng\"><img loading=\"lazy\" decoding=\"async\" width=\"1024\" height=\"512\" src=\"https:\/\/cuicui.be\/wp-content\/uploads\/2002\/01\/cn-wudangshan.jpg\" class=\"attachment-full size-full wp-post-image\" alt=\"\" itemprop=\"image\" srcset=\"https:\/\/cuicui.be\/wp-content\/uploads\/2002\/01\/cn-wudangshan.jpg 1024w, https:\/\/cuicui.be\/wp-content\/uploads\/2002\/01\/cn-wudangshan-300x150.jpg 300w, https:\/\/cuicui.be\/wp-content\/uploads\/2002\/01\/cn-wudangshan-768x384.jpg 768w, https:\/\/cuicui.be\/wp-content\/uploads\/2002\/01\/cn-wudangshan-150x75.jpg 150w, https:\/\/cuicui.be\/wp-content\/uploads\/2002\/01\/cn-wudangshan-600x300.jpg 600w\" sizes=\"auto, (max-width: 1024px) 100vw, 1024px\" \/><\/a>\t\t<\/div>\n\t\t\t\t\t\t\t\t<header class=\"wp-show-posts-entry-header\">\n\t\t\t\t\t\t\t<h2 class=\"wp-show-posts-entry-title\" itemprop=\"headline\"><a href=\"https:\/\/cuicui.be\/fr\/china-tianzhu-feng-taoist-monastery\/\" rel=\"bookmark\">Le monast\u00e8re tao\u00efste Tianzhu Feng<\/a><\/h2>\t\t\t\t\t\t<\/header><!-- .entry-header -->\n\t\t\t\t\t\t\t\t\t\t\t<div class=\"wp-show-posts-entry-summary\" itemprop=\"text\">\n\t\t\t\t\t\t\t<p>Depuis des si\u00e8cles, les monts Wudang comptent des monast\u00e8res r\u00e9put\u00e9s comme centres de recherche, d&rsquo;apprentissage et de pratique de la m\u00e9ditation, des&#8230;<\/p>\n\t\t\t\t\t\t<\/div><!-- .entry-summary -->\n\t\t\t\t\t<\/div><!-- wp-show-posts-inner --><\/article><article class=\"  wp-show-posts-masonry-col-4  wp-show-posts-masonry-block wp-show-posts-single post-1387 post type-post status-publish format-standard has-post-thumbnail hentry category-asia category-china wpsp-col-4\" itemtype=\"http:\/\/schema.org\/CreativeWork\" itemscope><div class=\"wp-show-posts-inner\" style=\"\">\t\t<div class=\"wp-show-posts-image zoom wpsp-image-center \">\n\t\t\t<a href=\"https:\/\/cuicui.be\/fr\/china-peking-man\/\"  title=\"L&rsquo;homme de P\u00e9kin\"><img loading=\"lazy\" decoding=\"async\" width=\"1024\" height=\"512\" src=\"https:\/\/cuicui.be\/wp-content\/uploads\/2016\/08\/cn-pekin-man.jpg\" class=\"attachment-full size-full wp-post-image\" alt=\"\" itemprop=\"image\" srcset=\"https:\/\/cuicui.be\/wp-content\/uploads\/2016\/08\/cn-pekin-man.jpg 1024w, https:\/\/cuicui.be\/wp-content\/uploads\/2016\/08\/cn-pekin-man-300x150.jpg 300w, https:\/\/cuicui.be\/wp-content\/uploads\/2016\/08\/cn-pekin-man-768x384.jpg 768w, https:\/\/cuicui.be\/wp-content\/uploads\/2016\/08\/cn-pekin-man-150x75.jpg 150w, https:\/\/cuicui.be\/wp-content\/uploads\/2016\/08\/cn-pekin-man-600x300.jpg 600w\" sizes=\"auto, (max-width: 1024px) 100vw, 1024px\" \/><\/a>\t\t<\/div>\n\t\t\t\t\t\t\t\t<header class=\"wp-show-posts-entry-header\">\n\t\t\t\t\t\t\t<h2 class=\"wp-show-posts-entry-title\" itemprop=\"headline\"><a href=\"https:\/\/cuicui.be\/fr\/china-peking-man\/\" rel=\"bookmark\">L&rsquo;homme de P\u00e9kin<\/a><\/h2>\t\t\t\t\t\t<\/header><!-- .entry-header -->\n\t\t\t\t\t\t\t\t\t\t\t<div class=\"wp-show-posts-entry-summary\" itemprop=\"text\">\n\t\t\t\t\t\t\t<p>\u00ab\u00a0\u00c0 42 km au sud-ouest de P\u00e9kin, le site, dont l&rsquo;exploitation scientifique continue, a permis notamment de d\u00e9couvrir, accompagn\u00e9s d&rsquo;objets vari\u00e9s, les&#8230;<\/p>\n\t\t\t\t\t\t<\/div><!-- .entry-summary -->\n\t\t\t\t\t<\/div><!-- wp-show-posts-inner --><\/article><article class=\"  wp-show-posts-masonry-col-4  wp-show-posts-masonry-block wp-show-posts-single post-1408 post type-post status-publish format-standard has-post-thumbnail hentry category-asia category-china wpsp-col-4\" itemtype=\"http:\/\/schema.org\/CreativeWork\" itemscope><div class=\"wp-show-posts-inner\" style=\"\">\t\t<div class=\"wp-show-posts-image zoom wpsp-image-center \">\n\t\t\t<a href=\"https:\/\/cuicui.be\/fr\/china-mogao-caves\/\"  title=\"Les grottes de Mogao\"><img loading=\"lazy\" decoding=\"async\" width=\"1024\" height=\"512\" src=\"https:\/\/cuicui.be\/wp-content\/uploads\/2016\/08\/cn-mogao.jpg\" class=\"attachment-full size-full wp-post-image\" alt=\"\" itemprop=\"image\" srcset=\"https:\/\/cuicui.be\/wp-content\/uploads\/2016\/08\/cn-mogao.jpg 1024w, https:\/\/cuicui.be\/wp-content\/uploads\/2016\/08\/cn-mogao-300x150.jpg 300w, https:\/\/cuicui.be\/wp-content\/uploads\/2016\/08\/cn-mogao-768x384.jpg 768w, https:\/\/cuicui.be\/wp-content\/uploads\/2016\/08\/cn-mogao-150x75.jpg 150w, https:\/\/cuicui.be\/wp-content\/uploads\/2016\/08\/cn-mogao-600x300.jpg 600w\" sizes=\"auto, (max-width: 1024px) 100vw, 1024px\" \/><\/a>\t\t<\/div>\n\t\t\t\t\t\t\t\t<header class=\"wp-show-posts-entry-header\">\n\t\t\t\t\t\t\t<h2 class=\"wp-show-posts-entry-title\" itemprop=\"headline\"><a href=\"https:\/\/cuicui.be\/fr\/china-mogao-caves\/\" rel=\"bookmark\">Les grottes de Mogao<\/a><\/h2>\t\t\t\t\t\t<\/header><!-- .entry-header -->\n\t\t\t\t\t\t\t\t\t\t\t<div class=\"wp-show-posts-entry-summary\" itemprop=\"text\">\n\t\t\t\t\t\t\t<p>\u00ab\u00a0Situ\u00e9es en un point strat\u00e9gique de la Route de la soie, \u00e0 un carrefour de la circulation des richesses et des influences&#8230;<\/p>\n\t\t\t\t\t\t<\/div><!-- .entry-summary -->\n\t\t\t\t\t<\/div><!-- wp-show-posts-inner --><\/article><article class=\"  wp-show-posts-masonry-col-4  wp-show-posts-masonry-block wp-show-posts-single post-1155 post type-post status-publish format-standard has-post-thumbnail hentry category-asia category-china wpsp-col-4\" itemtype=\"http:\/\/schema.org\/CreativeWork\" itemscope><div class=\"wp-show-posts-inner\" style=\"\">\t\t<div class=\"wp-show-posts-image zoom wpsp-image-center \">\n\t\t\t<a href=\"https:\/\/cuicui.be\/fr\/china-beijing-forbidden-city\/\"  title=\"Palais imp\u00e9riaux des dynasties Ming et Qing \u00e0 Beijing\"><img loading=\"lazy\" decoding=\"async\" width=\"1024\" height=\"512\" src=\"https:\/\/cuicui.be\/wp-content\/uploads\/2016\/07\/cn-gugong.jpg\" class=\"attachment-full size-full wp-post-image\" alt=\"\" itemprop=\"image\" srcset=\"https:\/\/cuicui.be\/wp-content\/uploads\/2016\/07\/cn-gugong.jpg 1024w, https:\/\/cuicui.be\/wp-content\/uploads\/2016\/07\/cn-gugong-300x150.jpg 300w, https:\/\/cuicui.be\/wp-content\/uploads\/2016\/07\/cn-gugong-768x384.jpg 768w, https:\/\/cuicui.be\/wp-content\/uploads\/2016\/07\/cn-gugong-150x75.jpg 150w, https:\/\/cuicui.be\/wp-content\/uploads\/2016\/07\/cn-gugong-600x300.jpg 600w\" sizes=\"auto, (max-width: 1024px) 100vw, 1024px\" \/><\/a>\t\t<\/div>\n\t\t\t\t\t\t\t\t<header class=\"wp-show-posts-entry-header\">\n\t\t\t\t\t\t\t<h2 class=\"wp-show-posts-entry-title\" itemprop=\"headline\"><a href=\"https:\/\/cuicui.be\/fr\/china-beijing-forbidden-city\/\" rel=\"bookmark\">Palais imp\u00e9riaux des dynasties Ming et Qing \u00e0 Beijing<\/a><\/h2>\t\t\t\t\t\t<\/header><!-- .entry-header -->\n\t\t\t\t\t\t\t\t\t\t\t<div class=\"wp-show-posts-entry-summary\" itemprop=\"text\">\n\t\t\t\t\t\t\t<p>\u00ab\u00a0Si\u00e8ge du pouvoir supr\u00eame pendant plus de cinq si\u00e8cles (1416-1911), la Cit\u00e9 interdite \u00e0 Beijing, avec ses jardins paysagers et ses nombreux&#8230;<\/p>\n\t\t\t\t\t\t<\/div><!-- .entry-summary -->\n\t\t\t\t\t<\/div><!-- wp-show-posts-inner --><\/article><div class=\"wpsp-clear\"><\/div><\/section><!-- .wp-show-posts --><div class=\"wpsp-load-more\"><span aria-current=\"page\" class=\"page-numbers current\">1<\/span>\n<a class=\"page-numbers\" href=\"https:\/\/cuicui.be\/fr\/wp-json\/wp\/v2\/pages\/1527\/page\/2\/\">2<\/a>\n<span class=\"page-numbers dots\">\u2026<\/span>\n<a class=\"page-numbers\" href=\"https:\/\/cuicui.be\/fr\/wp-json\/wp\/v2\/pages\/1527\/page\/6\/\">6<\/a>\n<a class=\"next page-numbers\" href=\"https:\/\/cuicui.be\/fr\/wp-json\/wp\/v2\/pages\/1527\/page\/2\/\">Next &rarr;<\/a><\/div>\n","protected":false},"excerpt":{"rendered":"","protected":false},"author":1,"featured_media":0,"parent":0,"menu_order":0,"comment_status":"closed","ping_status":"closed","template":"","meta":{"generate_page_header":"","footnotes":""},"class_list":["post-1527","page","type-page","status-publish","hentry","generate-columns","tablet-grid-50","mobile-grid-100","grid-parent","grid-33"],"_links":{"self":[{"href":"https:\/\/cuicui.be\/fr\/wp-json\/wp\/v2\/pages\/1527","targetHints":{"allow":["GET"]}}],"collection":[{"href":"https:\/\/cuicui.be\/fr\/wp-json\/wp\/v2\/pages"}],"about":[{"href":"https:\/\/cuicui.be\/fr\/wp-json\/wp\/v2\/types\/page"}],"author":[{"embeddable":true,"href":"https:\/\/cuicui.be\/fr\/wp-json\/wp\/v2\/users\/1"}],"replies":[{"embeddable":true,"href":"https:\/\/cuicui.be\/fr\/wp-json\/wp\/v2\/comments?post=1527"}],"version-history":[{"count":0,"href":"https:\/\/cuicui.be\/fr\/wp-json\/wp\/v2\/pages\/1527\/revisions"}],"wp:attachment":[{"href":"https:\/\/cuicui.be\/fr\/wp-json\/wp\/v2\/media?parent=1527"}],"curies":[{"name":"wp","href":"https:\/\/api.w.org\/{rel}","templated":true}]}}