{"id":1536,"date":"2016-09-09T19:58:32","date_gmt":"2016-09-09T18:58:32","guid":{"rendered":"http:\/\/cuicui.be\/?page_id=1536"},"modified":"2016-09-09T20:03:54","modified_gmt":"2016-09-09T19:03:54","slug":"cambodia","status":"publish","type":"page","link":"https:\/\/cuicui.be\/fr\/cambodia\/","title":{"rendered":"Cambodge"},"content":{"rendered":"<style>.slick-slider#wpsp-1539 {margin-left: 0px; }.slick-slider#wpsp-1539 .wp-show-posts-inner {margin-left: 1em; margin-right: 1em; }#wpsp-1539.wpsp-card .wp-show-posts-single {margin-bottom: 2em; }.slick-slider#wpsp-1539 .wp-show-posts-single {margin-bottom: 0px; }#wpsp-1539 .wp-show-posts-inner {border: 1px solid #adadad; }#wpsp-1539:not(.wpsp-card) .wp-show-posts-inner {padding: 5px; }#wpsp-1539.wpsp-card .wpsp-content-wrap {padding: 5px; }<\/style><style>.wp-show-posts-columns#wpsp-1539 {margin-left: -2em; }.wp-show-posts-columns#wpsp-1539 .wp-show-posts-inner {margin: 0 0 2em 2em; }<\/style><section id=\"wpsp-1539\" class=\" wp-show-posts-columns wp-show-posts-masonry wp-show-posts\" style=\"\"><div class=\"grid-sizer wpsp-col-4\"><\/div><article class=\"  wp-show-posts-masonry-col-4  wp-show-posts-masonry-block wp-show-posts-single post-1832 post type-post status-publish format-standard has-post-thumbnail hentry category-asia category-cambodia wpsp-col-4\" itemtype=\"http:\/\/schema.org\/CreativeWork\" itemscope><div class=\"wp-show-posts-inner\" style=\"\">\t\t<div class=\"wp-show-posts-image zoom wpsp-image-center \">\n\t\t\t<a href=\"https:\/\/cuicui.be\/fr\/cambodia-angkor-banteay-kdei\/\"  title=\"Banteay Kdei \u00e0 Angkor\"><img loading=\"lazy\" decoding=\"async\" width=\"1024\" height=\"512\" src=\"https:\/\/cuicui.be\/wp-content\/uploads\/2007\/06\/kh-banteay-kdei.jpg\" class=\"attachment-full size-full wp-post-image\" alt=\"\" itemprop=\"image\" srcset=\"https:\/\/cuicui.be\/wp-content\/uploads\/2007\/06\/kh-banteay-kdei.jpg 1024w, https:\/\/cuicui.be\/wp-content\/uploads\/2007\/06\/kh-banteay-kdei-300x150.jpg 300w, https:\/\/cuicui.be\/wp-content\/uploads\/2007\/06\/kh-banteay-kdei-768x384.jpg 768w, https:\/\/cuicui.be\/wp-content\/uploads\/2007\/06\/kh-banteay-kdei-150x75.jpg 150w, https:\/\/cuicui.be\/wp-content\/uploads\/2007\/06\/kh-banteay-kdei-600x300.jpg 600w\" sizes=\"auto, (max-width: 1024px) 100vw, 1024px\" \/><\/a>\t\t<\/div>\n\t\t\t\t\t\t\t\t<header class=\"wp-show-posts-entry-header\">\n\t\t\t\t\t\t\t<h2 class=\"wp-show-posts-entry-title\" itemprop=\"headline\"><a href=\"https:\/\/cuicui.be\/fr\/cambodia-angkor-banteay-kdei\/\" rel=\"bookmark\">Banteay Kdei \u00e0 Angkor<\/a><\/h2>\t\t\t\t\t\t<\/header><!-- .entry-header -->\n\t\t\t\t\t\t\t\t\t\t\t<div class=\"wp-show-posts-entry-summary\" itemprop=\"text\">\n\t\t\t\t\t\t\t<p>\u00ab\u00a0Le Banteay Kdei est un temple d&rsquo;inspiration bouddhique \u00e9difi\u00e9 par Jayavarman VII vers 1185. Ses d\u00e9corations sont dans le style d&rsquo;Angkor Thom&#8230;.<\/p>\n\t\t\t\t\t\t<\/div><!-- .entry-summary -->\n\t\t\t\t\t<\/div><!-- wp-show-posts-inner --><\/article><article class=\"  wp-show-posts-masonry-col-4  wp-show-posts-masonry-block wp-show-posts-single post-1908 post type-post status-publish format-standard has-post-thumbnail hentry category-asia category-cambodia wpsp-col-4\" itemtype=\"http:\/\/schema.org\/CreativeWork\" itemscope><div class=\"wp-show-posts-inner\" style=\"\">\t\t<div class=\"wp-show-posts-image zoom wpsp-image-center \">\n\t\t\t<a href=\"https:\/\/cuicui.be\/fr\/cambodia-angkor-ta-keo\/\"  title=\"Ta Keo \u00e0 Angkor\"><img loading=\"lazy\" decoding=\"async\" width=\"1024\" height=\"512\" src=\"https:\/\/cuicui.be\/wp-content\/uploads\/2016\/09\/kh-ta-keo.jpg\" class=\"attachment-full size-full wp-post-image\" alt=\"\" itemprop=\"image\" srcset=\"https:\/\/cuicui.be\/wp-content\/uploads\/2016\/09\/kh-ta-keo.jpg 1024w, https:\/\/cuicui.be\/wp-content\/uploads\/2016\/09\/kh-ta-keo-300x150.jpg 300w, https:\/\/cuicui.be\/wp-content\/uploads\/2016\/09\/kh-ta-keo-768x384.jpg 768w, https:\/\/cuicui.be\/wp-content\/uploads\/2016\/09\/kh-ta-keo-150x75.jpg 150w, https:\/\/cuicui.be\/wp-content\/uploads\/2016\/09\/kh-ta-keo-600x300.jpg 600w\" sizes=\"auto, (max-width: 1024px) 100vw, 1024px\" \/><\/a>\t\t<\/div>\n\t\t\t\t\t\t\t\t<header class=\"wp-show-posts-entry-header\">\n\t\t\t\t\t\t\t<h2 class=\"wp-show-posts-entry-title\" itemprop=\"headline\"><a href=\"https:\/\/cuicui.be\/fr\/cambodia-angkor-ta-keo\/\" rel=\"bookmark\">Ta Keo \u00e0 Angkor<\/a><\/h2>\t\t\t\t\t\t<\/header><!-- .entry-header -->\n\t\t\t\t\t\t\t\t\t\t\t<div class=\"wp-show-posts-entry-summary\" itemprop=\"text\">\n\t\t\t\t\t\t\t<p>\u00ab\u00a0Ta Keo est un temple-montagne classique avec cinq tours \u00e9lev\u00e9es sur la plate-forme pyramidale \u00e0 cinq niveaux tr\u00e8s escarp\u00e9s. C&rsquo;est l&rsquo;un des&#8230;<\/p>\n\t\t\t\t\t\t<\/div><!-- .entry-summary -->\n\t\t\t\t\t<\/div><!-- wp-show-posts-inner --><\/article><article class=\"  wp-show-posts-masonry-col-4  wp-show-posts-masonry-block wp-show-posts-single post-1761 post type-post status-publish format-standard has-post-thumbnail hentry category-asia category-cambodia wpsp-col-4\" itemtype=\"http:\/\/schema.org\/CreativeWork\" itemscope><div class=\"wp-show-posts-inner\" style=\"\">\t\t<div class=\"wp-show-posts-image zoom wpsp-image-center \">\n\t\t\t<a href=\"https:\/\/cuicui.be\/fr\/cambodia-angkor-ta-prohm\/\"  title=\"Ta Prohm \u00e0 Angkor\"><img loading=\"lazy\" decoding=\"async\" width=\"1024\" height=\"512\" src=\"https:\/\/cuicui.be\/wp-content\/uploads\/2016\/09\/kh-ta-phrom.jpg\" class=\"attachment-full size-full wp-post-image\" alt=\"\" itemprop=\"image\" srcset=\"https:\/\/cuicui.be\/wp-content\/uploads\/2016\/09\/kh-ta-phrom.jpg 1024w, https:\/\/cuicui.be\/wp-content\/uploads\/2016\/09\/kh-ta-phrom-300x150.jpg 300w, https:\/\/cuicui.be\/wp-content\/uploads\/2016\/09\/kh-ta-phrom-768x384.jpg 768w, https:\/\/cuicui.be\/wp-content\/uploads\/2016\/09\/kh-ta-phrom-150x75.jpg 150w, https:\/\/cuicui.be\/wp-content\/uploads\/2016\/09\/kh-ta-phrom-600x300.jpg 600w\" sizes=\"auto, (max-width: 1024px) 100vw, 1024px\" \/><\/a>\t\t<\/div>\n\t\t\t\t\t\t\t\t<header class=\"wp-show-posts-entry-header\">\n\t\t\t\t\t\t\t<h2 class=\"wp-show-posts-entry-title\" itemprop=\"headline\"><a href=\"https:\/\/cuicui.be\/fr\/cambodia-angkor-ta-prohm\/\" rel=\"bookmark\">Ta Prohm \u00e0 Angkor<\/a><\/h2>\t\t\t\t\t\t<\/header><!-- .entry-header -->\n\t\t\t\t\t\t\t\t\t\t\t<div class=\"wp-show-posts-entry-summary\" itemprop=\"text\">\n\t\t\t\t\t\t\t<p>\u00ab\u00a0Ta Prohm, consacr\u00e9 en 1186, a \u00e9t\u00e9 laiss\u00e9 dans un \u00e9tat proche de sa re-d\u00e9couverte au d\u00e9but du XXe si\u00e8cle. La nature&#8230;<\/p>\n\t\t\t\t\t\t<\/div><!-- .entry-summary -->\n\t\t\t\t\t<\/div><!-- wp-show-posts-inner --><\/article><article class=\"  wp-show-posts-masonry-col-4  wp-show-posts-masonry-block wp-show-posts-single post-1790 post type-post status-publish format-standard has-post-thumbnail hentry category-asia category-cambodia wpsp-col-4\" itemtype=\"http:\/\/schema.org\/CreativeWork\" itemscope><div class=\"wp-show-posts-inner\" style=\"\">\t\t<div class=\"wp-show-posts-image zoom wpsp-image-center \">\n\t\t\t<a href=\"https:\/\/cuicui.be\/fr\/cambodia-angkor-bayon\/\"  title=\"Bayon \u00e0 Angkor\"><img loading=\"lazy\" decoding=\"async\" width=\"1024\" height=\"512\" src=\"https:\/\/cuicui.be\/wp-content\/uploads\/2016\/09\/kh-bayon.jpg\" class=\"attachment-full size-full wp-post-image\" alt=\"\" itemprop=\"image\" srcset=\"https:\/\/cuicui.be\/wp-content\/uploads\/2016\/09\/kh-bayon.jpg 1024w, https:\/\/cuicui.be\/wp-content\/uploads\/2016\/09\/kh-bayon-300x150.jpg 300w, https:\/\/cuicui.be\/wp-content\/uploads\/2016\/09\/kh-bayon-768x384.jpg 768w, https:\/\/cuicui.be\/wp-content\/uploads\/2016\/09\/kh-bayon-150x75.jpg 150w, https:\/\/cuicui.be\/wp-content\/uploads\/2016\/09\/kh-bayon-600x300.jpg 600w\" sizes=\"auto, (max-width: 1024px) 100vw, 1024px\" \/><\/a>\t\t<\/div>\n\t\t\t\t\t\t\t\t<header class=\"wp-show-posts-entry-header\">\n\t\t\t\t\t\t\t<h2 class=\"wp-show-posts-entry-title\" itemprop=\"headline\"><a href=\"https:\/\/cuicui.be\/fr\/cambodia-angkor-bayon\/\" rel=\"bookmark\">Bayon \u00e0 Angkor<\/a><\/h2>\t\t\t\t\t\t<\/header><!-- .entry-header -->\n\t\t\t\t\t\t\t\t\t\t\t<div class=\"wp-show-posts-entry-summary\" itemprop=\"text\">\n\t\t\t\t\t\t\t<p>\u00ab\u00a0Le Bayon est le temple central de l&rsquo;ancienne ville d&rsquo;Angkor Thom, capitale des souverains khmers au d\u00e9but du XIIIe si\u00e8cle. Sa d\u00e9coration,&#8230;<\/p>\n\t\t\t\t\t\t<\/div><!-- .entry-summary -->\n\t\t\t\t\t<\/div><!-- wp-show-posts-inner --><\/article><article class=\"  wp-show-posts-masonry-col-4  wp-show-posts-masonry-block wp-show-posts-single post-517 post type-post status-publish format-standard has-post-thumbnail hentry category-asia category-cambodia wpsp-col-4\" itemtype=\"http:\/\/schema.org\/CreativeWork\" itemscope><div class=\"wp-show-posts-inner\" style=\"\">\t\t<div class=\"wp-show-posts-image zoom wpsp-image-center \">\n\t\t\t<a href=\"https:\/\/cuicui.be\/fr\/cambodia-preah-vihear-temple\/\"  title=\"Le temple de Preah Vihear hors d&rsquo;Angkor\"><img loading=\"lazy\" decoding=\"async\" width=\"1024\" height=\"512\" src=\"https:\/\/cuicui.be\/wp-content\/uploads\/2008\/05\/kh-preah-vihear.jpg\" class=\"attachment-full size-full wp-post-image\" alt=\"\" itemprop=\"image\" srcset=\"https:\/\/cuicui.be\/wp-content\/uploads\/2008\/05\/kh-preah-vihear.jpg 1024w, https:\/\/cuicui.be\/wp-content\/uploads\/2008\/05\/kh-preah-vihear-300x150.jpg 300w, https:\/\/cuicui.be\/wp-content\/uploads\/2008\/05\/kh-preah-vihear-768x384.jpg 768w\" sizes=\"auto, (max-width: 1024px) 100vw, 1024px\" \/><\/a>\t\t<\/div>\n\t\t\t\t\t\t\t\t<header class=\"wp-show-posts-entry-header\">\n\t\t\t\t\t\t\t<h2 class=\"wp-show-posts-entry-title\" itemprop=\"headline\"><a href=\"https:\/\/cuicui.be\/fr\/cambodia-preah-vihear-temple\/\" rel=\"bookmark\">Le temple de Preah Vihear hors d&rsquo;Angkor<\/a><\/h2>\t\t\t\t\t\t<\/header><!-- .entry-header -->\n\t\t\t\t\t\t\t\t\t\t\t<div class=\"wp-show-posts-entry-summary\" itemprop=\"text\">\n\t\t\t\t\t\t\t<p>\u00ab\u00a0Le temple de Preah Vihear, d\u00e9di\u00e9 \u00e0 Shiva, se trouve au bord d\u2019un plateau qui domine la plaine du Cambodge. Compos\u00e9 d&rsquo;une&#8230;<\/p>\n\t\t\t\t\t\t<\/div><!-- .entry-summary -->\n\t\t\t\t\t<\/div><!-- wp-show-posts-inner --><\/article><article class=\"  wp-show-posts-masonry-col-4  wp-show-posts-masonry-block wp-show-posts-single post-1896 post type-post status-publish format-standard has-post-thumbnail hentry category-asia category-cambodia wpsp-col-4\" itemtype=\"http:\/\/schema.org\/CreativeWork\" itemscope><div class=\"wp-show-posts-inner\" style=\"\">\t\t<div class=\"wp-show-posts-image zoom wpsp-image-center \">\n\t\t\t<a href=\"https:\/\/cuicui.be\/fr\/cambodia-angkor-banteay-prei\/\"  title=\"Banteay Prei \u00e0 Angkor\"><img loading=\"lazy\" decoding=\"async\" width=\"1024\" height=\"512\" src=\"https:\/\/cuicui.be\/wp-content\/uploads\/2016\/09\/kh-bantey-prei.jpg\" class=\"attachment-full size-full wp-post-image\" alt=\"\" itemprop=\"image\" srcset=\"https:\/\/cuicui.be\/wp-content\/uploads\/2016\/09\/kh-bantey-prei.jpg 1024w, https:\/\/cuicui.be\/wp-content\/uploads\/2016\/09\/kh-bantey-prei-300x150.jpg 300w, https:\/\/cuicui.be\/wp-content\/uploads\/2016\/09\/kh-bantey-prei-768x384.jpg 768w, https:\/\/cuicui.be\/wp-content\/uploads\/2016\/09\/kh-bantey-prei-150x75.jpg 150w, https:\/\/cuicui.be\/wp-content\/uploads\/2016\/09\/kh-bantey-prei-600x300.jpg 600w\" sizes=\"auto, (max-width: 1024px) 100vw, 1024px\" \/><\/a>\t\t<\/div>\n\t\t\t\t\t\t\t\t<header class=\"wp-show-posts-entry-header\">\n\t\t\t\t\t\t\t<h2 class=\"wp-show-posts-entry-title\" itemprop=\"headline\"><a href=\"https:\/\/cuicui.be\/fr\/cambodia-angkor-banteay-prei\/\" rel=\"bookmark\">Banteay Prei \u00e0 Angkor<\/a><\/h2>\t\t\t\t\t\t<\/header><!-- .entry-header -->\n\t\t\t\t\t\t\t\t\t\t\t<div class=\"wp-show-posts-entry-summary\" itemprop=\"text\">\n\t\t\t\t\t\t\t<p>\u00ab\u00a0Bantey Prei, la \u00ab forteresse de la for\u00eat \u00bb, est un petit temple de style Bayon construit par Jayavarman VII \u00e0 la&#8230;<\/p>\n\t\t\t\t\t\t<\/div><!-- .entry-summary -->\n\t\t\t\t\t<\/div><!-- wp-show-posts-inner --><\/article><div class=\"wpsp-clear\"><\/div><\/section><!-- .wp-show-posts --><div class=\"wpsp-load-more\"><span aria-current=\"page\" class=\"page-numbers current\">1<\/span>\n<a class=\"page-numbers\" href=\"https:\/\/cuicui.be\/fr\/wp-json\/wp\/v2\/pages\/1536\/page\/2\/\">2<\/a>\n<span class=\"page-numbers dots\">\u2026<\/span>\n<a class=\"page-numbers\" href=\"https:\/\/cuicui.be\/fr\/wp-json\/wp\/v2\/pages\/1536\/page\/5\/\">5<\/a>\n<a class=\"next page-numbers\" href=\"https:\/\/cuicui.be\/fr\/wp-json\/wp\/v2\/pages\/1536\/page\/2\/\">Next &rarr;<\/a><\/div>\n","protected":false},"excerpt":{"rendered":"","protected":false},"author":1,"featured_media":0,"parent":0,"menu_order":0,"comment_status":"closed","ping_status":"closed","template":"","meta":{"generate_page_header":"","footnotes":""},"class_list":["post-1536","page","type-page","status-publish","hentry","generate-columns","tablet-grid-50","mobile-grid-100","grid-parent","grid-33"],"_links":{"self":[{"href":"https:\/\/cuicui.be\/fr\/wp-json\/wp\/v2\/pages\/1536","targetHints":{"allow":["GET"]}}],"collection":[{"href":"https:\/\/cuicui.be\/fr\/wp-json\/wp\/v2\/pages"}],"about":[{"href":"https:\/\/cuicui.be\/fr\/wp-json\/wp\/v2\/types\/page"}],"author":[{"embeddable":true,"href":"https:\/\/cuicui.be\/fr\/wp-json\/wp\/v2\/users\/1"}],"replies":[{"embeddable":true,"href":"https:\/\/cuicui.be\/fr\/wp-json\/wp\/v2\/comments?post=1536"}],"version-history":[{"count":0,"href":"https:\/\/cuicui.be\/fr\/wp-json\/wp\/v2\/pages\/1536\/revisions"}],"wp:attachment":[{"href":"https:\/\/cuicui.be\/fr\/wp-json\/wp\/v2\/media?parent=1536"}],"curies":[{"name":"wp","href":"https:\/\/api.w.org\/{rel}","templated":true}]}}