{"id":1576,"date":"2016-09-09T20:47:41","date_gmt":"2016-09-09T19:47:41","guid":{"rendered":"http:\/\/cuicui.be\/?page_id=1576"},"modified":"2016-09-09T20:47:41","modified_gmt":"2016-09-09T19:47:41","slug":"ethiopia","status":"publish","type":"page","link":"https:\/\/cuicui.be\/fr\/ethiopia\/","title":{"rendered":"\u00c9thiopie"},"content":{"rendered":"<style>.slick-slider#wpsp-1561 {margin-left: 0px; }.slick-slider#wpsp-1561 .wp-show-posts-inner {margin-left: 1em; margin-right: 1em; }#wpsp-1561.wpsp-card .wp-show-posts-single {margin-bottom: 2em; }.slick-slider#wpsp-1561 .wp-show-posts-single {margin-bottom: 0px; }#wpsp-1561 .wp-show-posts-inner {border: 1px solid #adadad; }#wpsp-1561:not(.wpsp-card) .wp-show-posts-inner {padding: 5px; }#wpsp-1561.wpsp-card .wpsp-content-wrap {padding: 5px; }<\/style><style>.wp-show-posts-columns#wpsp-1561 {margin-left: -2em; }.wp-show-posts-columns#wpsp-1561 .wp-show-posts-inner {margin: 0 0 2em 2em; }<\/style><section id=\"wpsp-1561\" class=\" wp-show-posts-columns wp-show-posts-masonry wp-show-posts\" style=\"\"><div class=\"grid-sizer wpsp-col-4\"><\/div><article class=\"  wp-show-posts-masonry-col-4  wp-show-posts-masonry-block wp-show-posts-single post-600 post type-post status-publish format-standard has-post-thumbnail hentry category-africa category-ethiopia wpsp-col-4\" itemtype=\"http:\/\/schema.org\/CreativeWork\" itemscope><div class=\"wp-show-posts-inner\" style=\"\">\t\t<div class=\"wp-show-posts-image zoom wpsp-image-center \">\n\t\t\t<a href=\"https:\/\/cuicui.be\/fr\/ethiopia-lucy-australopithecus\/\"  title=\"Lucy Australopithecus\"><img loading=\"lazy\" decoding=\"async\" width=\"1024\" height=\"512\" src=\"https:\/\/cuicui.be\/wp-content\/uploads\/2016\/07\/et-lucy.jpg\" class=\"attachment-full size-full wp-post-image\" alt=\"\" itemprop=\"image\" srcset=\"https:\/\/cuicui.be\/wp-content\/uploads\/2016\/07\/et-lucy.jpg 1024w, https:\/\/cuicui.be\/wp-content\/uploads\/2016\/07\/et-lucy-300x150.jpg 300w, https:\/\/cuicui.be\/wp-content\/uploads\/2016\/07\/et-lucy-768x384.jpg 768w, https:\/\/cuicui.be\/wp-content\/uploads\/2016\/07\/et-lucy-150x75.jpg 150w, https:\/\/cuicui.be\/wp-content\/uploads\/2016\/07\/et-lucy-600x300.jpg 600w\" sizes=\"auto, (max-width: 1024px) 100vw, 1024px\" \/><\/a>\t\t<\/div>\n\t\t\t\t\t\t\t\t<header class=\"wp-show-posts-entry-header\">\n\t\t\t\t\t\t\t<h2 class=\"wp-show-posts-entry-title\" itemprop=\"headline\"><a href=\"https:\/\/cuicui.be\/fr\/ethiopia-lucy-australopithecus\/\" rel=\"bookmark\">Lucy Australopithecus<\/a><\/h2>\t\t\t\t\t\t<\/header><!-- .entry-header -->\n\t\t\t\t\t\t\t\t\t\t\t<div class=\"wp-show-posts-entry-summary\" itemprop=\"text\">\n\t\t\t\t\t\t\t<p>\u00ab\u00a0La vall\u00e9e de l&rsquo;Aouache contient un des plus importants ensembles de gisements pal\u00e9ontologiques du continent africain. Les vestiges d\u00e9couverts sur le site,&#8230;<\/p>\n\t\t\t\t\t\t<\/div><!-- .entry-summary -->\n\t\t\t\t\t<\/div><!-- wp-show-posts-inner --><\/article><article class=\"  wp-show-posts-masonry-col-4  wp-show-posts-masonry-block wp-show-posts-single post-786 post type-post status-publish format-standard has-post-thumbnail hentry category-africa category-ethiopia wpsp-col-4\" itemtype=\"http:\/\/schema.org\/CreativeWork\" itemscope><div class=\"wp-show-posts-inner\" style=\"\">\t\t<div class=\"wp-show-posts-image zoom wpsp-image-center \">\n\t\t\t<a href=\"https:\/\/cuicui.be\/fr\/ethiopia-konso-cultural-landscape\/\"  title=\"Le paysage culturel du pays konso\"><img loading=\"lazy\" decoding=\"async\" width=\"1024\" height=\"512\" src=\"https:\/\/cuicui.be\/wp-content\/uploads\/2007\/02\/et-konso.jpg\" class=\"attachment-full size-full wp-post-image\" alt=\"\" itemprop=\"image\" srcset=\"https:\/\/cuicui.be\/wp-content\/uploads\/2007\/02\/et-konso.jpg 1024w, https:\/\/cuicui.be\/wp-content\/uploads\/2007\/02\/et-konso-300x150.jpg 300w, https:\/\/cuicui.be\/wp-content\/uploads\/2007\/02\/et-konso-768x384.jpg 768w, https:\/\/cuicui.be\/wp-content\/uploads\/2007\/02\/et-konso-150x75.jpg 150w, https:\/\/cuicui.be\/wp-content\/uploads\/2007\/02\/et-konso-600x300.jpg 600w\" sizes=\"auto, (max-width: 1024px) 100vw, 1024px\" \/><\/a>\t\t<\/div>\n\t\t\t\t\t\t\t\t<header class=\"wp-show-posts-entry-header\">\n\t\t\t\t\t\t\t<h2 class=\"wp-show-posts-entry-title\" itemprop=\"headline\"><a href=\"https:\/\/cuicui.be\/fr\/ethiopia-konso-cultural-landscape\/\" rel=\"bookmark\">Le paysage culturel du pays konso<\/a><\/h2>\t\t\t\t\t\t<\/header><!-- .entry-header -->\n\t\t\t\t\t\t\t\t\t\t\t<div class=\"wp-show-posts-entry-summary\" itemprop=\"text\">\n\t\t\t\t\t\t\t<p>\u00ab\u00a0Le Paysage culturel du pays konso est un site aride de 55 km\u00b2, avec des terrasses en pierre et des fortifications, situ\u00e9&#8230;<\/p>\n\t\t\t\t\t\t<\/div><!-- .entry-summary -->\n\t\t\t\t\t<\/div><!-- wp-show-posts-inner --><\/article><article class=\"  wp-show-posts-masonry-col-4  wp-show-posts-masonry-block wp-show-posts-single post-674 post type-post status-publish format-standard has-post-thumbnail hentry category-africa category-ethiopia wpsp-col-4\" itemtype=\"http:\/\/schema.org\/CreativeWork\" itemscope><div class=\"wp-show-posts-inner\" style=\"\">\t\t<div class=\"wp-show-posts-image zoom wpsp-image-center \">\n\t\t\t<a href=\"https:\/\/cuicui.be\/fr\/ethiopia-tv-doc-khat-in-harar\/\"  title=\"Doc TV : Le khat \u00e0 Harar en Ethiopie\"><img loading=\"lazy\" decoding=\"async\" width=\"1024\" height=\"512\" src=\"https:\/\/cuicui.be\/wp-content\/uploads\/1998\/06\/et-harar-khat.jpg\" class=\"attachment-full size-full wp-post-image\" alt=\"\" itemprop=\"image\" srcset=\"https:\/\/cuicui.be\/wp-content\/uploads\/1998\/06\/et-harar-khat.jpg 1024w, https:\/\/cuicui.be\/wp-content\/uploads\/1998\/06\/et-harar-khat-300x150.jpg 300w, https:\/\/cuicui.be\/wp-content\/uploads\/1998\/06\/et-harar-khat-768x384.jpg 768w, https:\/\/cuicui.be\/wp-content\/uploads\/1998\/06\/et-harar-khat-150x75.jpg 150w, https:\/\/cuicui.be\/wp-content\/uploads\/1998\/06\/et-harar-khat-600x300.jpg 600w\" sizes=\"auto, (max-width: 1024px) 100vw, 1024px\" \/><\/a>\t\t<\/div>\n\t\t\t\t\t\t\t\t<header class=\"wp-show-posts-entry-header\">\n\t\t\t\t\t\t\t<h2 class=\"wp-show-posts-entry-title\" itemprop=\"headline\"><a href=\"https:\/\/cuicui.be\/fr\/ethiopia-tv-doc-khat-in-harar\/\" rel=\"bookmark\">Doc TV : Le khat \u00e0 Harar en Ethiopie<\/a><\/h2>\t\t\t\t\t\t<\/header><!-- .entry-header -->\n\t\t\t\t\t\t\t\t\t\t\t<div class=\"wp-show-posts-entry-summary\" itemprop=\"text\">\n\t\t\t\t\t\t\t\t\t\t\t\t\t<\/div><!-- .entry-summary -->\n\t\t\t\t\t<\/div><!-- wp-show-posts-inner --><\/article><article class=\"  wp-show-posts-masonry-col-4  wp-show-posts-masonry-block wp-show-posts-single post-772 post type-post status-publish format-standard has-post-thumbnail hentry category-africa category-ethiopia wpsp-col-4\" itemtype=\"http:\/\/schema.org\/CreativeWork\" itemscope><div class=\"wp-show-posts-inner\" style=\"\">\t\t<div class=\"wp-show-posts-image zoom wpsp-image-center \">\n\t\t\t<a href=\"https:\/\/cuicui.be\/fr\/ethiopia-simien-mountains\/\"  title=\"Les montagnes du Simien\"><img loading=\"lazy\" decoding=\"async\" width=\"1024\" height=\"512\" src=\"https:\/\/cuicui.be\/wp-content\/uploads\/2016\/07\/et-simien.jpg\" class=\"attachment-full size-full wp-post-image\" alt=\"\" itemprop=\"image\" srcset=\"https:\/\/cuicui.be\/wp-content\/uploads\/2016\/07\/et-simien.jpg 1024w, https:\/\/cuicui.be\/wp-content\/uploads\/2016\/07\/et-simien-300x150.jpg 300w, https:\/\/cuicui.be\/wp-content\/uploads\/2016\/07\/et-simien-768x384.jpg 768w, https:\/\/cuicui.be\/wp-content\/uploads\/2016\/07\/et-simien-150x75.jpg 150w, https:\/\/cuicui.be\/wp-content\/uploads\/2016\/07\/et-simien-600x300.jpg 600w\" sizes=\"auto, (max-width: 1024px) 100vw, 1024px\" \/><\/a>\t\t<\/div>\n\t\t\t\t\t\t\t\t<header class=\"wp-show-posts-entry-header\">\n\t\t\t\t\t\t\t<h2 class=\"wp-show-posts-entry-title\" itemprop=\"headline\"><a href=\"https:\/\/cuicui.be\/fr\/ethiopia-simien-mountains\/\" rel=\"bookmark\">Les montagnes du Simien<\/a><\/h2>\t\t\t\t\t\t<\/header><!-- .entry-header -->\n\t\t\t\t\t\t\t\t\t\t\t<div class=\"wp-show-posts-entry-summary\" itemprop=\"text\">\n\t\t\t\t\t\t\t<p>\u00ab\u00a0Une \u00e9rosion massive au cours des ans a form\u00e9 sur le plateau \u00e9thiopien un des paysages les plus spectaculaires du monde, avec&#8230;<\/p>\n\t\t\t\t\t\t<\/div><!-- .entry-summary -->\n\t\t\t\t\t<\/div><!-- wp-show-posts-inner --><\/article><article class=\"  wp-show-posts-masonry-col-4  wp-show-posts-masonry-block wp-show-posts-single post-780 post type-post status-publish format-standard has-post-thumbnail hentry category-africa category-ethiopia wpsp-col-4\" itemtype=\"http:\/\/schema.org\/CreativeWork\" itemscope><div class=\"wp-show-posts-inner\" style=\"\">\t\t<div class=\"wp-show-posts-image zoom wpsp-image-center \">\n\t\t\t<a href=\"https:\/\/cuicui.be\/fr\/ethiopia-lower-valley-of-the-omo-river\/\"  title=\"La basse vall\u00e9e de la rivi\u00e8re Omo\"><img loading=\"lazy\" decoding=\"async\" width=\"1024\" height=\"512\" src=\"https:\/\/cuicui.be\/wp-content\/uploads\/2016\/07\/et-omo.jpg\" class=\"attachment-full size-full wp-post-image\" alt=\"\" itemprop=\"image\" srcset=\"https:\/\/cuicui.be\/wp-content\/uploads\/2016\/07\/et-omo.jpg 1024w, https:\/\/cuicui.be\/wp-content\/uploads\/2016\/07\/et-omo-300x150.jpg 300w, https:\/\/cuicui.be\/wp-content\/uploads\/2016\/07\/et-omo-768x384.jpg 768w, https:\/\/cuicui.be\/wp-content\/uploads\/2016\/07\/et-omo-150x75.jpg 150w, https:\/\/cuicui.be\/wp-content\/uploads\/2016\/07\/et-omo-600x300.jpg 600w\" sizes=\"auto, (max-width: 1024px) 100vw, 1024px\" \/><\/a>\t\t<\/div>\n\t\t\t\t\t\t\t\t<header class=\"wp-show-posts-entry-header\">\n\t\t\t\t\t\t\t<h2 class=\"wp-show-posts-entry-title\" itemprop=\"headline\"><a href=\"https:\/\/cuicui.be\/fr\/ethiopia-lower-valley-of-the-omo-river\/\" rel=\"bookmark\">La basse vall\u00e9e de la rivi\u00e8re Omo<\/a><\/h2>\t\t\t\t\t\t<\/header><!-- .entry-header -->\n\t\t\t\t\t\t\t\t\t\t\t<div class=\"wp-show-posts-entry-summary\" itemprop=\"text\">\n\t\t\t\t\t\t\t<p>Dans la vall\u00e9e de l&rsquo;Omo vivent de nombreuses tribus d&rsquo;agriculteurs et \u00e9leveurs semi-nomades : Hamers, Mursis, Turkana, Karos, Surmas, Bume, Galeba, Dassanetchs,&#8230;<\/p>\n\t\t\t\t\t\t<\/div><!-- .entry-summary -->\n\t\t\t\t\t<\/div><!-- wp-show-posts-inner --><\/article><article class=\"  wp-show-posts-masonry-col-4  wp-show-posts-masonry-block wp-show-posts-single post-793 post type-post status-publish format-standard has-post-thumbnail hentry category-africa category-ethiopia wpsp-col-4\" itemtype=\"http:\/\/schema.org\/CreativeWork\" itemscope><div class=\"wp-show-posts-inner\" style=\"\">\t\t<div class=\"wp-show-posts-image zoom wpsp-image-center \">\n\t\t\t<a href=\"https:\/\/cuicui.be\/fr\/ethiopia-ancient-kingdom-of-aksum\/\"  title=\"L&rsquo;ancien royaume d&rsquo;Axoum\"><img loading=\"lazy\" decoding=\"async\" width=\"1024\" height=\"512\" src=\"https:\/\/cuicui.be\/wp-content\/uploads\/2007\/01\/et-aksum.jpg\" class=\"attachment-full size-full wp-post-image\" alt=\"\" itemprop=\"image\" srcset=\"https:\/\/cuicui.be\/wp-content\/uploads\/2007\/01\/et-aksum.jpg 1024w, https:\/\/cuicui.be\/wp-content\/uploads\/2007\/01\/et-aksum-300x150.jpg 300w, https:\/\/cuicui.be\/wp-content\/uploads\/2007\/01\/et-aksum-768x384.jpg 768w, https:\/\/cuicui.be\/wp-content\/uploads\/2007\/01\/et-aksum-150x75.jpg 150w, https:\/\/cuicui.be\/wp-content\/uploads\/2007\/01\/et-aksum-600x300.jpg 600w\" sizes=\"auto, (max-width: 1024px) 100vw, 1024px\" \/><\/a>\t\t<\/div>\n\t\t\t\t\t\t\t\t<header class=\"wp-show-posts-entry-header\">\n\t\t\t\t\t\t\t<h2 class=\"wp-show-posts-entry-title\" itemprop=\"headline\"><a href=\"https:\/\/cuicui.be\/fr\/ethiopia-ancient-kingdom-of-aksum\/\" rel=\"bookmark\">L&rsquo;ancien royaume d&rsquo;Axoum<\/a><\/h2>\t\t\t\t\t\t<\/header><!-- .entry-header -->\n\t\t\t\t\t\t\t\t\t\t\t<div class=\"wp-show-posts-entry-summary\" itemprop=\"text\">\n\t\t\t\t\t\t\t<p>\u00ab\u00a0Pr\u00e8s de la fronti\u00e8re nord de l&rsquo;\u00c9thiopie, les ruines de la ville ancienne d&rsquo;Axoum marquent l&#8217;emplacement du c\u0153ur de l&rsquo;\u00c9thiopie antique, lorsque&#8230;<\/p>\n\t\t\t\t\t\t<\/div><!-- .entry-summary -->\n\t\t\t\t\t<\/div><!-- wp-show-posts-inner --><\/article><div class=\"wpsp-clear\"><\/div><\/section><!-- .wp-show-posts --><div class=\"wpsp-load-more\"><span aria-current=\"page\" class=\"page-numbers current\">1<\/span>\n<a class=\"page-numbers\" href=\"https:\/\/cuicui.be\/fr\/wp-json\/wp\/v2\/pages\/1576\/page\/2\/\">2<\/a>\n<a class=\"page-numbers\" href=\"https:\/\/cuicui.be\/fr\/wp-json\/wp\/v2\/pages\/1576\/page\/3\/\">3<\/a>\n<a class=\"next page-numbers\" href=\"https:\/\/cuicui.be\/fr\/wp-json\/wp\/v2\/pages\/1576\/page\/2\/\">Next &rarr;<\/a><\/div>\n","protected":false},"excerpt":{"rendered":"","protected":false},"author":1,"featured_media":0,"parent":0,"menu_order":0,"comment_status":"closed","ping_status":"closed","template":"","meta":{"generate_page_header":"","footnotes":""},"class_list":["post-1576","page","type-page","status-publish","hentry","generate-columns","tablet-grid-50","mobile-grid-100","grid-parent","grid-33"],"_links":{"self":[{"href":"https:\/\/cuicui.be\/fr\/wp-json\/wp\/v2\/pages\/1576","targetHints":{"allow":["GET"]}}],"collection":[{"href":"https:\/\/cuicui.be\/fr\/wp-json\/wp\/v2\/pages"}],"about":[{"href":"https:\/\/cuicui.be\/fr\/wp-json\/wp\/v2\/types\/page"}],"author":[{"embeddable":true,"href":"https:\/\/cuicui.be\/fr\/wp-json\/wp\/v2\/users\/1"}],"replies":[{"embeddable":true,"href":"https:\/\/cuicui.be\/fr\/wp-json\/wp\/v2\/comments?post=1576"}],"version-history":[{"count":0,"href":"https:\/\/cuicui.be\/fr\/wp-json\/wp\/v2\/pages\/1576\/revisions"}],"wp:attachment":[{"href":"https:\/\/cuicui.be\/fr\/wp-json\/wp\/v2\/media?parent=1576"}],"curies":[{"name":"wp","href":"https:\/\/api.w.org\/{rel}","templated":true}]}}