{"id":1578,"date":"2016-09-09T20:48:23","date_gmt":"2016-09-09T19:48:23","guid":{"rendered":"http:\/\/cuicui.be\/?page_id=1578"},"modified":"2016-09-09T20:48:23","modified_gmt":"2016-09-09T19:48:23","slug":"united-states","status":"publish","type":"page","link":"https:\/\/cuicui.be\/fr\/united-states\/","title":{"rendered":"\u00c9tats-Unis"},"content":{"rendered":"<style>.slick-slider#wpsp-1560 {margin-left: 0px; }.slick-slider#wpsp-1560 .wp-show-posts-inner {margin-left: 1em; margin-right: 1em; }#wpsp-1560.wpsp-card .wp-show-posts-single {margin-bottom: 2em; }.slick-slider#wpsp-1560 .wp-show-posts-single {margin-bottom: 0px; }#wpsp-1560 .wp-show-posts-inner {border: 1px solid #adadad; }#wpsp-1560:not(.wpsp-card) .wp-show-posts-inner {padding: 5px; }#wpsp-1560.wpsp-card .wpsp-content-wrap {padding: 5px; }<\/style><style>.wp-show-posts-columns#wpsp-1560 {margin-left: -2em; }.wp-show-posts-columns#wpsp-1560 .wp-show-posts-inner {margin: 0 0 2em 2em; }<\/style><section id=\"wpsp-1560\" class=\" wp-show-posts-columns wp-show-posts-masonry wp-show-posts\" style=\"\"><div class=\"grid-sizer wpsp-col-4\"><\/div><article class=\"  wp-show-posts-masonry-col-4  wp-show-posts-masonry-block wp-show-posts-single post-1259 post type-post status-publish format-standard has-post-thumbnail hentry category-america category-united-states wpsp-col-4\" itemtype=\"http:\/\/schema.org\/CreativeWork\" itemscope><div class=\"wp-show-posts-inner\" style=\"\">\t\t<div class=\"wp-show-posts-image zoom wpsp-image-center \">\n\t\t\t<a href=\"https:\/\/cuicui.be\/fr\/usa-los-angeles-neutra-vdl-studio\/\"  title=\"Neutra VDL Studio \u00e0 Los Angeles\"><img loading=\"lazy\" decoding=\"async\" width=\"1024\" height=\"512\" src=\"https:\/\/cuicui.be\/wp-content\/uploads\/2016\/07\/us-neutra-vld.jpg\" class=\"attachment-full size-full wp-post-image\" alt=\"\" itemprop=\"image\" srcset=\"https:\/\/cuicui.be\/wp-content\/uploads\/2016\/07\/us-neutra-vld.jpg 1024w, https:\/\/cuicui.be\/wp-content\/uploads\/2016\/07\/us-neutra-vld-300x150.jpg 300w, https:\/\/cuicui.be\/wp-content\/uploads\/2016\/07\/us-neutra-vld-768x384.jpg 768w, https:\/\/cuicui.be\/wp-content\/uploads\/2016\/07\/us-neutra-vld-150x75.jpg 150w, https:\/\/cuicui.be\/wp-content\/uploads\/2016\/07\/us-neutra-vld-600x300.jpg 600w\" sizes=\"auto, (max-width: 1024px) 100vw, 1024px\" \/><\/a>\t\t<\/div>\n\t\t\t\t\t\t\t\t<header class=\"wp-show-posts-entry-header\">\n\t\t\t\t\t\t\t<h2 class=\"wp-show-posts-entry-title\" itemprop=\"headline\"><a href=\"https:\/\/cuicui.be\/fr\/usa-los-angeles-neutra-vdl-studio\/\" rel=\"bookmark\">Neutra VDL Studio \u00e0 Los Angeles<\/a><\/h2>\t\t\t\t\t\t<\/header><!-- .entry-header -->\n\t\t\t\t\t\t\t\t\t\t\t<div class=\"wp-show-posts-entry-summary\" itemprop=\"text\">\n\t\t\t\t\t\t\t<p>\u00ab\u00a0Construite en 1932, les chambres \u00e9troites de la maison sont organis\u00e9es autour des escaliers et sont &lsquo;aust\u00e8res, encastr\u00e9es de mobilier aux tons&#8230;<\/p>\n\t\t\t\t\t\t<\/div><!-- .entry-summary -->\n\t\t\t\t\t<\/div><!-- wp-show-posts-inner --><\/article><article class=\"  wp-show-posts-masonry-col-4  wp-show-posts-masonry-block wp-show-posts-single post-1246 post type-post status-publish format-standard has-post-thumbnail hentry category-america category-united-states wpsp-col-4\" itemtype=\"http:\/\/schema.org\/CreativeWork\" itemscope><div class=\"wp-show-posts-inner\" style=\"\">\t\t<div class=\"wp-show-posts-image zoom wpsp-image-center \">\n\t\t\t<a href=\"https:\/\/cuicui.be\/fr\/usa-new-york-st-ann-the-holy-trinity-church\/\"  title=\"L&rsquo;\u00e9glise Ste Anne et la Ste Trinit\u00e9 \u00e0 New York\"><img loading=\"lazy\" decoding=\"async\" width=\"1024\" height=\"512\" src=\"https:\/\/cuicui.be\/wp-content\/uploads\/2016\/07\/us-st-ann.jpg\" class=\"attachment-full size-full wp-post-image\" alt=\"\" itemprop=\"image\" srcset=\"https:\/\/cuicui.be\/wp-content\/uploads\/2016\/07\/us-st-ann.jpg 1024w, https:\/\/cuicui.be\/wp-content\/uploads\/2016\/07\/us-st-ann-300x150.jpg 300w, https:\/\/cuicui.be\/wp-content\/uploads\/2016\/07\/us-st-ann-768x384.jpg 768w, https:\/\/cuicui.be\/wp-content\/uploads\/2016\/07\/us-st-ann-150x75.jpg 150w, https:\/\/cuicui.be\/wp-content\/uploads\/2016\/07\/us-st-ann-600x300.jpg 600w\" sizes=\"auto, (max-width: 1024px) 100vw, 1024px\" \/><\/a>\t\t<\/div>\n\t\t\t\t\t\t\t\t<header class=\"wp-show-posts-entry-header\">\n\t\t\t\t\t\t\t<h2 class=\"wp-show-posts-entry-title\" itemprop=\"headline\"><a href=\"https:\/\/cuicui.be\/fr\/usa-new-york-st-ann-the-holy-trinity-church\/\" rel=\"bookmark\">L&rsquo;\u00e9glise Ste Anne et la Ste Trinit\u00e9 \u00e0 New York<\/a><\/h2>\t\t\t\t\t\t<\/header><!-- .entry-header -->\n\t\t\t\t\t\t\t\t\t\t\t<div class=\"wp-show-posts-entry-summary\" itemprop=\"text\">\n\t\t\t\t\t\t\t<p>\u00ab\u00a0Ouverte en 1847, l&rsquo;\u00e9glise poss\u00e8de parmi les premiers les vitraux figuratifs cr\u00e9\u00e9s au Etats-Unis.\u00a0\u00bb Plus sur Wikip\u00e9dia [en anglais]. Visite r\u00e9alis\u00e9e pour&#8230;<\/p>\n\t\t\t\t\t\t<\/div><!-- .entry-summary -->\n\t\t\t\t\t<\/div><!-- wp-show-posts-inner --><\/article><article class=\"  wp-show-posts-masonry-col-4  wp-show-posts-masonry-block wp-show-posts-single post-1046 post type-post status-publish format-standard has-post-thumbnail hentry category-america category-united-states wpsp-col-4\" itemtype=\"http:\/\/schema.org\/CreativeWork\" itemscope><div class=\"wp-show-posts-inner\" style=\"\">\t\t<div class=\"wp-show-posts-image zoom wpsp-image-center \">\n\t\t\t<a href=\"https:\/\/cuicui.be\/fr\/usa-mission-san-juan-capistrano\/\"  title=\"Mission San Juan Capistrano\"><img loading=\"lazy\" decoding=\"async\" width=\"1024\" height=\"512\" src=\"https:\/\/cuicui.be\/wp-content\/uploads\/2016\/07\/us-capistrano.jpg\" class=\"attachment-full size-full wp-post-image\" alt=\"\" itemprop=\"image\" srcset=\"https:\/\/cuicui.be\/wp-content\/uploads\/2016\/07\/us-capistrano.jpg 1024w, https:\/\/cuicui.be\/wp-content\/uploads\/2016\/07\/us-capistrano-300x150.jpg 300w, https:\/\/cuicui.be\/wp-content\/uploads\/2016\/07\/us-capistrano-768x384.jpg 768w, https:\/\/cuicui.be\/wp-content\/uploads\/2016\/07\/us-capistrano-150x75.jpg 150w, https:\/\/cuicui.be\/wp-content\/uploads\/2016\/07\/us-capistrano-600x300.jpg 600w\" sizes=\"auto, (max-width: 1024px) 100vw, 1024px\" \/><\/a>\t\t<\/div>\n\t\t\t\t\t\t\t\t<header class=\"wp-show-posts-entry-header\">\n\t\t\t\t\t\t\t<h2 class=\"wp-show-posts-entry-title\" itemprop=\"headline\"><a href=\"https:\/\/cuicui.be\/fr\/usa-mission-san-juan-capistrano\/\" rel=\"bookmark\">Mission San Juan Capistrano<\/a><\/h2>\t\t\t\t\t\t<\/header><!-- .entry-header -->\n\t\t\t\t\t\t\t\t\t\t\t<div class=\"wp-show-posts-entry-summary\" itemprop=\"text\">\n\t\t\t\t\t\t\t<p>La mission San Juan Capistrano fut fond\u00e9e en 1776 sur le territoire des Am\u00e9rindiens Juane\u00f1os qui constituaient alors un groupe d&rsquo;un millier&#8230;<\/p>\n\t\t\t\t\t\t<\/div><!-- .entry-summary -->\n\t\t\t\t\t<\/div><!-- wp-show-posts-inner --><\/article><article class=\"  wp-show-posts-masonry-col-4  wp-show-posts-masonry-block wp-show-posts-single post-1057 post type-post status-publish format-standard has-post-thumbnail hentry category-america category-united-states wpsp-col-4\" itemtype=\"http:\/\/schema.org\/CreativeWork\" itemscope><div class=\"wp-show-posts-inner\" style=\"\">\t\t<div class=\"wp-show-posts-image zoom wpsp-image-center \">\n\t\t\t<a href=\"https:\/\/cuicui.be\/fr\/usa-new-york-9-11-ground-zero\/\"  title=\"New York 9\/11 Ground Zero\"><img loading=\"lazy\" decoding=\"async\" width=\"1024\" height=\"512\" src=\"https:\/\/cuicui.be\/wp-content\/uploads\/2016\/07\/us-ground-zero.jpg\" class=\"attachment-full size-full wp-post-image\" alt=\"\" itemprop=\"image\" srcset=\"https:\/\/cuicui.be\/wp-content\/uploads\/2016\/07\/us-ground-zero.jpg 1024w, https:\/\/cuicui.be\/wp-content\/uploads\/2016\/07\/us-ground-zero-300x150.jpg 300w, https:\/\/cuicui.be\/wp-content\/uploads\/2016\/07\/us-ground-zero-768x384.jpg 768w, https:\/\/cuicui.be\/wp-content\/uploads\/2016\/07\/us-ground-zero-150x75.jpg 150w, https:\/\/cuicui.be\/wp-content\/uploads\/2016\/07\/us-ground-zero-600x300.jpg 600w\" sizes=\"auto, (max-width: 1024px) 100vw, 1024px\" \/><\/a>\t\t<\/div>\n\t\t\t\t\t\t\t\t<header class=\"wp-show-posts-entry-header\">\n\t\t\t\t\t\t\t<h2 class=\"wp-show-posts-entry-title\" itemprop=\"headline\"><a href=\"https:\/\/cuicui.be\/fr\/usa-new-york-9-11-ground-zero\/\" rel=\"bookmark\">New York 9\/11 Ground Zero<\/a><\/h2>\t\t\t\t\t\t<\/header><!-- .entry-header -->\n\t\t\t\t\t\t\t\t\t\t\t<div class=\"wp-show-posts-entry-summary\" itemprop=\"text\">\n\t\t\t\t\t\t\t<p>\u00ab\u00a0Ground Zero\u00a0\u00bb est ici document\u00e9 apr\u00e8s le nettoyage du site et avant sa reconstruction. Plus sur Wikip\u00e9dia. Visite r\u00e9alis\u00e9e pour Lower Manhattan&#8230;<\/p>\n\t\t\t\t\t\t<\/div><!-- .entry-summary -->\n\t\t\t\t\t<\/div><!-- wp-show-posts-inner --><\/article><article class=\"  wp-show-posts-masonry-col-4  wp-show-posts-masonry-block wp-show-posts-single post-952 post type-post status-publish format-standard has-post-thumbnail hentry category-america category-press category-united-states wpsp-col-4\" itemtype=\"http:\/\/schema.org\/CreativeWork\" itemscope><div class=\"wp-show-posts-inner\" style=\"\">\t\t<div class=\"wp-show-posts-image zoom wpsp-image-center \">\n\t\t\t<a href=\"https:\/\/cuicui.be\/fr\/usa-new-york-world-monuments-fund\/\"  title=\"World Monuments Fund : exposition de photos\"><img loading=\"lazy\" decoding=\"async\" width=\"1024\" height=\"512\" src=\"https:\/\/cuicui.be\/wp-content\/uploads\/2016\/07\/usa-wmf.jpg\" class=\"attachment-full size-full wp-post-image\" alt=\"\" itemprop=\"image\" srcset=\"https:\/\/cuicui.be\/wp-content\/uploads\/2016\/07\/usa-wmf.jpg 1024w, https:\/\/cuicui.be\/wp-content\/uploads\/2016\/07\/usa-wmf-300x150.jpg 300w, https:\/\/cuicui.be\/wp-content\/uploads\/2016\/07\/usa-wmf-768x384.jpg 768w, https:\/\/cuicui.be\/wp-content\/uploads\/2016\/07\/usa-wmf-150x75.jpg 150w, https:\/\/cuicui.be\/wp-content\/uploads\/2016\/07\/usa-wmf-600x300.jpg 600w\" sizes=\"auto, (max-width: 1024px) 100vw, 1024px\" \/><\/a>\t\t<\/div>\n\t\t\t\t\t\t\t\t<header class=\"wp-show-posts-entry-header\">\n\t\t\t\t\t\t\t<h2 class=\"wp-show-posts-entry-title\" itemprop=\"headline\"><a href=\"https:\/\/cuicui.be\/fr\/usa-new-york-world-monuments-fund\/\" rel=\"bookmark\">World Monuments Fund : exposition de photos<\/a><\/h2>\t\t\t\t\t\t<\/header><!-- .entry-header -->\n\t\t\t\t\t\t\t\t\t\t\t<div class=\"wp-show-posts-entry-summary\" itemprop=\"text\">\n\t\t\t\t\t\t\t<p>Le World Monuments Fund \u00e0 New York expose le travail de Tito Dupret sur le patrimoine mondial. Image panoramique de Martha Flach&#8230;<\/p>\n\t\t\t\t\t\t<\/div><!-- .entry-summary -->\n\t\t\t\t\t<\/div><!-- wp-show-posts-inner --><\/article><article class=\"  wp-show-posts-masonry-col-4  wp-show-posts-masonry-block wp-show-posts-single post-1051 post type-post status-publish format-standard has-post-thumbnail hentry category-america category-united-states wpsp-col-4\" itemtype=\"http:\/\/schema.org\/CreativeWork\" itemscope><div class=\"wp-show-posts-inner\" style=\"\">\t\t<div class=\"wp-show-posts-image zoom wpsp-image-center \">\n\t\t\t<a href=\"https:\/\/cuicui.be\/fr\/usa-los-angeles-frank-lloyd-wright-ennis-house\/\"  title=\"Frank Lloyd Wright  : Ennis House \u00e0 Los Angeles\"><img loading=\"lazy\" decoding=\"async\" width=\"1024\" height=\"512\" src=\"https:\/\/cuicui.be\/wp-content\/uploads\/2016\/07\/us-ennis-brown.jpg\" class=\"attachment-full size-full wp-post-image\" alt=\"\" itemprop=\"image\" srcset=\"https:\/\/cuicui.be\/wp-content\/uploads\/2016\/07\/us-ennis-brown.jpg 1024w, https:\/\/cuicui.be\/wp-content\/uploads\/2016\/07\/us-ennis-brown-300x150.jpg 300w, https:\/\/cuicui.be\/wp-content\/uploads\/2016\/07\/us-ennis-brown-768x384.jpg 768w, https:\/\/cuicui.be\/wp-content\/uploads\/2016\/07\/us-ennis-brown-150x75.jpg 150w, https:\/\/cuicui.be\/wp-content\/uploads\/2016\/07\/us-ennis-brown-600x300.jpg 600w\" sizes=\"auto, (max-width: 1024px) 100vw, 1024px\" \/><\/a>\t\t<\/div>\n\t\t\t\t\t\t\t\t<header class=\"wp-show-posts-entry-header\">\n\t\t\t\t\t\t\t<h2 class=\"wp-show-posts-entry-title\" itemprop=\"headline\"><a href=\"https:\/\/cuicui.be\/fr\/usa-los-angeles-frank-lloyd-wright-ennis-house\/\" rel=\"bookmark\">Frank Lloyd Wright  : Ennis House \u00e0 Los Angeles<\/a><\/h2>\t\t\t\t\t\t<\/header><!-- .entry-header -->\n\t\t\t\t\t\t\t\t\t\t\t<div class=\"wp-show-posts-entry-summary\" itemprop=\"text\">\n\t\t\t\t\t\t\t<p>\u00ab\u00a0Le b\u00e2timent a \u00e9t\u00e9 con\u00e7u par Frank Lloyd Wright pour Charles et Mabel Ennis en 1923 et construit en 1924. Il est&#8230;<\/p>\n\t\t\t\t\t\t<\/div><!-- .entry-summary -->\n\t\t\t\t\t<\/div><!-- wp-show-posts-inner --><\/article><div class=\"wpsp-clear\"><\/div><\/section><!-- .wp-show-posts --><div class=\"wpsp-load-more\"><span aria-current=\"page\" class=\"page-numbers current\">1<\/span>\n<a class=\"page-numbers\" href=\"https:\/\/cuicui.be\/fr\/wp-json\/wp\/v2\/pages\/1578\/page\/2\/\">2<\/a>\n<a class=\"next page-numbers\" href=\"https:\/\/cuicui.be\/fr\/wp-json\/wp\/v2\/pages\/1578\/page\/2\/\">Next &rarr;<\/a><\/div>\n","protected":false},"excerpt":{"rendered":"","protected":false},"author":1,"featured_media":0,"parent":0,"menu_order":0,"comment_status":"closed","ping_status":"closed","template":"","meta":{"generate_page_header":"","footnotes":""},"class_list":["post-1578","page","type-page","status-publish","hentry","generate-columns","tablet-grid-50","mobile-grid-100","grid-parent","grid-33"],"_links":{"self":[{"href":"https:\/\/cuicui.be\/fr\/wp-json\/wp\/v2\/pages\/1578","targetHints":{"allow":["GET"]}}],"collection":[{"href":"https:\/\/cuicui.be\/fr\/wp-json\/wp\/v2\/pages"}],"about":[{"href":"https:\/\/cuicui.be\/fr\/wp-json\/wp\/v2\/types\/page"}],"author":[{"embeddable":true,"href":"https:\/\/cuicui.be\/fr\/wp-json\/wp\/v2\/users\/1"}],"replies":[{"embeddable":true,"href":"https:\/\/cuicui.be\/fr\/wp-json\/wp\/v2\/comments?post=1578"}],"version-history":[{"count":0,"href":"https:\/\/cuicui.be\/fr\/wp-json\/wp\/v2\/pages\/1578\/revisions"}],"wp:attachment":[{"href":"https:\/\/cuicui.be\/fr\/wp-json\/wp\/v2\/media?parent=1578"}],"curies":[{"name":"wp","href":"https:\/\/api.w.org\/{rel}","templated":true}]}}