{"id":1580,"date":"2016-09-09T20:49:01","date_gmt":"2016-09-09T19:49:01","guid":{"rendered":"http:\/\/cuicui.be\/?page_id=1580"},"modified":"2016-09-09T20:49:01","modified_gmt":"2016-09-09T19:49:01","slug":"belgium","status":"publish","type":"page","link":"https:\/\/cuicui.be\/fr\/belgium\/","title":{"rendered":"Belgique"},"content":{"rendered":"<style>.slick-slider#wpsp-1559 {margin-left: 0px; }.slick-slider#wpsp-1559 .wp-show-posts-inner {margin-left: 1em; margin-right: 1em; }#wpsp-1559.wpsp-card .wp-show-posts-single {margin-bottom: 2em; }.slick-slider#wpsp-1559 .wp-show-posts-single {margin-bottom: 0px; }#wpsp-1559 .wp-show-posts-inner {border: 1px solid #adadad; }#wpsp-1559:not(.wpsp-card) .wp-show-posts-inner {padding: 5px; }#wpsp-1559.wpsp-card .wpsp-content-wrap {padding: 5px; }<\/style><style>.wp-show-posts-columns#wpsp-1559 {margin-left: -2em; }.wp-show-posts-columns#wpsp-1559 .wp-show-posts-inner {margin: 0 0 2em 2em; }<\/style><section id=\"wpsp-1559\" class=\" wp-show-posts-columns wp-show-posts-masonry wp-show-posts\" style=\"\"><div class=\"grid-sizer wpsp-col-4\"><\/div><article class=\"  wp-show-posts-masonry-col-4  wp-show-posts-masonry-block wp-show-posts-single post-873 post type-post status-publish format-standard has-post-thumbnail hentry category-belgium category-europe wpsp-col-4\" itemtype=\"http:\/\/schema.org\/CreativeWork\" itemscope><div class=\"wp-show-posts-inner\" style=\"\">\t\t<div class=\"wp-show-posts-image zoom wpsp-image-center \">\n\t\t\t<a href=\"https:\/\/cuicui.be\/fr\/belgium-bruges\/\"  title=\"Le centre historique de Bruges\"><img loading=\"lazy\" decoding=\"async\" width=\"1024\" height=\"512\" src=\"https:\/\/cuicui.be\/wp-content\/uploads\/2016\/07\/be-bruges.jpg\" class=\"attachment-full size-full wp-post-image\" alt=\"\" itemprop=\"image\" srcset=\"https:\/\/cuicui.be\/wp-content\/uploads\/2016\/07\/be-bruges.jpg 1024w, https:\/\/cuicui.be\/wp-content\/uploads\/2016\/07\/be-bruges-300x150.jpg 300w, https:\/\/cuicui.be\/wp-content\/uploads\/2016\/07\/be-bruges-768x384.jpg 768w, https:\/\/cuicui.be\/wp-content\/uploads\/2016\/07\/be-bruges-150x75.jpg 150w, https:\/\/cuicui.be\/wp-content\/uploads\/2016\/07\/be-bruges-600x300.jpg 600w\" sizes=\"auto, (max-width: 1024px) 100vw, 1024px\" \/><\/a>\t\t<\/div>\n\t\t\t\t\t\t\t\t<header class=\"wp-show-posts-entry-header\">\n\t\t\t\t\t\t\t<h2 class=\"wp-show-posts-entry-title\" itemprop=\"headline\"><a href=\"https:\/\/cuicui.be\/fr\/belgium-bruges\/\" rel=\"bookmark\">Le centre historique de Bruges<\/a><\/h2>\t\t\t\t\t\t<\/header><!-- .entry-header -->\n\t\t\t\t\t\t\t\t\t\t\t<div class=\"wp-show-posts-entry-summary\" itemprop=\"text\">\n\t\t\t\t\t\t\t<p>\u00ab\u00a0Bruges est un exemple exceptionnel d&rsquo;habitat m\u00e9di\u00e9val ayant bien conserv\u00e9 son tissu urbain historique tel qu&rsquo;il a \u00e9volu\u00e9 avec les si\u00e8cles et&#8230;<\/p>\n\t\t\t\t\t\t<\/div><!-- .entry-summary -->\n\t\t\t\t\t<\/div><!-- wp-show-posts-inner --><\/article><article class=\"  wp-show-posts-masonry-col-4  wp-show-posts-masonry-block wp-show-posts-single post-184 post type-post status-publish format-standard has-post-thumbnail hentry category-belgium category-europe wpsp-col-4\" itemtype=\"http:\/\/schema.org\/CreativeWork\" itemscope><div class=\"wp-show-posts-inner\" style=\"\">\t\t<div class=\"wp-show-posts-image zoom wpsp-image-center \">\n\t\t\t<a href=\"https:\/\/cuicui.be\/fr\/belgium-brussels-grand-place\/\"  title=\"La Grand&rsquo;Place et le Manneken Pis \u00e0 Bruxelles\"><img loading=\"lazy\" decoding=\"async\" width=\"1024\" height=\"512\" src=\"https:\/\/cuicui.be\/wp-content\/uploads\/2009\/08\/tour-grand-place.jpg\" class=\"attachment-full size-full wp-post-image\" alt=\"\" itemprop=\"image\" srcset=\"https:\/\/cuicui.be\/wp-content\/uploads\/2009\/08\/tour-grand-place.jpg 1024w, https:\/\/cuicui.be\/wp-content\/uploads\/2009\/08\/tour-grand-place-300x150.jpg 300w, https:\/\/cuicui.be\/wp-content\/uploads\/2009\/08\/tour-grand-place-768x384.jpg 768w\" sizes=\"auto, (max-width: 1024px) 100vw, 1024px\" \/><\/a>\t\t<\/div>\n\t\t\t\t\t\t\t\t<header class=\"wp-show-posts-entry-header\">\n\t\t\t\t\t\t\t<h2 class=\"wp-show-posts-entry-title\" itemprop=\"headline\"><a href=\"https:\/\/cuicui.be\/fr\/belgium-brussels-grand-place\/\" rel=\"bookmark\">La Grand&rsquo;Place et le Manneken Pis \u00e0 Bruxelles<\/a><\/h2>\t\t\t\t\t\t<\/header><!-- .entry-header -->\n\t\t\t\t\t\t\t\t\t\t\t<div class=\"wp-show-posts-entry-summary\" itemprop=\"text\">\n\t\t\t\t\t\t\t<p>\u00ab\u00a0La Grand&rsquo;Place de Bruxelles, mondialement renomm\u00e9e pour sa richesse ornementale, est bord\u00e9e par les maisons des corporations, l&rsquo;h\u00f4tel de Ville et la&#8230;<\/p>\n\t\t\t\t\t\t<\/div><!-- .entry-summary -->\n\t\t\t\t\t<\/div><!-- wp-show-posts-inner --><\/article><article class=\"  wp-show-posts-masonry-col-4  wp-show-posts-masonry-block wp-show-posts-single post-889 post type-post status-publish format-standard has-post-thumbnail hentry category-belgium category-europe wpsp-col-4\" itemtype=\"http:\/\/schema.org\/CreativeWork\" itemscope><div class=\"wp-show-posts-inner\" style=\"\">\t\t<div class=\"wp-show-posts-image zoom wpsp-image-center \">\n\t\t\t<a href=\"https:\/\/cuicui.be\/fr\/belgium-neolithic-flint-mines-of-spiennes\/\"  title=\"Les mini\u00e8res n\u00e9olithiques de silex de Spiennes\"><img loading=\"lazy\" decoding=\"async\" width=\"1024\" height=\"512\" src=\"https:\/\/cuicui.be\/wp-content\/uploads\/2016\/07\/be-spiennes.jpg\" class=\"attachment-full size-full wp-post-image\" alt=\"\" itemprop=\"image\" srcset=\"https:\/\/cuicui.be\/wp-content\/uploads\/2016\/07\/be-spiennes.jpg 1024w, https:\/\/cuicui.be\/wp-content\/uploads\/2016\/07\/be-spiennes-300x150.jpg 300w, https:\/\/cuicui.be\/wp-content\/uploads\/2016\/07\/be-spiennes-768x384.jpg 768w, https:\/\/cuicui.be\/wp-content\/uploads\/2016\/07\/be-spiennes-150x75.jpg 150w, https:\/\/cuicui.be\/wp-content\/uploads\/2016\/07\/be-spiennes-600x300.jpg 600w\" sizes=\"auto, (max-width: 1024px) 100vw, 1024px\" \/><\/a>\t\t<\/div>\n\t\t\t\t\t\t\t\t<header class=\"wp-show-posts-entry-header\">\n\t\t\t\t\t\t\t<h2 class=\"wp-show-posts-entry-title\" itemprop=\"headline\"><a href=\"https:\/\/cuicui.be\/fr\/belgium-neolithic-flint-mines-of-spiennes\/\" rel=\"bookmark\">Les mini\u00e8res n\u00e9olithiques de silex de Spiennes<\/a><\/h2>\t\t\t\t\t\t<\/header><!-- .entry-header -->\n\t\t\t\t\t\t\t\t\t\t\t<div class=\"wp-show-posts-entry-summary\" itemprop=\"text\">\n\t\t\t\t\t\t\t<p>Les mines de Spiennes sont les plus anciennes et les plus grandes mines de silex en Europe du nord-ouest. Elles ont \u00e9t\u00e9&#8230;<\/p>\n\t\t\t\t\t\t<\/div><!-- .entry-summary -->\n\t\t\t\t\t<\/div><!-- wp-show-posts-inner --><\/article><article class=\"  wp-show-posts-masonry-col-4  wp-show-posts-masonry-block wp-show-posts-single post-2764 post type-post status-publish format-standard has-post-thumbnail hentry category-belgium category-europe wpsp-col-4\" itemtype=\"http:\/\/schema.org\/CreativeWork\" itemscope><div class=\"wp-show-posts-inner\" style=\"\">\t\t<div class=\"wp-show-posts-image zoom wpsp-image-center \">\n\t\t\t<a href=\"https:\/\/cuicui.be\/fr\/ninth-art-comics\/\"  title=\"Le neuvi\u00e8me art : la bande dessin\u00e9e\"><img loading=\"lazy\" decoding=\"async\" width=\"1024\" height=\"512\" src=\"https:\/\/cuicui.be\/wp-content\/uploads\/2016\/11\/be-comics.jpg\" class=\"attachment-full size-full wp-post-image\" alt=\"\" itemprop=\"image\" srcset=\"https:\/\/cuicui.be\/wp-content\/uploads\/2016\/11\/be-comics.jpg 1024w, https:\/\/cuicui.be\/wp-content\/uploads\/2016\/11\/be-comics-150x75.jpg 150w, https:\/\/cuicui.be\/wp-content\/uploads\/2016\/11\/be-comics-300x150.jpg 300w, https:\/\/cuicui.be\/wp-content\/uploads\/2016\/11\/be-comics-768x384.jpg 768w, https:\/\/cuicui.be\/wp-content\/uploads\/2016\/11\/be-comics-600x300.jpg 600w\" sizes=\"auto, (max-width: 1024px) 100vw, 1024px\" \/><\/a>\t\t<\/div>\n\t\t\t\t\t\t\t\t<header class=\"wp-show-posts-entry-header\">\n\t\t\t\t\t\t\t<h2 class=\"wp-show-posts-entry-title\" itemprop=\"headline\"><a href=\"https:\/\/cuicui.be\/fr\/ninth-art-comics\/\" rel=\"bookmark\">Le neuvi\u00e8me art : la bande dessin\u00e9e<\/a><\/h2>\t\t\t\t\t\t<\/header><!-- .entry-header -->\n\t\t\t\t\t\t\t\t\t\t\t<div class=\"wp-show-posts-entry-summary\" itemprop=\"text\">\n\t\t\t\t\t\t\t<p>Voici des fresques murales \u00e0 travers Bruxelles. \u00ab\u00a0L&rsquo;histoire de la bande dessin\u00e9e a suivi de nombreux chemins dans diff\u00e9rentes cultures, remontant jusqu&rsquo;aux&#8230;<\/p>\n\t\t\t\t\t\t<\/div><!-- .entry-summary -->\n\t\t\t\t\t<\/div><!-- wp-show-posts-inner --><\/article><article class=\"  wp-show-posts-masonry-col-4  wp-show-posts-masonry-block wp-show-posts-single post-877 post type-post status-publish format-standard has-post-thumbnail hentry category-belgium category-europe wpsp-col-4\" itemtype=\"http:\/\/schema.org\/CreativeWork\" itemscope><div class=\"wp-show-posts-inner\" style=\"\">\t\t<div class=\"wp-show-posts-image zoom wpsp-image-center \">\n\t\t\t<a href=\"https:\/\/cuicui.be\/fr\/belgium-plantin-moretus-in-antwerp\/\"  title=\"Plantin-Moretus \u00e0 Anvers\"><img loading=\"lazy\" decoding=\"async\" width=\"1024\" height=\"512\" src=\"https:\/\/cuicui.be\/wp-content\/uploads\/2016\/07\/be-plantin-moretus.jpg\" class=\"attachment-full size-full wp-post-image\" alt=\"\" itemprop=\"image\" srcset=\"https:\/\/cuicui.be\/wp-content\/uploads\/2016\/07\/be-plantin-moretus.jpg 1024w, https:\/\/cuicui.be\/wp-content\/uploads\/2016\/07\/be-plantin-moretus-300x150.jpg 300w, https:\/\/cuicui.be\/wp-content\/uploads\/2016\/07\/be-plantin-moretus-768x384.jpg 768w, https:\/\/cuicui.be\/wp-content\/uploads\/2016\/07\/be-plantin-moretus-150x75.jpg 150w, https:\/\/cuicui.be\/wp-content\/uploads\/2016\/07\/be-plantin-moretus-600x300.jpg 600w\" sizes=\"auto, (max-width: 1024px) 100vw, 1024px\" \/><\/a>\t\t<\/div>\n\t\t\t\t\t\t\t\t<header class=\"wp-show-posts-entry-header\">\n\t\t\t\t\t\t\t<h2 class=\"wp-show-posts-entry-title\" itemprop=\"headline\"><a href=\"https:\/\/cuicui.be\/fr\/belgium-plantin-moretus-in-antwerp\/\" rel=\"bookmark\">Plantin-Moretus \u00e0 Anvers<\/a><\/h2>\t\t\t\t\t\t<\/header><!-- .entry-header -->\n\t\t\t\t\t\t\t\t\t\t\t<div class=\"wp-show-posts-entry-summary\" itemprop=\"text\">\n\t\t\t\t\t\t\t<p>\u00ab\u00a0Christophe Plantin a fond\u00e9 l&rsquo;imprimerie et maison d\u2019\u00e9dition la plus prolifique d\u2019Europe \u00e0 la fin du XVIe si\u00e8cle. Le b\u00e2timent conserve deux&#8230;<\/p>\n\t\t\t\t\t\t<\/div><!-- .entry-summary -->\n\t\t\t\t\t<\/div><!-- wp-show-posts-inner --><\/article><article class=\"  wp-show-posts-masonry-col-4  wp-show-posts-masonry-block wp-show-posts-single post-868 post type-post status-publish format-standard has-post-thumbnail hentry category-belgium category-europe wpsp-col-4\" itemtype=\"http:\/\/schema.org\/CreativeWork\" itemscope><div class=\"wp-show-posts-inner\" style=\"\">\t\t<div class=\"wp-show-posts-image zoom wpsp-image-center \">\n\t\t\t<a href=\"https:\/\/cuicui.be\/fr\/belgium-bruges-church-of-jerusalem\/\"  title=\"L&rsquo;\u00e9glise de J\u00e9rusalem \u00e0 Bruges\"><img loading=\"lazy\" decoding=\"async\" width=\"1024\" height=\"512\" src=\"https:\/\/cuicui.be\/wp-content\/uploads\/2016\/07\/be-bruges-jerusalem.jpg\" class=\"attachment-full size-full wp-post-image\" alt=\"\" itemprop=\"image\" srcset=\"https:\/\/cuicui.be\/wp-content\/uploads\/2016\/07\/be-bruges-jerusalem.jpg 1024w, https:\/\/cuicui.be\/wp-content\/uploads\/2016\/07\/be-bruges-jerusalem-300x150.jpg 300w, https:\/\/cuicui.be\/wp-content\/uploads\/2016\/07\/be-bruges-jerusalem-768x384.jpg 768w, https:\/\/cuicui.be\/wp-content\/uploads\/2016\/07\/be-bruges-jerusalem-150x75.jpg 150w, https:\/\/cuicui.be\/wp-content\/uploads\/2016\/07\/be-bruges-jerusalem-600x300.jpg 600w\" sizes=\"auto, (max-width: 1024px) 100vw, 1024px\" \/><\/a>\t\t<\/div>\n\t\t\t\t\t\t\t\t<header class=\"wp-show-posts-entry-header\">\n\t\t\t\t\t\t\t<h2 class=\"wp-show-posts-entry-title\" itemprop=\"headline\"><a href=\"https:\/\/cuicui.be\/fr\/belgium-bruges-church-of-jerusalem\/\" rel=\"bookmark\">L&rsquo;\u00e9glise de J\u00e9rusalem \u00e0 Bruges<\/a><\/h2>\t\t\t\t\t\t<\/header><!-- .entry-header -->\n\t\t\t\t\t\t\t\t\t\t\t<div class=\"wp-show-posts-entry-summary\" itemprop=\"text\">\n\t\t\t\t\t\t\t<p>\u00ab\u00a0L&rsquo;\u00e9glise de J\u00e9rusalem \u00e0 Bruges a \u00e9t\u00e9 \u00e9difi\u00e9e sur le mod\u00e8le de l&rsquo;\u00e9glise du Saint-S\u00e9pulcre de J\u00e9rusalem, dans la premi\u00e8re moiti\u00e9 du&#8230;<\/p>\n\t\t\t\t\t\t<\/div><!-- .entry-summary -->\n\t\t\t\t\t<\/div><!-- wp-show-posts-inner --><\/article><div class=\"wpsp-clear\"><\/div><\/section><!-- .wp-show-posts --><div class=\"wpsp-load-more\"><span aria-current=\"page\" class=\"page-numbers current\">1<\/span>\n<a class=\"page-numbers\" href=\"https:\/\/cuicui.be\/fr\/wp-json\/wp\/v2\/pages\/1580\/page\/2\/\">2<\/a>\n<a class=\"next page-numbers\" href=\"https:\/\/cuicui.be\/fr\/wp-json\/wp\/v2\/pages\/1580\/page\/2\/\">Next &rarr;<\/a><\/div>\n","protected":false},"excerpt":{"rendered":"","protected":false},"author":1,"featured_media":0,"parent":0,"menu_order":0,"comment_status":"closed","ping_status":"closed","template":"","meta":{"generate_page_header":"","footnotes":""},"class_list":["post-1580","page","type-page","status-publish","hentry","generate-columns","tablet-grid-50","mobile-grid-100","grid-parent","grid-33"],"_links":{"self":[{"href":"https:\/\/cuicui.be\/fr\/wp-json\/wp\/v2\/pages\/1580","targetHints":{"allow":["GET"]}}],"collection":[{"href":"https:\/\/cuicui.be\/fr\/wp-json\/wp\/v2\/pages"}],"about":[{"href":"https:\/\/cuicui.be\/fr\/wp-json\/wp\/v2\/types\/page"}],"author":[{"embeddable":true,"href":"https:\/\/cuicui.be\/fr\/wp-json\/wp\/v2\/users\/1"}],"replies":[{"embeddable":true,"href":"https:\/\/cuicui.be\/fr\/wp-json\/wp\/v2\/comments?post=1580"}],"version-history":[{"count":0,"href":"https:\/\/cuicui.be\/fr\/wp-json\/wp\/v2\/pages\/1580\/revisions"}],"wp:attachment":[{"href":"https:\/\/cuicui.be\/fr\/wp-json\/wp\/v2\/media?parent=1580"}],"curies":[{"name":"wp","href":"https:\/\/api.w.org\/{rel}","templated":true}]}}