{"id":1584,"date":"2016-09-09T20:50:24","date_gmt":"2016-09-09T19:50:24","guid":{"rendered":"http:\/\/cuicui.be\/?page_id=1584"},"modified":"2016-09-09T20:50:24","modified_gmt":"2016-09-09T19:50:24","slug":"syria","status":"publish","type":"page","link":"https:\/\/cuicui.be\/fr\/syria\/","title":{"rendered":"Syrie"},"content":{"rendered":"<style>.slick-slider#wpsp-1557 {margin-left: 0px; }.slick-slider#wpsp-1557 .wp-show-posts-inner {margin-left: 1em; margin-right: 1em; }#wpsp-1557.wpsp-card .wp-show-posts-single {margin-bottom: 2em; }.slick-slider#wpsp-1557 .wp-show-posts-single {margin-bottom: 0px; }#wpsp-1557 .wp-show-posts-inner {border: 1px solid #adadad; }#wpsp-1557:not(.wpsp-card) .wp-show-posts-inner {padding: 5px; }#wpsp-1557.wpsp-card .wpsp-content-wrap {padding: 5px; }<\/style><style>.wp-show-posts-columns#wpsp-1557 {margin-left: -2em; }.wp-show-posts-columns#wpsp-1557 .wp-show-posts-inner {margin: 0 0 2em 2em; }<\/style><section id=\"wpsp-1557\" class=\" wp-show-posts-columns wp-show-posts-masonry wp-show-posts\" style=\"\"><div class=\"grid-sizer wpsp-col-4\"><\/div><article class=\"  wp-show-posts-masonry-col-4  wp-show-posts-masonry-block wp-show-posts-single post-1081 post type-post status-publish format-standard has-post-thumbnail hentry category-middle-east category-syria wpsp-col-4\" itemtype=\"http:\/\/schema.org\/CreativeWork\" itemscope><div class=\"wp-show-posts-inner\" style=\"\">\t\t<div class=\"wp-show-posts-image zoom wpsp-image-center \">\n\t\t\t<a href=\"https:\/\/cuicui.be\/fr\/syria-ancient-city-of-damascus\/\"  title=\"La vieille ville de Damas\"><img loading=\"lazy\" decoding=\"async\" width=\"1024\" height=\"512\" src=\"https:\/\/cuicui.be\/wp-content\/uploads\/2006\/11\/sy-damascus.jpg\" class=\"attachment-full size-full wp-post-image\" alt=\"\" itemprop=\"image\" srcset=\"https:\/\/cuicui.be\/wp-content\/uploads\/2006\/11\/sy-damascus.jpg 1024w, https:\/\/cuicui.be\/wp-content\/uploads\/2006\/11\/sy-damascus-300x150.jpg 300w, https:\/\/cuicui.be\/wp-content\/uploads\/2006\/11\/sy-damascus-768x384.jpg 768w, https:\/\/cuicui.be\/wp-content\/uploads\/2006\/11\/sy-damascus-150x75.jpg 150w, https:\/\/cuicui.be\/wp-content\/uploads\/2006\/11\/sy-damascus-600x300.jpg 600w\" sizes=\"auto, (max-width: 1024px) 100vw, 1024px\" \/><\/a>\t\t<\/div>\n\t\t\t\t\t\t\t\t<header class=\"wp-show-posts-entry-header\">\n\t\t\t\t\t\t\t<h2 class=\"wp-show-posts-entry-title\" itemprop=\"headline\"><a href=\"https:\/\/cuicui.be\/fr\/syria-ancient-city-of-damascus\/\" rel=\"bookmark\">La vieille ville de Damas<\/a><\/h2>\t\t\t\t\t\t<\/header><!-- .entry-header -->\n\t\t\t\t\t\t\t\t\t\t\t<div class=\"wp-show-posts-entry-summary\" itemprop=\"text\">\n\t\t\t\t\t\t\t<p>\u00ab\u00a0Fond\u00e9e au IIIe mill\u00e9naire av. J.-C., c&rsquo;est l&rsquo;une des plus anciennes villes du Moyen-Orient. Au Moyen \u00c2ge, Damas \u00e9tait le centre d&rsquo;une&#8230;<\/p>\n\t\t\t\t\t\t<\/div><!-- .entry-summary -->\n\t\t\t\t\t<\/div><!-- wp-show-posts-inner --><\/article><article class=\"  wp-show-posts-masonry-col-4  wp-show-posts-masonry-block wp-show-posts-single post-1095 post type-post status-publish format-standard has-post-thumbnail hentry category-middle-east category-syria wpsp-col-4\" itemtype=\"http:\/\/schema.org\/CreativeWork\" itemscope><div class=\"wp-show-posts-inner\" style=\"\">\t\t<div class=\"wp-show-posts-image zoom wpsp-image-center \">\n\t\t\t<a href=\"https:\/\/cuicui.be\/fr\/syria-bosra\/\"  title=\"Bosra\"><img loading=\"lazy\" decoding=\"async\" width=\"1024\" height=\"512\" src=\"https:\/\/cuicui.be\/wp-content\/uploads\/2016\/07\/sy-bosra.jpg\" class=\"attachment-full size-full wp-post-image\" alt=\"\" itemprop=\"image\" srcset=\"https:\/\/cuicui.be\/wp-content\/uploads\/2016\/07\/sy-bosra.jpg 1024w, https:\/\/cuicui.be\/wp-content\/uploads\/2016\/07\/sy-bosra-300x150.jpg 300w, https:\/\/cuicui.be\/wp-content\/uploads\/2016\/07\/sy-bosra-768x384.jpg 768w, https:\/\/cuicui.be\/wp-content\/uploads\/2016\/07\/sy-bosra-150x75.jpg 150w, https:\/\/cuicui.be\/wp-content\/uploads\/2016\/07\/sy-bosra-600x300.jpg 600w\" sizes=\"auto, (max-width: 1024px) 100vw, 1024px\" \/><\/a>\t\t<\/div>\n\t\t\t\t\t\t\t\t<header class=\"wp-show-posts-entry-header\">\n\t\t\t\t\t\t\t<h2 class=\"wp-show-posts-entry-title\" itemprop=\"headline\"><a href=\"https:\/\/cuicui.be\/fr\/syria-bosra\/\" rel=\"bookmark\">Bosra<\/a><\/h2>\t\t\t\t\t\t<\/header><!-- .entry-header -->\n\t\t\t\t\t\t\t\t\t\t\t<div class=\"wp-show-posts-entry-summary\" itemprop=\"text\">\n\t\t\t\t\t\t\t<p>\u00ab\u00a0Jadis capitale de la province romaine d&rsquo;Arabie et importante \u00e9tape sur l&rsquo;ancienne route caravani\u00e8re de La Mecque, Bosra conserve, enserr\u00e9es dans ses&#8230;<\/p>\n\t\t\t\t\t\t<\/div><!-- .entry-summary -->\n\t\t\t\t\t<\/div><!-- wp-show-posts-inner --><\/article><article class=\"  wp-show-posts-masonry-col-4  wp-show-posts-masonry-block wp-show-posts-single post-1071 post type-post status-publish format-standard has-post-thumbnail hentry category-middle-east category-syria wpsp-col-4\" itemtype=\"http:\/\/schema.org\/CreativeWork\" itemscope><div class=\"wp-show-posts-inner\" style=\"\">\t\t<div class=\"wp-show-posts-image zoom wpsp-image-center \">\n\t\t\t<a href=\"https:\/\/cuicui.be\/fr\/syria-palmyra\/\"  title=\"Palmyre\"><img loading=\"lazy\" decoding=\"async\" width=\"1024\" height=\"512\" src=\"https:\/\/cuicui.be\/wp-content\/uploads\/2016\/07\/sy-palmyra.jpg\" class=\"attachment-full size-full wp-post-image\" alt=\"\" itemprop=\"image\" srcset=\"https:\/\/cuicui.be\/wp-content\/uploads\/2016\/07\/sy-palmyra.jpg 1024w, https:\/\/cuicui.be\/wp-content\/uploads\/2016\/07\/sy-palmyra-300x150.jpg 300w, https:\/\/cuicui.be\/wp-content\/uploads\/2016\/07\/sy-palmyra-768x384.jpg 768w, https:\/\/cuicui.be\/wp-content\/uploads\/2016\/07\/sy-palmyra-150x75.jpg 150w, https:\/\/cuicui.be\/wp-content\/uploads\/2016\/07\/sy-palmyra-600x300.jpg 600w\" sizes=\"auto, (max-width: 1024px) 100vw, 1024px\" \/><\/a>\t\t<\/div>\n\t\t\t\t\t\t\t\t<header class=\"wp-show-posts-entry-header\">\n\t\t\t\t\t\t\t<h2 class=\"wp-show-posts-entry-title\" itemprop=\"headline\"><a href=\"https:\/\/cuicui.be\/fr\/syria-palmyra\/\" rel=\"bookmark\">Palmyre<\/a><\/h2>\t\t\t\t\t\t<\/header><!-- .entry-header -->\n\t\t\t\t\t\t\t\t\t\t\t<div class=\"wp-show-posts-entry-summary\" itemprop=\"text\">\n\t\t\t\t\t\t\t<p>\u00ab\u00a0Oasis du d\u00e9sert de Syrie au nord-est de Damas, Palmyre abrite les ruines monumentales d&rsquo;une grande ville qui fut l&rsquo;un des plus&#8230;<\/p>\n\t\t\t\t\t\t<\/div><!-- .entry-summary -->\n\t\t\t\t\t<\/div><!-- wp-show-posts-inner --><\/article><article class=\"  wp-show-posts-masonry-col-4  wp-show-posts-masonry-block wp-show-posts-single post-1099 post type-post status-publish format-standard has-post-thumbnail hentry category-middle-east category-syria wpsp-col-4\" itemtype=\"http:\/\/schema.org\/CreativeWork\" itemscope><div class=\"wp-show-posts-inner\" style=\"\">\t\t<div class=\"wp-show-posts-image zoom wpsp-image-center \">\n\t\t\t<a href=\"https:\/\/cuicui.be\/fr\/syria-ancient-city-of-aleppo\/\"  title=\"L&rsquo;ancienne ville d&rsquo;Alep\"><img loading=\"lazy\" decoding=\"async\" width=\"1024\" height=\"512\" src=\"https:\/\/cuicui.be\/wp-content\/uploads\/2016\/07\/sy-aleppo.jpg\" class=\"attachment-full size-full wp-post-image\" alt=\"\" itemprop=\"image\" srcset=\"https:\/\/cuicui.be\/wp-content\/uploads\/2016\/07\/sy-aleppo.jpg 1024w, https:\/\/cuicui.be\/wp-content\/uploads\/2016\/07\/sy-aleppo-300x150.jpg 300w, https:\/\/cuicui.be\/wp-content\/uploads\/2016\/07\/sy-aleppo-768x384.jpg 768w, https:\/\/cuicui.be\/wp-content\/uploads\/2016\/07\/sy-aleppo-150x75.jpg 150w, https:\/\/cuicui.be\/wp-content\/uploads\/2016\/07\/sy-aleppo-600x300.jpg 600w\" sizes=\"auto, (max-width: 1024px) 100vw, 1024px\" \/><\/a>\t\t<\/div>\n\t\t\t\t\t\t\t\t<header class=\"wp-show-posts-entry-header\">\n\t\t\t\t\t\t\t<h2 class=\"wp-show-posts-entry-title\" itemprop=\"headline\"><a href=\"https:\/\/cuicui.be\/fr\/syria-ancient-city-of-aleppo\/\" rel=\"bookmark\">L&rsquo;ancienne ville d&rsquo;Alep<\/a><\/h2>\t\t\t\t\t\t<\/header><!-- .entry-header -->\n\t\t\t\t\t\t\t\t\t\t\t<div class=\"wp-show-posts-entry-summary\" itemprop=\"text\">\n\t\t\t\t\t\t\t<p>\u00ab\u00a0Au carrefour de plusieurs routes commerciales depuis le IIe mill\u00e9naire av. J.-C., Alep a successivement subi la domination des Hittites, des Assyriens,&#8230;<\/p>\n\t\t\t\t\t\t<\/div><!-- .entry-summary -->\n\t\t\t\t\t<\/div><!-- wp-show-posts-inner --><\/article><article class=\"  wp-show-posts-masonry-col-4  wp-show-posts-masonry-block wp-show-posts-single post-1091 post type-post status-publish format-standard has-post-thumbnail hentry category-middle-east category-syria wpsp-col-4\" itemtype=\"http:\/\/schema.org\/CreativeWork\" itemscope><div class=\"wp-show-posts-inner\" style=\"\">\t\t<div class=\"wp-show-posts-image zoom wpsp-image-center \">\n\t\t\t<a href=\"https:\/\/cuicui.be\/fr\/syria-krak-des-chevaliers\/\"  title=\"Krak des Chevaliers\"><img loading=\"lazy\" decoding=\"async\" width=\"1024\" height=\"512\" src=\"https:\/\/cuicui.be\/wp-content\/uploads\/2016\/07\/sy-krak.jpg\" class=\"attachment-full size-full wp-post-image\" alt=\"\" itemprop=\"image\" srcset=\"https:\/\/cuicui.be\/wp-content\/uploads\/2016\/07\/sy-krak.jpg 1024w, https:\/\/cuicui.be\/wp-content\/uploads\/2016\/07\/sy-krak-300x150.jpg 300w, https:\/\/cuicui.be\/wp-content\/uploads\/2016\/07\/sy-krak-768x384.jpg 768w, https:\/\/cuicui.be\/wp-content\/uploads\/2016\/07\/sy-krak-150x75.jpg 150w, https:\/\/cuicui.be\/wp-content\/uploads\/2016\/07\/sy-krak-600x300.jpg 600w\" sizes=\"auto, (max-width: 1024px) 100vw, 1024px\" \/><\/a>\t\t<\/div>\n\t\t\t\t\t\t\t\t<header class=\"wp-show-posts-entry-header\">\n\t\t\t\t\t\t\t<h2 class=\"wp-show-posts-entry-title\" itemprop=\"headline\"><a href=\"https:\/\/cuicui.be\/fr\/syria-krak-des-chevaliers\/\" rel=\"bookmark\">Krak des Chevaliers<\/a><\/h2>\t\t\t\t\t\t<\/header><!-- .entry-header -->\n\t\t\t\t\t\t\t\t\t\t\t<div class=\"wp-show-posts-entry-summary\" itemprop=\"text\">\n\t\t\t\t\t\t\t<p>\u00ab\u00a0Le Krak des Chevaliers est un ch\u00e2teau fort datant de l&rsquo;\u00e9poque des croisades. Les Hospitaliers g\u00e9r\u00e8rent le fort de 1142 \u00e0 1271,&#8230;<\/p>\n\t\t\t\t\t\t<\/div><!-- .entry-summary -->\n\t\t\t\t\t<\/div><!-- wp-show-posts-inner --><\/article><article class=\"  wp-show-posts-masonry-col-4  wp-show-posts-masonry-block wp-show-posts-single post-1086 post type-post status-publish format-standard has-post-thumbnail hentry category-middle-east category-syria wpsp-col-4\" itemtype=\"http:\/\/schema.org\/CreativeWork\" itemscope><div class=\"wp-show-posts-inner\" style=\"\">\t\t<div class=\"wp-show-posts-image zoom wpsp-image-center \">\n\t\t\t<a href=\"https:\/\/cuicui.be\/fr\/syria-citadel-of-salah-ed-din\/\"  title=\"La citadelle Salah El-Din\"><img loading=\"lazy\" decoding=\"async\" width=\"1024\" height=\"512\" src=\"https:\/\/cuicui.be\/wp-content\/uploads\/2016\/07\/sy-saladin-citadel.jpg\" class=\"attachment-full size-full wp-post-image\" alt=\"\" itemprop=\"image\" srcset=\"https:\/\/cuicui.be\/wp-content\/uploads\/2016\/07\/sy-saladin-citadel.jpg 1024w, https:\/\/cuicui.be\/wp-content\/uploads\/2016\/07\/sy-saladin-citadel-300x150.jpg 300w, https:\/\/cuicui.be\/wp-content\/uploads\/2016\/07\/sy-saladin-citadel-768x384.jpg 768w, https:\/\/cuicui.be\/wp-content\/uploads\/2016\/07\/sy-saladin-citadel-150x75.jpg 150w, https:\/\/cuicui.be\/wp-content\/uploads\/2016\/07\/sy-saladin-citadel-600x300.jpg 600w\" sizes=\"auto, (max-width: 1024px) 100vw, 1024px\" \/><\/a>\t\t<\/div>\n\t\t\t\t\t\t\t\t<header class=\"wp-show-posts-entry-header\">\n\t\t\t\t\t\t\t<h2 class=\"wp-show-posts-entry-title\" itemprop=\"headline\"><a href=\"https:\/\/cuicui.be\/fr\/syria-citadel-of-salah-ed-din\/\" rel=\"bookmark\">La citadelle Salah El-Din<\/a><\/h2>\t\t\t\t\t\t<\/header><!-- .entry-header -->\n\t\t\t\t\t\t\t\t\t\t\t<div class=\"wp-show-posts-entry-summary\" itemprop=\"text\">\n\t\t\t\t\t\t\t<p>\u00ab\u00a0La premi\u00e8re construction de la citadelle date peut-\u00eatre du d\u00e9but du Ier mill\u00e9naire av. J.-C. par les Ph\u00e9niciens. Ces derniers auraient d\u00fb&#8230;<\/p>\n\t\t\t\t\t\t<\/div><!-- .entry-summary -->\n\t\t\t\t\t<\/div><!-- wp-show-posts-inner --><\/article><div class=\"wpsp-clear\"><\/div><\/section><!-- .wp-show-posts -->\n","protected":false},"excerpt":{"rendered":"","protected":false},"author":1,"featured_media":0,"parent":0,"menu_order":0,"comment_status":"closed","ping_status":"closed","template":"","meta":{"generate_page_header":"","footnotes":""},"class_list":["post-1584","page","type-page","status-publish","hentry","generate-columns","tablet-grid-50","mobile-grid-100","grid-parent","grid-33"],"_links":{"self":[{"href":"https:\/\/cuicui.be\/fr\/wp-json\/wp\/v2\/pages\/1584","targetHints":{"allow":["GET"]}}],"collection":[{"href":"https:\/\/cuicui.be\/fr\/wp-json\/wp\/v2\/pages"}],"about":[{"href":"https:\/\/cuicui.be\/fr\/wp-json\/wp\/v2\/types\/page"}],"author":[{"embeddable":true,"href":"https:\/\/cuicui.be\/fr\/wp-json\/wp\/v2\/users\/1"}],"replies":[{"embeddable":true,"href":"https:\/\/cuicui.be\/fr\/wp-json\/wp\/v2\/comments?post=1584"}],"version-history":[{"count":0,"href":"https:\/\/cuicui.be\/fr\/wp-json\/wp\/v2\/pages\/1584\/revisions"}],"wp:attachment":[{"href":"https:\/\/cuicui.be\/fr\/wp-json\/wp\/v2\/media?parent=1584"}],"curies":[{"name":"wp","href":"https:\/\/api.w.org\/{rel}","templated":true}]}}