{"id":1586,"date":"2016-09-09T20:51:07","date_gmt":"2016-09-09T19:51:07","guid":{"rendered":"http:\/\/cuicui.be\/?page_id=1586"},"modified":"2016-09-09T20:51:07","modified_gmt":"2016-09-09T19:51:07","slug":"sri-lanka","status":"publish","type":"page","link":"https:\/\/cuicui.be\/fr\/sri-lanka\/","title":{"rendered":"Sri Lanka"},"content":{"rendered":"<style>.slick-slider#wpsp-1556 {margin-left: 0px; }.slick-slider#wpsp-1556 .wp-show-posts-inner {margin-left: 1em; margin-right: 1em; }#wpsp-1556.wpsp-card .wp-show-posts-single {margin-bottom: 2em; }.slick-slider#wpsp-1556 .wp-show-posts-single {margin-bottom: 0px; }#wpsp-1556 .wp-show-posts-inner {border: 1px solid #adadad; }#wpsp-1556:not(.wpsp-card) .wp-show-posts-inner {padding: 5px; }#wpsp-1556.wpsp-card .wpsp-content-wrap {padding: 5px; }<\/style><style>.wp-show-posts-columns#wpsp-1556 {margin-left: -2em; }.wp-show-posts-columns#wpsp-1556 .wp-show-posts-inner {margin: 0 0 2em 2em; }<\/style><section id=\"wpsp-1556\" class=\" wp-show-posts-columns wp-show-posts-masonry wp-show-posts\" style=\"\"><div class=\"grid-sizer wpsp-col-4\"><\/div><article class=\"  wp-show-posts-masonry-col-4  wp-show-posts-masonry-block wp-show-posts-single post-1484 post type-post status-publish format-standard has-post-thumbnail hentry category-asia category-sri-lanka wpsp-col-4\" itemtype=\"http:\/\/schema.org\/CreativeWork\" itemscope><div class=\"wp-show-posts-inner\" style=\"\">\t\t<div class=\"wp-show-posts-image zoom wpsp-image-center \">\n\t\t\t<a href=\"https:\/\/cuicui.be\/fr\/sri-lanka-anuradhapura\/\"  title=\"Anur\u00e2dhapura\"><img loading=\"lazy\" decoding=\"async\" width=\"1024\" height=\"512\" src=\"https:\/\/cuicui.be\/wp-content\/uploads\/2016\/08\/lk-anuradhapura.jpg\" class=\"attachment-full size-full wp-post-image\" alt=\"\" itemprop=\"image\" srcset=\"https:\/\/cuicui.be\/wp-content\/uploads\/2016\/08\/lk-anuradhapura.jpg 1024w, https:\/\/cuicui.be\/wp-content\/uploads\/2016\/08\/lk-anuradhapura-300x150.jpg 300w, https:\/\/cuicui.be\/wp-content\/uploads\/2016\/08\/lk-anuradhapura-768x384.jpg 768w, https:\/\/cuicui.be\/wp-content\/uploads\/2016\/08\/lk-anuradhapura-150x75.jpg 150w, https:\/\/cuicui.be\/wp-content\/uploads\/2016\/08\/lk-anuradhapura-600x300.jpg 600w\" sizes=\"auto, (max-width: 1024px) 100vw, 1024px\" \/><\/a>\t\t<\/div>\n\t\t\t\t\t\t\t\t<header class=\"wp-show-posts-entry-header\">\n\t\t\t\t\t\t\t<h2 class=\"wp-show-posts-entry-title\" itemprop=\"headline\"><a href=\"https:\/\/cuicui.be\/fr\/sri-lanka-anuradhapura\/\" rel=\"bookmark\">Anur\u00e2dhapura<\/a><\/h2>\t\t\t\t\t\t<\/header><!-- .entry-header -->\n\t\t\t\t\t\t\t\t\t\t\t<div class=\"wp-show-posts-entry-summary\" itemprop=\"text\">\n\t\t\t\t\t\t\t<p>\u00ab\u00a0Anur\u00e2dhapura compte des ruines bien pr\u00e9serv\u00e9es de l&rsquo;ancienne civilisation sri lankaise. Elle une des plus vieilles villes continuellement habit\u00e9es au monde. On&#8230;<\/p>\n\t\t\t\t\t\t<\/div><!-- .entry-summary -->\n\t\t\t\t\t<\/div><!-- wp-show-posts-inner --><\/article><article class=\"  wp-show-posts-masonry-col-4  wp-show-posts-masonry-block wp-show-posts-single post-1467 post type-post status-publish format-standard has-post-thumbnail hentry category-asia category-sri-lanka wpsp-col-4\" itemtype=\"http:\/\/schema.org\/CreativeWork\" itemscope><div class=\"wp-show-posts-inner\" style=\"\">\t\t<div class=\"wp-show-posts-image zoom wpsp-image-center \">\n\t\t\t<a href=\"https:\/\/cuicui.be\/fr\/sri-lanka-sigiriya-rock-fortress\/\"  title=\"Le rocher-forteresse de Sigir\u00eeya\"><img loading=\"lazy\" decoding=\"async\" width=\"1024\" height=\"512\" src=\"https:\/\/cuicui.be\/wp-content\/uploads\/2016\/08\/lk-sigiriya.jpg\" class=\"attachment-full size-full wp-post-image\" alt=\"\" itemprop=\"image\" srcset=\"https:\/\/cuicui.be\/wp-content\/uploads\/2016\/08\/lk-sigiriya.jpg 1024w, https:\/\/cuicui.be\/wp-content\/uploads\/2016\/08\/lk-sigiriya-300x150.jpg 300w, https:\/\/cuicui.be\/wp-content\/uploads\/2016\/08\/lk-sigiriya-768x384.jpg 768w, https:\/\/cuicui.be\/wp-content\/uploads\/2016\/08\/lk-sigiriya-150x75.jpg 150w, https:\/\/cuicui.be\/wp-content\/uploads\/2016\/08\/lk-sigiriya-600x300.jpg 600w\" sizes=\"auto, (max-width: 1024px) 100vw, 1024px\" \/><\/a>\t\t<\/div>\n\t\t\t\t\t\t\t\t<header class=\"wp-show-posts-entry-header\">\n\t\t\t\t\t\t\t<h2 class=\"wp-show-posts-entry-title\" itemprop=\"headline\"><a href=\"https:\/\/cuicui.be\/fr\/sri-lanka-sigiriya-rock-fortress\/\" rel=\"bookmark\">Le rocher-forteresse de Sigir\u00eeya<\/a><\/h2>\t\t\t\t\t\t<\/header><!-- .entry-header -->\n\t\t\t\t\t\t\t\t\t\t\t<div class=\"wp-show-posts-entry-summary\" itemprop=\"text\">\n\t\t\t\t\t\t\t<p>\u00ab\u00a0Sigir\u00eeya \u2013 rocher du lion \u2013 est un rocher-forteresse, ancienne capitale royale du Sri Lanka am\u00e9nag\u00e9e \u00e0 la fin du Ve si\u00e8cle&#8230;.<\/p>\n\t\t\t\t\t\t<\/div><!-- .entry-summary -->\n\t\t\t\t\t<\/div><!-- wp-show-posts-inner --><\/article><article class=\"  wp-show-posts-masonry-col-4  wp-show-posts-masonry-block wp-show-posts-single post-1497 post type-post status-publish format-standard has-post-thumbnail hentry category-asia category-sri-lanka wpsp-col-4\" itemtype=\"http:\/\/schema.org\/CreativeWork\" itemscope><div class=\"wp-show-posts-inner\" style=\"\">\t\t<div class=\"wp-show-posts-image zoom wpsp-image-center \">\n\t\t\t<a href=\"https:\/\/cuicui.be\/fr\/sri-lanka-galle-fort\/\"  title=\"Le fort de Galle\"><img loading=\"lazy\" decoding=\"async\" width=\"1024\" height=\"512\" src=\"https:\/\/cuicui.be\/wp-content\/uploads\/2016\/08\/lk-galle.jpg\" class=\"attachment-full size-full wp-post-image\" alt=\"\" itemprop=\"image\" srcset=\"https:\/\/cuicui.be\/wp-content\/uploads\/2016\/08\/lk-galle.jpg 1024w, https:\/\/cuicui.be\/wp-content\/uploads\/2016\/08\/lk-galle-300x150.jpg 300w, https:\/\/cuicui.be\/wp-content\/uploads\/2016\/08\/lk-galle-768x384.jpg 768w, https:\/\/cuicui.be\/wp-content\/uploads\/2016\/08\/lk-galle-150x75.jpg 150w, https:\/\/cuicui.be\/wp-content\/uploads\/2016\/08\/lk-galle-600x300.jpg 600w\" sizes=\"auto, (max-width: 1024px) 100vw, 1024px\" \/><\/a>\t\t<\/div>\n\t\t\t\t\t\t\t\t<header class=\"wp-show-posts-entry-header\">\n\t\t\t\t\t\t\t<h2 class=\"wp-show-posts-entry-title\" itemprop=\"headline\"><a href=\"https:\/\/cuicui.be\/fr\/sri-lanka-galle-fort\/\" rel=\"bookmark\">Le fort de Galle<\/a><\/h2>\t\t\t\t\t\t<\/header><!-- .entry-header -->\n\t\t\t\t\t\t\t\t\t\t\t<div class=\"wp-show-posts-entry-summary\" itemprop=\"text\">\n\t\t\t\t\t\t\t<p>\u00ab\u00a0Le fort de Galle a d&rsquo;abord \u00e9t\u00e9 construit en 1588 par les Portugais et ensuite \u00e9tendu \u00e0 partir de 1649 par les&#8230;<\/p>\n\t\t\t\t\t\t<\/div><!-- .entry-summary -->\n\t\t\t\t\t<\/div><!-- wp-show-posts-inner --><\/article><article class=\"  wp-show-posts-masonry-col-4  wp-show-posts-masonry-block wp-show-posts-single post-1478 post type-post status-publish format-standard has-post-thumbnail hentry category-asia category-sri-lanka wpsp-col-4\" itemtype=\"http:\/\/schema.org\/CreativeWork\" itemscope><div class=\"wp-show-posts-inner\" style=\"\">\t\t<div class=\"wp-show-posts-image zoom wpsp-image-center \">\n\t\t\t<a href=\"https:\/\/cuicui.be\/fr\/sri-lanka-polonnaruwa\/\"  title=\"Polonn\u00e2ruv\u00e2\"><img loading=\"lazy\" decoding=\"async\" width=\"1024\" height=\"512\" src=\"https:\/\/cuicui.be\/wp-content\/uploads\/2016\/08\/lk-polonnaruva.jpg\" class=\"attachment-full size-full wp-post-image\" alt=\"\" itemprop=\"image\" srcset=\"https:\/\/cuicui.be\/wp-content\/uploads\/2016\/08\/lk-polonnaruva.jpg 1024w, https:\/\/cuicui.be\/wp-content\/uploads\/2016\/08\/lk-polonnaruva-300x150.jpg 300w, https:\/\/cuicui.be\/wp-content\/uploads\/2016\/08\/lk-polonnaruva-768x384.jpg 768w, https:\/\/cuicui.be\/wp-content\/uploads\/2016\/08\/lk-polonnaruva-150x75.jpg 150w, https:\/\/cuicui.be\/wp-content\/uploads\/2016\/08\/lk-polonnaruva-600x300.jpg 600w\" sizes=\"auto, (max-width: 1024px) 100vw, 1024px\" \/><\/a>\t\t<\/div>\n\t\t\t\t\t\t\t\t<header class=\"wp-show-posts-entry-header\">\n\t\t\t\t\t\t\t<h2 class=\"wp-show-posts-entry-title\" itemprop=\"headline\"><a href=\"https:\/\/cuicui.be\/fr\/sri-lanka-polonnaruwa\/\" rel=\"bookmark\">Polonn\u00e2ruv\u00e2<\/a><\/h2>\t\t\t\t\t\t<\/header><!-- .entry-header -->\n\t\t\t\t\t\t\t\t\t\t\t<div class=\"wp-show-posts-entry-summary\" itemprop=\"text\">\n\t\t\t\t\t\t\t<p>\u00ab\u00a0Polonn\u00e2ruv\u00e2 fut le si\u00e8ge du pouvoir des rois cinghalais du XIe au XIIIe si\u00e8cle. Il pr\u00e9sente de nombreux monuments marqu\u00e9 par l&rsquo;influence&#8230;<\/p>\n\t\t\t\t\t\t<\/div><!-- .entry-summary -->\n\t\t\t\t\t<\/div><!-- wp-show-posts-inner --><\/article><article class=\"  wp-show-posts-masonry-col-4  wp-show-posts-masonry-block wp-show-posts-single post-1471 post type-post status-publish format-standard has-post-thumbnail hentry category-asia category-sri-lanka wpsp-col-4\" itemtype=\"http:\/\/schema.org\/CreativeWork\" itemscope><div class=\"wp-show-posts-inner\" style=\"\">\t\t<div class=\"wp-show-posts-image zoom wpsp-image-center \">\n\t\t\t<a href=\"https:\/\/cuicui.be\/fr\/sri-lanka-dambulla-cave-temple\/\"  title=\"Les temples sous roche de Dambulla\"><img loading=\"lazy\" decoding=\"async\" width=\"1024\" height=\"512\" src=\"https:\/\/cuicui.be\/wp-content\/uploads\/2016\/08\/lk-dambulla.jpg\" class=\"attachment-full size-full wp-post-image\" alt=\"\" itemprop=\"image\" srcset=\"https:\/\/cuicui.be\/wp-content\/uploads\/2016\/08\/lk-dambulla.jpg 1024w, https:\/\/cuicui.be\/wp-content\/uploads\/2016\/08\/lk-dambulla-300x150.jpg 300w, https:\/\/cuicui.be\/wp-content\/uploads\/2016\/08\/lk-dambulla-768x384.jpg 768w, https:\/\/cuicui.be\/wp-content\/uploads\/2016\/08\/lk-dambulla-150x75.jpg 150w, https:\/\/cuicui.be\/wp-content\/uploads\/2016\/08\/lk-dambulla-600x300.jpg 600w\" sizes=\"auto, (max-width: 1024px) 100vw, 1024px\" \/><\/a>\t\t<\/div>\n\t\t\t\t\t\t\t\t<header class=\"wp-show-posts-entry-header\">\n\t\t\t\t\t\t\t<h2 class=\"wp-show-posts-entry-title\" itemprop=\"headline\"><a href=\"https:\/\/cuicui.be\/fr\/sri-lanka-dambulla-cave-temple\/\" rel=\"bookmark\">Les temples sous roche de Dambulla<\/a><\/h2>\t\t\t\t\t\t<\/header><!-- .entry-header -->\n\t\t\t\t\t\t\t\t\t\t\t<div class=\"wp-show-posts-entry-summary\" itemprop=\"text\">\n\t\t\t\t\t\t\t<p>\u00ab\u00a0Dambulla est complexe de temples sous roche le plus grand et le mieux pr\u00e9serv\u00e9 du Sri Lanka. Le site le plus important&#8230;<\/p>\n\t\t\t\t\t\t<\/div><!-- .entry-summary -->\n\t\t\t\t\t<\/div><!-- wp-show-posts-inner --><\/article><article class=\"  wp-show-posts-masonry-col-4  wp-show-posts-masonry-block wp-show-posts-single post-1492 post type-post status-publish format-standard has-post-thumbnail hentry category-asia category-sri-lanka wpsp-col-4\" itemtype=\"http:\/\/schema.org\/CreativeWork\" itemscope><div class=\"wp-show-posts-inner\" style=\"\">\t\t<div class=\"wp-show-posts-image zoom wpsp-image-center \">\n\t\t\t<a href=\"https:\/\/cuicui.be\/fr\/sri-lanka-sinharaja-forest-reserve\/\"  title=\"La r\u00e9serve foresti\u00e8re de Sinhar\u00e2ja\"><img loading=\"lazy\" decoding=\"async\" width=\"1024\" height=\"512\" src=\"https:\/\/cuicui.be\/wp-content\/uploads\/2016\/08\/lk-sinharaja.jpg\" class=\"attachment-full size-full wp-post-image\" alt=\"\" itemprop=\"image\" srcset=\"https:\/\/cuicui.be\/wp-content\/uploads\/2016\/08\/lk-sinharaja.jpg 1024w, https:\/\/cuicui.be\/wp-content\/uploads\/2016\/08\/lk-sinharaja-300x150.jpg 300w, https:\/\/cuicui.be\/wp-content\/uploads\/2016\/08\/lk-sinharaja-768x384.jpg 768w, https:\/\/cuicui.be\/wp-content\/uploads\/2016\/08\/lk-sinharaja-150x75.jpg 150w, https:\/\/cuicui.be\/wp-content\/uploads\/2016\/08\/lk-sinharaja-600x300.jpg 600w\" sizes=\"auto, (max-width: 1024px) 100vw, 1024px\" \/><\/a>\t\t<\/div>\n\t\t\t\t\t\t\t\t<header class=\"wp-show-posts-entry-header\">\n\t\t\t\t\t\t\t<h2 class=\"wp-show-posts-entry-title\" itemprop=\"headline\"><a href=\"https:\/\/cuicui.be\/fr\/sri-lanka-sinharaja-forest-reserve\/\" rel=\"bookmark\">La r\u00e9serve foresti\u00e8re de Sinhar\u00e2ja<\/a><\/h2>\t\t\t\t\t\t<\/header><!-- .entry-header -->\n\t\t\t\t\t\t\t\t\t\t\t<div class=\"wp-show-posts-entry-summary\" itemprop=\"text\">\n\t\t\t\t\t\t\t<p>\u00ab\u00a0La r\u00e9serve est consid\u00e9r\u00e9e comme la derni\u00e8re zone viable de for\u00eat humide primaire du pays et a \u00e9t\u00e9 reconnue d&rsquo;importance mondiale. La&#8230;<\/p>\n\t\t\t\t\t\t<\/div><!-- .entry-summary -->\n\t\t\t\t\t<\/div><!-- wp-show-posts-inner --><\/article><div class=\"wpsp-clear\"><\/div><\/section><!-- .wp-show-posts -->\n","protected":false},"excerpt":{"rendered":"","protected":false},"author":1,"featured_media":0,"parent":0,"menu_order":0,"comment_status":"closed","ping_status":"closed","template":"","meta":{"generate_page_header":"","footnotes":""},"class_list":["post-1586","page","type-page","status-publish","hentry","generate-columns","tablet-grid-50","mobile-grid-100","grid-parent","grid-33"],"_links":{"self":[{"href":"https:\/\/cuicui.be\/fr\/wp-json\/wp\/v2\/pages\/1586","targetHints":{"allow":["GET"]}}],"collection":[{"href":"https:\/\/cuicui.be\/fr\/wp-json\/wp\/v2\/pages"}],"about":[{"href":"https:\/\/cuicui.be\/fr\/wp-json\/wp\/v2\/types\/page"}],"author":[{"embeddable":true,"href":"https:\/\/cuicui.be\/fr\/wp-json\/wp\/v2\/users\/1"}],"replies":[{"embeddable":true,"href":"https:\/\/cuicui.be\/fr\/wp-json\/wp\/v2\/comments?post=1586"}],"version-history":[{"count":0,"href":"https:\/\/cuicui.be\/fr\/wp-json\/wp\/v2\/pages\/1586\/revisions"}],"wp:attachment":[{"href":"https:\/\/cuicui.be\/fr\/wp-json\/wp\/v2\/media?parent=1586"}],"curies":[{"name":"wp","href":"https:\/\/api.w.org\/{rel}","templated":true}]}}