{"id":1588,"date":"2016-09-09T20:51:44","date_gmt":"2016-09-09T19:51:44","guid":{"rendered":"http:\/\/cuicui.be\/?page_id=1588"},"modified":"2016-09-09T20:51:44","modified_gmt":"2016-09-09T19:51:44","slug":"egypt","status":"publish","type":"page","link":"https:\/\/cuicui.be\/fr\/egypt\/","title":{"rendered":"\u00c9gypte"},"content":{"rendered":"<style>.slick-slider#wpsp-1555 {margin-left: 0px; }.slick-slider#wpsp-1555 .wp-show-posts-inner {margin-left: 1em; margin-right: 1em; }#wpsp-1555.wpsp-card .wp-show-posts-single {margin-bottom: 2em; }.slick-slider#wpsp-1555 .wp-show-posts-single {margin-bottom: 0px; }#wpsp-1555 .wp-show-posts-inner {border: 1px solid #adadad; }#wpsp-1555:not(.wpsp-card) .wp-show-posts-inner {padding: 5px; }#wpsp-1555.wpsp-card .wpsp-content-wrap {padding: 5px; }<\/style><style>.wp-show-posts-columns#wpsp-1555 {margin-left: -2em; }.wp-show-posts-columns#wpsp-1555 .wp-show-posts-inner {margin: 0 0 2em 2em; }<\/style><section id=\"wpsp-1555\" class=\" wp-show-posts-columns wp-show-posts-masonry wp-show-posts\" style=\"\"><div class=\"grid-sizer wpsp-col-4\"><\/div><article class=\"  wp-show-posts-masonry-col-4  wp-show-posts-masonry-block wp-show-posts-single post-1743 post type-post status-publish format-standard has-post-thumbnail hentry category-africa category-egypt wpsp-col-4\" itemtype=\"http:\/\/schema.org\/CreativeWork\" itemscope><div class=\"wp-show-posts-inner\" style=\"\">\t\t<div class=\"wp-show-posts-image zoom wpsp-image-center \">\n\t\t\t<a href=\"https:\/\/cuicui.be\/fr\/tomb-of-rameses-iii-kv-11\/\"  title=\"La tombe de Rams\u00e8s III \u2013 KV 11\"><img loading=\"lazy\" decoding=\"async\" width=\"1024\" height=\"512\" src=\"https:\/\/cuicui.be\/wp-content\/uploads\/2016\/09\/eg-kv-11.jpg\" class=\"attachment-full size-full wp-post-image\" alt=\"\" itemprop=\"image\" srcset=\"https:\/\/cuicui.be\/wp-content\/uploads\/2016\/09\/eg-kv-11.jpg 1024w, https:\/\/cuicui.be\/wp-content\/uploads\/2016\/09\/eg-kv-11-300x150.jpg 300w, https:\/\/cuicui.be\/wp-content\/uploads\/2016\/09\/eg-kv-11-768x384.jpg 768w, https:\/\/cuicui.be\/wp-content\/uploads\/2016\/09\/eg-kv-11-150x75.jpg 150w, https:\/\/cuicui.be\/wp-content\/uploads\/2016\/09\/eg-kv-11-600x300.jpg 600w\" sizes=\"auto, (max-width: 1024px) 100vw, 1024px\" \/><\/a>\t\t<\/div>\n\t\t\t\t\t\t\t\t<header class=\"wp-show-posts-entry-header\">\n\t\t\t\t\t\t\t<h2 class=\"wp-show-posts-entry-title\" itemprop=\"headline\"><a href=\"https:\/\/cuicui.be\/fr\/tomb-of-rameses-iii-kv-11\/\" rel=\"bookmark\">La tombe de Rams\u00e8s III \u2013 KV 11<\/a><\/h2>\t\t\t\t\t\t<\/header><!-- .entry-header -->\n\t\t\t\t\t\t\t\t\t\t\t<div class=\"wp-show-posts-entry-summary\" itemprop=\"text\">\n\t\t\t\t\t\t\t<p>KV 11 d\u00e9signe le tombeau du pharaon Rams\u00e8s III mort en -1154. Plus sur Wikip\u00e9dia.<\/p>\n\t\t\t\t\t\t<\/div><!-- .entry-summary -->\n\t\t\t\t\t<\/div><!-- wp-show-posts-inner --><\/article><article class=\"  wp-show-posts-masonry-col-4  wp-show-posts-masonry-block wp-show-posts-single post-1702 post type-post status-publish format-standard has-post-thumbnail hentry category-africa category-egypt wpsp-col-4\" itemtype=\"http:\/\/schema.org\/CreativeWork\" itemscope><div class=\"wp-show-posts-inner\" style=\"\">\t\t<div class=\"wp-show-posts-image zoom wpsp-image-center \">\n\t\t\t<a href=\"https:\/\/cuicui.be\/fr\/egypt-temple-of-medinet-habu\/\"  title=\"Le temple de Rams\u00e8s III \u00e0 M\u00e9dinet Habou\"><img loading=\"lazy\" decoding=\"async\" width=\"1024\" height=\"512\" src=\"https:\/\/cuicui.be\/wp-content\/uploads\/2016\/09\/eg-medinet-habu.jpg\" class=\"attachment-full size-full wp-post-image\" alt=\"\" itemprop=\"image\" srcset=\"https:\/\/cuicui.be\/wp-content\/uploads\/2016\/09\/eg-medinet-habu.jpg 1024w, https:\/\/cuicui.be\/wp-content\/uploads\/2016\/09\/eg-medinet-habu-300x150.jpg 300w, https:\/\/cuicui.be\/wp-content\/uploads\/2016\/09\/eg-medinet-habu-768x384.jpg 768w, https:\/\/cuicui.be\/wp-content\/uploads\/2016\/09\/eg-medinet-habu-150x75.jpg 150w, https:\/\/cuicui.be\/wp-content\/uploads\/2016\/09\/eg-medinet-habu-600x300.jpg 600w\" sizes=\"auto, (max-width: 1024px) 100vw, 1024px\" \/><\/a>\t\t<\/div>\n\t\t\t\t\t\t\t\t<header class=\"wp-show-posts-entry-header\">\n\t\t\t\t\t\t\t<h2 class=\"wp-show-posts-entry-title\" itemprop=\"headline\"><a href=\"https:\/\/cuicui.be\/fr\/egypt-temple-of-medinet-habu\/\" rel=\"bookmark\">Le temple de Rams\u00e8s III \u00e0 M\u00e9dinet Habou<\/a><\/h2>\t\t\t\t\t\t<\/header><!-- .entry-header -->\n\t\t\t\t\t\t\t\t\t\t\t<div class=\"wp-show-posts-entry-summary\" itemprop=\"text\">\n\t\t\t\t\t\t\t<p>\u00ab\u00a0Le temple des millions d&rsquo;ann\u00e9es de Rams\u00e8s III, long de 150 m\u00e8tres, fut termin\u00e9 vers -1154. Il adopte un plan qui sera&#8230;<\/p>\n\t\t\t\t\t\t<\/div><!-- .entry-summary -->\n\t\t\t\t\t<\/div><!-- wp-show-posts-inner --><\/article><article class=\"  wp-show-posts-masonry-col-4  wp-show-posts-masonry-block wp-show-posts-single post-1689 post type-post status-publish format-standard has-post-thumbnail hentry category-africa category-egypt wpsp-col-4\" itemtype=\"http:\/\/schema.org\/CreativeWork\" itemscope><div class=\"wp-show-posts-inner\" style=\"\">\t\t<div class=\"wp-show-posts-image zoom wpsp-image-center \">\n\t\t\t<a href=\"https:\/\/cuicui.be\/fr\/egypt-temple-of-hatshepsut\/\"  title=\"Le temple fun\u00e9raire de Hatchepsout\"><img loading=\"lazy\" decoding=\"async\" width=\"1024\" height=\"512\" src=\"https:\/\/cuicui.be\/wp-content\/uploads\/2016\/09\/eg-hatshepsut.jpg\" class=\"attachment-full size-full wp-post-image\" alt=\"\" itemprop=\"image\" srcset=\"https:\/\/cuicui.be\/wp-content\/uploads\/2016\/09\/eg-hatshepsut.jpg 1024w, https:\/\/cuicui.be\/wp-content\/uploads\/2016\/09\/eg-hatshepsut-300x150.jpg 300w, https:\/\/cuicui.be\/wp-content\/uploads\/2016\/09\/eg-hatshepsut-768x384.jpg 768w, https:\/\/cuicui.be\/wp-content\/uploads\/2016\/09\/eg-hatshepsut-150x75.jpg 150w, https:\/\/cuicui.be\/wp-content\/uploads\/2016\/09\/eg-hatshepsut-600x300.jpg 600w\" sizes=\"auto, (max-width: 1024px) 100vw, 1024px\" \/><\/a>\t\t<\/div>\n\t\t\t\t\t\t\t\t<header class=\"wp-show-posts-entry-header\">\n\t\t\t\t\t\t\t<h2 class=\"wp-show-posts-entry-title\" itemprop=\"headline\"><a href=\"https:\/\/cuicui.be\/fr\/egypt-temple-of-hatshepsut\/\" rel=\"bookmark\">Le temple fun\u00e9raire de Hatchepsout<\/a><\/h2>\t\t\t\t\t\t<\/header><!-- .entry-header -->\n\t\t\t\t\t\t\t\t\t\t\t<div class=\"wp-show-posts-entry-summary\" itemprop=\"text\">\n\t\t\t\t\t\t\t<p>Le principal monument construit par Hatchepsout est un grandiose temple fun\u00e9raire \u00e0 m\u00eame une falaise de la montagne th\u00e9baine, \u00e0 proximit\u00e9 de&#8230;<\/p>\n\t\t\t\t\t\t<\/div><!-- .entry-summary -->\n\t\t\t\t\t<\/div><!-- wp-show-posts-inner --><\/article><article class=\"  wp-show-posts-masonry-col-4  wp-show-posts-masonry-block wp-show-posts-single post-138 post type-post status-publish format-standard has-post-thumbnail hentry category-africa category-egypt wpsp-col-4\" itemtype=\"http:\/\/schema.org\/CreativeWork\" itemscope><div class=\"wp-show-posts-inner\" style=\"\">\t\t<div class=\"wp-show-posts-image zoom wpsp-image-center \">\n\t\t\t<a href=\"https:\/\/cuicui.be\/fr\/egypt-seti-i-tomb\/\"  title=\"La tombe de Seti Ier \u2013 KV 17\"><img loading=\"lazy\" decoding=\"async\" width=\"1024\" height=\"512\" src=\"https:\/\/cuicui.be\/wp-content\/uploads\/2009\/08\/tour-seti-i.jpg\" class=\"attachment-full size-full wp-post-image\" alt=\"\" itemprop=\"image\" srcset=\"https:\/\/cuicui.be\/wp-content\/uploads\/2009\/08\/tour-seti-i.jpg 1024w, https:\/\/cuicui.be\/wp-content\/uploads\/2009\/08\/tour-seti-i-300x150.jpg 300w, https:\/\/cuicui.be\/wp-content\/uploads\/2009\/08\/tour-seti-i-768x384.jpg 768w\" sizes=\"auto, (max-width: 1024px) 100vw, 1024px\" \/><\/a>\t\t<\/div>\n\t\t\t\t\t\t\t\t<header class=\"wp-show-posts-entry-header\">\n\t\t\t\t\t\t\t<h2 class=\"wp-show-posts-entry-title\" itemprop=\"headline\"><a href=\"https:\/\/cuicui.be\/fr\/egypt-seti-i-tomb\/\" rel=\"bookmark\">La tombe de Seti Ier \u2013 KV 17<\/a><\/h2>\t\t\t\t\t\t<\/header><!-- .entry-header -->\n\t\t\t\t\t\t\t\t\t\t\t<div class=\"wp-show-posts-entry-summary\" itemprop=\"text\">\n\t\t\t\t\t\t\t<p>\u00ab\u00a0Le plus grand tombeau de la vall\u00e9e des Rois, de pr\u00e8s de cent quarante m\u00e8tres, contient des reliefs tr\u00e8s bien conserv\u00e9s dans&#8230;<\/p>\n\t\t\t\t\t\t<\/div><!-- .entry-summary -->\n\t\t\t\t\t<\/div><!-- wp-show-posts-inner --><\/article><article class=\"  wp-show-posts-masonry-col-4  wp-show-posts-masonry-block wp-show-posts-single post-1726 post type-post status-publish format-standard has-post-thumbnail hentry category-africa category-egypt wpsp-col-4\" itemtype=\"http:\/\/schema.org\/CreativeWork\" itemscope><div class=\"wp-show-posts-inner\" style=\"\">\t\t<div class=\"wp-show-posts-image zoom wpsp-image-center \">\n\t\t\t<a href=\"https:\/\/cuicui.be\/fr\/egypt-tomb-of-taousert\/\"  title=\"La tombe de Taousert \u2013 KV 14\"><img loading=\"lazy\" decoding=\"async\" width=\"1024\" height=\"512\" src=\"https:\/\/cuicui.be\/wp-content\/uploads\/2016\/09\/eg-kv-14.jpg\" class=\"attachment-full size-full wp-post-image\" alt=\"\" itemprop=\"image\" srcset=\"https:\/\/cuicui.be\/wp-content\/uploads\/2016\/09\/eg-kv-14.jpg 1024w, https:\/\/cuicui.be\/wp-content\/uploads\/2016\/09\/eg-kv-14-300x150.jpg 300w, https:\/\/cuicui.be\/wp-content\/uploads\/2016\/09\/eg-kv-14-768x384.jpg 768w, https:\/\/cuicui.be\/wp-content\/uploads\/2016\/09\/eg-kv-14-150x75.jpg 150w, https:\/\/cuicui.be\/wp-content\/uploads\/2016\/09\/eg-kv-14-600x300.jpg 600w\" sizes=\"auto, (max-width: 1024px) 100vw, 1024px\" \/><\/a>\t\t<\/div>\n\t\t\t\t\t\t\t\t<header class=\"wp-show-posts-entry-header\">\n\t\t\t\t\t\t\t<h2 class=\"wp-show-posts-entry-title\" itemprop=\"headline\"><a href=\"https:\/\/cuicui.be\/fr\/egypt-tomb-of-taousert\/\" rel=\"bookmark\">La tombe de Taousert \u2013 KV 14<\/a><\/h2>\t\t\t\t\t\t<\/header><!-- .entry-header -->\n\t\t\t\t\t\t\t\t\t\t\t<div class=\"wp-show-posts-entry-summary\" itemprop=\"text\">\n\t\t\t\t\t\t\t<p>KV 14 est un tombeau commun, utilis\u00e9 \u00e0 l&rsquo;origine comme s\u00e9pulture pour Taousert et r\u00e9utilis\u00e9 et agrandi pour Sethnakht. Il est ouvert&#8230;<\/p>\n\t\t\t\t\t\t<\/div><!-- .entry-summary -->\n\t\t\t\t\t<\/div><!-- wp-show-posts-inner --><\/article><article class=\"  wp-show-posts-masonry-col-4  wp-show-posts-masonry-block wp-show-posts-single post-1675 post type-post status-publish format-standard has-post-thumbnail hentry category-africa category-egypt wpsp-col-4\" itemtype=\"http:\/\/schema.org\/CreativeWork\" itemscope><div class=\"wp-show-posts-inner\" style=\"\">\t\t<div class=\"wp-show-posts-image zoom wpsp-image-center \">\n\t\t\t<a href=\"https:\/\/cuicui.be\/fr\/egypt-philae-temple-of-isis\/\"  title=\"Le temple d&rsquo;Isis \u00e0 Phil\u00e6\"><img loading=\"lazy\" decoding=\"async\" width=\"1024\" height=\"512\" src=\"https:\/\/cuicui.be\/wp-content\/uploads\/2016\/09\/eg-philae.jpg\" class=\"attachment-full size-full wp-post-image\" alt=\"\" itemprop=\"image\" srcset=\"https:\/\/cuicui.be\/wp-content\/uploads\/2016\/09\/eg-philae.jpg 1024w, https:\/\/cuicui.be\/wp-content\/uploads\/2016\/09\/eg-philae-300x150.jpg 300w, https:\/\/cuicui.be\/wp-content\/uploads\/2016\/09\/eg-philae-768x384.jpg 768w, https:\/\/cuicui.be\/wp-content\/uploads\/2016\/09\/eg-philae-150x75.jpg 150w, https:\/\/cuicui.be\/wp-content\/uploads\/2016\/09\/eg-philae-600x300.jpg 600w\" sizes=\"auto, (max-width: 1024px) 100vw, 1024px\" \/><\/a>\t\t<\/div>\n\t\t\t\t\t\t\t\t<header class=\"wp-show-posts-entry-header\">\n\t\t\t\t\t\t\t<h2 class=\"wp-show-posts-entry-title\" itemprop=\"headline\"><a href=\"https:\/\/cuicui.be\/fr\/egypt-philae-temple-of-isis\/\" rel=\"bookmark\">Le temple d&rsquo;Isis \u00e0 Phil\u00e6<\/a><\/h2>\t\t\t\t\t\t<\/header><!-- .entry-header -->\n\t\t\t\t\t\t\t\t\t\t\t<div class=\"wp-show-posts-entry-summary\" itemprop=\"text\">\n\t\t\t\t\t\t\t<p>\u00ab\u00a0Le temple d&rsquo;Isis \u00e0 Phil\u00e6 est \u00e9difi\u00e9 entre 380 et 362 av. J.-C. par Nectan\u00e9bo Ier, l&rsquo;un des derniers pharaons \u00e9gyptiens.\u00a0\u00bb Plus&#8230;<\/p>\n\t\t\t\t\t\t<\/div><!-- .entry-summary -->\n\t\t\t\t\t<\/div><!-- wp-show-posts-inner --><\/article><div class=\"wpsp-clear\"><\/div><\/section><!-- .wp-show-posts --><div class=\"wpsp-load-more\"><span aria-current=\"page\" class=\"page-numbers current\">1<\/span>\n<a class=\"page-numbers\" href=\"https:\/\/cuicui.be\/fr\/wp-json\/wp\/v2\/pages\/1588\/page\/2\/\">2<\/a>\n<a class=\"page-numbers\" href=\"https:\/\/cuicui.be\/fr\/wp-json\/wp\/v2\/pages\/1588\/page\/3\/\">3<\/a>\n<a class=\"next page-numbers\" href=\"https:\/\/cuicui.be\/fr\/wp-json\/wp\/v2\/pages\/1588\/page\/2\/\">Next &rarr;<\/a><\/div>\n","protected":false},"excerpt":{"rendered":"","protected":false},"author":1,"featured_media":0,"parent":0,"menu_order":0,"comment_status":"closed","ping_status":"closed","template":"","meta":{"generate_page_header":"","footnotes":""},"class_list":["post-1588","page","type-page","status-publish","hentry","generate-columns","tablet-grid-50","mobile-grid-100","grid-parent","grid-33"],"_links":{"self":[{"href":"https:\/\/cuicui.be\/fr\/wp-json\/wp\/v2\/pages\/1588","targetHints":{"allow":["GET"]}}],"collection":[{"href":"https:\/\/cuicui.be\/fr\/wp-json\/wp\/v2\/pages"}],"about":[{"href":"https:\/\/cuicui.be\/fr\/wp-json\/wp\/v2\/types\/page"}],"author":[{"embeddable":true,"href":"https:\/\/cuicui.be\/fr\/wp-json\/wp\/v2\/users\/1"}],"replies":[{"embeddable":true,"href":"https:\/\/cuicui.be\/fr\/wp-json\/wp\/v2\/comments?post=1588"}],"version-history":[{"count":0,"href":"https:\/\/cuicui.be\/fr\/wp-json\/wp\/v2\/pages\/1588\/revisions"}],"wp:attachment":[{"href":"https:\/\/cuicui.be\/fr\/wp-json\/wp\/v2\/media?parent=1588"}],"curies":[{"name":"wp","href":"https:\/\/api.w.org\/{rel}","templated":true}]}}