{"id":1590,"date":"2016-09-09T20:52:52","date_gmt":"2016-09-09T19:52:52","guid":{"rendered":"http:\/\/cuicui.be\/?page_id=1590"},"modified":"2016-09-09T20:52:52","modified_gmt":"2016-09-09T19:52:52","slug":"united-kingdom","status":"publish","type":"page","link":"https:\/\/cuicui.be\/fr\/united-kingdom\/","title":{"rendered":"Royaume-Uni"},"content":{"rendered":"<style>.slick-slider#wpsp-1554 {margin-left: 0px; }.slick-slider#wpsp-1554 .wp-show-posts-inner {margin-left: 1em; margin-right: 1em; }#wpsp-1554.wpsp-card .wp-show-posts-single {margin-bottom: 2em; }.slick-slider#wpsp-1554 .wp-show-posts-single {margin-bottom: 0px; }#wpsp-1554 .wp-show-posts-inner {border: 1px solid #adadad; }#wpsp-1554:not(.wpsp-card) .wp-show-posts-inner {padding: 5px; }#wpsp-1554.wpsp-card .wpsp-content-wrap {padding: 5px; }<\/style><style>.wp-show-posts-columns#wpsp-1554 {margin-left: -2em; }.wp-show-posts-columns#wpsp-1554 .wp-show-posts-inner {margin: 0 0 2em 2em; }<\/style><section id=\"wpsp-1554\" class=\" wp-show-posts-columns wp-show-posts-masonry wp-show-posts\" style=\"\"><div class=\"grid-sizer wpsp-col-4\"><\/div><article class=\"  wp-show-posts-masonry-col-4  wp-show-posts-masonry-block wp-show-posts-single post-931 post type-post status-publish format-standard has-post-thumbnail hentry category-europe category-united-kingdom wpsp-col-4\" itemtype=\"http:\/\/schema.org\/CreativeWork\" itemscope><div class=\"wp-show-posts-inner\" style=\"\">\t\t<div class=\"wp-show-posts-image zoom wpsp-image-center \">\n\t\t\t<a href=\"https:\/\/cuicui.be\/fr\/united-kingdom-maritime-greenwich\/\"  title=\"Maritime Greenwich\"><img loading=\"lazy\" decoding=\"async\" width=\"1024\" height=\"512\" src=\"https:\/\/cuicui.be\/wp-content\/uploads\/2016\/07\/uk-greenwich.jpg\" class=\"attachment-full size-full wp-post-image\" alt=\"\" itemprop=\"image\" srcset=\"https:\/\/cuicui.be\/wp-content\/uploads\/2016\/07\/uk-greenwich.jpg 1024w, https:\/\/cuicui.be\/wp-content\/uploads\/2016\/07\/uk-greenwich-300x150.jpg 300w, https:\/\/cuicui.be\/wp-content\/uploads\/2016\/07\/uk-greenwich-768x384.jpg 768w, https:\/\/cuicui.be\/wp-content\/uploads\/2016\/07\/uk-greenwich-150x75.jpg 150w, https:\/\/cuicui.be\/wp-content\/uploads\/2016\/07\/uk-greenwich-600x300.jpg 600w\" sizes=\"auto, (max-width: 1024px) 100vw, 1024px\" \/><\/a>\t\t<\/div>\n\t\t\t\t\t\t\t\t<header class=\"wp-show-posts-entry-header\">\n\t\t\t\t\t\t\t<h2 class=\"wp-show-posts-entry-title\" itemprop=\"headline\"><a href=\"https:\/\/cuicui.be\/fr\/united-kingdom-maritime-greenwich\/\" rel=\"bookmark\">Maritime Greenwich<\/a><\/h2>\t\t\t\t\t\t<\/header><!-- .entry-header -->\n\t\t\t\t\t\t\t\t\t\t\t<div class=\"wp-show-posts-entry-summary\" itemprop=\"text\">\n\t\t\t\t\t\t\t<p>\u00ab\u00a0Le m\u00e9ridien (0\u00b0 longitude) et l&rsquo;heure moyenne de Greenwich furent \u00e0 partir du XIXe si\u00e8cle la r\u00e9f\u00e9rence des fuseaux horaires, avant d&rsquo;\u00eatre&#8230;<\/p>\n\t\t\t\t\t\t<\/div><!-- .entry-summary -->\n\t\t\t\t\t<\/div><!-- wp-show-posts-inner --><\/article><article class=\"  wp-show-posts-masonry-col-4  wp-show-posts-masonry-block wp-show-posts-single post-926 post type-post status-publish format-standard has-post-thumbnail hentry category-europe category-united-kingdom wpsp-col-4\" itemtype=\"http:\/\/schema.org\/CreativeWork\" itemscope><div class=\"wp-show-posts-inner\" style=\"\">\t\t<div class=\"wp-show-posts-image zoom wpsp-image-center \">\n\t\t\t<a href=\"https:\/\/cuicui.be\/fr\/united-kingdom-kew-gardens\/\"  title=\"Les jardins botaniques de Kew\"><img loading=\"lazy\" decoding=\"async\" width=\"1024\" height=\"512\" src=\"https:\/\/cuicui.be\/wp-content\/uploads\/2016\/07\/uk-kew.jpg\" class=\"attachment-full size-full wp-post-image\" alt=\"\" itemprop=\"image\" srcset=\"https:\/\/cuicui.be\/wp-content\/uploads\/2016\/07\/uk-kew.jpg 1024w, https:\/\/cuicui.be\/wp-content\/uploads\/2016\/07\/uk-kew-300x150.jpg 300w, https:\/\/cuicui.be\/wp-content\/uploads\/2016\/07\/uk-kew-768x384.jpg 768w, https:\/\/cuicui.be\/wp-content\/uploads\/2016\/07\/uk-kew-150x75.jpg 150w, https:\/\/cuicui.be\/wp-content\/uploads\/2016\/07\/uk-kew-600x300.jpg 600w\" sizes=\"auto, (max-width: 1024px) 100vw, 1024px\" \/><\/a>\t\t<\/div>\n\t\t\t\t\t\t\t\t<header class=\"wp-show-posts-entry-header\">\n\t\t\t\t\t\t\t<h2 class=\"wp-show-posts-entry-title\" itemprop=\"headline\"><a href=\"https:\/\/cuicui.be\/fr\/united-kingdom-kew-gardens\/\" rel=\"bookmark\">Les jardins botaniques de Kew<\/a><\/h2>\t\t\t\t\t\t<\/header><!-- .entry-header -->\n\t\t\t\t\t\t\t\t\t\t\t<div class=\"wp-show-posts-entry-summary\" itemprop=\"text\">\n\t\t\t\t\t\t\t<p>\u00ab\u00a0Fond\u00e9 en 1759, les jardins de Kew abritent l&rsquo;une des plus importantes collections de plantes du monde. Leur herbier compte plus de&#8230;<\/p>\n\t\t\t\t\t\t<\/div><!-- .entry-summary -->\n\t\t\t\t\t<\/div><!-- wp-show-posts-inner --><\/article><article class=\"  wp-show-posts-masonry-col-4  wp-show-posts-masonry-block wp-show-posts-single post-937 post type-post status-publish format-standard has-post-thumbnail hentry category-europe category-united-kingdom wpsp-col-4\" itemtype=\"http:\/\/schema.org\/CreativeWork\" itemscope><div class=\"wp-show-posts-inner\" style=\"\">\t\t<div class=\"wp-show-posts-image zoom wpsp-image-center \">\n\t\t\t<a href=\"https:\/\/cuicui.be\/fr\/united-kingdom-tower-of-london\/\"  title=\"La tour de Londres\"><img loading=\"lazy\" decoding=\"async\" width=\"1024\" height=\"512\" src=\"https:\/\/cuicui.be\/wp-content\/uploads\/2016\/07\/uk-tower-london.jpg\" class=\"attachment-full size-full wp-post-image\" alt=\"\" itemprop=\"image\" srcset=\"https:\/\/cuicui.be\/wp-content\/uploads\/2016\/07\/uk-tower-london.jpg 1024w, https:\/\/cuicui.be\/wp-content\/uploads\/2016\/07\/uk-tower-london-300x150.jpg 300w, https:\/\/cuicui.be\/wp-content\/uploads\/2016\/07\/uk-tower-london-768x384.jpg 768w, https:\/\/cuicui.be\/wp-content\/uploads\/2016\/07\/uk-tower-london-150x75.jpg 150w, https:\/\/cuicui.be\/wp-content\/uploads\/2016\/07\/uk-tower-london-600x300.jpg 600w\" sizes=\"auto, (max-width: 1024px) 100vw, 1024px\" \/><\/a>\t\t<\/div>\n\t\t\t\t\t\t\t\t<header class=\"wp-show-posts-entry-header\">\n\t\t\t\t\t\t\t<h2 class=\"wp-show-posts-entry-title\" itemprop=\"headline\"><a href=\"https:\/\/cuicui.be\/fr\/united-kingdom-tower-of-london\/\" rel=\"bookmark\">La tour de Londres<\/a><\/h2>\t\t\t\t\t\t<\/header><!-- .entry-header -->\n\t\t\t\t\t\t\t\t\t\t\t<div class=\"wp-show-posts-entry-summary\" itemprop=\"text\">\n\t\t\t\t\t\t\t<p>\u00ab\u00a0La tour de Londres a \u00e9t\u00e9 construite en 1066 lors la conqu\u00eate normande de l\u2019Angleterre. La tour Blanche qui donne son nom&#8230;<\/p>\n\t\t\t\t\t\t<\/div><!-- .entry-summary -->\n\t\t\t\t\t<\/div><!-- wp-show-posts-inner --><\/article><article class=\"  wp-show-posts-masonry-col-4  wp-show-posts-masonry-block wp-show-posts-single post-910 post type-post status-publish format-standard has-post-thumbnail hentry category-europe category-united-kingdom wpsp-col-4\" itemtype=\"http:\/\/schema.org\/CreativeWork\" itemscope><div class=\"wp-show-posts-inner\" style=\"\">\t\t<div class=\"wp-show-posts-image zoom wpsp-image-center \">\n\t\t\t<a href=\"https:\/\/cuicui.be\/fr\/fountains-abbey\/\"  title=\"Les ruines de l&rsquo;abbaye de Fountains\"><img loading=\"lazy\" decoding=\"async\" width=\"1024\" height=\"512\" src=\"https:\/\/cuicui.be\/wp-content\/uploads\/2016\/07\/uk-fountains-abbey.jpg\" class=\"attachment-full size-full wp-post-image\" alt=\"\" itemprop=\"image\" srcset=\"https:\/\/cuicui.be\/wp-content\/uploads\/2016\/07\/uk-fountains-abbey.jpg 1024w, https:\/\/cuicui.be\/wp-content\/uploads\/2016\/07\/uk-fountains-abbey-300x150.jpg 300w, https:\/\/cuicui.be\/wp-content\/uploads\/2016\/07\/uk-fountains-abbey-768x384.jpg 768w, https:\/\/cuicui.be\/wp-content\/uploads\/2016\/07\/uk-fountains-abbey-150x75.jpg 150w, https:\/\/cuicui.be\/wp-content\/uploads\/2016\/07\/uk-fountains-abbey-600x300.jpg 600w\" sizes=\"auto, (max-width: 1024px) 100vw, 1024px\" \/><\/a>\t\t<\/div>\n\t\t\t\t\t\t\t\t<header class=\"wp-show-posts-entry-header\">\n\t\t\t\t\t\t\t<h2 class=\"wp-show-posts-entry-title\" itemprop=\"headline\"><a href=\"https:\/\/cuicui.be\/fr\/fountains-abbey\/\" rel=\"bookmark\">Les ruines de l&rsquo;abbaye de Fountains<\/a><\/h2>\t\t\t\t\t\t<\/header><!-- .entry-header -->\n\t\t\t\t\t\t\t\t\t\t\t<div class=\"wp-show-posts-entry-summary\" itemprop=\"text\">\n\t\t\t\t\t\t\t<p>\u00ab\u00a0Un \u00e9tonnant paysage a \u00e9t\u00e9 cr\u00e9\u00e9 autour des ruines de l&rsquo;abbaye cistercienne de Fountains et du ch\u00e2teau de Fountains Hall, dans le&#8230;<\/p>\n\t\t\t\t\t\t<\/div><!-- .entry-summary -->\n\t\t\t\t\t<\/div><!-- wp-show-posts-inner --><\/article><div class=\"wpsp-clear\"><\/div><\/section><!-- .wp-show-posts -->\n","protected":false},"excerpt":{"rendered":"","protected":false},"author":1,"featured_media":0,"parent":0,"menu_order":0,"comment_status":"closed","ping_status":"closed","template":"","meta":{"generate_page_header":"","footnotes":""},"class_list":["post-1590","page","type-page","status-publish","hentry","generate-columns","tablet-grid-50","mobile-grid-100","grid-parent","grid-33"],"_links":{"self":[{"href":"https:\/\/cuicui.be\/fr\/wp-json\/wp\/v2\/pages\/1590","targetHints":{"allow":["GET"]}}],"collection":[{"href":"https:\/\/cuicui.be\/fr\/wp-json\/wp\/v2\/pages"}],"about":[{"href":"https:\/\/cuicui.be\/fr\/wp-json\/wp\/v2\/types\/page"}],"author":[{"embeddable":true,"href":"https:\/\/cuicui.be\/fr\/wp-json\/wp\/v2\/users\/1"}],"replies":[{"embeddable":true,"href":"https:\/\/cuicui.be\/fr\/wp-json\/wp\/v2\/comments?post=1590"}],"version-history":[{"count":0,"href":"https:\/\/cuicui.be\/fr\/wp-json\/wp\/v2\/pages\/1590\/revisions"}],"wp:attachment":[{"href":"https:\/\/cuicui.be\/fr\/wp-json\/wp\/v2\/media?parent=1590"}],"curies":[{"name":"wp","href":"https:\/\/api.w.org\/{rel}","templated":true}]}}