{"id":1592,"date":"2016-09-09T20:53:24","date_gmt":"2016-09-09T19:53:24","guid":{"rendered":"http:\/\/cuicui.be\/?page_id=1592"},"modified":"2016-09-09T20:53:24","modified_gmt":"2016-09-09T19:53:24","slug":"france","status":"publish","type":"page","link":"https:\/\/cuicui.be\/fr\/france\/","title":{"rendered":"France"},"content":{"rendered":"<style>.slick-slider#wpsp-1553 {margin-left: 0px; }.slick-slider#wpsp-1553 .wp-show-posts-inner {margin-left: 1em; margin-right: 1em; }#wpsp-1553.wpsp-card .wp-show-posts-single {margin-bottom: 2em; }.slick-slider#wpsp-1553 .wp-show-posts-single {margin-bottom: 0px; }#wpsp-1553 .wp-show-posts-inner {border: 1px solid #adadad; }#wpsp-1553:not(.wpsp-card) .wp-show-posts-inner {padding: 5px; }#wpsp-1553.wpsp-card .wpsp-content-wrap {padding: 5px; }<\/style><style>.wp-show-posts-columns#wpsp-1553 {margin-left: -2em; }.wp-show-posts-columns#wpsp-1553 .wp-show-posts-inner {margin: 0 0 2em 2em; }<\/style><section id=\"wpsp-1553\" class=\" wp-show-posts-columns wp-show-posts-masonry wp-show-posts\" style=\"\"><div class=\"grid-sizer wpsp-col-4\"><\/div><article class=\"  wp-show-posts-masonry-col-4  wp-show-posts-masonry-block wp-show-posts-single post-2325 post type-post status-publish format-standard has-post-thumbnail hentry category-europe category-france wpsp-col-4\" itemtype=\"http:\/\/schema.org\/CreativeWork\" itemscope><div class=\"wp-show-posts-inner\" style=\"\">\t\t<div class=\"wp-show-posts-image zoom wpsp-image-center \">\n\t\t\t<a href=\"https:\/\/cuicui.be\/fr\/france-eiffel-tower\/\"  title=\"La tour Eiffel\"><img loading=\"lazy\" decoding=\"async\" width=\"1024\" height=\"512\" src=\"https:\/\/cuicui.be\/wp-content\/uploads\/2016\/10\/fr-tour-eiffel.jpg\" class=\"attachment-full size-full wp-post-image\" alt=\"\" itemprop=\"image\" srcset=\"https:\/\/cuicui.be\/wp-content\/uploads\/2016\/10\/fr-tour-eiffel.jpg 1024w, https:\/\/cuicui.be\/wp-content\/uploads\/2016\/10\/fr-tour-eiffel-150x75.jpg 150w, https:\/\/cuicui.be\/wp-content\/uploads\/2016\/10\/fr-tour-eiffel-300x150.jpg 300w, https:\/\/cuicui.be\/wp-content\/uploads\/2016\/10\/fr-tour-eiffel-768x384.jpg 768w, https:\/\/cuicui.be\/wp-content\/uploads\/2016\/10\/fr-tour-eiffel-600x300.jpg 600w\" sizes=\"auto, (max-width: 1024px) 100vw, 1024px\" \/><\/a>\t\t<\/div>\n\t\t\t\t\t\t\t\t<header class=\"wp-show-posts-entry-header\">\n\t\t\t\t\t\t\t<h2 class=\"wp-show-posts-entry-title\" itemprop=\"headline\"><a href=\"https:\/\/cuicui.be\/fr\/france-eiffel-tower\/\" rel=\"bookmark\">La tour Eiffel<\/a><\/h2>\t\t\t\t\t\t<\/header><!-- .entry-header -->\n\t\t\t\t\t\t\t\t\t\t\t<div class=\"wp-show-posts-entry-summary\" itemprop=\"text\">\n\t\t\t\t\t\t\t<p>\u00ab\u00a0La tour Eiffel est une tour de fer puddl\u00e9 de 324 m\u00e8tres de hauteur construite par Gustave Eiffel et ses collaborateurs pour&#8230;<\/p>\n\t\t\t\t\t\t<\/div><!-- .entry-summary -->\n\t\t\t\t\t<\/div><!-- wp-show-posts-inner --><\/article><article class=\"  wp-show-posts-masonry-col-4  wp-show-posts-masonry-block wp-show-posts-single post-421 post type-post status-publish format-standard has-post-thumbnail hentry category-europe category-france wpsp-col-4\" itemtype=\"http:\/\/schema.org\/CreativeWork\" itemscope><div class=\"wp-show-posts-inner\" style=\"\">\t\t<div class=\"wp-show-posts-image zoom wpsp-image-center \">\n\t\t\t<a href=\"https:\/\/cuicui.be\/fr\/france-paris-vincent-van-gogh-bedroom\/\"  title=\"La Chambre de Vincent Van Gogh\"><img loading=\"lazy\" decoding=\"async\" width=\"1024\" height=\"512\" src=\"https:\/\/cuicui.be\/wp-content\/uploads\/2016\/07\/fr-van-gogh-chamber.jpg\" class=\"attachment-full size-full wp-post-image\" alt=\"\" itemprop=\"image\" srcset=\"https:\/\/cuicui.be\/wp-content\/uploads\/2016\/07\/fr-van-gogh-chamber.jpg 1024w, https:\/\/cuicui.be\/wp-content\/uploads\/2016\/07\/fr-van-gogh-chamber-300x150.jpg 300w, https:\/\/cuicui.be\/wp-content\/uploads\/2016\/07\/fr-van-gogh-chamber-768x384.jpg 768w\" sizes=\"auto, (max-width: 1024px) 100vw, 1024px\" \/><\/a>\t\t<\/div>\n\t\t\t\t\t\t\t\t<header class=\"wp-show-posts-entry-header\">\n\t\t\t\t\t\t\t<h2 class=\"wp-show-posts-entry-title\" itemprop=\"headline\"><a href=\"https:\/\/cuicui.be\/fr\/france-paris-vincent-van-gogh-bedroom\/\" rel=\"bookmark\">La Chambre de Vincent Van Gogh<\/a><\/h2>\t\t\t\t\t\t<\/header><!-- .entry-header -->\n\t\t\t\t\t\t\t\t\t\t\t<div class=\"wp-show-posts-entry-summary\" itemprop=\"text\">\n\t\t\t\t\t\t\t<p>La Chambre \u00e0 Arles est une peinture de Vincent van Gogh. Il en existe trois versions dont la derni\u00e8re est ici expos\u00e9e&#8230;<\/p>\n\t\t\t\t\t\t<\/div><!-- .entry-summary -->\n\t\t\t\t\t<\/div><!-- wp-show-posts-inner --><\/article><article class=\"  wp-show-posts-masonry-col-4  wp-show-posts-masonry-block wp-show-posts-single post-2907 post type-post status-publish format-standard has-post-thumbnail hentry category-europe category-france wpsp-col-4\" itemtype=\"http:\/\/schema.org\/CreativeWork\" itemscope><div class=\"wp-show-posts-inner\" style=\"\">\t\t<div class=\"wp-show-posts-image zoom wpsp-image-center \">\n\t\t\t<a href=\"https:\/\/cuicui.be\/fr\/france-historic-site-of-lyons\/\"  title=\"Site historique de Lyon\"><img loading=\"lazy\" decoding=\"async\" width=\"1024\" height=\"512\" src=\"https:\/\/cuicui.be\/wp-content\/uploads\/2016\/11\/fr-lyon.jpg\" class=\"attachment-full size-full wp-post-image\" alt=\"\" itemprop=\"image\" srcset=\"https:\/\/cuicui.be\/wp-content\/uploads\/2016\/11\/fr-lyon.jpg 1024w, https:\/\/cuicui.be\/wp-content\/uploads\/2016\/11\/fr-lyon-150x75.jpg 150w, https:\/\/cuicui.be\/wp-content\/uploads\/2016\/11\/fr-lyon-300x150.jpg 300w, https:\/\/cuicui.be\/wp-content\/uploads\/2016\/11\/fr-lyon-768x384.jpg 768w, https:\/\/cuicui.be\/wp-content\/uploads\/2016\/11\/fr-lyon-600x300.jpg 600w\" sizes=\"auto, (max-width: 1024px) 100vw, 1024px\" \/><\/a>\t\t<\/div>\n\t\t\t\t\t\t\t\t<header class=\"wp-show-posts-entry-header\">\n\t\t\t\t\t\t\t<h2 class=\"wp-show-posts-entry-title\" itemprop=\"headline\"><a href=\"https:\/\/cuicui.be\/fr\/france-historic-site-of-lyons\/\" rel=\"bookmark\">Site historique de Lyon<\/a><\/h2>\t\t\t\t\t\t<\/header><!-- .entry-header -->\n\t\t\t\t\t\t\t\t\t\t\t<div class=\"wp-show-posts-entry-summary\" itemprop=\"text\">\n\t\t\t\t\t\t\t<p>\u00ab\u00a0La longue histoire de Lyon, fond\u00e9e par les Romains en tant que capitale des Trois Gaules au Ier si\u00e8cle av. J.-C. et&#8230;<\/p>\n\t\t\t\t\t\t<\/div><!-- .entry-summary -->\n\t\t\t\t\t<\/div><!-- wp-show-posts-inner --><\/article><article class=\"  wp-show-posts-masonry-col-4  wp-show-posts-masonry-block wp-show-posts-single post-2870 post type-post status-publish format-standard has-post-thumbnail hentry category-europe category-france wpsp-col-4\" itemtype=\"http:\/\/schema.org\/CreativeWork\" itemscope><div class=\"wp-show-posts-inner\" style=\"\">\t\t<div class=\"wp-show-posts-image zoom wpsp-image-center \">\n\t\t\t<a href=\"https:\/\/cuicui.be\/fr\/france-place-stanislas-in-nancy\/\"  title=\"Places Stanislas, de la Carri\u00e8re et d&rsquo;Alliance \u00e0 Nancy\"><img loading=\"lazy\" decoding=\"async\" width=\"1024\" height=\"512\" src=\"https:\/\/cuicui.be\/wp-content\/uploads\/2016\/11\/fr-nancy.jpg\" class=\"attachment-full size-full wp-post-image\" alt=\"\" itemprop=\"image\" srcset=\"https:\/\/cuicui.be\/wp-content\/uploads\/2016\/11\/fr-nancy.jpg 1024w, https:\/\/cuicui.be\/wp-content\/uploads\/2016\/11\/fr-nancy-150x75.jpg 150w, https:\/\/cuicui.be\/wp-content\/uploads\/2016\/11\/fr-nancy-300x150.jpg 300w, https:\/\/cuicui.be\/wp-content\/uploads\/2016\/11\/fr-nancy-768x384.jpg 768w, https:\/\/cuicui.be\/wp-content\/uploads\/2016\/11\/fr-nancy-600x300.jpg 600w\" sizes=\"auto, (max-width: 1024px) 100vw, 1024px\" \/><\/a>\t\t<\/div>\n\t\t\t\t\t\t\t\t<header class=\"wp-show-posts-entry-header\">\n\t\t\t\t\t\t\t<h2 class=\"wp-show-posts-entry-title\" itemprop=\"headline\"><a href=\"https:\/\/cuicui.be\/fr\/france-place-stanislas-in-nancy\/\" rel=\"bookmark\">Places Stanislas, de la Carri\u00e8re et d&rsquo;Alliance \u00e0 Nancy<\/a><\/h2>\t\t\t\t\t\t<\/header><!-- .entry-header -->\n\t\t\t\t\t\t\t\t\t\t\t<div class=\"wp-show-posts-entry-summary\" itemprop=\"text\">\n\t\t\t\t\t\t\t<p>\u00ab\u00a0Nancy, r\u00e9sidence temporaire d&rsquo;un roi sans royaume devenu duc de Lorraine, Stanislas Leszczynski, est paradoxalement l&rsquo;exemple le plus ancien et le plus&#8230;<\/p>\n\t\t\t\t\t\t<\/div><!-- .entry-summary -->\n\t\t\t\t\t<\/div><!-- wp-show-posts-inner --><\/article><article class=\"  wp-show-posts-masonry-col-4  wp-show-posts-masonry-block wp-show-posts-single post-2874 post type-post status-publish format-standard has-post-thumbnail hentry category-europe category-france wpsp-col-4\" itemtype=\"http:\/\/schema.org\/CreativeWork\" itemscope><div class=\"wp-show-posts-inner\" style=\"\">\t\t<div class=\"wp-show-posts-image zoom wpsp-image-center \">\n\t\t\t<a href=\"https:\/\/cuicui.be\/fr\/france-strasbourg-grande-ile\/\"  title=\"Strasbourg \u2013 Grande \u00eele\"><img loading=\"lazy\" decoding=\"async\" width=\"1024\" height=\"512\" src=\"https:\/\/cuicui.be\/wp-content\/uploads\/2016\/11\/fr-strasbourg.jpg\" class=\"attachment-full size-full wp-post-image\" alt=\"\" itemprop=\"image\" srcset=\"https:\/\/cuicui.be\/wp-content\/uploads\/2016\/11\/fr-strasbourg.jpg 1024w, https:\/\/cuicui.be\/wp-content\/uploads\/2016\/11\/fr-strasbourg-150x75.jpg 150w, https:\/\/cuicui.be\/wp-content\/uploads\/2016\/11\/fr-strasbourg-300x150.jpg 300w, https:\/\/cuicui.be\/wp-content\/uploads\/2016\/11\/fr-strasbourg-768x384.jpg 768w, https:\/\/cuicui.be\/wp-content\/uploads\/2016\/11\/fr-strasbourg-600x300.jpg 600w\" sizes=\"auto, (max-width: 1024px) 100vw, 1024px\" \/><\/a>\t\t<\/div>\n\t\t\t\t\t\t\t\t<header class=\"wp-show-posts-entry-header\">\n\t\t\t\t\t\t\t<h2 class=\"wp-show-posts-entry-title\" itemprop=\"headline\"><a href=\"https:\/\/cuicui.be\/fr\/france-strasbourg-grande-ile\/\" rel=\"bookmark\">Strasbourg \u2013 Grande \u00eele<\/a><\/h2>\t\t\t\t\t\t<\/header><!-- .entry-header -->\n\t\t\t\t\t\t\t\t\t\t\t<div class=\"wp-show-posts-entry-summary\" itemprop=\"text\">\n\t\t\t\t\t\t\t<p>\u00ab\u00a0Entour\u00e9e par deux bras de l&rsquo;Ill, la \u00ab Grande \u00eele \u00bb constitue le centre historique de la capitale alsacienne. Dans un p\u00e9rim\u00e8tre&#8230;<\/p>\n\t\t\t\t\t\t<\/div><!-- .entry-summary -->\n\t\t\t\t\t<\/div><!-- wp-show-posts-inner --><\/article><article class=\"  wp-show-posts-masonry-col-4  wp-show-posts-masonry-block wp-show-posts-single post-2338 post type-post status-publish format-standard has-post-thumbnail hentry category-europe category-france wpsp-col-4\" itemtype=\"http:\/\/schema.org\/CreativeWork\" itemscope><div class=\"wp-show-posts-inner\" style=\"\">\t\t<div class=\"wp-show-posts-image zoom wpsp-image-center \">\n\t\t\t<a href=\"https:\/\/cuicui.be\/fr\/france-notre-dame-de-paris\/\"  title=\"Cath\u00e9drale Notre-Dame de Paris\"><img loading=\"lazy\" decoding=\"async\" width=\"1024\" height=\"512\" src=\"https:\/\/cuicui.be\/wp-content\/uploads\/2016\/10\/fr-notre-dame.jpg\" class=\"attachment-full size-full wp-post-image\" alt=\"\" itemprop=\"image\" srcset=\"https:\/\/cuicui.be\/wp-content\/uploads\/2016\/10\/fr-notre-dame.jpg 1024w, https:\/\/cuicui.be\/wp-content\/uploads\/2016\/10\/fr-notre-dame-150x75.jpg 150w, https:\/\/cuicui.be\/wp-content\/uploads\/2016\/10\/fr-notre-dame-300x150.jpg 300w, https:\/\/cuicui.be\/wp-content\/uploads\/2016\/10\/fr-notre-dame-768x384.jpg 768w, https:\/\/cuicui.be\/wp-content\/uploads\/2016\/10\/fr-notre-dame-600x300.jpg 600w\" sizes=\"auto, (max-width: 1024px) 100vw, 1024px\" \/><\/a>\t\t<\/div>\n\t\t\t\t\t\t\t\t<header class=\"wp-show-posts-entry-header\">\n\t\t\t\t\t\t\t<h2 class=\"wp-show-posts-entry-title\" itemprop=\"headline\"><a href=\"https:\/\/cuicui.be\/fr\/france-notre-dame-de-paris\/\" rel=\"bookmark\">Cath\u00e9drale Notre-Dame de Paris<\/a><\/h2>\t\t\t\t\t\t<\/header><!-- .entry-header -->\n\t\t\t\t\t\t\t\t\t\t\t<div class=\"wp-show-posts-entry-summary\" itemprop=\"text\">\n\t\t\t\t\t\t\t<p>\u00ab\u00a0La cath\u00e9drale est depuis sa construction un des monuments les plus embl\u00e9matiques de Paris. \u00c0 la fois \u00e9difice religieux et culturel, elle&#8230;<\/p>\n\t\t\t\t\t\t<\/div><!-- .entry-summary -->\n\t\t\t\t\t<\/div><!-- wp-show-posts-inner --><\/article><div class=\"wpsp-clear\"><\/div><\/section><!-- .wp-show-posts --><div class=\"wpsp-load-more\"><span aria-current=\"page\" class=\"page-numbers current\">1<\/span>\n<a class=\"page-numbers\" href=\"https:\/\/cuicui.be\/fr\/wp-json\/wp\/v2\/pages\/1592\/page\/2\/\">2<\/a>\n<span class=\"page-numbers dots\">\u2026<\/span>\n<a class=\"page-numbers\" href=\"https:\/\/cuicui.be\/fr\/wp-json\/wp\/v2\/pages\/1592\/page\/5\/\">5<\/a>\n<a class=\"next page-numbers\" href=\"https:\/\/cuicui.be\/fr\/wp-json\/wp\/v2\/pages\/1592\/page\/2\/\">Next &rarr;<\/a><\/div>\n","protected":false},"excerpt":{"rendered":"","protected":false},"author":1,"featured_media":0,"parent":0,"menu_order":0,"comment_status":"closed","ping_status":"closed","template":"","meta":{"generate_page_header":"","footnotes":""},"class_list":["post-1592","page","type-page","status-publish","hentry","generate-columns","tablet-grid-50","mobile-grid-100","grid-parent","grid-33"],"_links":{"self":[{"href":"https:\/\/cuicui.be\/fr\/wp-json\/wp\/v2\/pages\/1592","targetHints":{"allow":["GET"]}}],"collection":[{"href":"https:\/\/cuicui.be\/fr\/wp-json\/wp\/v2\/pages"}],"about":[{"href":"https:\/\/cuicui.be\/fr\/wp-json\/wp\/v2\/types\/page"}],"author":[{"embeddable":true,"href":"https:\/\/cuicui.be\/fr\/wp-json\/wp\/v2\/users\/1"}],"replies":[{"embeddable":true,"href":"https:\/\/cuicui.be\/fr\/wp-json\/wp\/v2\/comments?post=1592"}],"version-history":[{"count":0,"href":"https:\/\/cuicui.be\/fr\/wp-json\/wp\/v2\/pages\/1592\/revisions"}],"wp:attachment":[{"href":"https:\/\/cuicui.be\/fr\/wp-json\/wp\/v2\/media?parent=1592"}],"curies":[{"name":"wp","href":"https:\/\/api.w.org\/{rel}","templated":true}]}}