{"id":1594,"date":"2016-09-09T20:54:07","date_gmt":"2016-09-09T19:54:07","guid":{"rendered":"http:\/\/cuicui.be\/?page_id=1594"},"modified":"2016-09-09T20:54:07","modified_gmt":"2016-09-09T19:54:07","slug":"canada","status":"publish","type":"page","link":"https:\/\/cuicui.be\/fr\/canada\/","title":{"rendered":"Canada"},"content":{"rendered":"<style>.slick-slider#wpsp-1552 {margin-left: 0px; }.slick-slider#wpsp-1552 .wp-show-posts-inner {margin-left: 1em; margin-right: 1em; }#wpsp-1552.wpsp-card .wp-show-posts-single {margin-bottom: 2em; }.slick-slider#wpsp-1552 .wp-show-posts-single {margin-bottom: 0px; }#wpsp-1552 .wp-show-posts-inner {border: 1px solid #adadad; }#wpsp-1552:not(.wpsp-card) .wp-show-posts-inner {padding: 5px; }#wpsp-1552.wpsp-card .wpsp-content-wrap {padding: 5px; }<\/style><style>.wp-show-posts-columns#wpsp-1552 {margin-left: -2em; }.wp-show-posts-columns#wpsp-1552 .wp-show-posts-inner {margin: 0 0 2em 2em; }<\/style><section id=\"wpsp-1552\" class=\" wp-show-posts-columns wp-show-posts-masonry wp-show-posts\" style=\"\"><div class=\"grid-sizer wpsp-col-4\"><\/div><article class=\"  wp-show-posts-masonry-col-4  wp-show-posts-masonry-block wp-show-posts-single post-948 post type-post status-publish format-standard has-post-thumbnail hentry category-america category-canada wpsp-col-4\" itemtype=\"http:\/\/schema.org\/CreativeWork\" itemscope><div class=\"wp-show-posts-inner\" style=\"\">\t\t<div class=\"wp-show-posts-image zoom wpsp-image-center \">\n\t\t\t<a href=\"https:\/\/cuicui.be\/fr\/canada-joggins-fossil-cliffs\/\"  title=\"Les falaises fossilif\u00e8res de Joggins\"><img loading=\"lazy\" decoding=\"async\" width=\"1024\" height=\"512\" src=\"https:\/\/cuicui.be\/wp-content\/uploads\/2016\/07\/ca-joggins.jpg\" class=\"attachment-full size-full wp-post-image\" alt=\"\" itemprop=\"image\" srcset=\"https:\/\/cuicui.be\/wp-content\/uploads\/2016\/07\/ca-joggins.jpg 1024w, https:\/\/cuicui.be\/wp-content\/uploads\/2016\/07\/ca-joggins-300x150.jpg 300w, https:\/\/cuicui.be\/wp-content\/uploads\/2016\/07\/ca-joggins-768x384.jpg 768w, https:\/\/cuicui.be\/wp-content\/uploads\/2016\/07\/ca-joggins-150x75.jpg 150w, https:\/\/cuicui.be\/wp-content\/uploads\/2016\/07\/ca-joggins-600x300.jpg 600w\" sizes=\"auto, (max-width: 1024px) 100vw, 1024px\" \/><\/a>\t\t<\/div>\n\t\t\t\t\t\t\t\t<header class=\"wp-show-posts-entry-header\">\n\t\t\t\t\t\t\t<h2 class=\"wp-show-posts-entry-title\" itemprop=\"headline\"><a href=\"https:\/\/cuicui.be\/fr\/canada-joggins-fossil-cliffs\/\" rel=\"bookmark\">Les falaises fossilif\u00e8res de Joggins<\/a><\/h2>\t\t\t\t\t\t<\/header><!-- .entry-header -->\n\t\t\t\t\t\t\t\t\t\t\t<div class=\"wp-show-posts-entry-summary\" itemprop=\"text\">\n\t\t\t\t\t\t\t<p>\u00ab\u00a0Le site renferme le d\u00e9p\u00f4t de fossiles connu le plus complet et le mieux conserv\u00e9 du carbonif\u00e8re. Il comprend des corps d&rsquo;arbres&#8230;<\/p>\n\t\t\t\t\t\t<\/div><!-- .entry-summary -->\n\t\t\t\t\t<\/div><!-- wp-show-posts-inner --><\/article><article class=\"  wp-show-posts-masonry-col-4  wp-show-posts-masonry-block wp-show-posts-single post-354 post type-post status-publish format-standard has-post-thumbnail hentry category-america category-canada wpsp-col-4\" itemtype=\"http:\/\/schema.org\/CreativeWork\" itemscope><div class=\"wp-show-posts-inner\" style=\"\">\t\t<div class=\"wp-show-posts-image zoom wpsp-image-center \">\n\t\t\t<a href=\"https:\/\/cuicui.be\/fr\/canada-l-anse-aux-meadows\/\"  title=\"L&rsquo;Anse aux Meadows\"><img loading=\"lazy\" decoding=\"async\" width=\"1024\" height=\"512\" src=\"https:\/\/cuicui.be\/wp-content\/uploads\/2016\/07\/ca-anse.jpg\" class=\"attachment-full size-full wp-post-image\" alt=\"\" itemprop=\"image\" srcset=\"https:\/\/cuicui.be\/wp-content\/uploads\/2016\/07\/ca-anse.jpg 1024w, https:\/\/cuicui.be\/wp-content\/uploads\/2016\/07\/ca-anse-300x150.jpg 300w, https:\/\/cuicui.be\/wp-content\/uploads\/2016\/07\/ca-anse-768x384.jpg 768w\" sizes=\"auto, (max-width: 1024px) 100vw, 1024px\" \/><\/a>\t\t<\/div>\n\t\t\t\t\t\t\t\t<header class=\"wp-show-posts-entry-header\">\n\t\t\t\t\t\t\t<h2 class=\"wp-show-posts-entry-title\" itemprop=\"headline\"><a href=\"https:\/\/cuicui.be\/fr\/canada-l-anse-aux-meadows\/\" rel=\"bookmark\">L&rsquo;Anse aux Meadows<\/a><\/h2>\t\t\t\t\t\t<\/header><!-- .entry-header -->\n\t\t\t\t\t\t\t\t\t\t\t<div class=\"wp-show-posts-entry-summary\" itemprop=\"text\">\n\t\t\t\t\t\t\t<p>\u00ab\u00a0Il s&rsquo;agit du premier site scandinave en Am\u00e9rique du Nord. Fond\u00e9 vers l&rsquo;an 1000, plus de 500 ans avant l&rsquo;arriv\u00e9e de Christophe&#8230;<\/p>\n\t\t\t\t\t\t<\/div><!-- .entry-summary -->\n\t\t\t\t\t<\/div><!-- wp-show-posts-inner --><\/article><article class=\"  wp-show-posts-masonry-col-4  wp-show-posts-masonry-block wp-show-posts-single post-943 post type-post status-publish format-standard has-post-thumbnail hentry category-america category-canada wpsp-col-4\" itemtype=\"http:\/\/schema.org\/CreativeWork\" itemscope><div class=\"wp-show-posts-inner\" style=\"\">\t\t<div class=\"wp-show-posts-image zoom wpsp-image-center \">\n\t\t\t<a href=\"https:\/\/cuicui.be\/fr\/canada-gros-morne\/\"  title=\"Gros-Morne\"><img loading=\"lazy\" decoding=\"async\" width=\"1024\" height=\"512\" src=\"https:\/\/cuicui.be\/wp-content\/uploads\/2016\/07\/ca-gros-morne.jpg\" class=\"attachment-full size-full wp-post-image\" alt=\"\" itemprop=\"image\" srcset=\"https:\/\/cuicui.be\/wp-content\/uploads\/2016\/07\/ca-gros-morne.jpg 1024w, https:\/\/cuicui.be\/wp-content\/uploads\/2016\/07\/ca-gros-morne-300x150.jpg 300w, https:\/\/cuicui.be\/wp-content\/uploads\/2016\/07\/ca-gros-morne-768x384.jpg 768w, https:\/\/cuicui.be\/wp-content\/uploads\/2016\/07\/ca-gros-morne-150x75.jpg 150w, https:\/\/cuicui.be\/wp-content\/uploads\/2016\/07\/ca-gros-morne-600x300.jpg 600w\" sizes=\"auto, (max-width: 1024px) 100vw, 1024px\" \/><\/a>\t\t<\/div>\n\t\t\t\t\t\t\t\t<header class=\"wp-show-posts-entry-header\">\n\t\t\t\t\t\t\t<h2 class=\"wp-show-posts-entry-title\" itemprop=\"headline\"><a href=\"https:\/\/cuicui.be\/fr\/canada-gros-morne\/\" rel=\"bookmark\">Gros-Morne<\/a><\/h2>\t\t\t\t\t\t<\/header><!-- .entry-header -->\n\t\t\t\t\t\t\t\t\t\t\t<div class=\"wp-show-posts-entry-summary\" itemprop=\"text\">\n\t\t\t\t\t\t\t<p>\u00ab\u00a0Le parc est r\u00e9put\u00e9 pour la richesse de sa g\u00e9ologie. Il poss\u00e8de une portion du fond oc\u00e9anique de l&rsquo;ancien oc\u00e9an Iapetus et&#8230;<\/p>\n\t\t\t\t\t\t<\/div><!-- .entry-summary -->\n\t\t\t\t\t<\/div><!-- wp-show-posts-inner --><\/article><article class=\"  wp-show-posts-masonry-col-4  wp-show-posts-masonry-block wp-show-posts-single post-361 post type-post status-publish format-standard has-post-thumbnail hentry category-america category-canada wpsp-col-4\" itemtype=\"http:\/\/schema.org\/CreativeWork\" itemscope><div class=\"wp-show-posts-inner\" style=\"\">\t\t<div class=\"wp-show-posts-image zoom wpsp-image-center \">\n\t\t\t<a href=\"https:\/\/cuicui.be\/fr\/canada-miguasha-fossil-site\/\"  title=\"Le site fossilif\u00e8re de Miguasha\"><img loading=\"lazy\" decoding=\"async\" width=\"1024\" height=\"512\" src=\"https:\/\/cuicui.be\/wp-content\/uploads\/2016\/07\/ca-miguasha-sphere-1024.jpg\" class=\"attachment-full size-full wp-post-image\" alt=\"\" itemprop=\"image\" srcset=\"https:\/\/cuicui.be\/wp-content\/uploads\/2016\/07\/ca-miguasha-sphere-1024.jpg 1024w, https:\/\/cuicui.be\/wp-content\/uploads\/2016\/07\/ca-miguasha-sphere-1024-300x150.jpg 300w, https:\/\/cuicui.be\/wp-content\/uploads\/2016\/07\/ca-miguasha-sphere-1024-768x384.jpg 768w\" sizes=\"auto, (max-width: 1024px) 100vw, 1024px\" \/><\/a>\t\t<\/div>\n\t\t\t\t\t\t\t\t<header class=\"wp-show-posts-entry-header\">\n\t\t\t\t\t\t\t<h2 class=\"wp-show-posts-entry-title\" itemprop=\"headline\"><a href=\"https:\/\/cuicui.be\/fr\/canada-miguasha-fossil-site\/\" rel=\"bookmark\">Le site fossilif\u00e8re de Miguasha<\/a><\/h2>\t\t\t\t\t\t<\/header><!-- .entry-header -->\n\t\t\t\t\t\t\t\t\t\t\t<div class=\"wp-show-posts-entry-summary\" itemprop=\"text\">\n\t\t\t\t\t\t\t<p>\u00ab\u00a0La falaise de Miguasha est un site fossilif\u00e8re qui nous renseigne sur la p\u00e9riode d\u00e9vonienne, il y a 380 millions d&rsquo;ann\u00e9es. Ses&#8230;<\/p>\n\t\t\t\t\t\t<\/div><!-- .entry-summary -->\n\t\t\t\t\t<\/div><!-- wp-show-posts-inner --><\/article><div class=\"wpsp-clear\"><\/div><\/section><!-- .wp-show-posts -->\n","protected":false},"excerpt":{"rendered":"","protected":false},"author":1,"featured_media":0,"parent":0,"menu_order":0,"comment_status":"closed","ping_status":"closed","template":"","meta":{"generate_page_header":"","footnotes":""},"class_list":["post-1594","page","type-page","status-publish","hentry","generate-columns","tablet-grid-50","mobile-grid-100","grid-parent","grid-33"],"_links":{"self":[{"href":"https:\/\/cuicui.be\/fr\/wp-json\/wp\/v2\/pages\/1594","targetHints":{"allow":["GET"]}}],"collection":[{"href":"https:\/\/cuicui.be\/fr\/wp-json\/wp\/v2\/pages"}],"about":[{"href":"https:\/\/cuicui.be\/fr\/wp-json\/wp\/v2\/types\/page"}],"author":[{"embeddable":true,"href":"https:\/\/cuicui.be\/fr\/wp-json\/wp\/v2\/users\/1"}],"replies":[{"embeddable":true,"href":"https:\/\/cuicui.be\/fr\/wp-json\/wp\/v2\/comments?post=1594"}],"version-history":[{"count":0,"href":"https:\/\/cuicui.be\/fr\/wp-json\/wp\/v2\/pages\/1594\/revisions"}],"wp:attachment":[{"href":"https:\/\/cuicui.be\/fr\/wp-json\/wp\/v2\/media?parent=1594"}],"curies":[{"name":"wp","href":"https:\/\/api.w.org\/{rel}","templated":true}]}}