{"id":1596,"date":"2016-09-09T20:54:59","date_gmt":"2016-09-09T19:54:59","guid":{"rendered":"http:\/\/cuicui.be\/?page_id=1596"},"modified":"2016-09-09T20:54:59","modified_gmt":"2016-09-09T19:54:59","slug":"haiti","status":"publish","type":"page","link":"https:\/\/cuicui.be\/fr\/haiti\/","title":{"rendered":"Ha\u00efti"},"content":{"rendered":"<style>.slick-slider#wpsp-1551 {margin-left: 0px; }.slick-slider#wpsp-1551 .wp-show-posts-inner {margin-left: 1em; margin-right: 1em; }#wpsp-1551.wpsp-card .wp-show-posts-single {margin-bottom: 2em; }.slick-slider#wpsp-1551 .wp-show-posts-single {margin-bottom: 0px; }#wpsp-1551 .wp-show-posts-inner {border: 1px solid #adadad; }#wpsp-1551:not(.wpsp-card) .wp-show-posts-inner {padding: 5px; }#wpsp-1551.wpsp-card .wpsp-content-wrap {padding: 5px; }<\/style><style>.wp-show-posts-columns#wpsp-1551 {margin-left: -2em; }.wp-show-posts-columns#wpsp-1551 .wp-show-posts-inner {margin: 0 0 2em 2em; }<\/style><section id=\"wpsp-1551\" class=\" wp-show-posts-columns wp-show-posts-masonry wp-show-posts\" style=\"\"><div class=\"grid-sizer wpsp-col-4\"><\/div><article class=\"  wp-show-posts-masonry-col-4  wp-show-posts-masonry-block wp-show-posts-single post-219 post type-post status-publish format-standard has-post-thumbnail hentry category-america category-haiti wpsp-col-4\" itemtype=\"http:\/\/schema.org\/CreativeWork\" itemscope><div class=\"wp-show-posts-inner\" style=\"\">\t\t<div class=\"wp-show-posts-image zoom wpsp-image-center \">\n\t\t\t<a href=\"https:\/\/cuicui.be\/fr\/haiti-citadel-la-ferriere\/\"  title=\"La Citadelle La Ferri\u00e8re\"><img loading=\"lazy\" decoding=\"async\" width=\"1024\" height=\"512\" src=\"https:\/\/cuicui.be\/wp-content\/uploads\/2009\/08\/tour-laferriere.jpg\" class=\"attachment-full size-full wp-post-image\" alt=\"\" itemprop=\"image\" srcset=\"https:\/\/cuicui.be\/wp-content\/uploads\/2009\/08\/tour-laferriere.jpg 1024w, https:\/\/cuicui.be\/wp-content\/uploads\/2009\/08\/tour-laferriere-300x150.jpg 300w, https:\/\/cuicui.be\/wp-content\/uploads\/2009\/08\/tour-laferriere-768x384.jpg 768w\" sizes=\"auto, (max-width: 1024px) 100vw, 1024px\" \/><\/a>\t\t<\/div>\n\t\t\t\t\t\t\t\t<header class=\"wp-show-posts-entry-header\">\n\t\t\t\t\t\t\t<h2 class=\"wp-show-posts-entry-title\" itemprop=\"headline\"><a href=\"https:\/\/cuicui.be\/fr\/haiti-citadel-la-ferriere\/\" rel=\"bookmark\">La Citadelle La Ferri\u00e8re<\/a><\/h2>\t\t\t\t\t\t<\/header><!-- .entry-header -->\n\t\t\t\t\t\t\t\t\t\t\t<div class=\"wp-show-posts-entry-summary\" itemprop=\"text\">\n\t\t\t\t\t\t\t<p>\u00ab\u00a0Ces monuments d\u2019Ha\u00efti, le palais de Sans Souci, les b\u00e2timents des Ramiers et tout particuli\u00e8rement la Citadelle, qui remontent au d\u00e9but du&#8230;<\/p>\n\t\t\t\t\t\t<\/div><!-- .entry-summary -->\n\t\t\t\t\t<\/div><!-- wp-show-posts-inner --><\/article><article class=\"  wp-show-posts-masonry-col-4  wp-show-posts-masonry-block wp-show-posts-single post-997 post type-post status-publish format-standard has-post-thumbnail hentry category-america category-haiti wpsp-col-4\" itemtype=\"http:\/\/schema.org\/CreativeWork\" itemscope><div class=\"wp-show-posts-inner\" style=\"\">\t\t<div class=\"wp-show-posts-image zoom wpsp-image-center \">\n\t\t\t<a href=\"https:\/\/cuicui.be\/fr\/haiti-gingerbread-houses-in-port-au-prince\/\"  title=\"Le style architectural \u00ab\u00a0gingerbread\u00a0\u00bb\"><img loading=\"lazy\" decoding=\"async\" width=\"1024\" height=\"512\" src=\"https:\/\/cuicui.be\/wp-content\/uploads\/2016\/07\/ht-gingerbread.jpg\" class=\"attachment-full size-full wp-post-image\" alt=\"\" itemprop=\"image\" srcset=\"https:\/\/cuicui.be\/wp-content\/uploads\/2016\/07\/ht-gingerbread.jpg 1024w, https:\/\/cuicui.be\/wp-content\/uploads\/2016\/07\/ht-gingerbread-300x150.jpg 300w, https:\/\/cuicui.be\/wp-content\/uploads\/2016\/07\/ht-gingerbread-768x384.jpg 768w, https:\/\/cuicui.be\/wp-content\/uploads\/2016\/07\/ht-gingerbread-150x75.jpg 150w, https:\/\/cuicui.be\/wp-content\/uploads\/2016\/07\/ht-gingerbread-600x300.jpg 600w\" sizes=\"auto, (max-width: 1024px) 100vw, 1024px\" \/><\/a>\t\t<\/div>\n\t\t\t\t\t\t\t\t<header class=\"wp-show-posts-entry-header\">\n\t\t\t\t\t\t\t<h2 class=\"wp-show-posts-entry-title\" itemprop=\"headline\"><a href=\"https:\/\/cuicui.be\/fr\/haiti-gingerbread-houses-in-port-au-prince\/\" rel=\"bookmark\">Le style architectural \u00ab\u00a0gingerbread\u00a0\u00bb<\/a><\/h2>\t\t\t\t\t\t<\/header><!-- .entry-header -->\n\t\t\t\t\t\t\t\t\t\t\t<div class=\"wp-show-posts-entry-summary\" itemprop=\"text\">\n\t\t\t\t\t\t\t<p>\u00ab\u00a0Propre \u00e0 Ha\u00efti, le style gingerbread s\u2019inscrit dans des mouvements architecturaux internationaux h\u00e9ritier de l\u2019\u00e9clectisme du XIXe si\u00e8cle.\u00a0\u00bb Plus sur Wikip\u00e9dia. Visite&#8230;<\/p>\n\t\t\t\t\t\t<\/div><!-- .entry-summary -->\n\t\t\t\t\t<\/div><!-- wp-show-posts-inner --><\/article><article class=\"  wp-show-posts-masonry-col-4  wp-show-posts-masonry-block wp-show-posts-single post-986 post type-post status-publish format-standard has-post-thumbnail hentry category-america category-haiti wpsp-col-4\" itemtype=\"http:\/\/schema.org\/CreativeWork\" itemscope><div class=\"wp-show-posts-inner\" style=\"\">\t\t<div class=\"wp-show-posts-image zoom wpsp-image-center \">\n\t\t\t<a href=\"https:\/\/cuicui.be\/fr\/haiti-historical-centre-of-jacmel\/\"  title=\"Le centre historique de Jacmel\"><img loading=\"lazy\" decoding=\"async\" width=\"1024\" height=\"512\" src=\"https:\/\/cuicui.be\/wp-content\/uploads\/2011\/04\/ht-jacmel.jpg\" class=\"attachment-full size-full wp-post-image\" alt=\"\" itemprop=\"image\" srcset=\"https:\/\/cuicui.be\/wp-content\/uploads\/2011\/04\/ht-jacmel.jpg 1024w, https:\/\/cuicui.be\/wp-content\/uploads\/2011\/04\/ht-jacmel-300x150.jpg 300w, https:\/\/cuicui.be\/wp-content\/uploads\/2011\/04\/ht-jacmel-768x384.jpg 768w, https:\/\/cuicui.be\/wp-content\/uploads\/2011\/04\/ht-jacmel-150x75.jpg 150w, https:\/\/cuicui.be\/wp-content\/uploads\/2011\/04\/ht-jacmel-600x300.jpg 600w\" sizes=\"auto, (max-width: 1024px) 100vw, 1024px\" \/><\/a>\t\t<\/div>\n\t\t\t\t\t\t\t\t<header class=\"wp-show-posts-entry-header\">\n\t\t\t\t\t\t\t<h2 class=\"wp-show-posts-entry-title\" itemprop=\"headline\"><a href=\"https:\/\/cuicui.be\/fr\/haiti-historical-centre-of-jacmel\/\" rel=\"bookmark\">Le centre historique de Jacmel<\/a><\/h2>\t\t\t\t\t\t<\/header><!-- .entry-header -->\n\t\t\t\t\t\t\t\t\t\t\t<div class=\"wp-show-posts-entry-summary\" itemprop=\"text\">\n\t\t\t\t\t\t\t<p>\u00ab\u00a0Fond\u00e9e en 1698 par la Compagnie de Saint-Domingue, Jacmel a prosp\u00e9r\u00e9 gr\u00e2ce au commerce maritime et t\u00e9moigne aujourd&rsquo;hui de l&rsquo;architecture coloniale fran\u00e7aise&#8230;<\/p>\n\t\t\t\t\t\t<\/div><!-- .entry-summary -->\n\t\t\t\t\t<\/div><!-- wp-show-posts-inner --><\/article><article class=\"  wp-show-posts-masonry-col-4  wp-show-posts-masonry-block wp-show-posts-single post-995 post type-post status-publish format-standard has-post-thumbnail hentry category-america category-haiti wpsp-col-4\" itemtype=\"http:\/\/schema.org\/CreativeWork\" itemscope><div class=\"wp-show-posts-inner\" style=\"\">\t\t<div class=\"wp-show-posts-image zoom wpsp-image-center \">\n\t\t\t<a href=\"https:\/\/cuicui.be\/fr\/haiti-sans-souci-palace\/\"  title=\"Le Palais Sans Souci\"><img loading=\"lazy\" decoding=\"async\" width=\"1024\" height=\"512\" src=\"https:\/\/cuicui.be\/wp-content\/uploads\/2016\/07\/ht-sans-souci.jpg\" class=\"attachment-full size-full wp-post-image\" alt=\"\" itemprop=\"image\" srcset=\"https:\/\/cuicui.be\/wp-content\/uploads\/2016\/07\/ht-sans-souci.jpg 1024w, https:\/\/cuicui.be\/wp-content\/uploads\/2016\/07\/ht-sans-souci-300x150.jpg 300w, https:\/\/cuicui.be\/wp-content\/uploads\/2016\/07\/ht-sans-souci-768x384.jpg 768w, https:\/\/cuicui.be\/wp-content\/uploads\/2016\/07\/ht-sans-souci-150x75.jpg 150w, https:\/\/cuicui.be\/wp-content\/uploads\/2016\/07\/ht-sans-souci-600x300.jpg 600w\" sizes=\"auto, (max-width: 1024px) 100vw, 1024px\" \/><\/a>\t\t<\/div>\n\t\t\t\t\t\t\t\t<header class=\"wp-show-posts-entry-header\">\n\t\t\t\t\t\t\t<h2 class=\"wp-show-posts-entry-title\" itemprop=\"headline\"><a href=\"https:\/\/cuicui.be\/fr\/haiti-sans-souci-palace\/\" rel=\"bookmark\">Le Palais Sans Souci<\/a><\/h2>\t\t\t\t\t\t<\/header><!-- .entry-header -->\n\t\t\t\t\t\t\t\t\t\t\t<div class=\"wp-show-posts-entry-summary\" itemprop=\"text\">\n\t\t\t\t\t\t\t<p>\u00ab\u00a0Ces monuments d\u2019Ha\u00efti, le palais de Sans Souci, les b\u00e2timents des Ramiers et tout particuli\u00e8rement la Citadelle, qui remontent au d\u00e9but du&#8230;<\/p>\n\t\t\t\t\t\t<\/div><!-- .entry-summary -->\n\t\t\t\t\t<\/div><!-- wp-show-posts-inner --><\/article><div class=\"wpsp-clear\"><\/div><\/section><!-- .wp-show-posts -->\n","protected":false},"excerpt":{"rendered":"","protected":false},"author":1,"featured_media":0,"parent":0,"menu_order":0,"comment_status":"closed","ping_status":"closed","template":"","meta":{"generate_page_header":"","footnotes":""},"class_list":["post-1596","page","type-page","status-publish","hentry","generate-columns","tablet-grid-50","mobile-grid-100","grid-parent","grid-33"],"_links":{"self":[{"href":"https:\/\/cuicui.be\/fr\/wp-json\/wp\/v2\/pages\/1596","targetHints":{"allow":["GET"]}}],"collection":[{"href":"https:\/\/cuicui.be\/fr\/wp-json\/wp\/v2\/pages"}],"about":[{"href":"https:\/\/cuicui.be\/fr\/wp-json\/wp\/v2\/types\/page"}],"author":[{"embeddable":true,"href":"https:\/\/cuicui.be\/fr\/wp-json\/wp\/v2\/users\/1"}],"replies":[{"embeddable":true,"href":"https:\/\/cuicui.be\/fr\/wp-json\/wp\/v2\/comments?post=1596"}],"version-history":[{"count":0,"href":"https:\/\/cuicui.be\/fr\/wp-json\/wp\/v2\/pages\/1596\/revisions"}],"wp:attachment":[{"href":"https:\/\/cuicui.be\/fr\/wp-json\/wp\/v2\/media?parent=1596"}],"curies":[{"name":"wp","href":"https:\/\/api.w.org\/{rel}","templated":true}]}}