{"id":1598,"date":"2016-09-09T20:56:00","date_gmt":"2016-09-09T19:56:00","guid":{"rendered":"http:\/\/cuicui.be\/?page_id=1598"},"modified":"2016-09-09T20:56:00","modified_gmt":"2016-09-09T19:56:00","slug":"yemen","status":"publish","type":"page","link":"https:\/\/cuicui.be\/fr\/yemen\/","title":{"rendered":"Y\u00e9men"},"content":{"rendered":"<style>.slick-slider#wpsp-1550 {margin-left: 0px; }.slick-slider#wpsp-1550 .wp-show-posts-inner {margin-left: 1em; margin-right: 1em; }#wpsp-1550.wpsp-card .wp-show-posts-single {margin-bottom: 2em; }.slick-slider#wpsp-1550 .wp-show-posts-single {margin-bottom: 0px; }#wpsp-1550 .wp-show-posts-inner {border: 1px solid #adadad; }#wpsp-1550:not(.wpsp-card) .wp-show-posts-inner {padding: 5px; }#wpsp-1550.wpsp-card .wpsp-content-wrap {padding: 5px; }<\/style><style>.wp-show-posts-columns#wpsp-1550 {margin-left: -2em; }.wp-show-posts-columns#wpsp-1550 .wp-show-posts-inner {margin: 0 0 2em 2em; }<\/style><section id=\"wpsp-1550\" class=\" wp-show-posts-columns wp-show-posts-masonry wp-show-posts\" style=\"\"><div class=\"grid-sizer wpsp-col-4\"><\/div><article class=\"  wp-show-posts-masonry-col-4  wp-show-posts-masonry-block wp-show-posts-single post-1105 post type-post status-publish format-standard has-post-thumbnail hentry category-middle-east category-yemen wpsp-col-4\" itemtype=\"http:\/\/schema.org\/CreativeWork\" itemscope><div class=\"wp-show-posts-inner\" style=\"\">\t\t<div class=\"wp-show-posts-image zoom wpsp-image-center \">\n\t\t\t<a href=\"https:\/\/cuicui.be\/fr\/yemen-zabid\/\"  title=\"La ville historique de Zabid\"><img loading=\"lazy\" decoding=\"async\" width=\"1024\" height=\"512\" src=\"https:\/\/cuicui.be\/wp-content\/uploads\/2016\/07\/ye-zabid.jpg\" class=\"attachment-full size-full wp-post-image\" alt=\"\" itemprop=\"image\" srcset=\"https:\/\/cuicui.be\/wp-content\/uploads\/2016\/07\/ye-zabid.jpg 1024w, https:\/\/cuicui.be\/wp-content\/uploads\/2016\/07\/ye-zabid-300x150.jpg 300w, https:\/\/cuicui.be\/wp-content\/uploads\/2016\/07\/ye-zabid-768x384.jpg 768w, https:\/\/cuicui.be\/wp-content\/uploads\/2016\/07\/ye-zabid-150x75.jpg 150w, https:\/\/cuicui.be\/wp-content\/uploads\/2016\/07\/ye-zabid-600x300.jpg 600w\" sizes=\"auto, (max-width: 1024px) 100vw, 1024px\" \/><\/a>\t\t<\/div>\n\t\t\t\t\t\t\t\t<header class=\"wp-show-posts-entry-header\">\n\t\t\t\t\t\t\t<h2 class=\"wp-show-posts-entry-title\" itemprop=\"headline\"><a href=\"https:\/\/cuicui.be\/fr\/yemen-zabid\/\" rel=\"bookmark\">La ville historique de Zabid<\/a><\/h2>\t\t\t\t\t\t<\/header><!-- .entry-header -->\n\t\t\t\t\t\t\t\t\t\t\t<div class=\"wp-show-posts-entry-summary\" itemprop=\"text\">\n\t\t\t\t\t\t\t<p>\u00ab\u00a0L&rsquo;architecture domestique et militaire de cette ville et son trac\u00e9 urbain en font un site d&rsquo;une valeur arch\u00e9ologique et historique exceptionnelle. Outre&#8230;<\/p>\n\t\t\t\t\t\t<\/div><!-- .entry-summary -->\n\t\t\t\t\t<\/div><!-- wp-show-posts-inner --><\/article><article class=\"  wp-show-posts-masonry-col-4  wp-show-posts-masonry-block wp-show-posts-single post-1109 post type-post status-publish format-standard has-post-thumbnail hentry category-middle-east category-yemen wpsp-col-4\" itemtype=\"http:\/\/schema.org\/CreativeWork\" itemscope><div class=\"wp-show-posts-inner\" style=\"\">\t\t<div class=\"wp-show-posts-image zoom wpsp-image-center \">\n\t\t\t<a href=\"https:\/\/cuicui.be\/fr\/yemen-old-city-of-sanaa\/\"  title=\"La vielle ville de Sana&rsquo;a\"><img loading=\"lazy\" decoding=\"async\" width=\"1024\" height=\"512\" src=\"https:\/\/cuicui.be\/wp-content\/uploads\/2016\/07\/ye-sanaa.jpg\" class=\"attachment-full size-full wp-post-image\" alt=\"\" itemprop=\"image\" srcset=\"https:\/\/cuicui.be\/wp-content\/uploads\/2016\/07\/ye-sanaa.jpg 1024w, https:\/\/cuicui.be\/wp-content\/uploads\/2016\/07\/ye-sanaa-300x150.jpg 300w, https:\/\/cuicui.be\/wp-content\/uploads\/2016\/07\/ye-sanaa-768x384.jpg 768w, https:\/\/cuicui.be\/wp-content\/uploads\/2016\/07\/ye-sanaa-150x75.jpg 150w, https:\/\/cuicui.be\/wp-content\/uploads\/2016\/07\/ye-sanaa-600x300.jpg 600w\" sizes=\"auto, (max-width: 1024px) 100vw, 1024px\" \/><\/a>\t\t<\/div>\n\t\t\t\t\t\t\t\t<header class=\"wp-show-posts-entry-header\">\n\t\t\t\t\t\t\t<h2 class=\"wp-show-posts-entry-title\" itemprop=\"headline\"><a href=\"https:\/\/cuicui.be\/fr\/yemen-old-city-of-sanaa\/\" rel=\"bookmark\">La vielle ville de Sana&rsquo;a<\/a><\/h2>\t\t\t\t\t\t<\/header><!-- .entry-header -->\n\t\t\t\t\t\t\t\t\t\t\t<div class=\"wp-show-posts-entry-summary\" itemprop=\"text\">\n\t\t\t\t\t\t\t<p>\u00ab\u00a0Sana\u2019a a \u00e9t\u00e9 habit\u00e9e depuis plus de 2 500 ans. Aux VIIe et VIIIe si\u00e8cles, la ville est devenue un important centre&#8230;<\/p>\n\t\t\t\t\t\t<\/div><!-- .entry-summary -->\n\t\t\t\t\t<\/div><!-- wp-show-posts-inner --><\/article><article class=\"  wp-show-posts-masonry-col-4  wp-show-posts-masonry-block wp-show-posts-single post-579 post type-post status-publish format-standard has-post-thumbnail hentry category-middle-east category-yemen wpsp-col-4\" itemtype=\"http:\/\/schema.org\/CreativeWork\" itemscope><div class=\"wp-show-posts-inner\" style=\"\">\t\t<div class=\"wp-show-posts-image zoom wpsp-image-center \">\n\t\t\t<a href=\"https:\/\/cuicui.be\/fr\/yemen-old-walled-city-of-shibam\/\"  title=\"L&rsquo;ancienne ville de Shibam et son mur d&rsquo;enceinte\"><img loading=\"lazy\" decoding=\"async\" width=\"1024\" height=\"512\" src=\"https:\/\/cuicui.be\/wp-content\/uploads\/2016\/07\/ye-shibam.jpg\" class=\"attachment-full size-full wp-post-image\" alt=\"\" itemprop=\"image\" srcset=\"https:\/\/cuicui.be\/wp-content\/uploads\/2016\/07\/ye-shibam.jpg 1024w, https:\/\/cuicui.be\/wp-content\/uploads\/2016\/07\/ye-shibam-300x150.jpg 300w, https:\/\/cuicui.be\/wp-content\/uploads\/2016\/07\/ye-shibam-768x384.jpg 768w, https:\/\/cuicui.be\/wp-content\/uploads\/2016\/07\/ye-shibam-150x75.jpg 150w, https:\/\/cuicui.be\/wp-content\/uploads\/2016\/07\/ye-shibam-600x300.jpg 600w\" sizes=\"auto, (max-width: 1024px) 100vw, 1024px\" \/><\/a>\t\t<\/div>\n\t\t\t\t\t\t\t\t<header class=\"wp-show-posts-entry-header\">\n\t\t\t\t\t\t\t<h2 class=\"wp-show-posts-entry-title\" itemprop=\"headline\"><a href=\"https:\/\/cuicui.be\/fr\/yemen-old-walled-city-of-shibam\/\" rel=\"bookmark\">L&rsquo;ancienne ville de Shibam et son mur d&rsquo;enceinte<\/a><\/h2>\t\t\t\t\t\t<\/header><!-- .entry-header -->\n\t\t\t\t\t\t\t\t\t\t\t<div class=\"wp-show-posts-entry-summary\" itemprop=\"text\">\n\t\t\t\t\t\t\t<p>\u00ab\u00a0Entour\u00e9e de son mur d\u2019enceinte, cette ville du XVIe si\u00e8cle offre l\u2019un des plus anciens et des meilleurs exemples d\u2019un urbanisme rigoureux&#8230;<\/p>\n\t\t\t\t\t\t<\/div><!-- .entry-summary -->\n\t\t\t\t\t<\/div><!-- wp-show-posts-inner --><\/article><div class=\"wpsp-clear\"><\/div><\/section><!-- .wp-show-posts -->\n","protected":false},"excerpt":{"rendered":"","protected":false},"author":1,"featured_media":0,"parent":0,"menu_order":0,"comment_status":"closed","ping_status":"closed","template":"","meta":{"generate_page_header":"","footnotes":""},"class_list":["post-1598","page","type-page","status-publish","hentry","generate-columns","tablet-grid-50","mobile-grid-100","grid-parent","grid-33"],"_links":{"self":[{"href":"https:\/\/cuicui.be\/fr\/wp-json\/wp\/v2\/pages\/1598","targetHints":{"allow":["GET"]}}],"collection":[{"href":"https:\/\/cuicui.be\/fr\/wp-json\/wp\/v2\/pages"}],"about":[{"href":"https:\/\/cuicui.be\/fr\/wp-json\/wp\/v2\/types\/page"}],"author":[{"embeddable":true,"href":"https:\/\/cuicui.be\/fr\/wp-json\/wp\/v2\/users\/1"}],"replies":[{"embeddable":true,"href":"https:\/\/cuicui.be\/fr\/wp-json\/wp\/v2\/comments?post=1598"}],"version-history":[{"count":0,"href":"https:\/\/cuicui.be\/fr\/wp-json\/wp\/v2\/pages\/1598\/revisions"}],"wp:attachment":[{"href":"https:\/\/cuicui.be\/fr\/wp-json\/wp\/v2\/media?parent=1598"}],"curies":[{"name":"wp","href":"https:\/\/api.w.org\/{rel}","templated":true}]}}