{"id":1600,"date":"2016-09-09T20:56:36","date_gmt":"2016-09-09T19:56:36","guid":{"rendered":"http:\/\/cuicui.be\/?page_id=1600"},"modified":"2016-09-09T20:56:36","modified_gmt":"2016-09-09T19:56:36","slug":"uganda","status":"publish","type":"page","link":"https:\/\/cuicui.be\/fr\/uganda\/","title":{"rendered":"Ouganda"},"content":{"rendered":"<style>.slick-slider#wpsp-1549 {margin-left: 0px; }.slick-slider#wpsp-1549 .wp-show-posts-inner {margin-left: 1em; margin-right: 1em; }#wpsp-1549.wpsp-card .wp-show-posts-single {margin-bottom: 2em; }.slick-slider#wpsp-1549 .wp-show-posts-single {margin-bottom: 0px; }#wpsp-1549 .wp-show-posts-inner {border: 1px solid #adadad; }#wpsp-1549:not(.wpsp-card) .wp-show-posts-inner {padding: 5px; }#wpsp-1549.wpsp-card .wpsp-content-wrap {padding: 5px; }<\/style><style>.wp-show-posts-columns#wpsp-1549 {margin-left: -2em; }.wp-show-posts-columns#wpsp-1549 .wp-show-posts-inner {margin: 0 0 2em 2em; }<\/style><section id=\"wpsp-1549\" class=\" wp-show-posts-columns wp-show-posts-masonry wp-show-posts\" style=\"\"><div class=\"grid-sizer wpsp-col-4\"><\/div><article class=\"  wp-show-posts-masonry-col-4  wp-show-posts-masonry-block wp-show-posts-single post-824 post type-post status-publish format-standard has-post-thumbnail hentry category-africa category-uganda wpsp-col-4\" itemtype=\"http:\/\/schema.org\/CreativeWork\" itemscope><div class=\"wp-show-posts-inner\" style=\"\">\t\t<div class=\"wp-show-posts-image zoom wpsp-image-center \">\n\t\t\t<a href=\"https:\/\/cuicui.be\/fr\/uganda-rwenzori-mountains\/\"  title=\"Les monts Rwenzori\"><img loading=\"lazy\" decoding=\"async\" width=\"1024\" height=\"512\" src=\"https:\/\/cuicui.be\/wp-content\/uploads\/2007\/03\/ug-rwenzori.jpg\" class=\"attachment-full size-full wp-post-image\" alt=\"\" itemprop=\"image\" srcset=\"https:\/\/cuicui.be\/wp-content\/uploads\/2007\/03\/ug-rwenzori.jpg 1024w, https:\/\/cuicui.be\/wp-content\/uploads\/2007\/03\/ug-rwenzori-300x150.jpg 300w, https:\/\/cuicui.be\/wp-content\/uploads\/2007\/03\/ug-rwenzori-768x384.jpg 768w, https:\/\/cuicui.be\/wp-content\/uploads\/2007\/03\/ug-rwenzori-150x75.jpg 150w, https:\/\/cuicui.be\/wp-content\/uploads\/2007\/03\/ug-rwenzori-600x300.jpg 600w\" sizes=\"auto, (max-width: 1024px) 100vw, 1024px\" \/><\/a>\t\t<\/div>\n\t\t\t\t\t\t\t\t<header class=\"wp-show-posts-entry-header\">\n\t\t\t\t\t\t\t<h2 class=\"wp-show-posts-entry-title\" itemprop=\"headline\"><a href=\"https:\/\/cuicui.be\/fr\/uganda-rwenzori-mountains\/\" rel=\"bookmark\">Les monts Rwenzori<\/a><\/h2>\t\t\t\t\t\t<\/header><!-- .entry-header -->\n\t\t\t\t\t\t\t\t\t\t\t<div class=\"wp-show-posts-entry-summary\" itemprop=\"text\">\n\t\t\t\t\t\t\t<p>\u00ab\u00a0Couvrant pr\u00e8s de 100 000 ha dans l&rsquo;ouest de l&rsquo;Ouganda, le parc comprend la majeure partie de la cha\u00eene des Rwenzori, qui&#8230;<\/p>\n\t\t\t\t\t\t<\/div><!-- .entry-summary -->\n\t\t\t\t\t<\/div><!-- wp-show-posts-inner --><\/article><article class=\"  wp-show-posts-masonry-col-4  wp-show-posts-masonry-block wp-show-posts-single post-345 post type-post status-publish format-standard has-post-thumbnail hentry category-africa category-uganda wpsp-col-4\" itemtype=\"http:\/\/schema.org\/CreativeWork\" itemscope><div class=\"wp-show-posts-inner\" style=\"\">\t\t<div class=\"wp-show-posts-image zoom wpsp-image-center \">\n\t\t\t<a href=\"https:\/\/cuicui.be\/fr\/uganda-bwindi-impenetrable-forest-and-mountain-gorillas\/\"  title=\"La for\u00eat imp\u00e9n\u00e9trable de Bwindi et les gorilles de montagne\"><img loading=\"lazy\" decoding=\"async\" width=\"1024\" height=\"512\" src=\"https:\/\/cuicui.be\/wp-content\/uploads\/2016\/07\/ug-bwindi.jpg\" class=\"attachment-full size-full wp-post-image\" alt=\"\" itemprop=\"image\" srcset=\"https:\/\/cuicui.be\/wp-content\/uploads\/2016\/07\/ug-bwindi.jpg 1024w, https:\/\/cuicui.be\/wp-content\/uploads\/2016\/07\/ug-bwindi-300x150.jpg 300w, https:\/\/cuicui.be\/wp-content\/uploads\/2016\/07\/ug-bwindi-768x384.jpg 768w\" sizes=\"auto, (max-width: 1024px) 100vw, 1024px\" \/><\/a>\t\t<\/div>\n\t\t\t\t\t\t\t\t<header class=\"wp-show-posts-entry-header\">\n\t\t\t\t\t\t\t<h2 class=\"wp-show-posts-entry-title\" itemprop=\"headline\"><a href=\"https:\/\/cuicui.be\/fr\/uganda-bwindi-impenetrable-forest-and-mountain-gorillas\/\" rel=\"bookmark\">La for\u00eat imp\u00e9n\u00e9trable de Bwindi et les gorilles de montagne<\/a><\/h2>\t\t\t\t\t\t<\/header><!-- .entry-header -->\n\t\t\t\t\t\t\t\t\t\t\t<div class=\"wp-show-posts-entry-summary\" itemprop=\"text\">\n\t\t\t\t\t\t\t<p>\u00ab\u00a0Situ\u00e9 dans le sud-ouest de l&rsquo;Ouganda, \u00e0 la jonction des for\u00eats de plaine et de montagne, le parc de Bwindi s&rsquo;\u00e9tend sur&#8230;<\/p>\n\t\t\t\t\t\t<\/div><!-- .entry-summary -->\n\t\t\t\t\t<\/div><!-- wp-show-posts-inner --><\/article><article class=\"  wp-show-posts-masonry-col-4  wp-show-posts-masonry-block wp-show-posts-single post-819 post type-post status-publish format-standard has-post-thumbnail hentry category-africa category-uganda wpsp-col-4\" itemtype=\"http:\/\/schema.org\/CreativeWork\" itemscope><div class=\"wp-show-posts-inner\" style=\"\">\t\t<div class=\"wp-show-posts-image zoom wpsp-image-center \">\n\t\t\t<a href=\"https:\/\/cuicui.be\/fr\/uganda-kasubi-tombs\/\"  title=\"Les tombeaux des rois du Buganda \u00e0 Kasubi\"><img loading=\"lazy\" decoding=\"async\" width=\"1024\" height=\"512\" src=\"https:\/\/cuicui.be\/wp-content\/uploads\/2007\/03\/ug-kasubi.jpg\" class=\"attachment-full size-full wp-post-image\" alt=\"\" itemprop=\"image\" srcset=\"https:\/\/cuicui.be\/wp-content\/uploads\/2007\/03\/ug-kasubi.jpg 1024w, https:\/\/cuicui.be\/wp-content\/uploads\/2007\/03\/ug-kasubi-300x150.jpg 300w, https:\/\/cuicui.be\/wp-content\/uploads\/2007\/03\/ug-kasubi-768x384.jpg 768w, https:\/\/cuicui.be\/wp-content\/uploads\/2007\/03\/ug-kasubi-150x75.jpg 150w, https:\/\/cuicui.be\/wp-content\/uploads\/2007\/03\/ug-kasubi-600x300.jpg 600w\" sizes=\"auto, (max-width: 1024px) 100vw, 1024px\" \/><\/a>\t\t<\/div>\n\t\t\t\t\t\t\t\t<header class=\"wp-show-posts-entry-header\">\n\t\t\t\t\t\t\t<h2 class=\"wp-show-posts-entry-title\" itemprop=\"headline\"><a href=\"https:\/\/cuicui.be\/fr\/uganda-kasubi-tombs\/\" rel=\"bookmark\">Les tombeaux des rois du Buganda \u00e0 Kasubi<\/a><\/h2>\t\t\t\t\t\t<\/header><!-- .entry-header -->\n\t\t\t\t\t\t\t\t\t\t\t<div class=\"wp-show-posts-entry-summary\" itemprop=\"text\">\n\t\t\t\t\t\t\t<p>\u00ab\u00a0Les tombeaux des rois du Buganda \u00e0 Kasubi s&rsquo;\u00e9tendent sur pr\u00e8s de 30 ha de collines dans le district de Kampala. Son&#8230;<\/p>\n\t\t\t\t\t\t<\/div><!-- .entry-summary -->\n\t\t\t\t\t<\/div><!-- wp-show-posts-inner --><\/article><div class=\"wpsp-clear\"><\/div><\/section><!-- .wp-show-posts -->\n","protected":false},"excerpt":{"rendered":"","protected":false},"author":1,"featured_media":0,"parent":0,"menu_order":0,"comment_status":"closed","ping_status":"closed","template":"","meta":{"generate_page_header":"","footnotes":""},"class_list":["post-1600","page","type-page","status-publish","hentry","generate-columns","tablet-grid-50","mobile-grid-100","grid-parent","grid-33"],"_links":{"self":[{"href":"https:\/\/cuicui.be\/fr\/wp-json\/wp\/v2\/pages\/1600","targetHints":{"allow":["GET"]}}],"collection":[{"href":"https:\/\/cuicui.be\/fr\/wp-json\/wp\/v2\/pages"}],"about":[{"href":"https:\/\/cuicui.be\/fr\/wp-json\/wp\/v2\/types\/page"}],"author":[{"embeddable":true,"href":"https:\/\/cuicui.be\/fr\/wp-json\/wp\/v2\/users\/1"}],"replies":[{"embeddable":true,"href":"https:\/\/cuicui.be\/fr\/wp-json\/wp\/v2\/comments?post=1600"}],"version-history":[{"count":0,"href":"https:\/\/cuicui.be\/fr\/wp-json\/wp\/v2\/pages\/1600\/revisions"}],"wp:attachment":[{"href":"https:\/\/cuicui.be\/fr\/wp-json\/wp\/v2\/media?parent=1600"}],"curies":[{"name":"wp","href":"https:\/\/api.w.org\/{rel}","templated":true}]}}