{"id":1602,"date":"2016-09-09T20:57:19","date_gmt":"2016-09-09T19:57:19","guid":{"rendered":"http:\/\/cuicui.be\/?page_id=1602"},"modified":"2016-09-09T20:57:19","modified_gmt":"2016-09-09T19:57:19","slug":"nepal","status":"publish","type":"page","link":"https:\/\/cuicui.be\/fr\/nepal\/","title":{"rendered":"N\u00e9pal"},"content":{"rendered":"<style>.slick-slider#wpsp-1548 {margin-left: 0px; }.slick-slider#wpsp-1548 .wp-show-posts-inner {margin-left: 1em; margin-right: 1em; }#wpsp-1548.wpsp-card .wp-show-posts-single {margin-bottom: 2em; }.slick-slider#wpsp-1548 .wp-show-posts-single {margin-bottom: 0px; }#wpsp-1548 .wp-show-posts-inner {border: 1px solid #adadad; }#wpsp-1548:not(.wpsp-card) .wp-show-posts-inner {padding: 5px; }#wpsp-1548.wpsp-card .wpsp-content-wrap {padding: 5px; }<\/style><style>.wp-show-posts-columns#wpsp-1548 {margin-left: -2em; }.wp-show-posts-columns#wpsp-1548 .wp-show-posts-inner {margin: 0 0 2em 2em; }<\/style><section id=\"wpsp-1548\" class=\" wp-show-posts-columns wp-show-posts-masonry wp-show-posts\" style=\"\"><div class=\"grid-sizer wpsp-col-4\"><\/div><article class=\"  wp-show-posts-masonry-col-4  wp-show-posts-masonry-block wp-show-posts-single post-1958 post type-post status-publish format-standard has-post-thumbnail hentry category-asia category-nepal wpsp-col-4\" itemtype=\"http:\/\/schema.org\/CreativeWork\" itemscope><div class=\"wp-show-posts-inner\" style=\"\">\t\t<div class=\"wp-show-posts-image zoom wpsp-image-center \">\n\t\t\t<a href=\"https:\/\/cuicui.be\/fr\/nepal-kathmandu-boudhanath\/\"  title=\"Bodnath \u00e0 Katmandou\"><img loading=\"lazy\" decoding=\"async\" width=\"1024\" height=\"512\" src=\"https:\/\/cuicui.be\/wp-content\/uploads\/2016\/09\/np-boudanath.jpg\" class=\"attachment-full size-full wp-post-image\" alt=\"\" itemprop=\"image\" srcset=\"https:\/\/cuicui.be\/wp-content\/uploads\/2016\/09\/np-boudanath.jpg 1024w, https:\/\/cuicui.be\/wp-content\/uploads\/2016\/09\/np-boudanath-300x150.jpg 300w, https:\/\/cuicui.be\/wp-content\/uploads\/2016\/09\/np-boudanath-768x384.jpg 768w, https:\/\/cuicui.be\/wp-content\/uploads\/2016\/09\/np-boudanath-150x75.jpg 150w, https:\/\/cuicui.be\/wp-content\/uploads\/2016\/09\/np-boudanath-600x300.jpg 600w\" sizes=\"auto, (max-width: 1024px) 100vw, 1024px\" \/><\/a>\t\t<\/div>\n\t\t\t\t\t\t\t\t<header class=\"wp-show-posts-entry-header\">\n\t\t\t\t\t\t\t<h2 class=\"wp-show-posts-entry-title\" itemprop=\"headline\"><a href=\"https:\/\/cuicui.be\/fr\/nepal-kathmandu-boudhanath\/\" rel=\"bookmark\">Bodnath \u00e0 Katmandou<\/a><\/h2>\t\t\t\t\t\t<\/header><!-- .entry-header -->\n\t\t\t\t\t\t\t\t\t\t\t<div class=\"wp-show-posts-entry-summary\" itemprop=\"text\">\n\t\t\t\t\t\t\t<p>\u00ab\u00a0Le st\u00fbpa du XIVe si\u00e8cle qui domine l&rsquo;horizon est l&rsquo;un des plus grands au monde. Sa base repr\u00e9sente la terre, la coupole&#8230;<\/p>\n\t\t\t\t\t\t<\/div><!-- .entry-summary -->\n\t\t\t\t\t<\/div><!-- wp-show-posts-inner --><\/article><article class=\"  wp-show-posts-masonry-col-4  wp-show-posts-masonry-block wp-show-posts-single post-1940 post type-post status-publish format-standard has-post-thumbnail hentry category-asia category-nepal wpsp-col-4\" itemtype=\"http:\/\/schema.org\/CreativeWork\" itemscope><div class=\"wp-show-posts-inner\" style=\"\">\t\t<div class=\"wp-show-posts-image zoom wpsp-image-center \">\n\t\t\t<a href=\"https:\/\/cuicui.be\/fr\/nepal-bhaktapur-durbar-square\/\"  title=\"Bhaktapur Durbar Square pr\u00e8s de Katmandou\"><img loading=\"lazy\" decoding=\"async\" width=\"1024\" height=\"512\" src=\"https:\/\/cuicui.be\/wp-content\/uploads\/2016\/09\/kh-bhaktapur.jpg\" class=\"attachment-full size-full wp-post-image\" alt=\"\" itemprop=\"image\" srcset=\"https:\/\/cuicui.be\/wp-content\/uploads\/2016\/09\/kh-bhaktapur.jpg 1024w, https:\/\/cuicui.be\/wp-content\/uploads\/2016\/09\/kh-bhaktapur-300x150.jpg 300w, https:\/\/cuicui.be\/wp-content\/uploads\/2016\/09\/kh-bhaktapur-768x384.jpg 768w, https:\/\/cuicui.be\/wp-content\/uploads\/2016\/09\/kh-bhaktapur-150x75.jpg 150w, https:\/\/cuicui.be\/wp-content\/uploads\/2016\/09\/kh-bhaktapur-600x300.jpg 600w\" sizes=\"auto, (max-width: 1024px) 100vw, 1024px\" \/><\/a>\t\t<\/div>\n\t\t\t\t\t\t\t\t<header class=\"wp-show-posts-entry-header\">\n\t\t\t\t\t\t\t<h2 class=\"wp-show-posts-entry-title\" itemprop=\"headline\"><a href=\"https:\/\/cuicui.be\/fr\/nepal-bhaktapur-durbar-square\/\" rel=\"bookmark\">Bhaktapur Durbar Square pr\u00e8s de Katmandou<\/a><\/h2>\t\t\t\t\t\t<\/header><!-- .entry-header -->\n\t\t\t\t\t\t\t\t\t\t\t<div class=\"wp-show-posts-entry-summary\" itemprop=\"text\">\n\t\t\t\t\t\t\t<p>\u00ab\u00a0Le 25 avril 2015, un important tremblement de terre a endommag\u00e9 de nombreux b\u00e2timents \u00e0 Bhaktapur. Le temple principal a perdu son&#8230;<\/p>\n\t\t\t\t\t\t<\/div><!-- .entry-summary -->\n\t\t\t\t\t<\/div><!-- wp-show-posts-inner --><\/article><article class=\"  wp-show-posts-masonry-col-4  wp-show-posts-masonry-block wp-show-posts-single post-1962 post type-post status-publish format-standard has-post-thumbnail hentry category-asia category-nepal wpsp-col-4\" itemtype=\"http:\/\/schema.org\/CreativeWork\" itemscope><div class=\"wp-show-posts-inner\" style=\"\">\t\t<div class=\"wp-show-posts-image zoom wpsp-image-center \">\n\t\t\t<a href=\"https:\/\/cuicui.be\/fr\/nepal-kathmandu-durbar-square\/\"  title=\"Katmandou Durbar Square\"><img loading=\"lazy\" decoding=\"async\" width=\"1024\" height=\"512\" src=\"https:\/\/cuicui.be\/wp-content\/uploads\/2016\/09\/np-kathmandu.jpg\" class=\"attachment-full size-full wp-post-image\" alt=\"\" itemprop=\"image\" srcset=\"https:\/\/cuicui.be\/wp-content\/uploads\/2016\/09\/np-kathmandu.jpg 1024w, https:\/\/cuicui.be\/wp-content\/uploads\/2016\/09\/np-kathmandu-300x150.jpg 300w, https:\/\/cuicui.be\/wp-content\/uploads\/2016\/09\/np-kathmandu-768x384.jpg 768w, https:\/\/cuicui.be\/wp-content\/uploads\/2016\/09\/np-kathmandu-150x75.jpg 150w, https:\/\/cuicui.be\/wp-content\/uploads\/2016\/09\/np-kathmandu-600x300.jpg 600w\" sizes=\"auto, (max-width: 1024px) 100vw, 1024px\" \/><\/a>\t\t<\/div>\n\t\t\t\t\t\t\t\t<header class=\"wp-show-posts-entry-header\">\n\t\t\t\t\t\t\t<h2 class=\"wp-show-posts-entry-title\" itemprop=\"headline\"><a href=\"https:\/\/cuicui.be\/fr\/nepal-kathmandu-durbar-square\/\" rel=\"bookmark\">Katmandou Durbar Square<\/a><\/h2>\t\t\t\t\t\t<\/header><!-- .entry-header -->\n\t\t\t\t\t\t\t\t\t\t\t<div class=\"wp-show-posts-entry-summary\" itemprop=\"text\">\n\t\t\t\t\t\t\t<p>\u00ab\u00a0Plusieurs b\u00e2timents se sont effondr\u00e9s lors du s\u00e9isme du 25 avril 2015. Durbar Square \u00e9tait le centre d&rsquo;une architecture spectaculaire et vivante&#8230;<\/p>\n\t\t\t\t\t\t<\/div><!-- .entry-summary -->\n\t\t\t\t\t<\/div><!-- wp-show-posts-inner --><\/article><article class=\"  wp-show-posts-masonry-col-4  wp-show-posts-masonry-block wp-show-posts-single post-1971 post type-post status-publish format-standard has-post-thumbnail hentry category-asia category-nepal wpsp-col-4\" itemtype=\"http:\/\/schema.org\/CreativeWork\" itemscope><div class=\"wp-show-posts-inner\" style=\"\">\t\t<div class=\"wp-show-posts-image zoom wpsp-image-center \">\n\t\t\t<a href=\"https:\/\/cuicui.be\/fr\/nepal-kathmandu-swayambunath\/\"  title=\"Swayambunath \u00e0 Katmandou\"><img loading=\"lazy\" decoding=\"async\" width=\"1024\" height=\"512\" src=\"https:\/\/cuicui.be\/wp-content\/uploads\/2016\/09\/np-swayambhunath.jpg\" class=\"attachment-full size-full wp-post-image\" alt=\"\" itemprop=\"image\" srcset=\"https:\/\/cuicui.be\/wp-content\/uploads\/2016\/09\/np-swayambhunath.jpg 1024w, https:\/\/cuicui.be\/wp-content\/uploads\/2016\/09\/np-swayambhunath-300x150.jpg 300w, https:\/\/cuicui.be\/wp-content\/uploads\/2016\/09\/np-swayambhunath-768x384.jpg 768w, https:\/\/cuicui.be\/wp-content\/uploads\/2016\/09\/np-swayambhunath-150x75.jpg 150w, https:\/\/cuicui.be\/wp-content\/uploads\/2016\/09\/np-swayambhunath-600x300.jpg 600w\" sizes=\"auto, (max-width: 1024px) 100vw, 1024px\" \/><\/a>\t\t<\/div>\n\t\t\t\t\t\t\t\t<header class=\"wp-show-posts-entry-header\">\n\t\t\t\t\t\t\t<h2 class=\"wp-show-posts-entry-title\" itemprop=\"headline\"><a href=\"https:\/\/cuicui.be\/fr\/nepal-kathmandu-swayambunath\/\" rel=\"bookmark\">Swayambunath \u00e0 Katmandou<\/a><\/h2>\t\t\t\t\t\t<\/header><!-- .entry-header -->\n\t\t\t\t\t\t\t\t\t\t\t<div class=\"wp-show-posts-entry-summary\" itemprop=\"text\">\n\t\t\t\t\t\t\t<p>\u00ab\u00a0Swayambhunath, avec l&rsquo;important st\u016bpa de Bodnath \u00e0 l&rsquo;est, est l&rsquo;un des plus anciens et le plus saint des sites bouddhiques de Katmandou&#8230;.<\/p>\n\t\t\t\t\t\t<\/div><!-- .entry-summary -->\n\t\t\t\t\t<\/div><!-- wp-show-posts-inner --><\/article><article class=\"  wp-show-posts-masonry-col-4  wp-show-posts-masonry-block wp-show-posts-single post-1144 post type-post status-publish format-standard has-post-thumbnail hentry category-asia category-nepal wpsp-col-4\" itemtype=\"http:\/\/schema.org\/CreativeWork\" itemscope><div class=\"wp-show-posts-inner\" style=\"\">\t\t<div class=\"wp-show-posts-image zoom wpsp-image-center \">\n\t\t\t<a href=\"https:\/\/cuicui.be\/fr\/nepal-sagarmatha-park-and-mount-everest\/\"  title=\"Le parc de Sagarmatha et le mont Everest\"><img loading=\"lazy\" decoding=\"async\" width=\"1024\" height=\"512\" src=\"https:\/\/cuicui.be\/wp-content\/uploads\/2016\/07\/np-sagarmatha.jpg\" class=\"attachment-full size-full wp-post-image\" alt=\"\" itemprop=\"image\" srcset=\"https:\/\/cuicui.be\/wp-content\/uploads\/2016\/07\/np-sagarmatha.jpg 1024w, https:\/\/cuicui.be\/wp-content\/uploads\/2016\/07\/np-sagarmatha-300x150.jpg 300w, https:\/\/cuicui.be\/wp-content\/uploads\/2016\/07\/np-sagarmatha-768x384.jpg 768w, https:\/\/cuicui.be\/wp-content\/uploads\/2016\/07\/np-sagarmatha-150x75.jpg 150w, https:\/\/cuicui.be\/wp-content\/uploads\/2016\/07\/np-sagarmatha-600x300.jpg 600w\" sizes=\"auto, (max-width: 1024px) 100vw, 1024px\" \/><\/a>\t\t<\/div>\n\t\t\t\t\t\t\t\t<header class=\"wp-show-posts-entry-header\">\n\t\t\t\t\t\t\t<h2 class=\"wp-show-posts-entry-title\" itemprop=\"headline\"><a href=\"https:\/\/cuicui.be\/fr\/nepal-sagarmatha-park-and-mount-everest\/\" rel=\"bookmark\">Le parc de Sagarmatha et le mont Everest<\/a><\/h2>\t\t\t\t\t\t<\/header><!-- .entry-header -->\n\t\t\t\t\t\t\t\t\t\t\t<div class=\"wp-show-posts-entry-summary\" itemprop=\"text\">\n\t\t\t\t\t\t\t<p>\u00ab\u00a0Dans un paysage de montagnes grandioses o\u00f9 culmine le plus haut sommet du monde, l&rsquo;Everest (8 848 m), de glaciers et de&#8230;<\/p>\n\t\t\t\t\t\t<\/div><!-- .entry-summary -->\n\t\t\t\t\t<\/div><!-- wp-show-posts-inner --><\/article><article class=\"  wp-show-posts-masonry-col-4  wp-show-posts-masonry-block wp-show-posts-single post-1935 post type-post status-publish format-standard has-post-thumbnail hentry category-asia category-nepal wpsp-col-4\" itemtype=\"http:\/\/schema.org\/CreativeWork\" itemscope><div class=\"wp-show-posts-inner\" style=\"\">\t\t<div class=\"wp-show-posts-image zoom wpsp-image-center \">\n\t\t\t<a href=\"https:\/\/cuicui.be\/fr\/nepal-chitwan-national-park\/\"  title=\"Le parc de Chitwan\"><img loading=\"lazy\" decoding=\"async\" width=\"1024\" height=\"512\" src=\"https:\/\/cuicui.be\/wp-content\/uploads\/2016\/09\/np-chitwan.jpg\" class=\"attachment-full size-full wp-post-image\" alt=\"\" itemprop=\"image\" srcset=\"https:\/\/cuicui.be\/wp-content\/uploads\/2016\/09\/np-chitwan.jpg 1024w, https:\/\/cuicui.be\/wp-content\/uploads\/2016\/09\/np-chitwan-300x150.jpg 300w, https:\/\/cuicui.be\/wp-content\/uploads\/2016\/09\/np-chitwan-768x384.jpg 768w, https:\/\/cuicui.be\/wp-content\/uploads\/2016\/09\/np-chitwan-150x75.jpg 150w, https:\/\/cuicui.be\/wp-content\/uploads\/2016\/09\/np-chitwan-600x300.jpg 600w\" sizes=\"auto, (max-width: 1024px) 100vw, 1024px\" \/><\/a>\t\t<\/div>\n\t\t\t\t\t\t\t\t<header class=\"wp-show-posts-entry-header\">\n\t\t\t\t\t\t\t<h2 class=\"wp-show-posts-entry-title\" itemprop=\"headline\"><a href=\"https:\/\/cuicui.be\/fr\/nepal-chitwan-national-park\/\" rel=\"bookmark\">Le parc de Chitwan<\/a><\/h2>\t\t\t\t\t\t<\/header><!-- .entry-header -->\n\t\t\t\t\t\t\t\t\t\t\t<div class=\"wp-show-posts-entry-summary\" itemprop=\"text\">\n\t\t\t\t\t\t\t<p>\u00ab\u00a0Le parc national de Chitwan abrite plusieurs esp\u00e8ces animales en grand danger d&rsquo;extinction, comme Rhinoceros unicornis ou le tigre du Bengale (Panthera&#8230;<\/p>\n\t\t\t\t\t\t<\/div><!-- .entry-summary -->\n\t\t\t\t\t<\/div><!-- wp-show-posts-inner --><\/article><div class=\"wpsp-clear\"><\/div><\/section><!-- .wp-show-posts --><div class=\"wpsp-load-more\"><span aria-current=\"page\" class=\"page-numbers current\">1<\/span>\n<a class=\"page-numbers\" href=\"https:\/\/cuicui.be\/fr\/wp-json\/wp\/v2\/pages\/1602\/page\/2\/\">2<\/a>\n<a class=\"next page-numbers\" href=\"https:\/\/cuicui.be\/fr\/wp-json\/wp\/v2\/pages\/1602\/page\/2\/\">Next &rarr;<\/a><\/div>\n","protected":false},"excerpt":{"rendered":"","protected":false},"author":1,"featured_media":0,"parent":0,"menu_order":0,"comment_status":"closed","ping_status":"closed","template":"","meta":{"generate_page_header":"","footnotes":""},"class_list":["post-1602","page","type-page","status-publish","hentry","generate-columns","tablet-grid-50","mobile-grid-100","grid-parent","grid-33"],"_links":{"self":[{"href":"https:\/\/cuicui.be\/fr\/wp-json\/wp\/v2\/pages\/1602","targetHints":{"allow":["GET"]}}],"collection":[{"href":"https:\/\/cuicui.be\/fr\/wp-json\/wp\/v2\/pages"}],"about":[{"href":"https:\/\/cuicui.be\/fr\/wp-json\/wp\/v2\/types\/page"}],"author":[{"embeddable":true,"href":"https:\/\/cuicui.be\/fr\/wp-json\/wp\/v2\/users\/1"}],"replies":[{"embeddable":true,"href":"https:\/\/cuicui.be\/fr\/wp-json\/wp\/v2\/comments?post=1602"}],"version-history":[{"count":0,"href":"https:\/\/cuicui.be\/fr\/wp-json\/wp\/v2\/pages\/1602\/revisions"}],"wp:attachment":[{"href":"https:\/\/cuicui.be\/fr\/wp-json\/wp\/v2\/media?parent=1602"}],"curies":[{"name":"wp","href":"https:\/\/api.w.org\/{rel}","templated":true}]}}