{"id":1604,"date":"2016-09-09T20:58:01","date_gmt":"2016-09-09T19:58:01","guid":{"rendered":"http:\/\/cuicui.be\/?page_id=1604"},"modified":"2016-09-09T20:58:01","modified_gmt":"2016-09-09T19:58:01","slug":"afghanistan","status":"publish","type":"page","link":"https:\/\/cuicui.be\/fr\/afghanistan\/","title":{"rendered":"Afghanistan"},"content":{"rendered":"<style>.slick-slider#wpsp-1547 {margin-left: 0px; }.slick-slider#wpsp-1547 .wp-show-posts-inner {margin-left: 1em; margin-right: 1em; }#wpsp-1547.wpsp-card .wp-show-posts-single {margin-bottom: 2em; }.slick-slider#wpsp-1547 .wp-show-posts-single {margin-bottom: 0px; }#wpsp-1547 .wp-show-posts-inner {border: 1px solid #adadad; }#wpsp-1547:not(.wpsp-card) .wp-show-posts-inner {padding: 5px; }#wpsp-1547.wpsp-card .wpsp-content-wrap {padding: 5px; }<\/style><style>.wp-show-posts-columns#wpsp-1547 {margin-left: -2em; }.wp-show-posts-columns#wpsp-1547 .wp-show-posts-inner {margin: 0 0 2em 2em; }<\/style><section id=\"wpsp-1547\" class=\" wp-show-posts-columns wp-show-posts-masonry wp-show-posts\" style=\"\"><div class=\"grid-sizer wpsp-col-4\"><\/div><article class=\"  wp-show-posts-masonry-col-4  wp-show-posts-masonry-block wp-show-posts-single post-1026 post type-post status-publish format-standard has-post-thumbnail hentry category-afghanistan category-asia wpsp-col-4\" itemtype=\"http:\/\/schema.org\/CreativeWork\" itemscope><div class=\"wp-show-posts-inner\" style=\"\">\t\t<div class=\"wp-show-posts-image zoom wpsp-image-center \">\n\t\t\t<a href=\"https:\/\/cuicui.be\/fr\/afghanistan-bamiyan-valley\/\"  title=\"La vall\u00e9e de Bamiyan\"><img loading=\"lazy\" decoding=\"async\" width=\"1024\" height=\"512\" src=\"https:\/\/cuicui.be\/wp-content\/uploads\/2016\/07\/af-bamiyan.jpg\" class=\"attachment-full size-full wp-post-image\" alt=\"\" itemprop=\"image\" srcset=\"https:\/\/cuicui.be\/wp-content\/uploads\/2016\/07\/af-bamiyan.jpg 1024w, https:\/\/cuicui.be\/wp-content\/uploads\/2016\/07\/af-bamiyan-300x150.jpg 300w, https:\/\/cuicui.be\/wp-content\/uploads\/2016\/07\/af-bamiyan-768x384.jpg 768w, https:\/\/cuicui.be\/wp-content\/uploads\/2016\/07\/af-bamiyan-150x75.jpg 150w, https:\/\/cuicui.be\/wp-content\/uploads\/2016\/07\/af-bamiyan-600x300.jpg 600w\" sizes=\"auto, (max-width: 1024px) 100vw, 1024px\" \/><\/a>\t\t<\/div>\n\t\t\t\t\t\t\t\t<header class=\"wp-show-posts-entry-header\">\n\t\t\t\t\t\t\t<h2 class=\"wp-show-posts-entry-title\" itemprop=\"headline\"><a href=\"https:\/\/cuicui.be\/fr\/afghanistan-bamiyan-valley\/\" rel=\"bookmark\">La vall\u00e9e de Bamiyan<\/a><\/h2>\t\t\t\t\t\t<\/header><!-- .entry-header -->\n\t\t\t\t\t\t\t\t\t\t\t<div class=\"wp-show-posts-entry-summary\" itemprop=\"text\">\n\t\t\t\t\t\t\t<p>\u00ab\u00a0Le paysage culturel et les vestiges arch\u00e9ologiques de la vall\u00e9e de Bamiyan illustrent les d\u00e9veloppements artistiques et religieux qui, du Ier au&#8230;<\/p>\n\t\t\t\t\t\t<\/div><!-- .entry-summary -->\n\t\t\t\t\t<\/div><!-- wp-show-posts-inner --><\/article><article class=\"  wp-show-posts-masonry-col-4  wp-show-posts-masonry-block wp-show-posts-single post-1033 post type-post status-publish format-standard has-post-thumbnail hentry category-afghanistan category-asia wpsp-col-4\" itemtype=\"http:\/\/schema.org\/CreativeWork\" itemscope><div class=\"wp-show-posts-inner\" style=\"\">\t\t<div class=\"wp-show-posts-image zoom wpsp-image-center \">\n\t\t\t<a href=\"https:\/\/cuicui.be\/fr\/afghanistan-minaret-of-jam\/\"  title=\"Le minaret de Djam\"><img loading=\"lazy\" decoding=\"async\" width=\"1024\" height=\"512\" src=\"https:\/\/cuicui.be\/wp-content\/uploads\/2016\/07\/af-jam.jpg\" class=\"attachment-full size-full wp-post-image\" alt=\"\" itemprop=\"image\" srcset=\"https:\/\/cuicui.be\/wp-content\/uploads\/2016\/07\/af-jam.jpg 1024w, https:\/\/cuicui.be\/wp-content\/uploads\/2016\/07\/af-jam-300x150.jpg 300w, https:\/\/cuicui.be\/wp-content\/uploads\/2016\/07\/af-jam-768x384.jpg 768w, https:\/\/cuicui.be\/wp-content\/uploads\/2016\/07\/af-jam-150x75.jpg 150w, https:\/\/cuicui.be\/wp-content\/uploads\/2016\/07\/af-jam-600x300.jpg 600w\" sizes=\"auto, (max-width: 1024px) 100vw, 1024px\" \/><\/a>\t\t<\/div>\n\t\t\t\t\t\t\t\t<header class=\"wp-show-posts-entry-header\">\n\t\t\t\t\t\t\t<h2 class=\"wp-show-posts-entry-title\" itemprop=\"headline\"><a href=\"https:\/\/cuicui.be\/fr\/afghanistan-minaret-of-jam\/\" rel=\"bookmark\">Le minaret de Djam<\/a><\/h2>\t\t\t\t\t\t<\/header><!-- .entry-header -->\n\t\t\t\t\t\t\t\t\t\t\t<div class=\"wp-show-posts-entry-summary\" itemprop=\"text\">\n\t\t\t\t\t\t\t<p>\u00ab\u00a0Haut de 65m, le minaret de Djam est une construction gracieuse et \u00e9lanc\u00e9e datant du XIIe si\u00e8cle. Recouvert d\u2019une d\u00e9coration complexe en&#8230;<\/p>\n\t\t\t\t\t\t<\/div><!-- .entry-summary -->\n\t\t\t\t\t<\/div><!-- wp-show-posts-inner --><\/article><article class=\"  wp-show-posts-masonry-col-4  wp-show-posts-masonry-block wp-show-posts-single post-3199 post type-post status-publish format-standard has-post-thumbnail hentry category-afghanistan category-asia tag-tv-documentary wpsp-col-4\" itemtype=\"http:\/\/schema.org\/CreativeWork\" itemscope><div class=\"wp-show-posts-inner\" style=\"\">\t\t<div class=\"wp-show-posts-image zoom wpsp-image-center \">\n\t\t\t<a href=\"https:\/\/cuicui.be\/fr\/afghanistan-from-kabul-to-bamiyan\/\"  title=\"Road Doc : \u00ab\u00a0De Kaboul \u00e0 Bamiyan\u00a0\u00bb\"><img loading=\"lazy\" decoding=\"async\" width=\"1195\" height=\"896\" src=\"https:\/\/cuicui.be\/wp-content\/uploads\/2016\/12\/af-kabul-bamiyan.jpg\" class=\"attachment-full size-full wp-post-image\" alt=\"\" itemprop=\"image\" srcset=\"https:\/\/cuicui.be\/wp-content\/uploads\/2016\/12\/af-kabul-bamiyan.jpg 1195w, https:\/\/cuicui.be\/wp-content\/uploads\/2016\/12\/af-kabul-bamiyan-150x112.jpg 150w, https:\/\/cuicui.be\/wp-content\/uploads\/2016\/12\/af-kabul-bamiyan-300x225.jpg 300w, https:\/\/cuicui.be\/wp-content\/uploads\/2016\/12\/af-kabul-bamiyan-768x576.jpg 768w, https:\/\/cuicui.be\/wp-content\/uploads\/2016\/12\/af-kabul-bamiyan-1024x768.jpg 1024w, https:\/\/cuicui.be\/wp-content\/uploads\/2016\/12\/af-kabul-bamiyan-600x450.jpg 600w\" sizes=\"auto, (max-width: 1195px) 100vw, 1195px\" \/><\/a>\t\t<\/div>\n\t\t\t\t\t\t\t\t<header class=\"wp-show-posts-entry-header\">\n\t\t\t\t\t\t\t<h2 class=\"wp-show-posts-entry-title\" itemprop=\"headline\"><a href=\"https:\/\/cuicui.be\/fr\/afghanistan-from-kabul-to-bamiyan\/\" rel=\"bookmark\">Road Doc : \u00ab\u00a0De Kaboul \u00e0 Bamiyan\u00a0\u00bb<\/a><\/h2>\t\t\t\t\t\t<\/header><!-- .entry-header -->\n\t\t\t\t\t\t\t\t\t\t\t<div class=\"wp-show-posts-entry-summary\" itemprop=\"text\">\n\t\t\t\t\t\t\t\t\t\t\t\t\t<\/div><!-- .entry-summary -->\n\t\t\t\t\t<\/div><!-- wp-show-posts-inner --><\/article><div class=\"wpsp-clear\"><\/div><\/section><!-- .wp-show-posts -->\n","protected":false},"excerpt":{"rendered":"","protected":false},"author":1,"featured_media":0,"parent":0,"menu_order":0,"comment_status":"closed","ping_status":"closed","template":"","meta":{"generate_page_header":"","footnotes":""},"class_list":["post-1604","page","type-page","status-publish","hentry","generate-columns","tablet-grid-50","mobile-grid-100","grid-parent","grid-33"],"_links":{"self":[{"href":"https:\/\/cuicui.be\/fr\/wp-json\/wp\/v2\/pages\/1604","targetHints":{"allow":["GET"]}}],"collection":[{"href":"https:\/\/cuicui.be\/fr\/wp-json\/wp\/v2\/pages"}],"about":[{"href":"https:\/\/cuicui.be\/fr\/wp-json\/wp\/v2\/types\/page"}],"author":[{"embeddable":true,"href":"https:\/\/cuicui.be\/fr\/wp-json\/wp\/v2\/users\/1"}],"replies":[{"embeddable":true,"href":"https:\/\/cuicui.be\/fr\/wp-json\/wp\/v2\/comments?post=1604"}],"version-history":[{"count":0,"href":"https:\/\/cuicui.be\/fr\/wp-json\/wp\/v2\/pages\/1604\/revisions"}],"wp:attachment":[{"href":"https:\/\/cuicui.be\/fr\/wp-json\/wp\/v2\/media?parent=1604"}],"curies":[{"name":"wp","href":"https:\/\/api.w.org\/{rel}","templated":true}]}}