{"id":1606,"date":"2016-09-09T20:58:39","date_gmt":"2016-09-09T19:58:39","guid":{"rendered":"http:\/\/cuicui.be\/?page_id=1606"},"modified":"2016-09-09T20:58:39","modified_gmt":"2016-09-09T19:58:39","slug":"italy","status":"publish","type":"page","link":"https:\/\/cuicui.be\/fr\/italy\/","title":{"rendered":"Italie"},"content":{"rendered":"<style>.slick-slider#wpsp-1546 {margin-left: 0px; }.slick-slider#wpsp-1546 .wp-show-posts-inner {margin-left: 1em; margin-right: 1em; }#wpsp-1546.wpsp-card .wp-show-posts-single {margin-bottom: 2em; }.slick-slider#wpsp-1546 .wp-show-posts-single {margin-bottom: 0px; }#wpsp-1546 .wp-show-posts-inner {border: 1px solid #adadad; }#wpsp-1546:not(.wpsp-card) .wp-show-posts-inner {padding: 5px; }#wpsp-1546.wpsp-card .wpsp-content-wrap {padding: 5px; }<\/style><style>.wp-show-posts-columns#wpsp-1546 {margin-left: -2em; }.wp-show-posts-columns#wpsp-1546 .wp-show-posts-inner {margin: 0 0 2em 2em; }<\/style><section id=\"wpsp-1546\" class=\" wp-show-posts-columns wp-show-posts-masonry wp-show-posts\" style=\"\"><div class=\"grid-sizer wpsp-col-4\"><\/div><article class=\"  wp-show-posts-masonry-col-4  wp-show-posts-masonry-block wp-show-posts-single post-396 post type-post status-publish format-standard has-post-thumbnail hentry category-europe category-italy wpsp-col-4\" itemtype=\"http:\/\/schema.org\/CreativeWork\" itemscope><div class=\"wp-show-posts-inner\" style=\"\">\t\t<div class=\"wp-show-posts-image zoom wpsp-image-center \">\n\t\t\t<a href=\"https:\/\/cuicui.be\/fr\/italy-rock-art-in-val-camonica\/\"  title=\"L&rsquo;art rupestre du Val Camonica\"><img loading=\"lazy\" decoding=\"async\" width=\"1024\" height=\"512\" src=\"https:\/\/cuicui.be\/wp-content\/uploads\/2016\/07\/it-valcamonica.jpg\" class=\"attachment-full size-full wp-post-image\" alt=\"\" itemprop=\"image\" srcset=\"https:\/\/cuicui.be\/wp-content\/uploads\/2016\/07\/it-valcamonica.jpg 1024w, https:\/\/cuicui.be\/wp-content\/uploads\/2016\/07\/it-valcamonica-300x150.jpg 300w, https:\/\/cuicui.be\/wp-content\/uploads\/2016\/07\/it-valcamonica-768x384.jpg 768w\" sizes=\"auto, (max-width: 1024px) 100vw, 1024px\" \/><\/a>\t\t<\/div>\n\t\t\t\t\t\t\t\t<header class=\"wp-show-posts-entry-header\">\n\t\t\t\t\t\t\t<h2 class=\"wp-show-posts-entry-title\" itemprop=\"headline\"><a href=\"https:\/\/cuicui.be\/fr\/italy-rock-art-in-val-camonica\/\" rel=\"bookmark\">L&rsquo;art rupestre du Val Camonica<\/a><\/h2>\t\t\t\t\t\t<\/header><!-- .entry-header -->\n\t\t\t\t\t\t\t\t\t\t\t<div class=\"wp-show-posts-entry-summary\" itemprop=\"text\">\n\t\t\t\t\t\t\t<p>\u00ab\u00a0Dans la plaine de Lombardie, le val Camonica rec\u00e8le un des ensembles les plus denses de p\u00e9troglyphes pr\u00e9historiques. Plus de 140 000&#8230;<\/p>\n\t\t\t\t\t\t<\/div><!-- .entry-summary -->\n\t\t\t\t\t<\/div><!-- wp-show-posts-inner --><\/article><article class=\"  wp-show-posts-masonry-col-4  wp-show-posts-masonry-block wp-show-posts-single post-2923 post type-post status-publish format-standard has-post-thumbnail hentry category-europe category-italy category-switzerland wpsp-col-4\" itemtype=\"http:\/\/schema.org\/CreativeWork\" itemscope><div class=\"wp-show-posts-inner\" style=\"\">\t\t<div class=\"wp-show-posts-image zoom wpsp-image-center \">\n\t\t\t<a href=\"https:\/\/cuicui.be\/fr\/switzerland-monte-san-giorgio\/\"  title=\"Monte San Giorgio\"><img loading=\"lazy\" decoding=\"async\" width=\"1024\" height=\"512\" src=\"https:\/\/cuicui.be\/wp-content\/uploads\/2016\/12\/ch-san-gorgio.jpg\" class=\"attachment-full size-full wp-post-image\" alt=\"\" itemprop=\"image\" srcset=\"https:\/\/cuicui.be\/wp-content\/uploads\/2016\/12\/ch-san-gorgio.jpg 1024w, https:\/\/cuicui.be\/wp-content\/uploads\/2016\/12\/ch-san-gorgio-150x75.jpg 150w, https:\/\/cuicui.be\/wp-content\/uploads\/2016\/12\/ch-san-gorgio-300x150.jpg 300w, https:\/\/cuicui.be\/wp-content\/uploads\/2016\/12\/ch-san-gorgio-768x384.jpg 768w, https:\/\/cuicui.be\/wp-content\/uploads\/2016\/12\/ch-san-gorgio-600x300.jpg 600w\" sizes=\"auto, (max-width: 1024px) 100vw, 1024px\" \/><\/a>\t\t<\/div>\n\t\t\t\t\t\t\t\t<header class=\"wp-show-posts-entry-header\">\n\t\t\t\t\t\t\t<h2 class=\"wp-show-posts-entry-title\" itemprop=\"headline\"><a href=\"https:\/\/cuicui.be\/fr\/switzerland-monte-san-giorgio\/\" rel=\"bookmark\">Monte San Giorgio<\/a><\/h2>\t\t\t\t\t\t<\/header><!-- .entry-header -->\n\t\t\t\t\t\t\t\t\t\t\t<div class=\"wp-show-posts-entry-summary\" itemprop=\"text\">\n\t\t\t\t\t\t\t<p>\u00ab\u00a0La montagne bois\u00e9e, de forme pyramidale, du Monte San Giorgio, pr\u00e8s du lac de Lugano, est consid\u00e9r\u00e9e comme le meilleur t\u00e9moin de&#8230;<\/p>\n\t\t\t\t\t\t<\/div><!-- .entry-summary -->\n\t\t\t\t\t<\/div><!-- wp-show-posts-inner --><\/article><article class=\"  wp-show-posts-masonry-col-4  wp-show-posts-masonry-block wp-show-posts-single post-389 post type-post status-publish format-standard has-post-thumbnail hentry category-europe category-italy wpsp-col-4\" itemtype=\"http:\/\/schema.org\/CreativeWork\" itemscope><div class=\"wp-show-posts-inner\" style=\"\">\t\t<div class=\"wp-show-posts-image zoom wpsp-image-center \">\n\t\t\t<a href=\"https:\/\/cuicui.be\/fr\/italy-colosseum-and-antique-centrum-of-rome\/\"  title=\"Le Colis\u00e9e et le centre antique de Rome\"><img loading=\"lazy\" decoding=\"async\" width=\"1024\" height=\"512\" src=\"https:\/\/cuicui.be\/wp-content\/uploads\/2016\/07\/it-colosseum.jpg\" class=\"attachment-full size-full wp-post-image\" alt=\"\" itemprop=\"image\" srcset=\"https:\/\/cuicui.be\/wp-content\/uploads\/2016\/07\/it-colosseum.jpg 1024w, https:\/\/cuicui.be\/wp-content\/uploads\/2016\/07\/it-colosseum-300x150.jpg 300w, https:\/\/cuicui.be\/wp-content\/uploads\/2016\/07\/it-colosseum-768x384.jpg 768w\" sizes=\"auto, (max-width: 1024px) 100vw, 1024px\" \/><\/a>\t\t<\/div>\n\t\t\t\t\t\t\t\t<header class=\"wp-show-posts-entry-header\">\n\t\t\t\t\t\t\t<h2 class=\"wp-show-posts-entry-title\" itemprop=\"headline\"><a href=\"https:\/\/cuicui.be\/fr\/italy-colosseum-and-antique-centrum-of-rome\/\" rel=\"bookmark\">Le Colis\u00e9e et le centre antique de Rome<\/a><\/h2>\t\t\t\t\t\t<\/header><!-- .entry-header -->\n\t\t\t\t\t\t\t\t\t\t\t<div class=\"wp-show-posts-entry-summary\" itemprop=\"text\">\n\t\t\t\t\t\t\t<p>L&rsquo;histoire de Rome, la ville \u00e9ternelle, s&rsquo;\u00e9tend sur plus de vingt-huit si\u00e8cles. Elle est le second berceau de la civilisation occidentale apr\u00e8s&#8230;<\/p>\n\t\t\t\t\t\t<\/div><!-- .entry-summary -->\n\t\t\t\t\t<\/div><!-- wp-show-posts-inner --><\/article><div class=\"wpsp-clear\"><\/div><\/section><!-- .wp-show-posts -->\n","protected":false},"excerpt":{"rendered":"","protected":false},"author":1,"featured_media":0,"parent":0,"menu_order":0,"comment_status":"closed","ping_status":"closed","template":"","meta":{"generate_page_header":"","footnotes":""},"class_list":["post-1606","page","type-page","status-publish","hentry","generate-columns","tablet-grid-50","mobile-grid-100","grid-parent","grid-33"],"_links":{"self":[{"href":"https:\/\/cuicui.be\/fr\/wp-json\/wp\/v2\/pages\/1606","targetHints":{"allow":["GET"]}}],"collection":[{"href":"https:\/\/cuicui.be\/fr\/wp-json\/wp\/v2\/pages"}],"about":[{"href":"https:\/\/cuicui.be\/fr\/wp-json\/wp\/v2\/types\/page"}],"author":[{"embeddable":true,"href":"https:\/\/cuicui.be\/fr\/wp-json\/wp\/v2\/users\/1"}],"replies":[{"embeddable":true,"href":"https:\/\/cuicui.be\/fr\/wp-json\/wp\/v2\/comments?post=1606"}],"version-history":[{"count":0,"href":"https:\/\/cuicui.be\/fr\/wp-json\/wp\/v2\/pages\/1606\/revisions"}],"wp:attachment":[{"href":"https:\/\/cuicui.be\/fr\/wp-json\/wp\/v2\/media?parent=1606"}],"curies":[{"name":"wp","href":"https:\/\/api.w.org\/{rel}","templated":true}]}}