{"id":1608,"date":"2016-09-09T20:59:17","date_gmt":"2016-09-09T19:59:17","guid":{"rendered":"http:\/\/cuicui.be\/?page_id=1608"},"modified":"2016-09-09T20:59:17","modified_gmt":"2016-09-09T19:59:17","slug":"indonesia","status":"publish","type":"page","link":"https:\/\/cuicui.be\/fr\/indonesia\/","title":{"rendered":"Indon\u00e9sie"},"content":{"rendered":"<style>.slick-slider#wpsp-1545 {margin-left: 0px; }.slick-slider#wpsp-1545 .wp-show-posts-inner {margin-left: 1em; margin-right: 1em; }#wpsp-1545.wpsp-card .wp-show-posts-single {margin-bottom: 2em; }.slick-slider#wpsp-1545 .wp-show-posts-single {margin-bottom: 0px; }#wpsp-1545 .wp-show-posts-inner {border: 1px solid #adadad; }#wpsp-1545:not(.wpsp-card) .wp-show-posts-inner {padding: 5px; }#wpsp-1545.wpsp-card .wpsp-content-wrap {padding: 5px; }<\/style><style>.wp-show-posts-columns#wpsp-1545 {margin-left: -2em; }.wp-show-posts-columns#wpsp-1545 .wp-show-posts-inner {margin: 0 0 2em 2em; }<\/style><section id=\"wpsp-1545\" class=\" wp-show-posts-columns wp-show-posts-masonry wp-show-posts\" style=\"\"><div class=\"grid-sizer wpsp-col-4\"><\/div><article class=\"  wp-show-posts-masonry-col-4  wp-show-posts-masonry-block wp-show-posts-single post-2600 post type-post status-publish format-standard has-post-thumbnail hentry category-asia category-indonesia wpsp-col-4\" itemtype=\"http:\/\/schema.org\/CreativeWork\" itemscope><div class=\"wp-show-posts-inner\" style=\"\">\t\t<div class=\"wp-show-posts-image zoom wpsp-image-center \">\n\t\t\t<a href=\"https:\/\/cuicui.be\/fr\/indonesia-taman-ayun-and-besakih-temples-in-bali\/\"  title=\"Les temples Taman Ayun et Besakih \u00e0 Bali\"><img loading=\"lazy\" decoding=\"async\" width=\"1024\" height=\"512\" src=\"https:\/\/cuicui.be\/wp-content\/uploads\/2016\/11\/id-pura-taman-ayun.jpg\" class=\"attachment-full size-full wp-post-image\" alt=\"\" itemprop=\"image\" srcset=\"https:\/\/cuicui.be\/wp-content\/uploads\/2016\/11\/id-pura-taman-ayun.jpg 1024w, https:\/\/cuicui.be\/wp-content\/uploads\/2016\/11\/id-pura-taman-ayun-150x75.jpg 150w, https:\/\/cuicui.be\/wp-content\/uploads\/2016\/11\/id-pura-taman-ayun-300x150.jpg 300w, https:\/\/cuicui.be\/wp-content\/uploads\/2016\/11\/id-pura-taman-ayun-768x384.jpg 768w, https:\/\/cuicui.be\/wp-content\/uploads\/2016\/11\/id-pura-taman-ayun-600x300.jpg 600w\" sizes=\"auto, (max-width: 1024px) 100vw, 1024px\" \/><\/a>\t\t<\/div>\n\t\t\t\t\t\t\t\t<header class=\"wp-show-posts-entry-header\">\n\t\t\t\t\t\t\t<h2 class=\"wp-show-posts-entry-title\" itemprop=\"headline\"><a href=\"https:\/\/cuicui.be\/fr\/indonesia-taman-ayun-and-besakih-temples-in-bali\/\" rel=\"bookmark\">Les temples Taman Ayun et Besakih \u00e0 Bali<\/a><\/h2>\t\t\t\t\t\t<\/header><!-- .entry-header -->\n\t\t\t\t\t\t\t\t\t\t\t<div class=\"wp-show-posts-entry-summary\" itemprop=\"text\">\n\t\t\t\t\t\t\t<p>\u00ab\u00a0Le temple d\u2019eau royal Pura Taman Ayun, datant du XVIIIe si\u00e8cle, est le plus grand de Bali mais aussi le plus original&#8230;<\/p>\n\t\t\t\t\t\t<\/div><!-- .entry-summary -->\n\t\t\t\t\t<\/div><!-- wp-show-posts-inner --><\/article><article class=\"  wp-show-posts-masonry-col-4  wp-show-posts-masonry-block wp-show-posts-single post-1064 post type-post status-publish format-standard has-post-thumbnail hentry category-asia category-indonesia wpsp-col-4\" itemtype=\"http:\/\/schema.org\/CreativeWork\" itemscope><div class=\"wp-show-posts-inner\" style=\"\">\t\t<div class=\"wp-show-posts-image zoom wpsp-image-center \">\n\t\t\t<a href=\"https:\/\/cuicui.be\/fr\/indonesia-borobudur\/\"  title=\"Temple de Borobudur\"><img loading=\"lazy\" decoding=\"async\" width=\"1024\" height=\"512\" src=\"https:\/\/cuicui.be\/wp-content\/uploads\/2016\/07\/id-borobudur.jpg\" class=\"attachment-full size-full wp-post-image\" alt=\"\" itemprop=\"image\" srcset=\"https:\/\/cuicui.be\/wp-content\/uploads\/2016\/07\/id-borobudur.jpg 1024w, https:\/\/cuicui.be\/wp-content\/uploads\/2016\/07\/id-borobudur-300x150.jpg 300w, https:\/\/cuicui.be\/wp-content\/uploads\/2016\/07\/id-borobudur-768x384.jpg 768w, https:\/\/cuicui.be\/wp-content\/uploads\/2016\/07\/id-borobudur-150x75.jpg 150w, https:\/\/cuicui.be\/wp-content\/uploads\/2016\/07\/id-borobudur-600x300.jpg 600w\" sizes=\"auto, (max-width: 1024px) 100vw, 1024px\" \/><\/a>\t\t<\/div>\n\t\t\t\t\t\t\t\t<header class=\"wp-show-posts-entry-header\">\n\t\t\t\t\t\t\t<h2 class=\"wp-show-posts-entry-title\" itemprop=\"headline\"><a href=\"https:\/\/cuicui.be\/fr\/indonesia-borobudur\/\" rel=\"bookmark\">Temple de Borobudur<\/a><\/h2>\t\t\t\t\t\t<\/header><!-- .entry-header -->\n\t\t\t\t\t\t\t\t\t\t\t<div class=\"wp-show-posts-entry-summary\" itemprop=\"text\">\n\t\t\t\t\t\t\t<p>\u00ab\u00a0Ce c\u00e9l\u00e8bre temple bouddhique datant des VIIIe et IXe si\u00e8cles est situ\u00e9 dans le centre de Java. Il est construit sur trois&#8230;<\/p>\n\t\t\t\t\t\t<\/div><!-- .entry-summary -->\n\t\t\t\t\t<\/div><!-- wp-show-posts-inner --><\/article><article class=\"  wp-show-posts-masonry-col-4  wp-show-posts-masonry-block wp-show-posts-single post-3381 post type-post status-publish format-standard has-post-thumbnail hentry category-asia category-indonesia wpsp-col-4\" itemtype=\"http:\/\/schema.org\/CreativeWork\" itemscope><div class=\"wp-show-posts-inner\" style=\"\">\t\t<div class=\"wp-show-posts-image zoom wpsp-image-center \">\n\t\t\t<a href=\"https:\/\/cuicui.be\/fr\/indonesia-prambanan-temple-compounds\/\"  title=\"Les temples de Prambanan\"><img loading=\"lazy\" decoding=\"async\" width=\"1024\" height=\"512\" src=\"https:\/\/cuicui.be\/wp-content\/uploads\/2008\/04\/id-prambanan.jpg\" class=\"attachment-full size-full wp-post-image\" alt=\"\" itemprop=\"image\" srcset=\"https:\/\/cuicui.be\/wp-content\/uploads\/2008\/04\/id-prambanan.jpg 1024w, https:\/\/cuicui.be\/wp-content\/uploads\/2008\/04\/id-prambanan-150x75.jpg 150w, https:\/\/cuicui.be\/wp-content\/uploads\/2008\/04\/id-prambanan-300x150.jpg 300w, https:\/\/cuicui.be\/wp-content\/uploads\/2008\/04\/id-prambanan-768x384.jpg 768w, https:\/\/cuicui.be\/wp-content\/uploads\/2008\/04\/id-prambanan-600x300.jpg 600w\" sizes=\"auto, (max-width: 1024px) 100vw, 1024px\" \/><\/a>\t\t<\/div>\n\t\t\t\t\t\t\t\t<header class=\"wp-show-posts-entry-header\">\n\t\t\t\t\t\t\t<h2 class=\"wp-show-posts-entry-title\" itemprop=\"headline\"><a href=\"https:\/\/cuicui.be\/fr\/indonesia-prambanan-temple-compounds\/\" rel=\"bookmark\">Les temples de Prambanan<\/a><\/h2>\t\t\t\t\t\t<\/header><!-- .entry-header -->\n\t\t\t\t\t\t\t\t\t\t\t<div class=\"wp-show-posts-entry-summary\" itemprop=\"text\">\n\t\t\t\t\t\t\t<p>\u00ab\u00a0Construit au Xe si\u00e8cle, c&rsquo;est le plus grand ensemble shiva\u00efte d&rsquo;Indon\u00e9sie. Au milieu de la derni\u00e8re des enceintes carr\u00e9es concentriques s&rsquo;\u00e9l\u00e8vent les&#8230;<\/p>\n\t\t\t\t\t\t<\/div><!-- .entry-summary -->\n\t\t\t\t\t<\/div><!-- wp-show-posts-inner --><\/article><article class=\"  wp-show-posts-masonry-col-4  wp-show-posts-masonry-block wp-show-posts-single post-3396 post type-post status-publish format-standard has-post-thumbnail hentry category-asia category-indonesia wpsp-col-4\" itemtype=\"http:\/\/schema.org\/CreativeWork\" itemscope><div class=\"wp-show-posts-inner\" style=\"\">\t\t<div class=\"wp-show-posts-image zoom wpsp-image-center \">\n\t\t\t<a href=\"https:\/\/cuicui.be\/fr\/indonesia-ujung-kulon-park\/\"  title=\"La parc de Ujung Kulon\"><img loading=\"lazy\" decoding=\"async\" width=\"1024\" height=\"512\" src=\"https:\/\/cuicui.be\/wp-content\/uploads\/2016\/12\/id-ujung-kulon.jpg\" class=\"attachment-full size-full wp-post-image\" alt=\"\" itemprop=\"image\" srcset=\"https:\/\/cuicui.be\/wp-content\/uploads\/2016\/12\/id-ujung-kulon.jpg 1024w, https:\/\/cuicui.be\/wp-content\/uploads\/2016\/12\/id-ujung-kulon-150x75.jpg 150w, https:\/\/cuicui.be\/wp-content\/uploads\/2016\/12\/id-ujung-kulon-300x150.jpg 300w, https:\/\/cuicui.be\/wp-content\/uploads\/2016\/12\/id-ujung-kulon-768x384.jpg 768w, https:\/\/cuicui.be\/wp-content\/uploads\/2016\/12\/id-ujung-kulon-600x300.jpg 600w\" sizes=\"auto, (max-width: 1024px) 100vw, 1024px\" \/><\/a>\t\t<\/div>\n\t\t\t\t\t\t\t\t<header class=\"wp-show-posts-entry-header\">\n\t\t\t\t\t\t\t<h2 class=\"wp-show-posts-entry-title\" itemprop=\"headline\"><a href=\"https:\/\/cuicui.be\/fr\/indonesia-ujung-kulon-park\/\" rel=\"bookmark\">La parc de Ujung Kulon<\/a><\/h2>\t\t\t\t\t\t<\/header><!-- .entry-header -->\n\t\t\t\t\t\t\t\t\t\t\t<div class=\"wp-show-posts-entry-summary\" itemprop=\"text\">\n\t\t\t\t\t\t\t<p>\u00ab\u00a0Le parc national, situ\u00e9 \u00e0 l&rsquo;extr\u00e9mit\u00e9 sud-ouest de Java en bordure du d\u00e9troit de la Sonde, englobe la p\u00e9ninsule d&rsquo;Ujung Kulon et&#8230;<\/p>\n\t\t\t\t\t\t<\/div><!-- .entry-summary -->\n\t\t\t\t\t<\/div><!-- wp-show-posts-inner --><\/article><article class=\"  wp-show-posts-masonry-col-4  wp-show-posts-masonry-block wp-show-posts-single post-3400 post type-post status-publish format-standard has-post-thumbnail hentry category-asia category-indonesia wpsp-col-4\" itemtype=\"http:\/\/schema.org\/CreativeWork\" itemscope><div class=\"wp-show-posts-inner\" style=\"\">\t\t<div class=\"wp-show-posts-image zoom wpsp-image-center \">\n\t\t\t<a href=\"https:\/\/cuicui.be\/fr\/indonesia-tropical-rainforest-heritage-of-sumatra\/\"  title=\"Patrimoine des for\u00eats tropicales ombrophiles de Sumatra\"><img loading=\"lazy\" decoding=\"async\" width=\"1024\" height=\"512\" src=\"https:\/\/cuicui.be\/wp-content\/uploads\/2016\/12\/id-gunung-leuser.jpg\" class=\"attachment-full size-full wp-post-image\" alt=\"\" itemprop=\"image\" srcset=\"https:\/\/cuicui.be\/wp-content\/uploads\/2016\/12\/id-gunung-leuser.jpg 1024w, https:\/\/cuicui.be\/wp-content\/uploads\/2016\/12\/id-gunung-leuser-150x75.jpg 150w, https:\/\/cuicui.be\/wp-content\/uploads\/2016\/12\/id-gunung-leuser-300x150.jpg 300w, https:\/\/cuicui.be\/wp-content\/uploads\/2016\/12\/id-gunung-leuser-768x384.jpg 768w, https:\/\/cuicui.be\/wp-content\/uploads\/2016\/12\/id-gunung-leuser-600x300.jpg 600w\" sizes=\"auto, (max-width: 1024px) 100vw, 1024px\" \/><\/a>\t\t<\/div>\n\t\t\t\t\t\t\t\t<header class=\"wp-show-posts-entry-header\">\n\t\t\t\t\t\t\t<h2 class=\"wp-show-posts-entry-title\" itemprop=\"headline\"><a href=\"https:\/\/cuicui.be\/fr\/indonesia-tropical-rainforest-heritage-of-sumatra\/\" rel=\"bookmark\">Patrimoine des for\u00eats tropicales ombrophiles de Sumatra<\/a><\/h2>\t\t\t\t\t\t<\/header><!-- .entry-header -->\n\t\t\t\t\t\t\t\t\t\t\t<div class=\"wp-show-posts-entry-summary\" itemprop=\"text\">\n\t\t\t\t\t\t\t<p>\u00ab\u00a0Le site du Patrimoine des for\u00eats tropicales ombrophiles de Sumatra (2,5 millions ha) comprend trois parcs nationaux : Gunung Leuser, Kerinci Seblat&#8230;<\/p>\n\t\t\t\t\t\t<\/div><!-- .entry-summary -->\n\t\t\t\t\t<\/div><!-- wp-show-posts-inner --><\/article><article class=\"  wp-show-posts-masonry-col-4  wp-show-posts-masonry-block wp-show-posts-single post-2606 post type-post status-publish format-standard has-post-thumbnail hentry category-asia category-indonesia wpsp-col-4\" itemtype=\"http:\/\/schema.org\/CreativeWork\" itemscope><div class=\"wp-show-posts-inner\" style=\"\">\t\t<div class=\"wp-show-posts-image zoom wpsp-image-center \">\n\t\t\t<a href=\"https:\/\/cuicui.be\/fr\/indonesia-sangiran\/\"  title=\"Le site des premiers hommes de Sangiran\"><img loading=\"lazy\" decoding=\"async\" width=\"1024\" height=\"512\" src=\"https:\/\/cuicui.be\/wp-content\/uploads\/2016\/11\/id-sangiran.jpg\" class=\"attachment-full size-full wp-post-image\" alt=\"\" itemprop=\"image\" srcset=\"https:\/\/cuicui.be\/wp-content\/uploads\/2016\/11\/id-sangiran.jpg 1024w, https:\/\/cuicui.be\/wp-content\/uploads\/2016\/11\/id-sangiran-150x75.jpg 150w, https:\/\/cuicui.be\/wp-content\/uploads\/2016\/11\/id-sangiran-300x150.jpg 300w, https:\/\/cuicui.be\/wp-content\/uploads\/2016\/11\/id-sangiran-768x384.jpg 768w, https:\/\/cuicui.be\/wp-content\/uploads\/2016\/11\/id-sangiran-600x300.jpg 600w\" sizes=\"auto, (max-width: 1024px) 100vw, 1024px\" \/><\/a>\t\t<\/div>\n\t\t\t\t\t\t\t\t<header class=\"wp-show-posts-entry-header\">\n\t\t\t\t\t\t\t<h2 class=\"wp-show-posts-entry-title\" itemprop=\"headline\"><a href=\"https:\/\/cuicui.be\/fr\/indonesia-sangiran\/\" rel=\"bookmark\">Le site des premiers hommes de Sangiran<\/a><\/h2>\t\t\t\t\t\t<\/header><!-- .entry-header -->\n\t\t\t\t\t\t\t\t\t\t\t<div class=\"wp-show-posts-entry-summary\" itemprop=\"text\">\n\t\t\t\t\t\t\t<p>\u00ab\u00a0Une campagne de fouilles men\u00e9e de 1936 \u00e0 1941 permit de mettre au jour le premier fossile d&rsquo;hominid\u00e9 de ce site. Des&#8230;<\/p>\n\t\t\t\t\t\t<\/div><!-- .entry-summary -->\n\t\t\t\t\t<\/div><!-- wp-show-posts-inner --><\/article><div class=\"wpsp-clear\"><\/div><\/section><!-- .wp-show-posts -->\n","protected":false},"excerpt":{"rendered":"","protected":false},"author":1,"featured_media":0,"parent":0,"menu_order":0,"comment_status":"closed","ping_status":"closed","template":"","meta":{"generate_page_header":"","footnotes":""},"class_list":["post-1608","page","type-page","status-publish","hentry","generate-columns","tablet-grid-50","mobile-grid-100","grid-parent","grid-33"],"_links":{"self":[{"href":"https:\/\/cuicui.be\/fr\/wp-json\/wp\/v2\/pages\/1608","targetHints":{"allow":["GET"]}}],"collection":[{"href":"https:\/\/cuicui.be\/fr\/wp-json\/wp\/v2\/pages"}],"about":[{"href":"https:\/\/cuicui.be\/fr\/wp-json\/wp\/v2\/types\/page"}],"author":[{"embeddable":true,"href":"https:\/\/cuicui.be\/fr\/wp-json\/wp\/v2\/users\/1"}],"replies":[{"embeddable":true,"href":"https:\/\/cuicui.be\/fr\/wp-json\/wp\/v2\/comments?post=1608"}],"version-history":[{"count":0,"href":"https:\/\/cuicui.be\/fr\/wp-json\/wp\/v2\/pages\/1608\/revisions"}],"wp:attachment":[{"href":"https:\/\/cuicui.be\/fr\/wp-json\/wp\/v2\/media?parent=1608"}],"curies":[{"name":"wp","href":"https:\/\/api.w.org\/{rel}","templated":true}]}}