{"id":1610,"date":"2016-09-09T21:00:04","date_gmt":"2016-09-09T20:00:04","guid":{"rendered":"http:\/\/cuicui.be\/?page_id=1610"},"modified":"2016-09-09T21:00:04","modified_gmt":"2016-09-09T20:00:04","slug":"the-netherlands","status":"publish","type":"page","link":"https:\/\/cuicui.be\/fr\/the-netherlands\/","title":{"rendered":"Les Pays-Bas"},"content":{"rendered":"<style>.slick-slider#wpsp-1544 {margin-left: 0px; }.slick-slider#wpsp-1544 .wp-show-posts-inner {margin-left: 1em; margin-right: 1em; }#wpsp-1544.wpsp-card .wp-show-posts-single {margin-bottom: 2em; }.slick-slider#wpsp-1544 .wp-show-posts-single {margin-bottom: 0px; }#wpsp-1544 .wp-show-posts-inner {border: 1px solid #adadad; }#wpsp-1544:not(.wpsp-card) .wp-show-posts-inner {padding: 5px; }#wpsp-1544.wpsp-card .wpsp-content-wrap {padding: 5px; }<\/style><style>.wp-show-posts-columns#wpsp-1544 {margin-left: -2em; }.wp-show-posts-columns#wpsp-1544 .wp-show-posts-inner {margin: 0 0 2em 2em; }<\/style><section id=\"wpsp-1544\" class=\" wp-show-posts-columns wp-show-posts-masonry wp-show-posts\" style=\"\"><div class=\"grid-sizer wpsp-col-4\"><\/div><article class=\"  wp-show-posts-masonry-col-4  wp-show-posts-masonry-block wp-show-posts-single post-904 post type-post status-publish format-standard has-post-thumbnail hentry category-europe category-the-netherlands wpsp-col-4\" itemtype=\"http:\/\/schema.org\/CreativeWork\" itemscope><div class=\"wp-show-posts-inner\" style=\"\">\t\t<div class=\"wp-show-posts-image zoom wpsp-image-center \">\n\t\t\t<a href=\"https:\/\/cuicui.be\/fr\/netherlands-rietveld-schroder-house\/\"  title=\"La maison Schr\u00f6der de Rietveld\"><img loading=\"lazy\" decoding=\"async\" width=\"1024\" height=\"512\" src=\"https:\/\/cuicui.be\/wp-content\/uploads\/2016\/07\/nl-rietveld.jpg\" class=\"attachment-full size-full wp-post-image\" alt=\"\" itemprop=\"image\" srcset=\"https:\/\/cuicui.be\/wp-content\/uploads\/2016\/07\/nl-rietveld.jpg 1024w, https:\/\/cuicui.be\/wp-content\/uploads\/2016\/07\/nl-rietveld-300x150.jpg 300w, https:\/\/cuicui.be\/wp-content\/uploads\/2016\/07\/nl-rietveld-768x384.jpg 768w, https:\/\/cuicui.be\/wp-content\/uploads\/2016\/07\/nl-rietveld-150x75.jpg 150w, https:\/\/cuicui.be\/wp-content\/uploads\/2016\/07\/nl-rietveld-600x300.jpg 600w\" sizes=\"auto, (max-width: 1024px) 100vw, 1024px\" \/><\/a>\t\t<\/div>\n\t\t\t\t\t\t\t\t<header class=\"wp-show-posts-entry-header\">\n\t\t\t\t\t\t\t<h2 class=\"wp-show-posts-entry-title\" itemprop=\"headline\"><a href=\"https:\/\/cuicui.be\/fr\/netherlands-rietveld-schroder-house\/\" rel=\"bookmark\">La maison Schr\u00f6der de Rietveld<\/a><\/h2>\t\t\t\t\t\t<\/header><!-- .entry-header -->\n\t\t\t\t\t\t\t\t\t\t\t<div class=\"wp-show-posts-entry-summary\" itemprop=\"text\">\n\t\t\t\t\t\t\t<p>\u00ab\u00a0Command\u00e9e par Mme Truus Schr\u00f6der-Schr\u00e4der et con\u00e7ue par l&rsquo;architecte Gerrit Thomas Rietveld, cette maison d&rsquo;Utrecht fut construite en 1924. Cette petite demeure&#8230;<\/p>\n\t\t\t\t\t\t<\/div><!-- .entry-summary -->\n\t\t\t\t\t<\/div><!-- wp-show-posts-inner --><\/article><article class=\"  wp-show-posts-masonry-col-4  wp-show-posts-masonry-block wp-show-posts-single post-2406 post type-post status-publish format-standard has-post-thumbnail hentry category-europe category-the-netherlands wpsp-col-4\" itemtype=\"http:\/\/schema.org\/CreativeWork\" itemscope><div class=\"wp-show-posts-inner\" style=\"\">\t\t<div class=\"wp-show-posts-image zoom wpsp-image-center \">\n\t\t\t<a href=\"https:\/\/cuicui.be\/fr\/netherlands-mill-network-at-kinderdijk-elshout\/\"  title=\"R\u00e9seau des moulins de Kinderdijk-Elshout\"><img loading=\"lazy\" decoding=\"async\" width=\"1024\" height=\"512\" src=\"https:\/\/cuicui.be\/wp-content\/uploads\/2016\/10\/nl-kinderdijk.jpg\" class=\"attachment-full size-full wp-post-image\" alt=\"\" itemprop=\"image\" srcset=\"https:\/\/cuicui.be\/wp-content\/uploads\/2016\/10\/nl-kinderdijk.jpg 1024w, https:\/\/cuicui.be\/wp-content\/uploads\/2016\/10\/nl-kinderdijk-150x75.jpg 150w, https:\/\/cuicui.be\/wp-content\/uploads\/2016\/10\/nl-kinderdijk-300x150.jpg 300w, https:\/\/cuicui.be\/wp-content\/uploads\/2016\/10\/nl-kinderdijk-768x384.jpg 768w, https:\/\/cuicui.be\/wp-content\/uploads\/2016\/10\/nl-kinderdijk-600x300.jpg 600w\" sizes=\"auto, (max-width: 1024px) 100vw, 1024px\" \/><\/a>\t\t<\/div>\n\t\t\t\t\t\t\t\t<header class=\"wp-show-posts-entry-header\">\n\t\t\t\t\t\t\t<h2 class=\"wp-show-posts-entry-title\" itemprop=\"headline\"><a href=\"https:\/\/cuicui.be\/fr\/netherlands-mill-network-at-kinderdijk-elshout\/\" rel=\"bookmark\">R\u00e9seau des moulins de Kinderdijk-Elshout<\/a><\/h2>\t\t\t\t\t\t<\/header><!-- .entry-header -->\n\t\t\t\t\t\t\t\t\t\t\t<div class=\"wp-show-posts-entry-summary\" itemprop=\"text\">\n\t\t\t\t\t\t\t<p>\u00ab\u00a0Les travaux hydrauliques d&rsquo;ass\u00e8chement des terres pour l&rsquo;agriculture et l&rsquo;\u00e9tablissement des populations ont commenc\u00e9 au Moyen \u00c2ge et ont continu\u00e9 sans interruption&#8230;<\/p>\n\t\t\t\t\t\t<\/div><!-- .entry-summary -->\n\t\t\t\t\t<\/div><!-- wp-show-posts-inner --><\/article><article class=\"  wp-show-posts-masonry-col-4  wp-show-posts-masonry-block wp-show-posts-single post-2424 post type-post status-publish format-standard has-post-thumbnail hentry category-europe category-the-netherlands wpsp-col-4\" itemtype=\"http:\/\/schema.org\/CreativeWork\" itemscope><div class=\"wp-show-posts-inner\" style=\"\">\t\t<div class=\"wp-show-posts-image zoom wpsp-image-center \">\n\t\t\t<a href=\"https:\/\/cuicui.be\/fr\/netherlands-d-f-wouda-steam-pumping-station\/\"  title=\"La station de pompage \u00e0 la vapeur de D.F. Wouda\"><img loading=\"lazy\" decoding=\"async\" width=\"1024\" height=\"512\" src=\"https:\/\/cuicui.be\/wp-content\/uploads\/2016\/10\/nl-wouda.jpg\" class=\"attachment-full size-full wp-post-image\" alt=\"\" itemprop=\"image\" srcset=\"https:\/\/cuicui.be\/wp-content\/uploads\/2016\/10\/nl-wouda.jpg 1024w, https:\/\/cuicui.be\/wp-content\/uploads\/2016\/10\/nl-wouda-150x75.jpg 150w, https:\/\/cuicui.be\/wp-content\/uploads\/2016\/10\/nl-wouda-300x150.jpg 300w, https:\/\/cuicui.be\/wp-content\/uploads\/2016\/10\/nl-wouda-768x384.jpg 768w, https:\/\/cuicui.be\/wp-content\/uploads\/2016\/10\/nl-wouda-600x300.jpg 600w\" sizes=\"auto, (max-width: 1024px) 100vw, 1024px\" \/><\/a>\t\t<\/div>\n\t\t\t\t\t\t\t\t<header class=\"wp-show-posts-entry-header\">\n\t\t\t\t\t\t\t<h2 class=\"wp-show-posts-entry-title\" itemprop=\"headline\"><a href=\"https:\/\/cuicui.be\/fr\/netherlands-d-f-wouda-steam-pumping-station\/\" rel=\"bookmark\">La station de pompage \u00e0 la vapeur de D.F. Wouda<\/a><\/h2>\t\t\t\t\t\t<\/header><!-- .entry-header -->\n\t\t\t\t\t\t\t\t\t\t\t<div class=\"wp-show-posts-entry-summary\" itemprop=\"text\">\n\t\t\t\t\t\t\t<p>\u00ab\u00a0La station de pompage de Wouda \u00e0 Lemmer, dans la province de Frise, a \u00e9t\u00e9 ouverte en 1920. C&rsquo;est la plus grande&#8230;<\/p>\n\t\t\t\t\t\t<\/div><!-- .entry-summary -->\n\t\t\t\t\t<\/div><!-- wp-show-posts-inner --><\/article><article class=\"  wp-show-posts-masonry-col-4  wp-show-posts-masonry-block wp-show-posts-single post-2428 post type-post status-publish format-standard has-post-thumbnail hentry category-europe category-the-netherlands wpsp-col-4\" itemtype=\"http:\/\/schema.org\/CreativeWork\" itemscope><div class=\"wp-show-posts-inner\" style=\"\">\t\t<div class=\"wp-show-posts-image zoom wpsp-image-center \">\n\t\t\t<a href=\"https:\/\/cuicui.be\/fr\/netherlands-beemster-polder\/\"  title=\"Le polder de Beemster\"><img loading=\"lazy\" decoding=\"async\" width=\"1024\" height=\"512\" src=\"https:\/\/cuicui.be\/wp-content\/uploads\/2016\/10\/nl-beemster.jpg\" class=\"attachment-full size-full wp-post-image\" alt=\"\" itemprop=\"image\" srcset=\"https:\/\/cuicui.be\/wp-content\/uploads\/2016\/10\/nl-beemster.jpg 1024w, https:\/\/cuicui.be\/wp-content\/uploads\/2016\/10\/nl-beemster-150x75.jpg 150w, https:\/\/cuicui.be\/wp-content\/uploads\/2016\/10\/nl-beemster-300x150.jpg 300w, https:\/\/cuicui.be\/wp-content\/uploads\/2016\/10\/nl-beemster-768x384.jpg 768w, https:\/\/cuicui.be\/wp-content\/uploads\/2016\/10\/nl-beemster-600x300.jpg 600w\" sizes=\"auto, (max-width: 1024px) 100vw, 1024px\" \/><\/a>\t\t<\/div>\n\t\t\t\t\t\t\t\t<header class=\"wp-show-posts-entry-header\">\n\t\t\t\t\t\t\t<h2 class=\"wp-show-posts-entry-title\" itemprop=\"headline\"><a href=\"https:\/\/cuicui.be\/fr\/netherlands-beemster-polder\/\" rel=\"bookmark\">Le polder de Beemster<\/a><\/h2>\t\t\t\t\t\t<\/header><!-- .entry-header -->\n\t\t\t\t\t\t\t\t\t\t\t<div class=\"wp-show-posts-entry-summary\" itemprop=\"text\">\n\t\t\t\t\t\t\t<p>\u00ab\u00a0Datant du d\u00e9but du XVIIe si\u00e8cle, le polder de Beemster est un exemple exceptionnel de terre conquise sur l&rsquo;eau aux Pays-Bas. Il&#8230;<\/p>\n\t\t\t\t\t\t<\/div><!-- .entry-summary -->\n\t\t\t\t\t<\/div><!-- wp-show-posts-inner --><\/article><article class=\"  wp-show-posts-masonry-col-4  wp-show-posts-masonry-block wp-show-posts-single post-2411 post type-post status-publish format-standard has-post-thumbnail hentry category-europe category-the-netherlands wpsp-col-4\" itemtype=\"http:\/\/schema.org\/CreativeWork\" itemscope><div class=\"wp-show-posts-inner\" style=\"\">\t\t<div class=\"wp-show-posts-image zoom wpsp-image-center \">\n\t\t\t<a href=\"https:\/\/cuicui.be\/fr\/netherlands-defence-line-of-amsterdam\/\"  title=\"Ligne de d\u00e9fense d&rsquo;Amsterdam\"><img loading=\"lazy\" decoding=\"async\" width=\"1024\" height=\"512\" src=\"https:\/\/cuicui.be\/wp-content\/uploads\/2016\/10\/nl-defense.jpg\" class=\"attachment-full size-full wp-post-image\" alt=\"\" itemprop=\"image\" srcset=\"https:\/\/cuicui.be\/wp-content\/uploads\/2016\/10\/nl-defense.jpg 1024w, https:\/\/cuicui.be\/wp-content\/uploads\/2016\/10\/nl-defense-150x75.jpg 150w, https:\/\/cuicui.be\/wp-content\/uploads\/2016\/10\/nl-defense-300x150.jpg 300w, https:\/\/cuicui.be\/wp-content\/uploads\/2016\/10\/nl-defense-768x384.jpg 768w, https:\/\/cuicui.be\/wp-content\/uploads\/2016\/10\/nl-defense-600x300.jpg 600w\" sizes=\"auto, (max-width: 1024px) 100vw, 1024px\" \/><\/a>\t\t<\/div>\n\t\t\t\t\t\t\t\t<header class=\"wp-show-posts-entry-header\">\n\t\t\t\t\t\t\t<h2 class=\"wp-show-posts-entry-title\" itemprop=\"headline\"><a href=\"https:\/\/cuicui.be\/fr\/netherlands-defence-line-of-amsterdam\/\" rel=\"bookmark\">Ligne de d\u00e9fense d&rsquo;Amsterdam<\/a><\/h2>\t\t\t\t\t\t<\/header><!-- .entry-header -->\n\t\t\t\t\t\t\t\t\t\t\t<div class=\"wp-show-posts-entry-summary\" itemprop=\"text\">\n\t\t\t\t\t\t\t<p>\u00ab\u00a0Parcourant 135 km autour d&rsquo;Amsterdam, la ligne d\u00e9fensive construite entre 1883 et 1920 est le seul exemple d&rsquo;une fortification continue reposant sur&#8230;<\/p>\n\t\t\t\t\t\t<\/div><!-- .entry-summary -->\n\t\t\t\t\t<\/div><!-- wp-show-posts-inner --><\/article><article class=\"  wp-show-posts-masonry-col-4  wp-show-posts-masonry-block wp-show-posts-single post-2420 post type-post status-publish format-standard has-post-thumbnail hentry category-europe category-the-netherlands wpsp-col-4\" itemtype=\"http:\/\/schema.org\/CreativeWork\" itemscope><div class=\"wp-show-posts-inner\" style=\"\">\t\t<div class=\"wp-show-posts-image zoom wpsp-image-center \">\n\t\t\t<a href=\"https:\/\/cuicui.be\/fr\/netherlands-schokland-and-surroundings\/\"  title=\"Schokland et ses environs\"><img loading=\"lazy\" decoding=\"async\" width=\"1024\" height=\"512\" src=\"https:\/\/cuicui.be\/wp-content\/uploads\/2016\/10\/nl-schokland.jpg\" class=\"attachment-full size-full wp-post-image\" alt=\"\" itemprop=\"image\" srcset=\"https:\/\/cuicui.be\/wp-content\/uploads\/2016\/10\/nl-schokland.jpg 1024w, https:\/\/cuicui.be\/wp-content\/uploads\/2016\/10\/nl-schokland-150x75.jpg 150w, https:\/\/cuicui.be\/wp-content\/uploads\/2016\/10\/nl-schokland-300x150.jpg 300w, https:\/\/cuicui.be\/wp-content\/uploads\/2016\/10\/nl-schokland-768x384.jpg 768w, https:\/\/cuicui.be\/wp-content\/uploads\/2016\/10\/nl-schokland-600x300.jpg 600w\" sizes=\"auto, (max-width: 1024px) 100vw, 1024px\" \/><\/a>\t\t<\/div>\n\t\t\t\t\t\t\t\t<header class=\"wp-show-posts-entry-header\">\n\t\t\t\t\t\t\t<h2 class=\"wp-show-posts-entry-title\" itemprop=\"headline\"><a href=\"https:\/\/cuicui.be\/fr\/netherlands-schokland-and-surroundings\/\" rel=\"bookmark\">Schokland et ses environs<\/a><\/h2>\t\t\t\t\t\t<\/header><!-- .entry-header -->\n\t\t\t\t\t\t\t\t\t\t\t<div class=\"wp-show-posts-entry-summary\" itemprop=\"text\">\n\t\t\t\t\t\t\t<p>\u00ab\u00a0Tour \u00e0 tour occup\u00e9e et abandonn\u00e9e au gr\u00e9 de l&rsquo;avance des eaux, Schokland, presqu&rsquo;\u00eele devenue \u00eele au XVe si\u00e8cle, dut \u00eatre \u00e9vacu\u00e9e&#8230;<\/p>\n\t\t\t\t\t\t<\/div><!-- .entry-summary -->\n\t\t\t\t\t<\/div><!-- wp-show-posts-inner --><\/article><div class=\"wpsp-clear\"><\/div><\/section><!-- .wp-show-posts -->\n","protected":false},"excerpt":{"rendered":"","protected":false},"author":1,"featured_media":0,"parent":0,"menu_order":0,"comment_status":"closed","ping_status":"closed","template":"","meta":{"generate_page_header":"","footnotes":""},"class_list":["post-1610","page","type-page","status-publish","hentry","generate-columns","tablet-grid-50","mobile-grid-100","grid-parent","grid-33"],"_links":{"self":[{"href":"https:\/\/cuicui.be\/fr\/wp-json\/wp\/v2\/pages\/1610","targetHints":{"allow":["GET"]}}],"collection":[{"href":"https:\/\/cuicui.be\/fr\/wp-json\/wp\/v2\/pages"}],"about":[{"href":"https:\/\/cuicui.be\/fr\/wp-json\/wp\/v2\/types\/page"}],"author":[{"embeddable":true,"href":"https:\/\/cuicui.be\/fr\/wp-json\/wp\/v2\/users\/1"}],"replies":[{"embeddable":true,"href":"https:\/\/cuicui.be\/fr\/wp-json\/wp\/v2\/comments?post=1610"}],"version-history":[{"count":0,"href":"https:\/\/cuicui.be\/fr\/wp-json\/wp\/v2\/pages\/1610\/revisions"}],"wp:attachment":[{"href":"https:\/\/cuicui.be\/fr\/wp-json\/wp\/v2\/media?parent=1610"}],"curies":[{"name":"wp","href":"https:\/\/api.w.org\/{rel}","templated":true}]}}