{"id":1612,"date":"2016-09-09T21:00:44","date_gmt":"2016-09-09T20:00:44","guid":{"rendered":"http:\/\/cuicui.be\/?page_id=1612"},"modified":"2016-09-09T21:00:44","modified_gmt":"2016-09-09T20:00:44","slug":"vietnam","status":"publish","type":"page","link":"https:\/\/cuicui.be\/fr\/vietnam\/","title":{"rendered":"Vietnam"},"content":{"rendered":"<style>.slick-slider#wpsp-1543 {margin-left: 0px; }.slick-slider#wpsp-1543 .wp-show-posts-inner {margin-left: 1em; margin-right: 1em; }#wpsp-1543.wpsp-card .wp-show-posts-single {margin-bottom: 2em; }.slick-slider#wpsp-1543 .wp-show-posts-single {margin-bottom: 0px; }#wpsp-1543 .wp-show-posts-inner {border: 1px solid #adadad; }#wpsp-1543:not(.wpsp-card) .wp-show-posts-inner {padding: 5px; }#wpsp-1543.wpsp-card .wpsp-content-wrap {padding: 5px; }<\/style><style>.wp-show-posts-columns#wpsp-1543 {margin-left: -2em; }.wp-show-posts-columns#wpsp-1543 .wp-show-posts-inner {margin: 0 0 2em 2em; }<\/style><section id=\"wpsp-1543\" class=\" wp-show-posts-columns wp-show-posts-masonry wp-show-posts\" style=\"\"><div class=\"grid-sizer wpsp-col-4\"><\/div><article class=\"  wp-show-posts-masonry-col-4  wp-show-posts-masonry-block wp-show-posts-single post-534 post type-post status-publish format-standard has-post-thumbnail hentry category-asia category-vietnam wpsp-col-4\" itemtype=\"http:\/\/schema.org\/CreativeWork\" itemscope><div class=\"wp-show-posts-inner\" style=\"\">\t\t<div class=\"wp-show-posts-image zoom wpsp-image-center \">\n\t\t\t<a href=\"https:\/\/cuicui.be\/fr\/vietnam-my-son-sanctuary\/\"  title=\"Sanctuaire de Mi-s\u00f6n\"><img loading=\"lazy\" decoding=\"async\" width=\"1024\" height=\"512\" src=\"https:\/\/cuicui.be\/wp-content\/uploads\/2007\/06\/vn-my-son.jpg\" class=\"attachment-full size-full wp-post-image\" alt=\"\" itemprop=\"image\" srcset=\"https:\/\/cuicui.be\/wp-content\/uploads\/2007\/06\/vn-my-son.jpg 1024w, https:\/\/cuicui.be\/wp-content\/uploads\/2007\/06\/vn-my-son-300x150.jpg 300w, https:\/\/cuicui.be\/wp-content\/uploads\/2007\/06\/vn-my-son-768x384.jpg 768w, https:\/\/cuicui.be\/wp-content\/uploads\/2007\/06\/vn-my-son-600x300.jpg 600w\" sizes=\"auto, (max-width: 1024px) 100vw, 1024px\" \/><\/a>\t\t<\/div>\n\t\t\t\t\t\t\t\t<header class=\"wp-show-posts-entry-header\">\n\t\t\t\t\t\t\t<h2 class=\"wp-show-posts-entry-title\" itemprop=\"headline\"><a href=\"https:\/\/cuicui.be\/fr\/vietnam-my-son-sanctuary\/\" rel=\"bookmark\">Sanctuaire de Mi-s\u00f6n<\/a><\/h2>\t\t\t\t\t\t<\/header><!-- .entry-header -->\n\t\t\t\t\t\t\t\t\t\t\t<div class=\"wp-show-posts-entry-summary\" itemprop=\"text\">\n\t\t\t\t\t\t\t<p>\u00ab\u00a0Du IVe au XIIIe si\u00e8cle, la c\u00f4te du Viet Nam contemporain accueillait une culture unique, associ\u00e9e par ses racines spirituelles \u00e0 l&rsquo;hindouisme&#8230;<\/p>\n\t\t\t\t\t\t<\/div><!-- .entry-summary -->\n\t\t\t\t\t<\/div><!-- wp-show-posts-inner --><\/article><article class=\"  wp-show-posts-masonry-col-4  wp-show-posts-masonry-block wp-show-posts-single post-2455 post type-post status-publish format-standard has-post-thumbnail hentry category-asia category-vietnam wpsp-col-4\" itemtype=\"http:\/\/schema.org\/CreativeWork\" itemscope><div class=\"wp-show-posts-inner\" style=\"\">\t\t<div class=\"wp-show-posts-image zoom wpsp-image-center \">\n\t\t\t<a href=\"https:\/\/cuicui.be\/fr\/vietnam-hoi-an-ancient-town\/\"  title=\"La vieille ville de Hoi An\"><img loading=\"lazy\" decoding=\"async\" width=\"1024\" height=\"512\" src=\"https:\/\/cuicui.be\/wp-content\/uploads\/2016\/10\/vn-hoi-an.jpg\" class=\"attachment-full size-full wp-post-image\" alt=\"\" itemprop=\"image\" srcset=\"https:\/\/cuicui.be\/wp-content\/uploads\/2016\/10\/vn-hoi-an.jpg 1024w, https:\/\/cuicui.be\/wp-content\/uploads\/2016\/10\/vn-hoi-an-150x75.jpg 150w, https:\/\/cuicui.be\/wp-content\/uploads\/2016\/10\/vn-hoi-an-300x150.jpg 300w, https:\/\/cuicui.be\/wp-content\/uploads\/2016\/10\/vn-hoi-an-768x384.jpg 768w, https:\/\/cuicui.be\/wp-content\/uploads\/2016\/10\/vn-hoi-an-600x300.jpg 600w\" sizes=\"auto, (max-width: 1024px) 100vw, 1024px\" \/><\/a>\t\t<\/div>\n\t\t\t\t\t\t\t\t<header class=\"wp-show-posts-entry-header\">\n\t\t\t\t\t\t\t<h2 class=\"wp-show-posts-entry-title\" itemprop=\"headline\"><a href=\"https:\/\/cuicui.be\/fr\/vietnam-hoi-an-ancient-town\/\" rel=\"bookmark\">La vieille ville de Hoi An<\/a><\/h2>\t\t\t\t\t\t<\/header><!-- .entry-header -->\n\t\t\t\t\t\t\t\t\t\t\t<div class=\"wp-show-posts-entry-summary\" itemprop=\"text\">\n\t\t\t\t\t\t\t<p>\u00ab\u00a0Hoi An constitue un exemple exceptionnellement bien pr\u00e9serv\u00e9 d&rsquo;une cit\u00e9 qui fut un port marchand d&rsquo;Asie du Sud-Est du XVe au XIXe&#8230;<\/p>\n\t\t\t\t\t\t<\/div><!-- .entry-summary -->\n\t\t\t\t\t<\/div><!-- wp-show-posts-inner --><\/article><article class=\"  wp-show-posts-masonry-col-4  wp-show-posts-masonry-block wp-show-posts-single post-2448 post type-post status-publish format-standard has-post-thumbnail hentry category-asia category-vietnam wpsp-col-4\" itemtype=\"http:\/\/schema.org\/CreativeWork\" itemscope><div class=\"wp-show-posts-inner\" style=\"\">\t\t<div class=\"wp-show-posts-image zoom wpsp-image-center \">\n\t\t\t<a href=\"https:\/\/cuicui.be\/fr\/vietnam-phong-nha-ke-bang-national-park\/\"  title=\"Le parc national de Phong Nha &#8211; Ke Bang\"><img loading=\"lazy\" decoding=\"async\" width=\"1024\" height=\"512\" src=\"https:\/\/cuicui.be\/wp-content\/uploads\/2016\/10\/vn-phong-nha-ke.jpg\" class=\"attachment-full size-full wp-post-image\" alt=\"\" itemprop=\"image\" srcset=\"https:\/\/cuicui.be\/wp-content\/uploads\/2016\/10\/vn-phong-nha-ke.jpg 1024w, https:\/\/cuicui.be\/wp-content\/uploads\/2016\/10\/vn-phong-nha-ke-150x75.jpg 150w, https:\/\/cuicui.be\/wp-content\/uploads\/2016\/10\/vn-phong-nha-ke-300x150.jpg 300w, https:\/\/cuicui.be\/wp-content\/uploads\/2016\/10\/vn-phong-nha-ke-768x384.jpg 768w, https:\/\/cuicui.be\/wp-content\/uploads\/2016\/10\/vn-phong-nha-ke-600x300.jpg 600w\" sizes=\"auto, (max-width: 1024px) 100vw, 1024px\" \/><\/a>\t\t<\/div>\n\t\t\t\t\t\t\t\t<header class=\"wp-show-posts-entry-header\">\n\t\t\t\t\t\t\t<h2 class=\"wp-show-posts-entry-title\" itemprop=\"headline\"><a href=\"https:\/\/cuicui.be\/fr\/vietnam-phong-nha-ke-bang-national-park\/\" rel=\"bookmark\">Le parc national de Phong Nha &#8211; Ke Bang<\/a><\/h2>\t\t\t\t\t\t<\/header><!-- .entry-header -->\n\t\t\t\t\t\t\t\t\t\t\t<div class=\"wp-show-posts-entry-summary\" itemprop=\"text\">\n\t\t\t\t\t\t\t<p>\u00ab\u00a0Le Parc pr\u00e9sente un paysage de plateaux karstiques et de for\u00eats tropicales, tr\u00e8s divers du point de vue g\u00e9ologique et offre des&#8230;<\/p>\n\t\t\t\t\t\t<\/div><!-- .entry-summary -->\n\t\t\t\t\t<\/div><!-- wp-show-posts-inner --><\/article><article class=\"  wp-show-posts-masonry-col-4  wp-show-posts-masonry-block wp-show-posts-single post-2469 post type-post status-publish format-standard has-post-thumbnail hentry category-asia category-vietnam wpsp-col-4\" itemtype=\"http:\/\/schema.org\/CreativeWork\" itemscope><div class=\"wp-show-posts-inner\" style=\"\">\t\t<div class=\"wp-show-posts-image zoom wpsp-image-center \">\n\t\t\t<a href=\"https:\/\/cuicui.be\/fr\/vietnam-tombs-of-hue\/\"  title=\"Les tombes imp\u00e9riales de Hu\u00e9\"><img loading=\"lazy\" decoding=\"async\" width=\"1024\" height=\"512\" src=\"https:\/\/cuicui.be\/wp-content\/uploads\/2016\/10\/vn-hue-tombs.jpg\" class=\"attachment-full size-full wp-post-image\" alt=\"\" itemprop=\"image\" srcset=\"https:\/\/cuicui.be\/wp-content\/uploads\/2016\/10\/vn-hue-tombs.jpg 1024w, https:\/\/cuicui.be\/wp-content\/uploads\/2016\/10\/vn-hue-tombs-150x75.jpg 150w, https:\/\/cuicui.be\/wp-content\/uploads\/2016\/10\/vn-hue-tombs-300x150.jpg 300w, https:\/\/cuicui.be\/wp-content\/uploads\/2016\/10\/vn-hue-tombs-768x384.jpg 768w, https:\/\/cuicui.be\/wp-content\/uploads\/2016\/10\/vn-hue-tombs-600x300.jpg 600w\" sizes=\"auto, (max-width: 1024px) 100vw, 1024px\" \/><\/a>\t\t<\/div>\n\t\t\t\t\t\t\t\t<header class=\"wp-show-posts-entry-header\">\n\t\t\t\t\t\t\t<h2 class=\"wp-show-posts-entry-title\" itemprop=\"headline\"><a href=\"https:\/\/cuicui.be\/fr\/vietnam-tombs-of-hue\/\" rel=\"bookmark\">Les tombes imp\u00e9riales de Hu\u00e9<\/a><\/h2>\t\t\t\t\t\t<\/header><!-- .entry-header -->\n\t\t\t\t\t\t\t\t\t\t\t<div class=\"wp-show-posts-entry-summary\" itemprop=\"text\">\n\t\t\t\t\t\t\t<p>\u00ab\u00a0Sur la rive ouest de la rivi\u00e8re des Parfums, on trouve les tombeaux des empereurs Nguy\u1ec5n (1802-1945) : le tombeau de T\u1ef1&#8230;<\/p>\n\t\t\t\t\t\t<\/div><!-- .entry-summary -->\n\t\t\t\t\t<\/div><!-- wp-show-posts-inner --><\/article><article class=\"  wp-show-posts-masonry-col-4  wp-show-posts-masonry-block wp-show-posts-single post-2463 post type-post status-publish format-standard has-post-thumbnail hentry category-asia category-vietnam wpsp-col-4\" itemtype=\"http:\/\/schema.org\/CreativeWork\" itemscope><div class=\"wp-show-posts-inner\" style=\"\">\t\t<div class=\"wp-show-posts-image zoom wpsp-image-center \">\n\t\t\t<a href=\"https:\/\/cuicui.be\/fr\/vietnam-imperial-city-of-hue\/\"  title=\"La cit\u00e9 imp\u00e9riale de Hu\u1ebf\"><img loading=\"lazy\" decoding=\"async\" width=\"1024\" height=\"512\" src=\"https:\/\/cuicui.be\/wp-content\/uploads\/2016\/10\/vn-hue.jpg\" class=\"attachment-full size-full wp-post-image\" alt=\"\" itemprop=\"image\" srcset=\"https:\/\/cuicui.be\/wp-content\/uploads\/2016\/10\/vn-hue.jpg 1024w, https:\/\/cuicui.be\/wp-content\/uploads\/2016\/10\/vn-hue-150x75.jpg 150w, https:\/\/cuicui.be\/wp-content\/uploads\/2016\/10\/vn-hue-300x150.jpg 300w, https:\/\/cuicui.be\/wp-content\/uploads\/2016\/10\/vn-hue-768x384.jpg 768w, https:\/\/cuicui.be\/wp-content\/uploads\/2016\/10\/vn-hue-600x300.jpg 600w\" sizes=\"auto, (max-width: 1024px) 100vw, 1024px\" \/><\/a>\t\t<\/div>\n\t\t\t\t\t\t\t\t<header class=\"wp-show-posts-entry-header\">\n\t\t\t\t\t\t\t<h2 class=\"wp-show-posts-entry-title\" itemprop=\"headline\"><a href=\"https:\/\/cuicui.be\/fr\/vietnam-imperial-city-of-hue\/\" rel=\"bookmark\">La cit\u00e9 imp\u00e9riale de Hu\u1ebf<\/a><\/h2>\t\t\t\t\t\t<\/header><!-- .entry-header -->\n\t\t\t\t\t\t\t\t\t\t\t<div class=\"wp-show-posts-entry-summary\" itemprop=\"text\">\n\t\t\t\t\t\t\t<p>\u00ab\u00a0La cit\u00e9 imp\u00e9riale est un palais fortifi\u00e9 de remparts au coeur de Hu\u1ebf, l&rsquo;ancienne capitale du Vietnam.\u00a0\u00bb Plus sur Wikip\u00e9dia [en anglais].<\/p>\n\t\t\t\t\t\t<\/div><!-- .entry-summary -->\n\t\t\t\t\t<\/div><!-- wp-show-posts-inner --><\/article><article class=\"  wp-show-posts-masonry-col-4  wp-show-posts-masonry-block wp-show-posts-single post-2444 post type-post status-publish format-standard has-post-thumbnail hentry category-asia category-vietnam wpsp-col-4\" itemtype=\"http:\/\/schema.org\/CreativeWork\" itemscope><div class=\"wp-show-posts-inner\" style=\"\">\t\t<div class=\"wp-show-posts-image zoom wpsp-image-center \">\n\t\t\t<a href=\"https:\/\/cuicui.be\/fr\/vietnam-ha-long-bay\/\"  title=\"La baie d&rsquo;Ha-Long\"><img loading=\"lazy\" decoding=\"async\" width=\"1024\" height=\"512\" src=\"https:\/\/cuicui.be\/wp-content\/uploads\/2016\/10\/vn-halong-bay.jpg\" class=\"attachment-full size-full wp-post-image\" alt=\"\" itemprop=\"image\" srcset=\"https:\/\/cuicui.be\/wp-content\/uploads\/2016\/10\/vn-halong-bay.jpg 1024w, https:\/\/cuicui.be\/wp-content\/uploads\/2016\/10\/vn-halong-bay-150x75.jpg 150w, https:\/\/cuicui.be\/wp-content\/uploads\/2016\/10\/vn-halong-bay-300x150.jpg 300w, https:\/\/cuicui.be\/wp-content\/uploads\/2016\/10\/vn-halong-bay-768x384.jpg 768w, https:\/\/cuicui.be\/wp-content\/uploads\/2016\/10\/vn-halong-bay-600x300.jpg 600w\" sizes=\"auto, (max-width: 1024px) 100vw, 1024px\" \/><\/a>\t\t<\/div>\n\t\t\t\t\t\t\t\t<header class=\"wp-show-posts-entry-header\">\n\t\t\t\t\t\t\t<h2 class=\"wp-show-posts-entry-title\" itemprop=\"headline\"><a href=\"https:\/\/cuicui.be\/fr\/vietnam-ha-long-bay\/\" rel=\"bookmark\">La baie d&rsquo;Ha-Long<\/a><\/h2>\t\t\t\t\t\t<\/header><!-- .entry-header -->\n\t\t\t\t\t\t\t\t\t\t\t<div class=\"wp-show-posts-entry-summary\" itemprop=\"text\">\n\t\t\t\t\t\t\t<p>\u00ab\u00a0La baie d&rsquo;Ha-Long, dans le golfe du Tonkin, compte environ 1 600 \u00eeles et \u00eelots qui cr\u00e9ent un paysage marin spectaculaire de&#8230;<\/p>\n\t\t\t\t\t\t<\/div><!-- .entry-summary -->\n\t\t\t\t\t<\/div><!-- wp-show-posts-inner --><\/article><div class=\"wpsp-clear\"><\/div><\/section><!-- .wp-show-posts -->\n","protected":false},"excerpt":{"rendered":"","protected":false},"author":1,"featured_media":0,"parent":0,"menu_order":0,"comment_status":"closed","ping_status":"closed","template":"","meta":{"generate_page_header":"","footnotes":""},"class_list":["post-1612","page","type-page","status-publish","hentry","generate-columns","tablet-grid-50","mobile-grid-100","grid-parent","grid-33"],"_links":{"self":[{"href":"https:\/\/cuicui.be\/fr\/wp-json\/wp\/v2\/pages\/1612","targetHints":{"allow":["GET"]}}],"collection":[{"href":"https:\/\/cuicui.be\/fr\/wp-json\/wp\/v2\/pages"}],"about":[{"href":"https:\/\/cuicui.be\/fr\/wp-json\/wp\/v2\/types\/page"}],"author":[{"embeddable":true,"href":"https:\/\/cuicui.be\/fr\/wp-json\/wp\/v2\/users\/1"}],"replies":[{"embeddable":true,"href":"https:\/\/cuicui.be\/fr\/wp-json\/wp\/v2\/comments?post=1612"}],"version-history":[{"count":0,"href":"https:\/\/cuicui.be\/fr\/wp-json\/wp\/v2\/pages\/1612\/revisions"}],"wp:attachment":[{"href":"https:\/\/cuicui.be\/fr\/wp-json\/wp\/v2\/media?parent=1612"}],"curies":[{"name":"wp","href":"https:\/\/api.w.org\/{rel}","templated":true}]}}