{"id":1859,"date":"2016-09-17T11:24:33","date_gmt":"2016-09-17T10:24:33","guid":{"rendered":"http:\/\/cuicui.be\/?page_id=1859"},"modified":"2016-10-14T16:28:05","modified_gmt":"2016-10-14T15:28:05","slug":"news","status":"publish","type":"page","link":"https:\/\/cuicui.be\/fr\/news\/","title":{"rendered":"Presse"},"content":{"rendered":"<style>.slick-slider#wpsp-2288 {margin-left: 0px; }.slick-slider#wpsp-2288 .wp-show-posts-inner {margin-left: 0.5em; margin-right: 0.5em; }#wpsp-2288.wpsp-card .wp-show-posts-single {margin-bottom: 1em; }.slick-slider#wpsp-2288 .wp-show-posts-single {margin-bottom: 0px; }#wpsp-2288 .wp-show-posts-inner {border: 1px solid #adadad; }#wpsp-2288:not(.wpsp-card) .wp-show-posts-inner {padding: 5px; }#wpsp-2288.wpsp-card .wpsp-content-wrap {padding: 5px; }<\/style><style>.wp-show-posts-columns#wpsp-2288 {margin-left: -1em; }.wp-show-posts-columns#wpsp-2288 .wp-show-posts-inner {margin: 0 0 1em 1em; }<\/style><section id=\"wpsp-2288\" class=\" wp-show-posts-columns wp-show-posts-masonry wp-show-posts\" style=\"\"><div class=\"grid-sizer wpsp-col-4\"><\/div><article class=\"  wp-show-posts-masonry-col-4  wp-show-posts-masonry-block wp-show-posts-single post-3490 post type-post status-publish format-standard has-post-thumbnail hentry category-press wpsp-col-4\" itemtype=\"http:\/\/schema.org\/CreativeWork\" itemscope><div class=\"wp-show-posts-inner\" style=\"\">\t\t<div class=\"wp-show-posts-image zoom wpsp-image-center \">\n\t\t\t<a href=\"https:\/\/cuicui.be\/fr\/rtbf-la-premiere-globe-croqueurs-syrie\/\"  title=\"RTBF \u2013 La Premi\u00e8re \u2013 Globe-Croqueurs \u2013 Syrie\"><img loading=\"lazy\" decoding=\"async\" width=\"1036\" height=\"369\" src=\"https:\/\/cuicui.be\/wp-content\/uploads\/2017\/01\/170103-GC.jpg\" class=\"attachment-full size-full wp-post-image\" alt=\"\" itemprop=\"image\" srcset=\"https:\/\/cuicui.be\/wp-content\/uploads\/2017\/01\/170103-GC.jpg 1036w, https:\/\/cuicui.be\/wp-content\/uploads\/2017\/01\/170103-GC-150x53.jpg 150w, https:\/\/cuicui.be\/wp-content\/uploads\/2017\/01\/170103-GC-300x107.jpg 300w, https:\/\/cuicui.be\/wp-content\/uploads\/2017\/01\/170103-GC-768x274.jpg 768w, https:\/\/cuicui.be\/wp-content\/uploads\/2017\/01\/170103-GC-1024x365.jpg 1024w, https:\/\/cuicui.be\/wp-content\/uploads\/2017\/01\/170103-GC-600x214.jpg 600w\" sizes=\"auto, (max-width: 1036px) 100vw, 1036px\" \/><\/a>\t\t<\/div>\n\t\t\t\t\t\t\t\t<header class=\"wp-show-posts-entry-header\">\n\t\t\t\t\t\t\t<h2 class=\"wp-show-posts-entry-title\" itemprop=\"headline\"><a href=\"https:\/\/cuicui.be\/fr\/rtbf-la-premiere-globe-croqueurs-syrie\/\" rel=\"bookmark\">RTBF \u2013 La Premi\u00e8re \u2013 Globe-Croqueurs \u2013 Syrie<\/a><\/h2><div class=\"wp-show-posts-entry-meta wp-show-posts-entry-meta-below-title post-meta-inline\"><span class=\"wp-show-posts-posted-on wp-show-posts-meta\">\n\t\t\t\t\t<a href=\"https:\/\/cuicui.be\/fr\/rtbf-la-premiere-globe-croqueurs-syrie\/\" title=\"11:00\" rel=\"bookmark\"><time class=\"wp-show-posts-entry-date published\" datetime=\"2017-01-03T11:00:00+00:00\" itemprop=\"datePublished\">mardi  3 janvier 2017<\/time><time class=\"wp-show-posts-updated\" datetime=\"2017-01-03T15:10:57+00:00\" itemprop=\"dateModified\">mardi  3 janvier 2017<\/time><\/a>\n\t\t\t\t<\/span><\/div>\t\t\t\t\t\t<\/header><!-- .entry-header -->\n\t\t\t\t\t\t\t\t\t\t\t<div class=\"wp-show-posts-entry-summary\" itemprop=\"text\">\n\t\t\t\t\t\t\t<p>Ce mardi dans Globe-Croqueurs, nous partons en Syrie avec Tito Dupret. La Syrie, comme elle existait en 2006. Le voyageur Tito archive&#8230;<\/p>\n\t\t\t\t\t\t<\/div><!-- .entry-summary -->\n\t\t\t\t\t<\/div><!-- wp-show-posts-inner --><\/article><article class=\"  wp-show-posts-masonry-col-4  wp-show-posts-masonry-block wp-show-posts-single post-3368 post type-post status-publish format-standard has-post-thumbnail hentry category-press wpsp-col-4\" itemtype=\"http:\/\/schema.org\/CreativeWork\" itemscope><div class=\"wp-show-posts-inner\" style=\"\">\t\t<div class=\"wp-show-posts-image zoom wpsp-image-center \">\n\t\t\t<a href=\"https:\/\/cuicui.be\/fr\/rtbf-la-premiere-globe-croqueurs-lethiopie-avec-tito-dupret\/\"  title=\"RTBF \u2013 La Premi\u00e8re \u2013 Globe-Croqueurs \u2013 Ethiopie\"><img loading=\"lazy\" decoding=\"async\" width=\"1036\" height=\"393\" src=\"https:\/\/cuicui.be\/wp-content\/uploads\/2016\/12\/161227-GC.jpg\" class=\"attachment-full size-full wp-post-image\" alt=\"\" itemprop=\"image\" srcset=\"https:\/\/cuicui.be\/wp-content\/uploads\/2016\/12\/161227-GC.jpg 1036w, https:\/\/cuicui.be\/wp-content\/uploads\/2016\/12\/161227-GC-150x57.jpg 150w, https:\/\/cuicui.be\/wp-content\/uploads\/2016\/12\/161227-GC-300x114.jpg 300w, https:\/\/cuicui.be\/wp-content\/uploads\/2016\/12\/161227-GC-768x291.jpg 768w, https:\/\/cuicui.be\/wp-content\/uploads\/2016\/12\/161227-GC-1024x388.jpg 1024w, https:\/\/cuicui.be\/wp-content\/uploads\/2016\/12\/161227-GC-600x228.jpg 600w\" sizes=\"auto, (max-width: 1036px) 100vw, 1036px\" \/><\/a>\t\t<\/div>\n\t\t\t\t\t\t\t\t<header class=\"wp-show-posts-entry-header\">\n\t\t\t\t\t\t\t<h2 class=\"wp-show-posts-entry-title\" itemprop=\"headline\"><a href=\"https:\/\/cuicui.be\/fr\/rtbf-la-premiere-globe-croqueurs-lethiopie-avec-tito-dupret\/\" rel=\"bookmark\">RTBF \u2013 La Premi\u00e8re \u2013 Globe-Croqueurs \u2013 Ethiopie<\/a><\/h2><div class=\"wp-show-posts-entry-meta wp-show-posts-entry-meta-below-title post-meta-inline\"><span class=\"wp-show-posts-posted-on wp-show-posts-meta\">\n\t\t\t\t\t<a href=\"https:\/\/cuicui.be\/fr\/rtbf-la-premiere-globe-croqueurs-lethiopie-avec-tito-dupret\/\" title=\"11:00\" rel=\"bookmark\"><time class=\"wp-show-posts-entry-date published\" datetime=\"2016-12-27T11:00:46+00:00\" itemprop=\"datePublished\">mardi 27 d\u00e9cembre 2016<\/time><time class=\"wp-show-posts-updated\" datetime=\"2016-12-31T13:53:05+00:00\" itemprop=\"dateModified\">samedi 31 d\u00e9cembre 2016<\/time><\/a>\n\t\t\t\t<\/span><\/div>\t\t\t\t\t\t<\/header><!-- .entry-header -->\n\t\t\t\t\t\t\t\t\t\t\t<div class=\"wp-show-posts-entry-summary\" itemprop=\"text\">\n\t\t\t\t\t\t\t<p>\u00ab\u00a0L&rsquo;Ethiopie avec Tito Dupret\u00a0\u00bb. Que diriez-vous de croquer \u00e0 nouveau quelques bouts de notre plan\u00e8te en compagnie de voyageurs dont la vie&#8230;<\/p>\n\t\t\t\t\t\t<\/div><!-- .entry-summary -->\n\t\t\t\t\t<\/div><!-- wp-show-posts-inner --><\/article><article class=\"  wp-show-posts-masonry-col-4  wp-show-posts-masonry-block wp-show-posts-single post-509 post type-post status-publish format-standard has-post-thumbnail hentry category-press wpsp-col-4\" itemtype=\"http:\/\/schema.org\/CreativeWork\" itemscope><div class=\"wp-show-posts-inner\" style=\"\">\t\t<div class=\"wp-show-posts-image zoom wpsp-image-center \">\n\t\t\t<a href=\"https:\/\/cuicui.be\/fr\/le-vif-palmyre-en-miroir\/\"  title=\"Le Vif L&rsquo;Express : \u00ab\u00a0Palmyre en miroir\u00a0\u00bb\"><img loading=\"lazy\" decoding=\"async\" width=\"1024\" height=\"512\" src=\"https:\/\/cuicui.be\/wp-content\/uploads\/2016\/07\/dupret-levif.jpg\" class=\"attachment-full size-full wp-post-image\" alt=\"\" itemprop=\"image\" srcset=\"https:\/\/cuicui.be\/wp-content\/uploads\/2016\/07\/dupret-levif.jpg 1024w, https:\/\/cuicui.be\/wp-content\/uploads\/2016\/07\/dupret-levif-300x150.jpg 300w, https:\/\/cuicui.be\/wp-content\/uploads\/2016\/07\/dupret-levif-768x384.jpg 768w\" sizes=\"auto, (max-width: 1024px) 100vw, 1024px\" \/><\/a>\t\t<\/div>\n\t\t\t\t\t\t\t\t<header class=\"wp-show-posts-entry-header\">\n\t\t\t\t\t\t\t<h2 class=\"wp-show-posts-entry-title\" itemprop=\"headline\"><a href=\"https:\/\/cuicui.be\/fr\/le-vif-palmyre-en-miroir\/\" rel=\"bookmark\">Le Vif L&rsquo;Express : \u00ab\u00a0Palmyre en miroir\u00a0\u00bb<\/a><\/h2><div class=\"wp-show-posts-entry-meta wp-show-posts-entry-meta-below-title post-meta-inline\"><span class=\"wp-show-posts-posted-on wp-show-posts-meta\">\n\t\t\t\t\t<a href=\"https:\/\/cuicui.be\/fr\/le-vif-palmyre-en-miroir\/\" title=\"12:00\" rel=\"bookmark\"><time class=\"wp-show-posts-entry-date published\" datetime=\"2015-06-16T12:00:29+00:00\" itemprop=\"datePublished\">mardi 16 juin 2015<\/time><time class=\"wp-show-posts-updated\" datetime=\"2016-09-10T14:01:25+00:00\" itemprop=\"dateModified\">samedi 10 septembre 2016<\/time><\/a>\n\t\t\t\t<\/span><\/div>\t\t\t\t\t\t<\/header><!-- .entry-header -->\n\t\t\t\t\t\t\t\t\t\t\t<div class=\"wp-show-posts-entry-summary\" itemprop=\"text\">\n\t\t\t\t\t\t\t<p>L&rsquo;Etat islamique sait parfaitement ce qu&rsquo;il fait en s&#8217;emparant de l&rsquo;oasis de Palmyre, en Syrie. Il n&rsquo;agit pas en sauvage inculte. Il&#8230;<\/p>\n\t\t\t\t\t\t<\/div><!-- .entry-summary -->\n\t\t\t\t\t<\/div><!-- wp-show-posts-inner --><\/article><article class=\"  wp-show-posts-masonry-col-4  wp-show-posts-masonry-block wp-show-posts-single post-848 post type-post status-publish format-standard has-post-thumbnail hentry category-press tag-conference wpsp-col-4\" itemtype=\"http:\/\/schema.org\/CreativeWork\" itemscope><div class=\"wp-show-posts-inner\" style=\"\">\t\t<div class=\"wp-show-posts-image zoom wpsp-image-center \">\n\t\t\t<a href=\"https:\/\/cuicui.be\/fr\/conference-panophotographie-du-patrimoine-mondial\/\"  title=\"Conf\u00e9rence : \u00ab\u00a0Panophotographie du patrimoine mondial\u00a0\u00bb\"><img loading=\"lazy\" decoding=\"async\" width=\"1024\" height=\"512\" src=\"https:\/\/cuicui.be\/wp-content\/uploads\/2016\/07\/dupret-heaj.jpg\" class=\"attachment-full size-full wp-post-image\" alt=\"\" itemprop=\"image\" srcset=\"https:\/\/cuicui.be\/wp-content\/uploads\/2016\/07\/dupret-heaj.jpg 1024w, https:\/\/cuicui.be\/wp-content\/uploads\/2016\/07\/dupret-heaj-300x150.jpg 300w, https:\/\/cuicui.be\/wp-content\/uploads\/2016\/07\/dupret-heaj-768x384.jpg 768w, https:\/\/cuicui.be\/wp-content\/uploads\/2016\/07\/dupret-heaj-150x75.jpg 150w, https:\/\/cuicui.be\/wp-content\/uploads\/2016\/07\/dupret-heaj-600x300.jpg 600w\" sizes=\"auto, (max-width: 1024px) 100vw, 1024px\" \/><\/a>\t\t<\/div>\n\t\t\t\t\t\t\t\t<header class=\"wp-show-posts-entry-header\">\n\t\t\t\t\t\t\t<h2 class=\"wp-show-posts-entry-title\" itemprop=\"headline\"><a href=\"https:\/\/cuicui.be\/fr\/conference-panophotographie-du-patrimoine-mondial\/\" rel=\"bookmark\">Conf\u00e9rence : \u00ab\u00a0Panophotographie du patrimoine mondial\u00a0\u00bb<\/a><\/h2><div class=\"wp-show-posts-entry-meta wp-show-posts-entry-meta-below-title post-meta-inline\"><span class=\"wp-show-posts-posted-on wp-show-posts-meta\">\n\t\t\t\t\t<a href=\"https:\/\/cuicui.be\/fr\/conference-panophotographie-du-patrimoine-mondial\/\" title=\"12:00\" rel=\"bookmark\"><time class=\"wp-show-posts-entry-date published\" datetime=\"2009-05-14T12:00:12+00:00\" itemprop=\"datePublished\">jeudi 14 mai 2009<\/time><time class=\"wp-show-posts-updated\" datetime=\"2016-12-21T17:16:39+00:00\" itemprop=\"dateModified\">mercredi 21 d\u00e9cembre 2016<\/time><\/a>\n\t\t\t\t<\/span><\/div>\t\t\t\t\t\t<\/header><!-- .entry-header -->\n\t\t\t\t\t\t\t\t\t\t\t<div class=\"wp-show-posts-entry-summary\" itemprop=\"text\">\n\t\t\t\t\t\t\t<p>Conf\u00e9rence de Tito Dupret \u00e0 la Haute Ecole Albert Jacquard, \u00e0 l&rsquo;invitation d&rsquo;Alain Hamblenne. Vid\u00e9o r\u00e9alis\u00e9e par Nicolas Garcia Tunon.<\/p>\n\t\t\t\t\t\t<\/div><!-- .entry-summary -->\n\t\t\t\t\t<\/div><!-- wp-show-posts-inner --><\/article><article class=\"  wp-show-posts-masonry-col-4  wp-show-posts-masonry-block wp-show-posts-single post-268 post type-post status-publish format-standard has-post-thumbnail hentry category-press wpsp-col-4\" itemtype=\"http:\/\/schema.org\/CreativeWork\" itemscope><div class=\"wp-show-posts-inner\" style=\"\">\t\t<div class=\"wp-show-posts-image zoom wpsp-image-center \">\n\t\t\t<a href=\"https:\/\/cuicui.be\/fr\/les-echos-le-tour-du-monde-en-360-degres\/\"  title=\"Les Echos : \u00ab\u00a0Le tour du monde en 360 degr\u00e9s\u00a0\u00bb\"><img loading=\"lazy\" decoding=\"async\" width=\"1024\" height=\"512\" src=\"https:\/\/cuicui.be\/wp-content\/uploads\/2016\/07\/cuicui-les-echos.jpg\" class=\"attachment-full size-full wp-post-image\" alt=\"\" itemprop=\"image\" srcset=\"https:\/\/cuicui.be\/wp-content\/uploads\/2016\/07\/cuicui-les-echos.jpg 1024w, https:\/\/cuicui.be\/wp-content\/uploads\/2016\/07\/cuicui-les-echos-300x150.jpg 300w, https:\/\/cuicui.be\/wp-content\/uploads\/2016\/07\/cuicui-les-echos-768x384.jpg 768w\" sizes=\"auto, (max-width: 1024px) 100vw, 1024px\" \/><\/a>\t\t<\/div>\n\t\t\t\t\t\t\t\t<header class=\"wp-show-posts-entry-header\">\n\t\t\t\t\t\t\t<h2 class=\"wp-show-posts-entry-title\" itemprop=\"headline\"><a href=\"https:\/\/cuicui.be\/fr\/les-echos-le-tour-du-monde-en-360-degres\/\" rel=\"bookmark\">Les Echos : \u00ab\u00a0Le tour du monde en 360 degr\u00e9s\u00a0\u00bb<\/a><\/h2><div class=\"wp-show-posts-entry-meta wp-show-posts-entry-meta-below-title post-meta-inline\"><span class=\"wp-show-posts-posted-on wp-show-posts-meta\">\n\t\t\t\t\t<a href=\"https:\/\/cuicui.be\/fr\/les-echos-le-tour-du-monde-en-360-degres\/\" title=\"12:00\" rel=\"bookmark\"><time class=\"wp-show-posts-entry-date published\" datetime=\"2006-02-03T12:00:30+00:00\" itemprop=\"datePublished\">vendredi  3 f\u00e9vrier 2006<\/time><time class=\"wp-show-posts-updated\" datetime=\"2016-07-11T11:22:58+00:00\" itemprop=\"dateModified\">lundi 11 juillet 2016<\/time><\/a>\n\t\t\t\t<\/span><\/div>\t\t\t\t\t\t<\/header><!-- .entry-header -->\n\t\t\t\t\t\t\t\t\t\t\t<div class=\"wp-show-posts-entry-summary\" itemprop=\"text\">\n\t\t\t\t\t\t\t<p>Les tribulations d&rsquo;un \u00e9tonnant photographe internaute.\u00a0Par Nicolas Michel.\u00a0Voir en PDF.<\/p>\n\t\t\t\t\t\t<\/div><!-- .entry-summary -->\n\t\t\t\t\t<\/div><!-- wp-show-posts-inner --><\/article><article class=\"  wp-show-posts-masonry-col-4  wp-show-posts-masonry-block wp-show-posts-single post-1446 post type-post status-publish format-standard has-post-thumbnail hentry category-press wpsp-col-4\" itemtype=\"http:\/\/schema.org\/CreativeWork\" itemscope><div class=\"wp-show-posts-inner\" style=\"\">\t\t<div class=\"wp-show-posts-image zoom wpsp-image-center \">\n\t\t\t<a href=\"https:\/\/cuicui.be\/fr\/flip-side-of-world-heritage-status\/\"  title=\"International Herald Tribune : \u00ab\u00a0Flip side of World Heritage status\u00a0\u00bb\"><img loading=\"lazy\" decoding=\"async\" width=\"1024\" height=\"512\" src=\"https:\/\/cuicui.be\/wp-content\/uploads\/2016\/08\/060115_IHT.jpg\" class=\"attachment-full size-full wp-post-image\" alt=\"\" itemprop=\"image\" srcset=\"https:\/\/cuicui.be\/wp-content\/uploads\/2016\/08\/060115_IHT.jpg 1024w, https:\/\/cuicui.be\/wp-content\/uploads\/2016\/08\/060115_IHT-300x150.jpg 300w, https:\/\/cuicui.be\/wp-content\/uploads\/2016\/08\/060115_IHT-768x384.jpg 768w, https:\/\/cuicui.be\/wp-content\/uploads\/2016\/08\/060115_IHT-150x75.jpg 150w, https:\/\/cuicui.be\/wp-content\/uploads\/2016\/08\/060115_IHT-600x300.jpg 600w\" sizes=\"auto, (max-width: 1024px) 100vw, 1024px\" \/><\/a>\t\t<\/div>\n\t\t\t\t\t\t\t\t<header class=\"wp-show-posts-entry-header\">\n\t\t\t\t\t\t\t<h2 class=\"wp-show-posts-entry-title\" itemprop=\"headline\"><a href=\"https:\/\/cuicui.be\/fr\/flip-side-of-world-heritage-status\/\" rel=\"bookmark\">International Herald Tribune : \u00ab\u00a0Flip side of World Heritage status\u00a0\u00bb<\/a><\/h2><div class=\"wp-show-posts-entry-meta wp-show-posts-entry-meta-below-title post-meta-inline\"><span class=\"wp-show-posts-posted-on wp-show-posts-meta\">\n\t\t\t\t\t<a href=\"https:\/\/cuicui.be\/fr\/flip-side-of-world-heritage-status\/\" title=\"12:00\" rel=\"bookmark\"><time class=\"wp-show-posts-entry-date published\" datetime=\"2006-01-15T12:00:12+00:00\" itemprop=\"datePublished\">dimanche 15 janvier 2006<\/time><time class=\"wp-show-posts-updated\" datetime=\"2016-09-17T11:22:13+00:00\" itemprop=\"dateModified\">samedi 17 septembre 2016<\/time><\/a>\n\t\t\t\t<\/span><\/div>\t\t\t\t\t\t<\/header><!-- .entry-header -->\n\t\t\t\t\t\t\t\t\t\t\t<div class=\"wp-show-posts-entry-summary\" itemprop=\"text\">\n\t\t\t\t\t\t\t<p>[en anglais] Countries found that recognition results in tourism. Read in PDF.<\/p>\n\t\t\t\t\t\t<\/div><!-- .entry-summary -->\n\t\t\t\t\t<\/div><!-- wp-show-posts-inner --><\/article><div class=\"wpsp-clear\"><\/div><\/section><!-- .wp-show-posts --><div class=\"wpsp-load-more\"><span aria-current=\"page\" class=\"page-numbers current\">1<\/span>\n<a class=\"page-numbers\" href=\"https:\/\/cuicui.be\/fr\/wp-json\/wp\/v2\/pages\/1859\/page\/2\/\">2<\/a>\n<a class=\"page-numbers\" href=\"https:\/\/cuicui.be\/fr\/wp-json\/wp\/v2\/pages\/1859\/page\/3\/\">3<\/a>\n<a class=\"next page-numbers\" href=\"https:\/\/cuicui.be\/fr\/wp-json\/wp\/v2\/pages\/1859\/page\/2\/\">Next &rarr;<\/a><\/div>\n","protected":false},"excerpt":{"rendered":"","protected":false},"author":1,"featured_media":0,"parent":0,"menu_order":0,"comment_status":"closed","ping_status":"closed","template":"","meta":{"generate_page_header":"","footnotes":""},"class_list":["post-1859","page","type-page","status-publish","hentry","generate-columns","tablet-grid-50","mobile-grid-100","grid-parent","grid-33"],"_links":{"self":[{"href":"https:\/\/cuicui.be\/fr\/wp-json\/wp\/v2\/pages\/1859","targetHints":{"allow":["GET"]}}],"collection":[{"href":"https:\/\/cuicui.be\/fr\/wp-json\/wp\/v2\/pages"}],"about":[{"href":"https:\/\/cuicui.be\/fr\/wp-json\/wp\/v2\/types\/page"}],"author":[{"embeddable":true,"href":"https:\/\/cuicui.be\/fr\/wp-json\/wp\/v2\/users\/1"}],"replies":[{"embeddable":true,"href":"https:\/\/cuicui.be\/fr\/wp-json\/wp\/v2\/comments?post=1859"}],"version-history":[{"count":0,"href":"https:\/\/cuicui.be\/fr\/wp-json\/wp\/v2\/pages\/1859\/revisions"}],"wp:attachment":[{"href":"https:\/\/cuicui.be\/fr\/wp-json\/wp\/v2\/media?parent=1859"}],"curies":[{"name":"wp","href":"https:\/\/api.w.org\/{rel}","templated":true}]}}