{"id":2008,"date":"2016-09-22T17:38:38","date_gmt":"2016-09-22T16:38:38","guid":{"rendered":"http:\/\/cuicui.be\/?page_id=2008"},"modified":"2016-09-22T17:38:38","modified_gmt":"2016-09-22T16:38:38","slug":"iran","status":"publish","type":"page","link":"https:\/\/cuicui.be\/fr\/iran\/","title":{"rendered":"Iran"},"content":{"rendered":"<style>.slick-slider#wpsp-2007 {margin-left: 0px; }.slick-slider#wpsp-2007 .wp-show-posts-inner {margin-left: 1em; margin-right: 1em; }#wpsp-2007.wpsp-card .wp-show-posts-single {margin-bottom: 2em; }.slick-slider#wpsp-2007 .wp-show-posts-single {margin-bottom: 0px; }#wpsp-2007 .wp-show-posts-inner {border: 1px solid #adadad; }#wpsp-2007:not(.wpsp-card) .wp-show-posts-inner {padding: 5px; }#wpsp-2007.wpsp-card .wpsp-content-wrap {padding: 5px; }<\/style><style>.wp-show-posts-columns#wpsp-2007 {margin-left: -2em; }.wp-show-posts-columns#wpsp-2007 .wp-show-posts-inner {margin: 0 0 2em 2em; }<\/style><section id=\"wpsp-2007\" class=\" wp-show-posts-columns wp-show-posts-masonry wp-show-posts\" style=\"\"><div class=\"grid-sizer wpsp-col-4\"><\/div><article class=\"  wp-show-posts-masonry-col-4  wp-show-posts-masonry-block wp-show-posts-single post-2011 post type-post status-publish format-standard has-post-thumbnail hentry category-asia category-iran wpsp-col-4\" itemtype=\"http:\/\/schema.org\/CreativeWork\" itemscope><div class=\"wp-show-posts-inner\" style=\"\">\t\t<div class=\"wp-show-posts-image zoom wpsp-image-center \">\n\t\t\t<a href=\"https:\/\/cuicui.be\/fr\/iran-arg-e-bam\/\"  title=\"Arg-\u00e9 Bam\"><img loading=\"lazy\" decoding=\"async\" width=\"1024\" height=\"512\" src=\"https:\/\/cuicui.be\/wp-content\/uploads\/2016\/09\/ir-bam.jpg\" class=\"attachment-full size-full wp-post-image\" alt=\"\" itemprop=\"image\" srcset=\"https:\/\/cuicui.be\/wp-content\/uploads\/2016\/09\/ir-bam.jpg 1024w, https:\/\/cuicui.be\/wp-content\/uploads\/2016\/09\/ir-bam-300x150.jpg 300w, https:\/\/cuicui.be\/wp-content\/uploads\/2016\/09\/ir-bam-768x384.jpg 768w, https:\/\/cuicui.be\/wp-content\/uploads\/2016\/09\/ir-bam-150x75.jpg 150w, https:\/\/cuicui.be\/wp-content\/uploads\/2016\/09\/ir-bam-600x300.jpg 600w\" sizes=\"auto, (max-width: 1024px) 100vw, 1024px\" \/><\/a>\t\t<\/div>\n\t\t\t\t\t\t\t\t<header class=\"wp-show-posts-entry-header\">\n\t\t\t\t\t\t\t<h2 class=\"wp-show-posts-entry-title\" itemprop=\"headline\"><a href=\"https:\/\/cuicui.be\/fr\/iran-arg-e-bam\/\" rel=\"bookmark\">Arg-\u00e9 Bam<\/a><\/h2>\t\t\t\t\t\t<\/header><!-- .entry-header -->\n\t\t\t\t\t\t\t\t\t\t\t<div class=\"wp-show-posts-entry-summary\" itemprop=\"text\">\n\t\t\t\t\t\t\t<p>\u00ab\u00a0Bam et son paysage culturel s\u2019inscrivent dans un environnement d\u00e9sertique, \u00e0 la lisi\u00e8re sud du haut plateau iranien. On peut retracer les&#8230;<\/p>\n\t\t\t\t\t\t<\/div><!-- .entry-summary -->\n\t\t\t\t\t<\/div><!-- wp-show-posts-inner --><\/article><article class=\"  wp-show-posts-masonry-col-4  wp-show-posts-masonry-block wp-show-posts-single post-1990 post type-post status-publish format-standard has-post-thumbnail hentry category-asia category-iran wpsp-col-4\" itemtype=\"http:\/\/schema.org\/CreativeWork\" itemscope><div class=\"wp-show-posts-inner\" style=\"\">\t\t<div class=\"wp-show-posts-image zoom wpsp-image-center \">\n\t\t\t<a href=\"https:\/\/cuicui.be\/fr\/iran-yazd-persian-architecture\/\"  title=\"Architecture perse de Yazd\"><img loading=\"lazy\" decoding=\"async\" width=\"1024\" height=\"512\" src=\"https:\/\/cuicui.be\/wp-content\/uploads\/2016\/09\/ir-yazd.jpg\" class=\"attachment-full size-full wp-post-image\" alt=\"\" itemprop=\"image\" srcset=\"https:\/\/cuicui.be\/wp-content\/uploads\/2016\/09\/ir-yazd.jpg 1024w, https:\/\/cuicui.be\/wp-content\/uploads\/2016\/09\/ir-yazd-300x150.jpg 300w, https:\/\/cuicui.be\/wp-content\/uploads\/2016\/09\/ir-yazd-768x384.jpg 768w, https:\/\/cuicui.be\/wp-content\/uploads\/2016\/09\/ir-yazd-150x75.jpg 150w, https:\/\/cuicui.be\/wp-content\/uploads\/2016\/09\/ir-yazd-600x300.jpg 600w\" sizes=\"auto, (max-width: 1024px) 100vw, 1024px\" \/><\/a>\t\t<\/div>\n\t\t\t\t\t\t\t\t<header class=\"wp-show-posts-entry-header\">\n\t\t\t\t\t\t\t<h2 class=\"wp-show-posts-entry-title\" itemprop=\"headline\"><a href=\"https:\/\/cuicui.be\/fr\/iran-yazd-persian-architecture\/\" rel=\"bookmark\">Architecture perse de Yazd<\/a><\/h2>\t\t\t\t\t\t<\/header><!-- .entry-header -->\n\t\t\t\t\t\t\t\t\t\t\t<div class=\"wp-show-posts-entry-summary\" itemprop=\"text\">\n\t\t\t\t\t\t\t<p>\u00ab\u00a0Yazd a depuis toujours d\u00e9velopp\u00e9 une architecture adapt\u00e9e \u00e0 son milieu d\u00e9sertique extr\u00eame. Les maisons sont traditionnellement en pis\u00e9, \u00e0 toits plats&#8230;<\/p>\n\t\t\t\t\t\t<\/div><!-- .entry-summary -->\n\t\t\t\t\t<\/div><!-- wp-show-posts-inner --><\/article><article class=\"  wp-show-posts-masonry-col-4  wp-show-posts-masonry-block wp-show-posts-single post-1999 post type-post status-publish format-standard has-post-thumbnail hentry category-asia category-iran wpsp-col-4\" itemtype=\"http:\/\/schema.org\/CreativeWork\" itemscope><div class=\"wp-show-posts-inner\" style=\"\">\t\t<div class=\"wp-show-posts-image zoom wpsp-image-center \">\n\t\t\t<a href=\"https:\/\/cuicui.be\/fr\/iran-naqsh-e-jahan-square-in-isfahan\/\"  title=\"Meidan Emam, Ispahan\"><img loading=\"lazy\" decoding=\"async\" width=\"1024\" height=\"512\" src=\"https:\/\/cuicui.be\/wp-content\/uploads\/2005\/03\/ir-isfahan.jpg\" class=\"attachment-full size-full wp-post-image\" alt=\"\" itemprop=\"image\" srcset=\"https:\/\/cuicui.be\/wp-content\/uploads\/2005\/03\/ir-isfahan.jpg 1024w, https:\/\/cuicui.be\/wp-content\/uploads\/2005\/03\/ir-isfahan-300x150.jpg 300w, https:\/\/cuicui.be\/wp-content\/uploads\/2005\/03\/ir-isfahan-768x384.jpg 768w, https:\/\/cuicui.be\/wp-content\/uploads\/2005\/03\/ir-isfahan-150x75.jpg 150w, https:\/\/cuicui.be\/wp-content\/uploads\/2005\/03\/ir-isfahan-600x300.jpg 600w\" sizes=\"auto, (max-width: 1024px) 100vw, 1024px\" \/><\/a>\t\t<\/div>\n\t\t\t\t\t\t\t\t<header class=\"wp-show-posts-entry-header\">\n\t\t\t\t\t\t\t<h2 class=\"wp-show-posts-entry-title\" itemprop=\"headline\"><a href=\"https:\/\/cuicui.be\/fr\/iran-naqsh-e-jahan-square-in-isfahan\/\" rel=\"bookmark\">Meidan Emam, Ispahan<\/a><\/h2>\t\t\t\t\t\t<\/header><!-- .entry-header -->\n\t\t\t\t\t\t\t\t\t\t\t<div class=\"wp-show-posts-entry-summary\" itemprop=\"text\">\n\t\t\t\t\t\t\t<p>\u00ab\u00a0Construit par le shah Abbas Ier le Grand au d\u00e9but du XVIIe si\u00e8cle, et enti\u00e8rement entour\u00e9 de constructions monumentales reli\u00e9es par une&#8230;<\/p>\n\t\t\t\t\t\t<\/div><!-- .entry-summary -->\n\t\t\t\t\t<\/div><!-- wp-show-posts-inner --><\/article><article class=\"  wp-show-posts-masonry-col-4  wp-show-posts-masonry-block wp-show-posts-single post-1995 post type-post status-publish format-standard has-post-thumbnail hentry category-asia category-iran wpsp-col-4\" itemtype=\"http:\/\/schema.org\/CreativeWork\" itemscope><div class=\"wp-show-posts-inner\" style=\"\">\t\t<div class=\"wp-show-posts-image zoom wpsp-image-center \">\n\t\t\t<a href=\"https:\/\/cuicui.be\/fr\/iran-parsagadae\/\"  title=\"Parsagades\"><img loading=\"lazy\" decoding=\"async\" width=\"1024\" height=\"512\" src=\"https:\/\/cuicui.be\/wp-content\/uploads\/2016\/09\/ir-parsagadae.jpg\" class=\"attachment-full size-full wp-post-image\" alt=\"\" itemprop=\"image\" srcset=\"https:\/\/cuicui.be\/wp-content\/uploads\/2016\/09\/ir-parsagadae.jpg 1024w, https:\/\/cuicui.be\/wp-content\/uploads\/2016\/09\/ir-parsagadae-300x150.jpg 300w, https:\/\/cuicui.be\/wp-content\/uploads\/2016\/09\/ir-parsagadae-768x384.jpg 768w, https:\/\/cuicui.be\/wp-content\/uploads\/2016\/09\/ir-parsagadae-150x75.jpg 150w, https:\/\/cuicui.be\/wp-content\/uploads\/2016\/09\/ir-parsagadae-600x300.jpg 600w\" sizes=\"auto, (max-width: 1024px) 100vw, 1024px\" \/><\/a>\t\t<\/div>\n\t\t\t\t\t\t\t\t<header class=\"wp-show-posts-entry-header\">\n\t\t\t\t\t\t\t<h2 class=\"wp-show-posts-entry-title\" itemprop=\"headline\"><a href=\"https:\/\/cuicui.be\/fr\/iran-parsagadae\/\" rel=\"bookmark\">Parsagades<\/a><\/h2>\t\t\t\t\t\t<\/header><!-- .entry-header -->\n\t\t\t\t\t\t\t\t\t\t\t<div class=\"wp-show-posts-entry-summary\" itemprop=\"text\">\n\t\t\t\t\t\t\t<p>\u00ab\u00a0Pasargades fut la premi\u00e8re capitale dynastique de l\u2019Empire ach\u00e9m\u00e9nide fond\u00e9e au VIe si\u00e8cle av. J.-C. par Cyrus II le Grand au c\u0153ur&#8230;<\/p>\n\t\t\t\t\t\t<\/div><!-- .entry-summary -->\n\t\t\t\t\t<\/div><!-- wp-show-posts-inner --><\/article><article class=\"  wp-show-posts-masonry-col-4  wp-show-posts-masonry-block wp-show-posts-single post-2025 post type-post status-publish format-standard has-post-thumbnail hentry category-asia category-iran wpsp-col-4\" itemtype=\"http:\/\/schema.org\/CreativeWork\" itemscope><div class=\"wp-show-posts-inner\" style=\"\">\t\t<div class=\"wp-show-posts-image zoom wpsp-image-center \">\n\t\t\t<a href=\"https:\/\/cuicui.be\/fr\/iran-chogha-zanbil\/\"  title=\"Tchoga Zanbil\"><img loading=\"lazy\" decoding=\"async\" width=\"1024\" height=\"512\" src=\"https:\/\/cuicui.be\/wp-content\/uploads\/2016\/09\/ir-zanbil.jpg\" class=\"attachment-full size-full wp-post-image\" alt=\"\" itemprop=\"image\" srcset=\"https:\/\/cuicui.be\/wp-content\/uploads\/2016\/09\/ir-zanbil.jpg 1024w, https:\/\/cuicui.be\/wp-content\/uploads\/2016\/09\/ir-zanbil-300x150.jpg 300w, https:\/\/cuicui.be\/wp-content\/uploads\/2016\/09\/ir-zanbil-768x384.jpg 768w, https:\/\/cuicui.be\/wp-content\/uploads\/2016\/09\/ir-zanbil-150x75.jpg 150w, https:\/\/cuicui.be\/wp-content\/uploads\/2016\/09\/ir-zanbil-600x300.jpg 600w\" sizes=\"auto, (max-width: 1024px) 100vw, 1024px\" \/><\/a>\t\t<\/div>\n\t\t\t\t\t\t\t\t<header class=\"wp-show-posts-entry-header\">\n\t\t\t\t\t\t\t<h2 class=\"wp-show-posts-entry-title\" itemprop=\"headline\"><a href=\"https:\/\/cuicui.be\/fr\/iran-chogha-zanbil\/\" rel=\"bookmark\">Tchoga Zanbil<\/a><\/h2>\t\t\t\t\t\t<\/header><!-- .entry-header -->\n\t\t\t\t\t\t\t\t\t\t\t<div class=\"wp-show-posts-entry-summary\" itemprop=\"text\">\n\t\t\t\t\t\t\t<p>\u00ab\u00a0\u00c0 l&rsquo;int\u00e9rieur de trois formidables enceintes concentriques, le site de Tchoga Zanbil conserve les ruines de la ville sainte du royaume d&rsquo;\u00c9lam,&#8230;<\/p>\n\t\t\t\t\t\t<\/div><!-- .entry-summary -->\n\t\t\t\t\t<\/div><!-- wp-show-posts-inner --><\/article><article class=\"  wp-show-posts-masonry-col-4  wp-show-posts-masonry-block wp-show-posts-single post-2032 post type-post status-publish format-standard has-post-thumbnail hentry category-asia category-iran wpsp-col-4\" itemtype=\"http:\/\/schema.org\/CreativeWork\" itemscope><div class=\"wp-show-posts-inner\" style=\"\">\t\t<div class=\"wp-show-posts-image zoom wpsp-image-center \">\n\t\t\t<a href=\"https:\/\/cuicui.be\/fr\/iran-gonbad-e-soltaniyeh\/\"  title=\"Gonbad e-Soltaniyeh\"><img loading=\"lazy\" decoding=\"async\" width=\"1024\" height=\"512\" src=\"https:\/\/cuicui.be\/wp-content\/uploads\/2016\/09\/ir-soltaniyeh.jpg\" class=\"attachment-full size-full wp-post-image\" alt=\"\" itemprop=\"image\" srcset=\"https:\/\/cuicui.be\/wp-content\/uploads\/2016\/09\/ir-soltaniyeh.jpg 1024w, https:\/\/cuicui.be\/wp-content\/uploads\/2016\/09\/ir-soltaniyeh-300x150.jpg 300w, https:\/\/cuicui.be\/wp-content\/uploads\/2016\/09\/ir-soltaniyeh-768x384.jpg 768w, https:\/\/cuicui.be\/wp-content\/uploads\/2016\/09\/ir-soltaniyeh-150x75.jpg 150w, https:\/\/cuicui.be\/wp-content\/uploads\/2016\/09\/ir-soltaniyeh-600x300.jpg 600w\" sizes=\"auto, (max-width: 1024px) 100vw, 1024px\" \/><\/a>\t\t<\/div>\n\t\t\t\t\t\t\t\t<header class=\"wp-show-posts-entry-header\">\n\t\t\t\t\t\t\t<h2 class=\"wp-show-posts-entry-title\" itemprop=\"headline\"><a href=\"https:\/\/cuicui.be\/fr\/iran-gonbad-e-soltaniyeh\/\" rel=\"bookmark\">Gonbad e-Soltaniyeh<\/a><\/h2>\t\t\t\t\t\t<\/header><!-- .entry-header -->\n\t\t\t\t\t\t\t\t\t\t\t<div class=\"wp-show-posts-entry-summary\" itemprop=\"text\">\n\t\t\t\t\t\t\t<p>\u00ab\u00a0Le mausol\u00e9e d\u2019Oljeitu fut construit entre 1302 et 1312 dans la ville de Soltaniyeh, capitale des tribus mongoles Ilkhanides.\u00a0\u00bb Plus d&rsquo;information via&#8230;<\/p>\n\t\t\t\t\t\t<\/div><!-- .entry-summary -->\n\t\t\t\t\t<\/div><!-- wp-show-posts-inner --><\/article><div class=\"wpsp-clear\"><\/div><\/section><!-- .wp-show-posts --><div class=\"wpsp-load-more\"><span aria-current=\"page\" class=\"page-numbers current\">1<\/span>\n<a class=\"page-numbers\" href=\"https:\/\/cuicui.be\/fr\/wp-json\/wp\/v2\/pages\/2008\/page\/2\/\">2<\/a>\n<a class=\"next page-numbers\" href=\"https:\/\/cuicui.be\/fr\/wp-json\/wp\/v2\/pages\/2008\/page\/2\/\">Next &rarr;<\/a><\/div>\n","protected":false},"excerpt":{"rendered":"","protected":false},"author":1,"featured_media":0,"parent":0,"menu_order":0,"comment_status":"closed","ping_status":"closed","template":"","meta":{"generate_page_header":"","footnotes":""},"class_list":["post-2008","page","type-page","status-publish","hentry","generate-columns","tablet-grid-50","mobile-grid-100","grid-parent","grid-33"],"_links":{"self":[{"href":"https:\/\/cuicui.be\/fr\/wp-json\/wp\/v2\/pages\/2008","targetHints":{"allow":["GET"]}}],"collection":[{"href":"https:\/\/cuicui.be\/fr\/wp-json\/wp\/v2\/pages"}],"about":[{"href":"https:\/\/cuicui.be\/fr\/wp-json\/wp\/v2\/types\/page"}],"author":[{"embeddable":true,"href":"https:\/\/cuicui.be\/fr\/wp-json\/wp\/v2\/users\/1"}],"replies":[{"embeddable":true,"href":"https:\/\/cuicui.be\/fr\/wp-json\/wp\/v2\/comments?post=2008"}],"version-history":[{"count":0,"href":"https:\/\/cuicui.be\/fr\/wp-json\/wp\/v2\/pages\/2008\/revisions"}],"wp:attachment":[{"href":"https:\/\/cuicui.be\/fr\/wp-json\/wp\/v2\/media?parent=2008"}],"curies":[{"name":"wp","href":"https:\/\/api.w.org\/{rel}","templated":true}]}}