{"id":2073,"date":"2016-09-27T00:55:24","date_gmt":"2016-09-26T23:55:24","guid":{"rendered":"http:\/\/cuicui.be\/?page_id=2073"},"modified":"2016-09-27T00:55:24","modified_gmt":"2016-09-26T23:55:24","slug":"turkmenistan","status":"publish","type":"page","link":"https:\/\/cuicui.be\/fr\/turkmenistan\/","title":{"rendered":"Turkmenistan"},"content":{"rendered":"<style>.slick-slider#wpsp-2072 {margin-left: 0px; }.slick-slider#wpsp-2072 .wp-show-posts-inner {margin-left: 1em; margin-right: 1em; }#wpsp-2072.wpsp-card .wp-show-posts-single {margin-bottom: 2em; }.slick-slider#wpsp-2072 .wp-show-posts-single {margin-bottom: 0px; }#wpsp-2072 .wp-show-posts-inner {border: 1px solid #adadad; }#wpsp-2072:not(.wpsp-card) .wp-show-posts-inner {padding: 5px; }#wpsp-2072.wpsp-card .wpsp-content-wrap {padding: 5px; }<\/style><style>.wp-show-posts-columns#wpsp-2072 {margin-left: -2em; }.wp-show-posts-columns#wpsp-2072 .wp-show-posts-inner {margin: 0 0 2em 2em; }<\/style><section id=\"wpsp-2072\" class=\" wp-show-posts-columns wp-show-posts-masonry wp-show-posts\" style=\"\"><div class=\"grid-sizer wpsp-col-4\"><\/div><article class=\"  wp-show-posts-masonry-col-4  wp-show-posts-masonry-block wp-show-posts-single post-2068 post type-post status-publish format-standard has-post-thumbnail hentry category-asia category-turkmenistan wpsp-col-4\" itemtype=\"http:\/\/schema.org\/CreativeWork\" itemscope><div class=\"wp-show-posts-inner\" style=\"\">\t\t<div class=\"wp-show-posts-image zoom wpsp-image-center \">\n\t\t\t<a href=\"https:\/\/cuicui.be\/fr\/turkmenistan-ancient-city-of-merv\/\"  title=\"Ancienne ville de Merv\"><img loading=\"lazy\" decoding=\"async\" width=\"1024\" height=\"512\" src=\"https:\/\/cuicui.be\/wp-content\/uploads\/2016\/09\/tm-merv.jpg\" class=\"attachment-full size-full wp-post-image\" alt=\"\" itemprop=\"image\" srcset=\"https:\/\/cuicui.be\/wp-content\/uploads\/2016\/09\/tm-merv.jpg 1024w, https:\/\/cuicui.be\/wp-content\/uploads\/2016\/09\/tm-merv-150x75.jpg 150w, https:\/\/cuicui.be\/wp-content\/uploads\/2016\/09\/tm-merv-300x150.jpg 300w, https:\/\/cuicui.be\/wp-content\/uploads\/2016\/09\/tm-merv-768x384.jpg 768w, https:\/\/cuicui.be\/wp-content\/uploads\/2016\/09\/tm-merv-600x300.jpg 600w\" sizes=\"auto, (max-width: 1024px) 100vw, 1024px\" \/><\/a>\t\t<\/div>\n\t\t\t\t\t\t\t\t<header class=\"wp-show-posts-entry-header\">\n\t\t\t\t\t\t\t<h2 class=\"wp-show-posts-entry-title\" itemprop=\"headline\"><a href=\"https:\/\/cuicui.be\/fr\/turkmenistan-ancient-city-of-merv\/\" rel=\"bookmark\">Ancienne ville de Merv<\/a><\/h2>\t\t\t\t\t\t<\/header><!-- .entry-header -->\n\t\t\t\t\t\t\t\t\t\t\t<div class=\"wp-show-posts-entry-summary\" itemprop=\"text\">\n\t\t\t\t\t\t\t<p>\u00ab\u00a0Merv est la plus ancienne et la mieux pr\u00e9serv\u00e9e des cit\u00e9s-oasis le long de la Route de la soie en Asie centrale&#8230;.<\/p>\n\t\t\t\t\t\t<\/div><!-- .entry-summary -->\n\t\t\t\t\t<\/div><!-- wp-show-posts-inner --><\/article><div class=\"wpsp-clear\"><\/div><\/section><!-- .wp-show-posts -->\n","protected":false},"excerpt":{"rendered":"","protected":false},"author":1,"featured_media":0,"parent":0,"menu_order":0,"comment_status":"closed","ping_status":"closed","template":"","meta":{"generate_page_header":"","footnotes":""},"class_list":["post-2073","page","type-page","status-publish","hentry","generate-columns","tablet-grid-50","mobile-grid-100","grid-parent","grid-33"],"_links":{"self":[{"href":"https:\/\/cuicui.be\/fr\/wp-json\/wp\/v2\/pages\/2073","targetHints":{"allow":["GET"]}}],"collection":[{"href":"https:\/\/cuicui.be\/fr\/wp-json\/wp\/v2\/pages"}],"about":[{"href":"https:\/\/cuicui.be\/fr\/wp-json\/wp\/v2\/types\/page"}],"author":[{"embeddable":true,"href":"https:\/\/cuicui.be\/fr\/wp-json\/wp\/v2\/users\/1"}],"replies":[{"embeddable":true,"href":"https:\/\/cuicui.be\/fr\/wp-json\/wp\/v2\/comments?post=2073"}],"version-history":[{"count":0,"href":"https:\/\/cuicui.be\/fr\/wp-json\/wp\/v2\/pages\/2073\/revisions"}],"wp:attachment":[{"href":"https:\/\/cuicui.be\/fr\/wp-json\/wp\/v2\/media?parent=2073"}],"curies":[{"name":"wp","href":"https:\/\/api.w.org\/{rel}","templated":true}]}}