{"id":2081,"date":"2016-09-27T17:30:53","date_gmt":"2016-09-27T16:30:53","guid":{"rendered":"http:\/\/cuicui.be\/?page_id=2081"},"modified":"2016-09-27T17:30:53","modified_gmt":"2016-09-27T16:30:53","slug":"thailand","status":"publish","type":"page","link":"https:\/\/cuicui.be\/fr\/thailand\/","title":{"rendered":"Tha\u00eflande"},"content":{"rendered":"<style>.slick-slider#wpsp-2080 {margin-left: 0px; }.slick-slider#wpsp-2080 .wp-show-posts-inner {margin-left: 1em; margin-right: 1em; }#wpsp-2080.wpsp-card .wp-show-posts-single {margin-bottom: 2em; }.slick-slider#wpsp-2080 .wp-show-posts-single {margin-bottom: 0px; }#wpsp-2080 .wp-show-posts-inner {border: 1px solid #adadad; }#wpsp-2080:not(.wpsp-card) .wp-show-posts-inner {padding: 5px; }#wpsp-2080.wpsp-card .wpsp-content-wrap {padding: 5px; }<\/style><style>.wp-show-posts-columns#wpsp-2080 {margin-left: -2em; }.wp-show-posts-columns#wpsp-2080 .wp-show-posts-inner {margin: 0 0 2em 2em; }<\/style><section id=\"wpsp-2080\" class=\" wp-show-posts-columns wp-show-posts-masonry wp-show-posts\" style=\"\"><div class=\"grid-sizer wpsp-col-4\"><\/div><article class=\"  wp-show-posts-masonry-col-4  wp-show-posts-masonry-block wp-show-posts-single post-2297 post type-post status-publish format-standard has-post-thumbnail hentry category-asia category-thailand wpsp-col-4\" itemtype=\"http:\/\/schema.org\/CreativeWork\" itemscope><div class=\"wp-show-posts-inner\" style=\"\">\t\t<div class=\"wp-show-posts-image zoom wpsp-image-center \">\n\t\t\t<a href=\"https:\/\/cuicui.be\/fr\/thailand-dong-phayayen-khao-yai-forest-complex\/\"  title=\"Complexe forestier de Dong Phayayen-Khao Yai\"><img loading=\"lazy\" decoding=\"async\" width=\"1024\" height=\"512\" src=\"https:\/\/cuicui.be\/wp-content\/uploads\/2016\/10\/th-khao-yai.jpg\" class=\"attachment-full size-full wp-post-image\" alt=\"\" itemprop=\"image\" srcset=\"https:\/\/cuicui.be\/wp-content\/uploads\/2016\/10\/th-khao-yai.jpg 1024w, https:\/\/cuicui.be\/wp-content\/uploads\/2016\/10\/th-khao-yai-150x75.jpg 150w, https:\/\/cuicui.be\/wp-content\/uploads\/2016\/10\/th-khao-yai-300x150.jpg 300w, https:\/\/cuicui.be\/wp-content\/uploads\/2016\/10\/th-khao-yai-768x384.jpg 768w, https:\/\/cuicui.be\/wp-content\/uploads\/2016\/10\/th-khao-yai-600x300.jpg 600w\" sizes=\"auto, (max-width: 1024px) 100vw, 1024px\" \/><\/a>\t\t<\/div>\n\t\t\t\t\t\t\t\t<header class=\"wp-show-posts-entry-header\">\n\t\t\t\t\t\t\t<h2 class=\"wp-show-posts-entry-title\" itemprop=\"headline\"><a href=\"https:\/\/cuicui.be\/fr\/thailand-dong-phayayen-khao-yai-forest-complex\/\" rel=\"bookmark\">Complexe forestier de Dong Phayayen-Khao Yai<\/a><\/h2>\t\t\t\t\t\t<\/header><!-- .entry-header -->\n\t\t\t\t\t\t\t\t\t\t\t<div class=\"wp-show-posts-entry-summary\" itemprop=\"text\">\n\t\t\t\t\t\t\t<p>\u00ab\u00a0Le complexe forestier de Dong Phayayen-Khao Yai s\u2019\u00e9tend sur 230 km entre le parc national de Ta Phraya \u00e0 la fronti\u00e8re cambodgienne&#8230;<\/p>\n\t\t\t\t\t\t<\/div><!-- .entry-summary -->\n\t\t\t\t\t<\/div><!-- wp-show-posts-inner --><\/article><article class=\"  wp-show-posts-masonry-col-4  wp-show-posts-masonry-block wp-show-posts-single post-2076 post type-post status-publish format-standard has-post-thumbnail hentry category-asia category-thailand wpsp-col-4\" itemtype=\"http:\/\/schema.org\/CreativeWork\" itemscope><div class=\"wp-show-posts-inner\" style=\"\">\t\t<div class=\"wp-show-posts-image zoom wpsp-image-center \">\n\t\t\t<a href=\"https:\/\/cuicui.be\/fr\/thailand-ban-chiang\/\"  title=\"Site arch\u00e9ologique de Ban Chiang\"><img loading=\"lazy\" decoding=\"async\" width=\"1024\" height=\"512\" src=\"https:\/\/cuicui.be\/wp-content\/uploads\/2016\/09\/th-ban-chiang.jpg\" class=\"attachment-full size-full wp-post-image\" alt=\"\" itemprop=\"image\" srcset=\"https:\/\/cuicui.be\/wp-content\/uploads\/2016\/09\/th-ban-chiang.jpg 1024w, https:\/\/cuicui.be\/wp-content\/uploads\/2016\/09\/th-ban-chiang-150x75.jpg 150w, https:\/\/cuicui.be\/wp-content\/uploads\/2016\/09\/th-ban-chiang-300x150.jpg 300w, https:\/\/cuicui.be\/wp-content\/uploads\/2016\/09\/th-ban-chiang-768x384.jpg 768w, https:\/\/cuicui.be\/wp-content\/uploads\/2016\/09\/th-ban-chiang-600x300.jpg 600w\" sizes=\"auto, (max-width: 1024px) 100vw, 1024px\" \/><\/a>\t\t<\/div>\n\t\t\t\t\t\t\t\t<header class=\"wp-show-posts-entry-header\">\n\t\t\t\t\t\t\t<h2 class=\"wp-show-posts-entry-title\" itemprop=\"headline\"><a href=\"https:\/\/cuicui.be\/fr\/thailand-ban-chiang\/\" rel=\"bookmark\">Site arch\u00e9ologique de Ban Chiang<\/a><\/h2>\t\t\t\t\t\t<\/header><!-- .entry-header -->\n\t\t\t\t\t\t\t\t\t\t\t<div class=\"wp-show-posts-entry-summary\" itemprop=\"text\">\n\t\t\t\t\t\t\t<p>\u00ab\u00a0Consid\u00e9r\u00e9 comme le plus important habitat pr\u00e9historique d\u00e9couvert \u00e0 ce jour en Asie du Sud-Est, Ban Chiang a marqu\u00e9 une \u00e9tape importante&#8230;<\/p>\n\t\t\t\t\t\t<\/div><!-- .entry-summary -->\n\t\t\t\t\t<\/div><!-- wp-show-posts-inner --><\/article><article class=\"  wp-show-posts-masonry-col-4  wp-show-posts-masonry-block wp-show-posts-single post-2253 post type-post status-publish format-standard has-post-thumbnail hentry category-asia category-thailand wpsp-col-4\" itemtype=\"http:\/\/schema.org\/CreativeWork\" itemscope><div class=\"wp-show-posts-inner\" style=\"\">\t\t<div class=\"wp-show-posts-image zoom wpsp-image-center \">\n\t\t\t<a href=\"https:\/\/cuicui.be\/fr\/thailand-prasat-hin-phimai\/\"  title=\"Prasat Hin Phimai hors d&rsquo;Angkor\"><img loading=\"lazy\" decoding=\"async\" width=\"1024\" height=\"512\" src=\"https:\/\/cuicui.be\/wp-content\/uploads\/2016\/10\/th-phimai.jpg\" class=\"attachment-full size-full wp-post-image\" alt=\"\" itemprop=\"image\" srcset=\"https:\/\/cuicui.be\/wp-content\/uploads\/2016\/10\/th-phimai.jpg 1024w, https:\/\/cuicui.be\/wp-content\/uploads\/2016\/10\/th-phimai-150x75.jpg 150w, https:\/\/cuicui.be\/wp-content\/uploads\/2016\/10\/th-phimai-300x150.jpg 300w, https:\/\/cuicui.be\/wp-content\/uploads\/2016\/10\/th-phimai-768x384.jpg 768w, https:\/\/cuicui.be\/wp-content\/uploads\/2016\/10\/th-phimai-600x300.jpg 600w\" sizes=\"auto, (max-width: 1024px) 100vw, 1024px\" \/><\/a>\t\t<\/div>\n\t\t\t\t\t\t\t\t<header class=\"wp-show-posts-entry-header\">\n\t\t\t\t\t\t\t<h2 class=\"wp-show-posts-entry-title\" itemprop=\"headline\"><a href=\"https:\/\/cuicui.be\/fr\/thailand-prasat-hin-phimai\/\" rel=\"bookmark\">Prasat Hin Phimai hors d&rsquo;Angkor<\/a><\/h2>\t\t\t\t\t\t<\/header><!-- .entry-header -->\n\t\t\t\t\t\t\t\t\t\t\t<div class=\"wp-show-posts-entry-summary\" itemprop=\"text\">\n\t\t\t\t\t\t\t<p>\u00ab\u00a0Le Prasat Hin Phimai est le plus important temple khmer situ\u00e9 dans la Tha\u00eflande actuelle. C&rsquo;est un sanctuaire du bouddhisme Mahayana qui&#8230;<\/p>\n\t\t\t\t\t\t<\/div><!-- .entry-summary -->\n\t\t\t\t\t<\/div><!-- wp-show-posts-inner --><\/article><article class=\"  wp-show-posts-masonry-col-4  wp-show-posts-masonry-block wp-show-posts-single post-2264 post type-post status-publish format-standard has-post-thumbnail hentry category-asia category-thailand wpsp-col-4\" itemtype=\"http:\/\/schema.org\/CreativeWork\" itemscope><div class=\"wp-show-posts-inner\" style=\"\">\t\t<div class=\"wp-show-posts-image zoom wpsp-image-center \">\n\t\t\t<a href=\"https:\/\/cuicui.be\/fr\/thailand-prasat-hin-phanom-rung\/\"  title=\"Prasat Phnom Rung hors d&rsquo;Angkor\"><img loading=\"lazy\" decoding=\"async\" width=\"1024\" height=\"512\" src=\"https:\/\/cuicui.be\/wp-content\/uploads\/2016\/10\/th-phanom-rung.jpg\" class=\"attachment-full size-full wp-post-image\" alt=\"\" itemprop=\"image\" srcset=\"https:\/\/cuicui.be\/wp-content\/uploads\/2016\/10\/th-phanom-rung.jpg 1024w, https:\/\/cuicui.be\/wp-content\/uploads\/2016\/10\/th-phanom-rung-150x75.jpg 150w, https:\/\/cuicui.be\/wp-content\/uploads\/2016\/10\/th-phanom-rung-300x150.jpg 300w, https:\/\/cuicui.be\/wp-content\/uploads\/2016\/10\/th-phanom-rung-768x384.jpg 768w, https:\/\/cuicui.be\/wp-content\/uploads\/2016\/10\/th-phanom-rung-600x300.jpg 600w\" sizes=\"auto, (max-width: 1024px) 100vw, 1024px\" \/><\/a>\t\t<\/div>\n\t\t\t\t\t\t\t\t<header class=\"wp-show-posts-entry-header\">\n\t\t\t\t\t\t\t<h2 class=\"wp-show-posts-entry-title\" itemprop=\"headline\"><a href=\"https:\/\/cuicui.be\/fr\/thailand-prasat-hin-phanom-rung\/\" rel=\"bookmark\">Prasat Phnom Rung hors d&rsquo;Angkor<\/a><\/h2>\t\t\t\t\t\t<\/header><!-- .entry-header -->\n\t\t\t\t\t\t\t\t\t\t\t<div class=\"wp-show-posts-entry-summary\" itemprop=\"text\">\n\t\t\t\t\t\t\t<p>\u00ab\u00a0Khao Phnom Rung est le nom d&rsquo;un volcan \u00e9teint depuis 900 000 ans, sur lequel fut \u00e9rig\u00e9 \u00e0 partir du Xe si\u00e8cle&#8230;<\/p>\n\t\t\t\t\t\t<\/div><!-- .entry-summary -->\n\t\t\t\t\t<\/div><!-- wp-show-posts-inner --><\/article><article class=\"  wp-show-posts-masonry-col-4  wp-show-posts-masonry-block wp-show-posts-single post-2257 post type-post status-publish format-standard has-post-thumbnail hentry category-asia category-thailand wpsp-col-4\" itemtype=\"http:\/\/schema.org\/CreativeWork\" itemscope><div class=\"wp-show-posts-inner\" style=\"\">\t\t<div class=\"wp-show-posts-image zoom wpsp-image-center \">\n\t\t\t<a href=\"https:\/\/cuicui.be\/fr\/thailand-prasat-muang-tam\/\"  title=\"Prasat Muang Tam hors d&rsquo;Angkor\"><img loading=\"lazy\" decoding=\"async\" width=\"1024\" height=\"512\" src=\"https:\/\/cuicui.be\/wp-content\/uploads\/2016\/10\/th-muang-tam.jpg\" class=\"attachment-full size-full wp-post-image\" alt=\"\" itemprop=\"image\" srcset=\"https:\/\/cuicui.be\/wp-content\/uploads\/2016\/10\/th-muang-tam.jpg 1024w, https:\/\/cuicui.be\/wp-content\/uploads\/2016\/10\/th-muang-tam-150x75.jpg 150w, https:\/\/cuicui.be\/wp-content\/uploads\/2016\/10\/th-muang-tam-300x150.jpg 300w, https:\/\/cuicui.be\/wp-content\/uploads\/2016\/10\/th-muang-tam-768x384.jpg 768w, https:\/\/cuicui.be\/wp-content\/uploads\/2016\/10\/th-muang-tam-600x300.jpg 600w\" sizes=\"auto, (max-width: 1024px) 100vw, 1024px\" \/><\/a>\t\t<\/div>\n\t\t\t\t\t\t\t\t<header class=\"wp-show-posts-entry-header\">\n\t\t\t\t\t\t\t<h2 class=\"wp-show-posts-entry-title\" itemprop=\"headline\"><a href=\"https:\/\/cuicui.be\/fr\/thailand-prasat-muang-tam\/\" rel=\"bookmark\">Prasat Muang Tam hors d&rsquo;Angkor<\/a><\/h2>\t\t\t\t\t\t<\/header><!-- .entry-header -->\n\t\t\t\t\t\t\t\t\t\t\t<div class=\"wp-show-posts-entry-summary\" itemprop=\"text\">\n\t\t\t\t\t\t\t<p>\u00ab\u00a0Prasat Muang Tam est un temple khmer situ\u00e9 en Tha\u00eflande. Le style des linteaux permet de le dater, d&rsquo;un style m\u00e9langeant le&#8230;<\/p>\n\t\t\t\t\t\t<\/div><!-- .entry-summary -->\n\t\t\t\t\t<\/div><!-- wp-show-posts-inner --><\/article><article class=\"  wp-show-posts-masonry-col-4  wp-show-posts-masonry-block wp-show-posts-single post-2085 post type-post status-publish format-standard has-post-thumbnail hentry category-asia category-thailand wpsp-col-4\" itemtype=\"http:\/\/schema.org\/CreativeWork\" itemscope><div class=\"wp-show-posts-inner\" style=\"\">\t\t<div class=\"wp-show-posts-image zoom wpsp-image-center \">\n\t\t\t<a href=\"https:\/\/cuicui.be\/fr\/thailand-thungyai-huai-kha-khaeng-wildlife-sanctuaries\/\"  title=\"Sanctuaires de faune de Thung Yai-Huai Kha Khaeng\"><img loading=\"lazy\" decoding=\"async\" width=\"1024\" height=\"512\" src=\"https:\/\/cuicui.be\/wp-content\/uploads\/2016\/09\/th-thungyai.jpg\" class=\"attachment-full size-full wp-post-image\" alt=\"\" itemprop=\"image\" srcset=\"https:\/\/cuicui.be\/wp-content\/uploads\/2016\/09\/th-thungyai.jpg 1024w, https:\/\/cuicui.be\/wp-content\/uploads\/2016\/09\/th-thungyai-150x75.jpg 150w, https:\/\/cuicui.be\/wp-content\/uploads\/2016\/09\/th-thungyai-300x150.jpg 300w, https:\/\/cuicui.be\/wp-content\/uploads\/2016\/09\/th-thungyai-768x384.jpg 768w, https:\/\/cuicui.be\/wp-content\/uploads\/2016\/09\/th-thungyai-600x300.jpg 600w\" sizes=\"auto, (max-width: 1024px) 100vw, 1024px\" \/><\/a>\t\t<\/div>\n\t\t\t\t\t\t\t\t<header class=\"wp-show-posts-entry-header\">\n\t\t\t\t\t\t\t<h2 class=\"wp-show-posts-entry-title\" itemprop=\"headline\"><a href=\"https:\/\/cuicui.be\/fr\/thailand-thungyai-huai-kha-khaeng-wildlife-sanctuaries\/\" rel=\"bookmark\">Sanctuaires de faune de Thung Yai-Huai Kha Khaeng<\/a><\/h2>\t\t\t\t\t\t<\/header><!-- .entry-header -->\n\t\t\t\t\t\t\t\t\t\t\t<div class=\"wp-show-posts-entry-summary\" itemprop=\"text\">\n\t\t\t\t\t\t\t<p>\u00ab\u00a0Les sanctuaires, demeur\u00e9s en grande partie intacts, contiennent presque toutes les formations foresti\u00e8res de l&rsquo;Asie du Sud-Est continentale. Ils abritent un ensemble&#8230;<\/p>\n\t\t\t\t\t\t<\/div><!-- .entry-summary -->\n\t\t\t\t\t<\/div><!-- wp-show-posts-inner --><\/article><div class=\"wpsp-clear\"><\/div><\/section><!-- .wp-show-posts --><div class=\"wpsp-load-more\"><span aria-current=\"page\" class=\"page-numbers current\">1<\/span>\n<a class=\"page-numbers\" href=\"https:\/\/cuicui.be\/fr\/wp-json\/wp\/v2\/pages\/2081\/page\/2\/\">2<\/a>\n<a class=\"next page-numbers\" href=\"https:\/\/cuicui.be\/fr\/wp-json\/wp\/v2\/pages\/2081\/page\/2\/\">Next &rarr;<\/a><\/div>\n","protected":false},"excerpt":{"rendered":"","protected":false},"author":1,"featured_media":0,"parent":0,"menu_order":0,"comment_status":"closed","ping_status":"closed","template":"","meta":{"generate_page_header":"","footnotes":""},"class_list":["post-2081","page","type-page","status-publish","hentry","generate-columns","tablet-grid-50","mobile-grid-100","grid-parent","grid-33"],"_links":{"self":[{"href":"https:\/\/cuicui.be\/fr\/wp-json\/wp\/v2\/pages\/2081","targetHints":{"allow":["GET"]}}],"collection":[{"href":"https:\/\/cuicui.be\/fr\/wp-json\/wp\/v2\/pages"}],"about":[{"href":"https:\/\/cuicui.be\/fr\/wp-json\/wp\/v2\/types\/page"}],"author":[{"embeddable":true,"href":"https:\/\/cuicui.be\/fr\/wp-json\/wp\/v2\/users\/1"}],"replies":[{"embeddable":true,"href":"https:\/\/cuicui.be\/fr\/wp-json\/wp\/v2\/comments?post=2081"}],"version-history":[{"count":0,"href":"https:\/\/cuicui.be\/fr\/wp-json\/wp\/v2\/pages\/2081\/revisions"}],"wp:attachment":[{"href":"https:\/\/cuicui.be\/fr\/wp-json\/wp\/v2\/media?parent=2081"}],"curies":[{"name":"wp","href":"https:\/\/api.w.org\/{rel}","templated":true}]}}