{"id":2102,"date":"2016-10-01T13:16:35","date_gmt":"2016-10-01T12:16:35","guid":{"rendered":"http:\/\/cuicui.be\/?page_id=2102"},"modified":"2016-10-01T13:17:00","modified_gmt":"2016-10-01T12:17:00","slug":"israel","status":"publish","type":"page","link":"https:\/\/cuicui.be\/fr\/israel\/","title":{"rendered":"Isra\u00ebl"},"content":{"rendered":"<style>.slick-slider#wpsp-2101 {margin-left: 0px; }.slick-slider#wpsp-2101 .wp-show-posts-inner {margin-left: 1em; margin-right: 1em; }#wpsp-2101.wpsp-card .wp-show-posts-single {margin-bottom: 2em; }.slick-slider#wpsp-2101 .wp-show-posts-single {margin-bottom: 0px; }#wpsp-2101 .wp-show-posts-inner {border: 1px solid #adadad; }#wpsp-2101:not(.wpsp-card) .wp-show-posts-inner {padding: 5px; }#wpsp-2101.wpsp-card .wpsp-content-wrap {padding: 5px; }<\/style><style>.wp-show-posts-columns#wpsp-2101 {margin-left: -2em; }.wp-show-posts-columns#wpsp-2101 .wp-show-posts-inner {margin: 0 0 2em 2em; }<\/style><section id=\"wpsp-2101\" class=\" wp-show-posts-columns wp-show-posts-masonry wp-show-posts\" style=\"\"><div class=\"grid-sizer wpsp-col-4\"><\/div><article class=\"  wp-show-posts-masonry-col-4  wp-show-posts-masonry-block wp-show-posts-single post-2145 post type-post status-publish format-standard has-post-thumbnail hentry category-israel category-middle-east category-palestine wpsp-col-4\" itemtype=\"http:\/\/schema.org\/CreativeWork\" itemscope><div class=\"wp-show-posts-inner\" style=\"\">\t\t<div class=\"wp-show-posts-image zoom wpsp-image-center \">\n\t\t\t<a href=\"https:\/\/cuicui.be\/fr\/jerusalem-old-city-and-its-walls\/\"  title=\"La vieille ville de J\u00e9rusalem et ses remparts\"><img loading=\"lazy\" decoding=\"async\" width=\"1024\" height=\"512\" src=\"https:\/\/cuicui.be\/wp-content\/uploads\/2016\/10\/il-jerusalem-walls.jpg\" class=\"attachment-full size-full wp-post-image\" alt=\"\" itemprop=\"image\" srcset=\"https:\/\/cuicui.be\/wp-content\/uploads\/2016\/10\/il-jerusalem-walls.jpg 1024w, https:\/\/cuicui.be\/wp-content\/uploads\/2016\/10\/il-jerusalem-walls-150x75.jpg 150w, https:\/\/cuicui.be\/wp-content\/uploads\/2016\/10\/il-jerusalem-walls-300x150.jpg 300w, https:\/\/cuicui.be\/wp-content\/uploads\/2016\/10\/il-jerusalem-walls-768x384.jpg 768w, https:\/\/cuicui.be\/wp-content\/uploads\/2016\/10\/il-jerusalem-walls-600x300.jpg 600w\" sizes=\"auto, (max-width: 1024px) 100vw, 1024px\" \/><\/a>\t\t<\/div>\n\t\t\t\t\t\t\t\t<header class=\"wp-show-posts-entry-header\">\n\t\t\t\t\t\t\t<h2 class=\"wp-show-posts-entry-title\" itemprop=\"headline\"><a href=\"https:\/\/cuicui.be\/fr\/jerusalem-old-city-and-its-walls\/\" rel=\"bookmark\">La vieille ville de J\u00e9rusalem et ses remparts<\/a><\/h2>\t\t\t\t\t\t<\/header><!-- .entry-header -->\n\t\t\t\t\t\t\t\t\t\t\t<div class=\"wp-show-posts-entry-summary\" itemprop=\"text\">\n\t\t\t\t\t\t\t<p>\u00ab\u00a0Ville sainte du juda\u00efsme, du christianisme et de l&rsquo;islam, J\u00e9rusalem a toujours eu une valeur symbolique. Parmi ses 220 monuments historiques, se&#8230;<\/p>\n\t\t\t\t\t\t<\/div><!-- .entry-summary -->\n\t\t\t\t\t<\/div><!-- wp-show-posts-inner --><\/article><article class=\"  wp-show-posts-masonry-col-4  wp-show-posts-masonry-block wp-show-posts-single post-2127 post type-post status-publish format-standard has-post-thumbnail hentry category-israel category-middle-east wpsp-col-4\" itemtype=\"http:\/\/schema.org\/CreativeWork\" itemscope><div class=\"wp-show-posts-inner\" style=\"\">\t\t<div class=\"wp-show-posts-image zoom wpsp-image-center \">\n\t\t\t<a href=\"https:\/\/cuicui.be\/fr\/incense-route-mamshit\/\"  title=\"Route de l\u2019encens : Mamshit\"><img loading=\"lazy\" decoding=\"async\" width=\"1024\" height=\"512\" src=\"https:\/\/cuicui.be\/wp-content\/uploads\/2016\/10\/il-mamshit.jpg\" class=\"attachment-full size-full wp-post-image\" alt=\"\" itemprop=\"image\" srcset=\"https:\/\/cuicui.be\/wp-content\/uploads\/2016\/10\/il-mamshit.jpg 1024w, https:\/\/cuicui.be\/wp-content\/uploads\/2016\/10\/il-mamshit-150x75.jpg 150w, https:\/\/cuicui.be\/wp-content\/uploads\/2016\/10\/il-mamshit-300x150.jpg 300w, https:\/\/cuicui.be\/wp-content\/uploads\/2016\/10\/il-mamshit-768x384.jpg 768w, https:\/\/cuicui.be\/wp-content\/uploads\/2016\/10\/il-mamshit-600x300.jpg 600w\" sizes=\"auto, (max-width: 1024px) 100vw, 1024px\" \/><\/a>\t\t<\/div>\n\t\t\t\t\t\t\t\t<header class=\"wp-show-posts-entry-header\">\n\t\t\t\t\t\t\t<h2 class=\"wp-show-posts-entry-title\" itemprop=\"headline\"><a href=\"https:\/\/cuicui.be\/fr\/incense-route-mamshit\/\" rel=\"bookmark\">Route de l\u2019encens : Mamshit<\/a><\/h2>\t\t\t\t\t\t<\/header><!-- .entry-header -->\n\t\t\t\t\t\t\t\t\t\t\t<div class=\"wp-show-posts-entry-summary\" itemprop=\"text\">\n\t\t\t\t\t\t\t<p>\u00ab\u00a0Dans le d\u00e9sert du N\u00e9guev, les quatre anciennes villes nabat\u00e9ennes d\u2019Avdat, Haluza, Mamshit et Shivta jalonnaient la route par laquelle transitaient l\u2019encens&#8230;<\/p>\n\t\t\t\t\t\t<\/div><!-- .entry-summary -->\n\t\t\t\t\t<\/div><!-- wp-show-posts-inner --><\/article><article class=\"  wp-show-posts-masonry-col-4  wp-show-posts-masonry-block wp-show-posts-single post-2095 post type-post status-publish format-standard has-post-thumbnail hentry category-israel category-middle-east wpsp-col-4\" itemtype=\"http:\/\/schema.org\/CreativeWork\" itemscope><div class=\"wp-show-posts-inner\" style=\"\">\t\t<div class=\"wp-show-posts-image zoom wpsp-image-center \">\n\t\t\t<a href=\"https:\/\/cuicui.be\/fr\/israel-old-city-of-acre\/\"  title=\"Vieille ville d\u2019Acre\"><img loading=\"lazy\" decoding=\"async\" width=\"1024\" height=\"512\" src=\"https:\/\/cuicui.be\/wp-content\/uploads\/2016\/10\/il-acre.jpg\" class=\"attachment-full size-full wp-post-image\" alt=\"\" itemprop=\"image\" srcset=\"https:\/\/cuicui.be\/wp-content\/uploads\/2016\/10\/il-acre.jpg 1024w, https:\/\/cuicui.be\/wp-content\/uploads\/2016\/10\/il-acre-150x75.jpg 150w, https:\/\/cuicui.be\/wp-content\/uploads\/2016\/10\/il-acre-300x150.jpg 300w, https:\/\/cuicui.be\/wp-content\/uploads\/2016\/10\/il-acre-768x384.jpg 768w, https:\/\/cuicui.be\/wp-content\/uploads\/2016\/10\/il-acre-600x300.jpg 600w\" sizes=\"auto, (max-width: 1024px) 100vw, 1024px\" \/><\/a>\t\t<\/div>\n\t\t\t\t\t\t\t\t<header class=\"wp-show-posts-entry-header\">\n\t\t\t\t\t\t\t<h2 class=\"wp-show-posts-entry-title\" itemprop=\"headline\"><a href=\"https:\/\/cuicui.be\/fr\/israel-old-city-of-acre\/\" rel=\"bookmark\">Vieille ville d\u2019Acre<\/a><\/h2>\t\t\t\t\t\t<\/header><!-- .entry-header -->\n\t\t\t\t\t\t\t\t\t\t\t<div class=\"wp-show-posts-entry-summary\" itemprop=\"text\">\n\t\t\t\t\t\t\t<p>\u00ab\u00a0Acre est une ville portuaire fortifi\u00e9e historique o\u00f9 les \u00e9tablissements humains se sont succ\u00e9d\u00e9s sans interruption depuis l&rsquo;\u00e9poque ph\u00e9nicienne. (&#8230;) Les vestiges&#8230;<\/p>\n\t\t\t\t\t\t<\/div><!-- .entry-summary -->\n\t\t\t\t\t<\/div><!-- wp-show-posts-inner --><\/article><article class=\"  wp-show-posts-masonry-col-4  wp-show-posts-masonry-block wp-show-posts-single post-2119 post type-post status-publish format-standard has-post-thumbnail hentry category-israel category-middle-east wpsp-col-4\" itemtype=\"http:\/\/schema.org\/CreativeWork\" itemscope><div class=\"wp-show-posts-inner\" style=\"\">\t\t<div class=\"wp-show-posts-image zoom wpsp-image-center \">\n\t\t\t<a href=\"https:\/\/cuicui.be\/fr\/israel-makhtesh-ramon\/\"  title=\"Makhtesh Ramon\"><img loading=\"lazy\" decoding=\"async\" width=\"1024\" height=\"512\" src=\"https:\/\/cuicui.be\/wp-content\/uploads\/2016\/10\/il-makhtesh-ramon.jpg\" class=\"attachment-full size-full wp-post-image\" alt=\"\" itemprop=\"image\" srcset=\"https:\/\/cuicui.be\/wp-content\/uploads\/2016\/10\/il-makhtesh-ramon.jpg 1024w, https:\/\/cuicui.be\/wp-content\/uploads\/2016\/10\/il-makhtesh-ramon-150x75.jpg 150w, https:\/\/cuicui.be\/wp-content\/uploads\/2016\/10\/il-makhtesh-ramon-300x150.jpg 300w, https:\/\/cuicui.be\/wp-content\/uploads\/2016\/10\/il-makhtesh-ramon-768x384.jpg 768w, https:\/\/cuicui.be\/wp-content\/uploads\/2016\/10\/il-makhtesh-ramon-600x300.jpg 600w\" sizes=\"auto, (max-width: 1024px) 100vw, 1024px\" \/><\/a>\t\t<\/div>\n\t\t\t\t\t\t\t\t<header class=\"wp-show-posts-entry-header\">\n\t\t\t\t\t\t\t<h2 class=\"wp-show-posts-entry-title\" itemprop=\"headline\"><a href=\"https:\/\/cuicui.be\/fr\/israel-makhtesh-ramon\/\" rel=\"bookmark\">Makhtesh Ramon<\/a><\/h2>\t\t\t\t\t\t<\/header><!-- .entry-header -->\n\t\t\t\t\t\t\t\t\t\t\t<div class=\"wp-show-posts-entry-summary\" itemprop=\"text\">\n\t\t\t\t\t\t\t<p>\u00ab\u00a0Makhtesh Ramon est un cirque d&rsquo;\u00e9rosion karstique situ\u00e9 dans le d\u00e9sert du Neguev. Il mesure 40 km de long, 2 \u00e0 10&#8230;<\/p>\n\t\t\t\t\t\t<\/div><!-- .entry-summary -->\n\t\t\t\t\t<\/div><!-- wp-show-posts-inner --><\/article><article class=\"  wp-show-posts-masonry-col-4  wp-show-posts-masonry-block wp-show-posts-single post-2166 post type-post status-publish format-standard has-post-thumbnail hentry category-israel category-middle-east category-palestine wpsp-col-4\" itemtype=\"http:\/\/schema.org\/CreativeWork\" itemscope><div class=\"wp-show-posts-inner\" style=\"\">\t\t<div class=\"wp-show-posts-image zoom wpsp-image-center \">\n\t\t\t<a href=\"https:\/\/cuicui.be\/fr\/jerusalem-dome-of-the-rock\/\"  title=\"Le d\u00f4me du Rocher \u00e0 J\u00e9rusalem\"><img loading=\"lazy\" decoding=\"async\" width=\"1024\" height=\"512\" src=\"https:\/\/cuicui.be\/wp-content\/uploads\/2016\/10\/il-jerusalem-temple-mount.jpg\" class=\"attachment-full size-full wp-post-image\" alt=\"\" itemprop=\"image\" srcset=\"https:\/\/cuicui.be\/wp-content\/uploads\/2016\/10\/il-jerusalem-temple-mount.jpg 1024w, https:\/\/cuicui.be\/wp-content\/uploads\/2016\/10\/il-jerusalem-temple-mount-150x75.jpg 150w, https:\/\/cuicui.be\/wp-content\/uploads\/2016\/10\/il-jerusalem-temple-mount-300x150.jpg 300w, https:\/\/cuicui.be\/wp-content\/uploads\/2016\/10\/il-jerusalem-temple-mount-768x384.jpg 768w, https:\/\/cuicui.be\/wp-content\/uploads\/2016\/10\/il-jerusalem-temple-mount-600x300.jpg 600w\" sizes=\"auto, (max-width: 1024px) 100vw, 1024px\" \/><\/a>\t\t<\/div>\n\t\t\t\t\t\t\t\t<header class=\"wp-show-posts-entry-header\">\n\t\t\t\t\t\t\t<h2 class=\"wp-show-posts-entry-title\" itemprop=\"headline\"><a href=\"https:\/\/cuicui.be\/fr\/jerusalem-dome-of-the-rock\/\" rel=\"bookmark\">Le d\u00f4me du Rocher \u00e0 J\u00e9rusalem<\/a><\/h2>\t\t\t\t\t\t<\/header><!-- .entry-header -->\n\t\t\t\t\t\t\t\t\t\t\t<div class=\"wp-show-posts-entry-summary\" itemprop=\"text\">\n\t\t\t\t\t\t\t<p>\u00ab\u00a0Le d\u00f4me du Rocher est un sanctuaire situ\u00e9 sur le mont du Temple et le troisi\u00e8me lieu saint musulman apr\u00e8s La Mecque&#8230;<\/p>\n\t\t\t\t\t\t<\/div><!-- .entry-summary -->\n\t\t\t\t\t<\/div><!-- wp-show-posts-inner --><\/article><article class=\"  wp-show-posts-masonry-col-4  wp-show-posts-masonry-block wp-show-posts-single post-2110 post type-post status-publish format-standard has-post-thumbnail hentry category-israel category-middle-east wpsp-col-4\" itemtype=\"http:\/\/schema.org\/CreativeWork\" itemscope><div class=\"wp-show-posts-inner\" style=\"\">\t\t<div class=\"wp-show-posts-image zoom wpsp-image-center \">\n\t\t\t<a href=\"https:\/\/cuicui.be\/fr\/biblical-tel-megiddo\/\"  title=\"Tel biblique : Megiddo\"><img loading=\"lazy\" decoding=\"async\" width=\"1024\" height=\"512\" src=\"https:\/\/cuicui.be\/wp-content\/uploads\/2016\/10\/il-tel-megiddo.jpg\" class=\"attachment-full size-full wp-post-image\" alt=\"\" itemprop=\"image\" srcset=\"https:\/\/cuicui.be\/wp-content\/uploads\/2016\/10\/il-tel-megiddo.jpg 1024w, https:\/\/cuicui.be\/wp-content\/uploads\/2016\/10\/il-tel-megiddo-150x75.jpg 150w, https:\/\/cuicui.be\/wp-content\/uploads\/2016\/10\/il-tel-megiddo-300x150.jpg 300w, https:\/\/cuicui.be\/wp-content\/uploads\/2016\/10\/il-tel-megiddo-768x384.jpg 768w, https:\/\/cuicui.be\/wp-content\/uploads\/2016\/10\/il-tel-megiddo-600x300.jpg 600w\" sizes=\"auto, (max-width: 1024px) 100vw, 1024px\" \/><\/a>\t\t<\/div>\n\t\t\t\t\t\t\t\t<header class=\"wp-show-posts-entry-header\">\n\t\t\t\t\t\t\t<h2 class=\"wp-show-posts-entry-title\" itemprop=\"headline\"><a href=\"https:\/\/cuicui.be\/fr\/biblical-tel-megiddo\/\" rel=\"bookmark\">Tel biblique : Megiddo<\/a><\/h2>\t\t\t\t\t\t<\/header><!-- .entry-header -->\n\t\t\t\t\t\t\t\t\t\t\t<div class=\"wp-show-posts-entry-summary\" itemprop=\"text\">\n\t\t\t\t\t\t\t<p>\u00ab\u00a0Les tels, des tertres pr\u00e9historiques de peuplement, sont caract\u00e9ristiques des plaines de la M\u00e9diterran\u00e9e orientale. Sur plus de 200 tels en Isra\u00ebl,&#8230;<\/p>\n\t\t\t\t\t\t<\/div><!-- .entry-summary -->\n\t\t\t\t\t<\/div><!-- wp-show-posts-inner --><\/article><div class=\"wpsp-clear\"><\/div><\/section><!-- .wp-show-posts --><div class=\"wpsp-load-more\"><span aria-current=\"page\" class=\"page-numbers current\">1<\/span>\n<a class=\"page-numbers\" href=\"https:\/\/cuicui.be\/fr\/wp-json\/wp\/v2\/pages\/2102\/page\/2\/\">2<\/a>\n<a class=\"page-numbers\" href=\"https:\/\/cuicui.be\/fr\/wp-json\/wp\/v2\/pages\/2102\/page\/3\/\">3<\/a>\n<a class=\"next page-numbers\" href=\"https:\/\/cuicui.be\/fr\/wp-json\/wp\/v2\/pages\/2102\/page\/2\/\">Next &rarr;<\/a><\/div>\n","protected":false},"excerpt":{"rendered":"","protected":false},"author":1,"featured_media":0,"parent":0,"menu_order":0,"comment_status":"closed","ping_status":"closed","template":"","meta":{"generate_page_header":"","footnotes":""},"class_list":["post-2102","page","type-page","status-publish","hentry","generate-columns","tablet-grid-50","mobile-grid-100","grid-parent","grid-33"],"_links":{"self":[{"href":"https:\/\/cuicui.be\/fr\/wp-json\/wp\/v2\/pages\/2102","targetHints":{"allow":["GET"]}}],"collection":[{"href":"https:\/\/cuicui.be\/fr\/wp-json\/wp\/v2\/pages"}],"about":[{"href":"https:\/\/cuicui.be\/fr\/wp-json\/wp\/v2\/types\/page"}],"author":[{"embeddable":true,"href":"https:\/\/cuicui.be\/fr\/wp-json\/wp\/v2\/users\/1"}],"replies":[{"embeddable":true,"href":"https:\/\/cuicui.be\/fr\/wp-json\/wp\/v2\/comments?post=2102"}],"version-history":[{"count":0,"href":"https:\/\/cuicui.be\/fr\/wp-json\/wp\/v2\/pages\/2102\/revisions"}],"wp:attachment":[{"href":"https:\/\/cuicui.be\/fr\/wp-json\/wp\/v2\/media?parent=2102"}],"curies":[{"name":"wp","href":"https:\/\/api.w.org\/{rel}","templated":true}]}}