{"id":2185,"date":"2016-10-02T21:12:20","date_gmt":"2016-10-02T20:12:20","guid":{"rendered":"http:\/\/cuicui.be\/?page_id=2185"},"modified":"2016-10-02T21:12:20","modified_gmt":"2016-10-02T20:12:20","slug":"tanzania","status":"publish","type":"page","link":"https:\/\/cuicui.be\/fr\/tanzania\/","title":{"rendered":"Tanzanie"},"content":{"rendered":"<style>.slick-slider#wpsp-2184 {margin-left: 0px; }.slick-slider#wpsp-2184 .wp-show-posts-inner {margin-left: 1em; margin-right: 1em; }#wpsp-2184.wpsp-card .wp-show-posts-single {margin-bottom: 2em; }.slick-slider#wpsp-2184 .wp-show-posts-single {margin-bottom: 0px; }#wpsp-2184 .wp-show-posts-inner {border: 1px solid #adadad; }#wpsp-2184:not(.wpsp-card) .wp-show-posts-inner {padding: 5px; }#wpsp-2184.wpsp-card .wpsp-content-wrap {padding: 5px; }<\/style><style>.wp-show-posts-columns#wpsp-2184 {margin-left: -2em; }.wp-show-posts-columns#wpsp-2184 .wp-show-posts-inner {margin: 0 0 2em 2em; }<\/style><section id=\"wpsp-2184\" class=\" wp-show-posts-columns wp-show-posts-masonry wp-show-posts\" style=\"\"><div class=\"grid-sizer wpsp-col-4\"><\/div><article class=\"  wp-show-posts-masonry-col-4  wp-show-posts-masonry-block wp-show-posts-single post-2192 post type-post status-publish format-standard has-post-thumbnail hentry category-africa category-tanzania wpsp-col-4\" itemtype=\"http:\/\/schema.org\/CreativeWork\" itemscope><div class=\"wp-show-posts-inner\" style=\"\">\t\t<div class=\"wp-show-posts-image zoom wpsp-image-center \">\n\t\t\t<a href=\"https:\/\/cuicui.be\/fr\/tanzania-kondoa-rock-art\/\"  title=\"L\u2019art rupestre de Kondoa\"><img loading=\"lazy\" decoding=\"async\" width=\"1024\" height=\"512\" src=\"https:\/\/cuicui.be\/wp-content\/uploads\/2016\/10\/tz-kondoa.jpg\" class=\"attachment-full size-full wp-post-image\" alt=\"\" itemprop=\"image\" srcset=\"https:\/\/cuicui.be\/wp-content\/uploads\/2016\/10\/tz-kondoa.jpg 1024w, https:\/\/cuicui.be\/wp-content\/uploads\/2016\/10\/tz-kondoa-150x75.jpg 150w, https:\/\/cuicui.be\/wp-content\/uploads\/2016\/10\/tz-kondoa-300x150.jpg 300w, https:\/\/cuicui.be\/wp-content\/uploads\/2016\/10\/tz-kondoa-768x384.jpg 768w, https:\/\/cuicui.be\/wp-content\/uploads\/2016\/10\/tz-kondoa-600x300.jpg 600w\" sizes=\"auto, (max-width: 1024px) 100vw, 1024px\" \/><\/a>\t\t<\/div>\n\t\t\t\t\t\t\t\t<header class=\"wp-show-posts-entry-header\">\n\t\t\t\t\t\t\t<h2 class=\"wp-show-posts-entry-title\" itemprop=\"headline\"><a href=\"https:\/\/cuicui.be\/fr\/tanzania-kondoa-rock-art\/\" rel=\"bookmark\">L\u2019art rupestre de Kondoa<\/a><\/h2>\t\t\t\t\t\t<\/header><!-- .entry-header -->\n\t\t\t\t\t\t\t\t\t\t\t<div class=\"wp-show-posts-entry-summary\" itemprop=\"text\">\n\t\t\t\t\t\t\t<p>\u00ab\u00a0Sur les versants orientaux de l\u2019escarpement masa\u00ef bordant la grande vall\u00e9e du rift, on trouve des abris sous roche naturels dont les&#8230;<\/p>\n\t\t\t\t\t\t<\/div><!-- .entry-summary -->\n\t\t\t\t\t<\/div><!-- wp-show-posts-inner --><\/article><article class=\"  wp-show-posts-masonry-col-4  wp-show-posts-masonry-block wp-show-posts-single post-2179 post type-post status-publish format-standard has-post-thumbnail hentry category-africa category-tanzania wpsp-col-4\" itemtype=\"http:\/\/schema.org\/CreativeWork\" itemscope><div class=\"wp-show-posts-inner\" style=\"\">\t\t<div class=\"wp-show-posts-image zoom wpsp-image-center \">\n\t\t\t<a href=\"https:\/\/cuicui.be\/fr\/tanzania-kilwa-kisiwani\/\"  title=\"Les ruines de Kilwa Kisiwani\"><img loading=\"lazy\" decoding=\"async\" width=\"1024\" height=\"512\" src=\"https:\/\/cuicui.be\/wp-content\/uploads\/2016\/10\/tz-kilwa.jpg\" class=\"attachment-full size-full wp-post-image\" alt=\"\" itemprop=\"image\" srcset=\"https:\/\/cuicui.be\/wp-content\/uploads\/2016\/10\/tz-kilwa.jpg 1024w, https:\/\/cuicui.be\/wp-content\/uploads\/2016\/10\/tz-kilwa-150x75.jpg 150w, https:\/\/cuicui.be\/wp-content\/uploads\/2016\/10\/tz-kilwa-300x150.jpg 300w, https:\/\/cuicui.be\/wp-content\/uploads\/2016\/10\/tz-kilwa-768x384.jpg 768w, https:\/\/cuicui.be\/wp-content\/uploads\/2016\/10\/tz-kilwa-600x300.jpg 600w\" sizes=\"auto, (max-width: 1024px) 100vw, 1024px\" \/><\/a>\t\t<\/div>\n\t\t\t\t\t\t\t\t<header class=\"wp-show-posts-entry-header\">\n\t\t\t\t\t\t\t<h2 class=\"wp-show-posts-entry-title\" itemprop=\"headline\"><a href=\"https:\/\/cuicui.be\/fr\/tanzania-kilwa-kisiwani\/\" rel=\"bookmark\">Les ruines de Kilwa Kisiwani<\/a><\/h2>\t\t\t\t\t\t<\/header><!-- .entry-header -->\n\t\t\t\t\t\t\t\t\t\t\t<div class=\"wp-show-posts-entry-summary\" itemprop=\"text\">\n\t\t\t\t\t\t\t<p>\u00ab\u00a0Sur deux petites \u00eeles toutes proches de la c\u00f4te tanzanienne, subsistent les vestiges de deux grands ports qui firent l&rsquo;admiration des premiers&#8230;<\/p>\n\t\t\t\t\t\t<\/div><!-- .entry-summary -->\n\t\t\t\t\t<\/div><!-- wp-show-posts-inner --><\/article><article class=\"  wp-show-posts-masonry-col-4  wp-show-posts-masonry-block wp-show-posts-single post-2188 post type-post status-publish format-standard has-post-thumbnail hentry category-africa category-tanzania wpsp-col-4\" itemtype=\"http:\/\/schema.org\/CreativeWork\" itemscope><div class=\"wp-show-posts-inner\" style=\"\">\t\t<div class=\"wp-show-posts-image zoom wpsp-image-center \">\n\t\t\t<a href=\"https:\/\/cuicui.be\/fr\/tanzania-stone-town-of-zanzibar\/\"  title=\"La ville de pierre de Zanzibar\"><img loading=\"lazy\" decoding=\"async\" width=\"1024\" height=\"512\" src=\"https:\/\/cuicui.be\/wp-content\/uploads\/2016\/10\/tz-zanzibar.jpg\" class=\"attachment-full size-full wp-post-image\" alt=\"\" itemprop=\"image\" srcset=\"https:\/\/cuicui.be\/wp-content\/uploads\/2016\/10\/tz-zanzibar.jpg 1024w, https:\/\/cuicui.be\/wp-content\/uploads\/2016\/10\/tz-zanzibar-150x75.jpg 150w, https:\/\/cuicui.be\/wp-content\/uploads\/2016\/10\/tz-zanzibar-300x150.jpg 300w, https:\/\/cuicui.be\/wp-content\/uploads\/2016\/10\/tz-zanzibar-768x384.jpg 768w, https:\/\/cuicui.be\/wp-content\/uploads\/2016\/10\/tz-zanzibar-600x300.jpg 600w\" sizes=\"auto, (max-width: 1024px) 100vw, 1024px\" \/><\/a>\t\t<\/div>\n\t\t\t\t\t\t\t\t<header class=\"wp-show-posts-entry-header\">\n\t\t\t\t\t\t\t<h2 class=\"wp-show-posts-entry-title\" itemprop=\"headline\"><a href=\"https:\/\/cuicui.be\/fr\/tanzania-stone-town-of-zanzibar\/\" rel=\"bookmark\">La ville de pierre de Zanzibar<\/a><\/h2>\t\t\t\t\t\t<\/header><!-- .entry-header -->\n\t\t\t\t\t\t\t\t\t\t\t<div class=\"wp-show-posts-entry-summary\" itemprop=\"text\">\n\t\t\t\t\t\t\t<p>\u00ab\u00a0La Ville de pierre de Zanzibar est un magnifique exemple des villes marchandes c\u00f4ti\u00e8res swahilies d&rsquo;Afrique de l&rsquo;Est. Elle a conserv\u00e9 un&#8230;<\/p>\n\t\t\t\t\t\t<\/div><!-- .entry-summary -->\n\t\t\t\t\t<\/div><!-- wp-show-posts-inner --><\/article><div class=\"wpsp-clear\"><\/div><\/section><!-- .wp-show-posts -->\n","protected":false},"excerpt":{"rendered":"","protected":false},"author":1,"featured_media":0,"parent":0,"menu_order":0,"comment_status":"closed","ping_status":"closed","template":"","meta":{"generate_page_header":"","footnotes":""},"class_list":["post-2185","page","type-page","status-publish","hentry","generate-columns","tablet-grid-50","mobile-grid-100","grid-parent","grid-33"],"_links":{"self":[{"href":"https:\/\/cuicui.be\/fr\/wp-json\/wp\/v2\/pages\/2185","targetHints":{"allow":["GET"]}}],"collection":[{"href":"https:\/\/cuicui.be\/fr\/wp-json\/wp\/v2\/pages"}],"about":[{"href":"https:\/\/cuicui.be\/fr\/wp-json\/wp\/v2\/types\/page"}],"author":[{"embeddable":true,"href":"https:\/\/cuicui.be\/fr\/wp-json\/wp\/v2\/users\/1"}],"replies":[{"embeddable":true,"href":"https:\/\/cuicui.be\/fr\/wp-json\/wp\/v2\/comments?post=2185"}],"version-history":[{"count":0,"href":"https:\/\/cuicui.be\/fr\/wp-json\/wp\/v2\/pages\/2185\/revisions"}],"wp:attachment":[{"href":"https:\/\/cuicui.be\/fr\/wp-json\/wp\/v2\/media?parent=2185"}],"curies":[{"name":"wp","href":"https:\/\/api.w.org\/{rel}","templated":true}]}}