{"id":2202,"date":"2016-10-03T19:53:39","date_gmt":"2016-10-03T18:53:39","guid":{"rendered":"http:\/\/cuicui.be\/?page_id=2202"},"modified":"2016-10-03T19:53:39","modified_gmt":"2016-10-03T18:53:39","slug":"kenya","status":"publish","type":"page","link":"https:\/\/cuicui.be\/fr\/kenya\/","title":{"rendered":"Kenya"},"content":{"rendered":"<style>.slick-slider#wpsp-2201 {margin-left: 0px; }.slick-slider#wpsp-2201 .wp-show-posts-inner {margin-left: 1em; margin-right: 1em; }#wpsp-2201.wpsp-card .wp-show-posts-single {margin-bottom: 2em; }.slick-slider#wpsp-2201 .wp-show-posts-single {margin-bottom: 0px; }#wpsp-2201 .wp-show-posts-inner {border: 1px solid #adadad; }#wpsp-2201:not(.wpsp-card) .wp-show-posts-inner {padding: 5px; }#wpsp-2201.wpsp-card .wpsp-content-wrap {padding: 5px; }<\/style><style>.wp-show-posts-columns#wpsp-2201 {margin-left: -2em; }.wp-show-posts-columns#wpsp-2201 .wp-show-posts-inner {margin: 0 0 2em 2em; }<\/style><section id=\"wpsp-2201\" class=\" wp-show-posts-columns wp-show-posts-masonry wp-show-posts\" style=\"\"><div class=\"grid-sizer wpsp-col-4\"><\/div><article class=\"  wp-show-posts-masonry-col-4  wp-show-posts-masonry-block wp-show-posts-single post-2209 post type-post status-publish format-standard has-post-thumbnail hentry category-africa category-kenya wpsp-col-4\" itemtype=\"http:\/\/schema.org\/CreativeWork\" itemscope><div class=\"wp-show-posts-inner\" style=\"\">\t\t<div class=\"wp-show-posts-image zoom wpsp-image-center \">\n\t\t\t<a href=\"https:\/\/cuicui.be\/fr\/kenya-fort-jesus-in-mombasa\/\"  title=\"Fort J\u00e9sus \u00e0 Mombasa\"><img loading=\"lazy\" decoding=\"async\" width=\"1024\" height=\"512\" src=\"https:\/\/cuicui.be\/wp-content\/uploads\/2016\/10\/ke-fort-jesus.jpg\" class=\"attachment-full size-full wp-post-image\" alt=\"\" itemprop=\"image\" srcset=\"https:\/\/cuicui.be\/wp-content\/uploads\/2016\/10\/ke-fort-jesus.jpg 1024w, https:\/\/cuicui.be\/wp-content\/uploads\/2016\/10\/ke-fort-jesus-150x75.jpg 150w, https:\/\/cuicui.be\/wp-content\/uploads\/2016\/10\/ke-fort-jesus-300x150.jpg 300w, https:\/\/cuicui.be\/wp-content\/uploads\/2016\/10\/ke-fort-jesus-768x384.jpg 768w, https:\/\/cuicui.be\/wp-content\/uploads\/2016\/10\/ke-fort-jesus-600x300.jpg 600w\" sizes=\"auto, (max-width: 1024px) 100vw, 1024px\" \/><\/a>\t\t<\/div>\n\t\t\t\t\t\t\t\t<header class=\"wp-show-posts-entry-header\">\n\t\t\t\t\t\t\t<h2 class=\"wp-show-posts-entry-title\" itemprop=\"headline\"><a href=\"https:\/\/cuicui.be\/fr\/kenya-fort-jesus-in-mombasa\/\" rel=\"bookmark\">Fort J\u00e9sus \u00e0 Mombasa<\/a><\/h2>\t\t\t\t\t\t<\/header><!-- .entry-header -->\n\t\t\t\t\t\t\t\t\t\t\t<div class=\"wp-show-posts-entry-summary\" itemprop=\"text\">\n\t\t\t\t\t\t\t<p>\u00ab\u00a0Le Fort, \u00e9difi\u00e9 par les Portugais en 1593-1596 selon les plans de Giovanni Battista Cairati pour prot\u00e9ger le port de Mombasa, est&#8230;<\/p>\n\t\t\t\t\t\t<\/div><!-- .entry-summary -->\n\t\t\t\t\t<\/div><!-- wp-show-posts-inner --><\/article><article class=\"  wp-show-posts-masonry-col-4  wp-show-posts-masonry-block wp-show-posts-single post-2197 post type-post status-publish format-standard has-post-thumbnail hentry category-africa category-kenya wpsp-col-4\" itemtype=\"http:\/\/schema.org\/CreativeWork\" itemscope><div class=\"wp-show-posts-inner\" style=\"\">\t\t<div class=\"wp-show-posts-image zoom wpsp-image-center \">\n\t\t\t<a href=\"https:\/\/cuicui.be\/fr\/lake-turkana\/\"  title=\"Le lac Turkana\"><img loading=\"lazy\" decoding=\"async\" width=\"1024\" height=\"512\" src=\"https:\/\/cuicui.be\/wp-content\/uploads\/2016\/10\/ke-turkana.jpg\" class=\"attachment-full size-full wp-post-image\" alt=\"\" itemprop=\"image\" srcset=\"https:\/\/cuicui.be\/wp-content\/uploads\/2016\/10\/ke-turkana.jpg 1024w, https:\/\/cuicui.be\/wp-content\/uploads\/2016\/10\/ke-turkana-150x75.jpg 150w, https:\/\/cuicui.be\/wp-content\/uploads\/2016\/10\/ke-turkana-300x150.jpg 300w, https:\/\/cuicui.be\/wp-content\/uploads\/2016\/10\/ke-turkana-768x384.jpg 768w, https:\/\/cuicui.be\/wp-content\/uploads\/2016\/10\/ke-turkana-600x300.jpg 600w\" sizes=\"auto, (max-width: 1024px) 100vw, 1024px\" \/><\/a>\t\t<\/div>\n\t\t\t\t\t\t\t\t<header class=\"wp-show-posts-entry-header\">\n\t\t\t\t\t\t\t<h2 class=\"wp-show-posts-entry-title\" itemprop=\"headline\"><a href=\"https:\/\/cuicui.be\/fr\/lake-turkana\/\" rel=\"bookmark\">Le lac Turkana<\/a><\/h2>\t\t\t\t\t\t<\/header><!-- .entry-header -->\n\t\t\t\t\t\t\t\t\t\t\t<div class=\"wp-show-posts-entry-summary\" itemprop=\"text\">\n\t\t\t\t\t\t\t<p>\u00ab\u00a0Le plus sal\u00e9 des grands lacs d&rsquo;Afrique, le Turkana, est un laboratoire exceptionnel pour l&rsquo;\u00e9tude des communaut\u00e9s v\u00e9g\u00e9tales et animales. Les trois&#8230;<\/p>\n\t\t\t\t\t\t<\/div><!-- .entry-summary -->\n\t\t\t\t\t<\/div><!-- wp-show-posts-inner --><\/article><article class=\"  wp-show-posts-masonry-col-4  wp-show-posts-masonry-block wp-show-posts-single post-2213 post type-post status-publish format-standard has-post-thumbnail hentry category-africa category-kenya wpsp-col-4\" itemtype=\"http:\/\/schema.org\/CreativeWork\" itemscope><div class=\"wp-show-posts-inner\" style=\"\">\t\t<div class=\"wp-show-posts-image zoom wpsp-image-center \">\n\t\t\t<a href=\"https:\/\/cuicui.be\/fr\/kenya-mount-kenya-natural-forest\/\"  title=\"Le mont Kenya\"><img loading=\"lazy\" decoding=\"async\" width=\"1024\" height=\"512\" src=\"https:\/\/cuicui.be\/wp-content\/uploads\/2016\/10\/ke-mount-kenya.jpg\" class=\"attachment-full size-full wp-post-image\" alt=\"\" itemprop=\"image\" srcset=\"https:\/\/cuicui.be\/wp-content\/uploads\/2016\/10\/ke-mount-kenya.jpg 1024w, https:\/\/cuicui.be\/wp-content\/uploads\/2016\/10\/ke-mount-kenya-150x75.jpg 150w, https:\/\/cuicui.be\/wp-content\/uploads\/2016\/10\/ke-mount-kenya-300x150.jpg 300w, https:\/\/cuicui.be\/wp-content\/uploads\/2016\/10\/ke-mount-kenya-768x384.jpg 768w, https:\/\/cuicui.be\/wp-content\/uploads\/2016\/10\/ke-mount-kenya-600x300.jpg 600w\" sizes=\"auto, (max-width: 1024px) 100vw, 1024px\" \/><\/a>\t\t<\/div>\n\t\t\t\t\t\t\t\t<header class=\"wp-show-posts-entry-header\">\n\t\t\t\t\t\t\t<h2 class=\"wp-show-posts-entry-title\" itemprop=\"headline\"><a href=\"https:\/\/cuicui.be\/fr\/kenya-mount-kenya-natural-forest\/\" rel=\"bookmark\">Le mont Kenya<\/a><\/h2>\t\t\t\t\t\t<\/header><!-- .entry-header -->\n\t\t\t\t\t\t\t\t\t\t\t<div class=\"wp-show-posts-entry-summary\" itemprop=\"text\">\n\t\t\t\t\t\t\t<p>\u00ab\u00a0Culminant \u00e0 5.199 m, le mont Kenya est le deuxi\u00e8me plus haut sommet d\u2019Afrique. C\u2019est un ancien volcan \u00e9teint qui, durant sa&#8230;<\/p>\n\t\t\t\t\t\t<\/div><!-- .entry-summary -->\n\t\t\t\t\t<\/div><!-- wp-show-posts-inner --><\/article><article class=\"  wp-show-posts-masonry-col-4  wp-show-posts-masonry-block wp-show-posts-single post-2205 post type-post status-publish format-standard has-post-thumbnail hentry category-africa category-kenya wpsp-col-4\" itemtype=\"http:\/\/schema.org\/CreativeWork\" itemscope><div class=\"wp-show-posts-inner\" style=\"\">\t\t<div class=\"wp-show-posts-image zoom wpsp-image-center \">\n\t\t\t<a href=\"https:\/\/cuicui.be\/fr\/kenya-lamu-old-town\/\"  title=\"Vieille ville de Lamu\"><img loading=\"lazy\" decoding=\"async\" width=\"1024\" height=\"512\" src=\"https:\/\/cuicui.be\/wp-content\/uploads\/2016\/10\/ke-lamu.jpg\" class=\"attachment-full size-full wp-post-image\" alt=\"\" itemprop=\"image\" srcset=\"https:\/\/cuicui.be\/wp-content\/uploads\/2016\/10\/ke-lamu.jpg 1024w, https:\/\/cuicui.be\/wp-content\/uploads\/2016\/10\/ke-lamu-150x75.jpg 150w, https:\/\/cuicui.be\/wp-content\/uploads\/2016\/10\/ke-lamu-300x150.jpg 300w, https:\/\/cuicui.be\/wp-content\/uploads\/2016\/10\/ke-lamu-768x384.jpg 768w, https:\/\/cuicui.be\/wp-content\/uploads\/2016\/10\/ke-lamu-600x300.jpg 600w\" sizes=\"auto, (max-width: 1024px) 100vw, 1024px\" \/><\/a>\t\t<\/div>\n\t\t\t\t\t\t\t\t<header class=\"wp-show-posts-entry-header\">\n\t\t\t\t\t\t\t<h2 class=\"wp-show-posts-entry-title\" itemprop=\"headline\"><a href=\"https:\/\/cuicui.be\/fr\/kenya-lamu-old-town\/\" rel=\"bookmark\">Vieille ville de Lamu<\/a><\/h2>\t\t\t\t\t\t<\/header><!-- .entry-header -->\n\t\t\t\t\t\t\t\t\t\t\t<div class=\"wp-show-posts-entry-summary\" itemprop=\"text\">\n\t\t\t\t\t\t\t<p>\u00ab\u00a0La vieille ville de Lamu, qui est le plus ancien et le mieux pr\u00e9serv\u00e9 des lieux de peuplement swahilis en Afrique de&#8230;<\/p>\n\t\t\t\t\t\t<\/div><!-- .entry-summary -->\n\t\t\t\t\t<\/div><!-- wp-show-posts-inner --><\/article><div class=\"wpsp-clear\"><\/div><\/section><!-- .wp-show-posts -->\n","protected":false},"excerpt":{"rendered":"","protected":false},"author":1,"featured_media":0,"parent":0,"menu_order":0,"comment_status":"closed","ping_status":"closed","template":"","meta":{"generate_page_header":"","footnotes":""},"class_list":["post-2202","page","type-page","status-publish","hentry","generate-columns","tablet-grid-50","mobile-grid-100","grid-parent","grid-33"],"_links":{"self":[{"href":"https:\/\/cuicui.be\/fr\/wp-json\/wp\/v2\/pages\/2202","targetHints":{"allow":["GET"]}}],"collection":[{"href":"https:\/\/cuicui.be\/fr\/wp-json\/wp\/v2\/pages"}],"about":[{"href":"https:\/\/cuicui.be\/fr\/wp-json\/wp\/v2\/types\/page"}],"author":[{"embeddable":true,"href":"https:\/\/cuicui.be\/fr\/wp-json\/wp\/v2\/users\/1"}],"replies":[{"embeddable":true,"href":"https:\/\/cuicui.be\/fr\/wp-json\/wp\/v2\/comments?post=2202"}],"version-history":[{"count":0,"href":"https:\/\/cuicui.be\/fr\/wp-json\/wp\/v2\/pages\/2202\/revisions"}],"wp:attachment":[{"href":"https:\/\/cuicui.be\/fr\/wp-json\/wp\/v2\/media?parent=2202"}],"curies":[{"name":"wp","href":"https:\/\/api.w.org\/{rel}","templated":true}]}}