{"id":2403,"date":"2016-10-16T12:46:54","date_gmt":"2016-10-16T11:46:54","guid":{"rendered":"http:\/\/cuicui.be\/?page_id=2403"},"modified":"2016-10-16T12:46:54","modified_gmt":"2016-10-16T11:46:54","slug":"germany","status":"publish","type":"page","link":"https:\/\/cuicui.be\/fr\/germany\/","title":{"rendered":"Allemagne"},"content":{"rendered":"<style>.slick-slider#wpsp-2402 {margin-left: 0px; }.slick-slider#wpsp-2402 .wp-show-posts-inner {margin-left: 1em; margin-right: 1em; }#wpsp-2402.wpsp-card .wp-show-posts-single {margin-bottom: 2em; }.slick-slider#wpsp-2402 .wp-show-posts-single {margin-bottom: 0px; }#wpsp-2402 .wp-show-posts-inner {border: 1px solid #adadad; }#wpsp-2402:not(.wpsp-card) .wp-show-posts-inner {padding: 5px; }#wpsp-2402.wpsp-card .wpsp-content-wrap {padding: 5px; }<\/style><style>.wp-show-posts-columns#wpsp-2402 {margin-left: -2em; }.wp-show-posts-columns#wpsp-2402 .wp-show-posts-inner {margin: 0 0 2em 2em; }<\/style><section id=\"wpsp-2402\" class=\" wp-show-posts-columns wp-show-posts-masonry wp-show-posts\" style=\"\"><div class=\"grid-sizer wpsp-col-4\"><\/div><article class=\"  wp-show-posts-masonry-col-4  wp-show-posts-masonry-block wp-show-posts-single post-2390 post type-post status-publish format-standard has-post-thumbnail hentry category-europe category-germany wpsp-col-4\" itemtype=\"http:\/\/schema.org\/CreativeWork\" itemscope><div class=\"wp-show-posts-inner\" style=\"\">\t\t<div class=\"wp-show-posts-image zoom wpsp-image-center \">\n\t\t\t<a href=\"https:\/\/cuicui.be\/fr\/germany-messel-pit-fossil-site\/\"  title=\"Le site fossilif\u00e8re de Messel\"><img loading=\"lazy\" decoding=\"async\" width=\"1024\" height=\"512\" src=\"https:\/\/cuicui.be\/wp-content\/uploads\/2016\/10\/de-messel.jpg\" class=\"attachment-full size-full wp-post-image\" alt=\"\" itemprop=\"image\" srcset=\"https:\/\/cuicui.be\/wp-content\/uploads\/2016\/10\/de-messel.jpg 1024w, https:\/\/cuicui.be\/wp-content\/uploads\/2016\/10\/de-messel-150x75.jpg 150w, https:\/\/cuicui.be\/wp-content\/uploads\/2016\/10\/de-messel-300x150.jpg 300w, https:\/\/cuicui.be\/wp-content\/uploads\/2016\/10\/de-messel-768x384.jpg 768w, https:\/\/cuicui.be\/wp-content\/uploads\/2016\/10\/de-messel-600x300.jpg 600w\" sizes=\"auto, (max-width: 1024px) 100vw, 1024px\" \/><\/a>\t\t<\/div>\n\t\t\t\t\t\t\t\t<header class=\"wp-show-posts-entry-header\">\n\t\t\t\t\t\t\t<h2 class=\"wp-show-posts-entry-title\" itemprop=\"headline\"><a href=\"https:\/\/cuicui.be\/fr\/germany-messel-pit-fossil-site\/\" rel=\"bookmark\">Le site fossilif\u00e8re de Messel<\/a><\/h2>\t\t\t\t\t\t<\/header><!-- .entry-header -->\n\t\t\t\t\t\t\t\t\t\t\t<div class=\"wp-show-posts-entry-summary\" itemprop=\"text\">\n\t\t\t\t\t\t\t<p>\u00ab\u00a0Messel est le site le plus riche au monde pour la compr\u00e9hension du milieu vivant de l&rsquo;\u00e9oc\u00e8ne, p\u00e9riode g\u00e9ologique situ\u00e9e entre \u2013&#8230;<\/p>\n\t\t\t\t\t\t<\/div><!-- .entry-summary -->\n\t\t\t\t\t<\/div><!-- wp-show-posts-inner --><\/article><article class=\"  wp-show-posts-masonry-col-4  wp-show-posts-masonry-block wp-show-posts-single post-2398 post type-post status-publish format-standard has-post-thumbnail hentry category-europe category-germany wpsp-col-4\" itemtype=\"http:\/\/schema.org\/CreativeWork\" itemscope><div class=\"wp-show-posts-inner\" style=\"\">\t\t<div class=\"wp-show-posts-image zoom wpsp-image-center \">\n\t\t\t<a href=\"https:\/\/cuicui.be\/fr\/germany-cologne-cathedral\/\"  title=\"La cath\u00e9drale de Cologne\"><img loading=\"lazy\" decoding=\"async\" width=\"1024\" height=\"512\" src=\"https:\/\/cuicui.be\/wp-content\/uploads\/2016\/10\/de-koeln.jpg\" class=\"attachment-full size-full wp-post-image\" alt=\"\" itemprop=\"image\" srcset=\"https:\/\/cuicui.be\/wp-content\/uploads\/2016\/10\/de-koeln.jpg 1024w, https:\/\/cuicui.be\/wp-content\/uploads\/2016\/10\/de-koeln-150x75.jpg 150w, https:\/\/cuicui.be\/wp-content\/uploads\/2016\/10\/de-koeln-300x150.jpg 300w, https:\/\/cuicui.be\/wp-content\/uploads\/2016\/10\/de-koeln-768x384.jpg 768w, https:\/\/cuicui.be\/wp-content\/uploads\/2016\/10\/de-koeln-600x300.jpg 600w\" sizes=\"auto, (max-width: 1024px) 100vw, 1024px\" \/><\/a>\t\t<\/div>\n\t\t\t\t\t\t\t\t<header class=\"wp-show-posts-entry-header\">\n\t\t\t\t\t\t\t<h2 class=\"wp-show-posts-entry-title\" itemprop=\"headline\"><a href=\"https:\/\/cuicui.be\/fr\/germany-cologne-cathedral\/\" rel=\"bookmark\">La cath\u00e9drale de Cologne<\/a><\/h2>\t\t\t\t\t\t<\/header><!-- .entry-header -->\n\t\t\t\t\t\t\t\t\t\t\t<div class=\"wp-show-posts-entry-summary\" itemprop=\"text\">\n\t\t\t\t\t\t\t<p>\u00ab\u00a0Commenc\u00e9e en 1248, la construction de ce chef-d&rsquo;\u0153uvre de l&rsquo;art gothique se fit par \u00e9tapes et s&rsquo;acheva en 1880. Au cours de&#8230;<\/p>\n\t\t\t\t\t\t<\/div><!-- .entry-summary -->\n\t\t\t\t\t<\/div><!-- wp-show-posts-inner --><\/article><article class=\"  wp-show-posts-masonry-col-4  wp-show-posts-masonry-block wp-show-posts-single post-2376 post type-post status-publish format-standard has-post-thumbnail hentry category-europe category-germany wpsp-col-4\" itemtype=\"http:\/\/schema.org\/CreativeWork\" itemscope><div class=\"wp-show-posts-inner\" style=\"\">\t\t<div class=\"wp-show-posts-image zoom wpsp-image-center \">\n\t\t\t<a href=\"https:\/\/cuicui.be\/fr\/germany-speyer-cathedral\/\"  title=\"La cath\u00e9drale de Spire\"><img loading=\"lazy\" decoding=\"async\" width=\"1024\" height=\"512\" src=\"https:\/\/cuicui.be\/wp-content\/uploads\/2016\/10\/de-speyer.jpg\" class=\"attachment-full size-full wp-post-image\" alt=\"\" itemprop=\"image\" srcset=\"https:\/\/cuicui.be\/wp-content\/uploads\/2016\/10\/de-speyer.jpg 1024w, https:\/\/cuicui.be\/wp-content\/uploads\/2016\/10\/de-speyer-150x75.jpg 150w, https:\/\/cuicui.be\/wp-content\/uploads\/2016\/10\/de-speyer-300x150.jpg 300w, https:\/\/cuicui.be\/wp-content\/uploads\/2016\/10\/de-speyer-768x384.jpg 768w, https:\/\/cuicui.be\/wp-content\/uploads\/2016\/10\/de-speyer-600x300.jpg 600w\" sizes=\"auto, (max-width: 1024px) 100vw, 1024px\" \/><\/a>\t\t<\/div>\n\t\t\t\t\t\t\t\t<header class=\"wp-show-posts-entry-header\">\n\t\t\t\t\t\t\t<h2 class=\"wp-show-posts-entry-title\" itemprop=\"headline\"><a href=\"https:\/\/cuicui.be\/fr\/germany-speyer-cathedral\/\" rel=\"bookmark\">La cath\u00e9drale de Spire<\/a><\/h2>\t\t\t\t\t\t<\/header><!-- .entry-header -->\n\t\t\t\t\t\t\t\t\t\t\t<div class=\"wp-show-posts-entry-summary\" itemprop=\"text\">\n\t\t\t\t\t\t\t<p>\u00ab\u00a0Fond\u00e9e par Conrad II en 1030 et transform\u00e9e \u00e0 la fin du XIe si\u00e8cle, la cath\u00e9drale de Spire, basilique \u00e0 quatre tours&#8230;<\/p>\n\t\t\t\t\t\t<\/div><!-- .entry-summary -->\n\t\t\t\t\t<\/div><!-- wp-show-posts-inner --><\/article><article class=\"  wp-show-posts-masonry-col-4  wp-show-posts-masonry-block wp-show-posts-single post-2394 post type-post status-publish format-standard has-post-thumbnail hentry category-europe category-germany wpsp-col-4\" itemtype=\"http:\/\/schema.org\/CreativeWork\" itemscope><div class=\"wp-show-posts-inner\" style=\"\">\t\t<div class=\"wp-show-posts-image zoom wpsp-image-center \">\n\t\t\t<a href=\"https:\/\/cuicui.be\/fr\/germany-trier\/\"  title=\"Tr\u00e8ves \u2013 monuments romains, cath\u00e9drale Saint-Pierre et \u00e9glise Notre-Dame\"><img loading=\"lazy\" decoding=\"async\" width=\"1024\" height=\"512\" src=\"https:\/\/cuicui.be\/wp-content\/uploads\/2016\/10\/de-trier.jpg\" class=\"attachment-full size-full wp-post-image\" alt=\"\" itemprop=\"image\" srcset=\"https:\/\/cuicui.be\/wp-content\/uploads\/2016\/10\/de-trier.jpg 1024w, https:\/\/cuicui.be\/wp-content\/uploads\/2016\/10\/de-trier-150x75.jpg 150w, https:\/\/cuicui.be\/wp-content\/uploads\/2016\/10\/de-trier-300x150.jpg 300w, https:\/\/cuicui.be\/wp-content\/uploads\/2016\/10\/de-trier-768x384.jpg 768w, https:\/\/cuicui.be\/wp-content\/uploads\/2016\/10\/de-trier-600x300.jpg 600w\" sizes=\"auto, (max-width: 1024px) 100vw, 1024px\" \/><\/a>\t\t<\/div>\n\t\t\t\t\t\t\t\t<header class=\"wp-show-posts-entry-header\">\n\t\t\t\t\t\t\t<h2 class=\"wp-show-posts-entry-title\" itemprop=\"headline\"><a href=\"https:\/\/cuicui.be\/fr\/germany-trier\/\" rel=\"bookmark\">Tr\u00e8ves \u2013 monuments romains, cath\u00e9drale Saint-Pierre et \u00e9glise Notre-Dame<\/a><\/h2>\t\t\t\t\t\t<\/header><!-- .entry-header -->\n\t\t\t\t\t\t\t\t\t\t\t<div class=\"wp-show-posts-entry-summary\" itemprop=\"text\">\n\t\t\t\t\t\t\t<p>\u00ab\u00a0Colonie romaine d\u00e8s le Ier si\u00e8cle de notre \u00e8re, puis grande m\u00e9tropole marchande \u00e0 partir du si\u00e8cle suivant, Tr\u00e8ves, au bord de&#8230;<\/p>\n\t\t\t\t\t\t<\/div><!-- .entry-summary -->\n\t\t\t\t\t<\/div><!-- wp-show-posts-inner --><\/article><article class=\"  wp-show-posts-masonry-col-4  wp-show-posts-masonry-block wp-show-posts-single post-2380 post type-post status-publish format-standard has-post-thumbnail hentry category-europe category-germany wpsp-col-4\" itemtype=\"http:\/\/schema.org\/CreativeWork\" itemscope><div class=\"wp-show-posts-inner\" style=\"\">\t\t<div class=\"wp-show-posts-image zoom wpsp-image-center \">\n\t\t\t<a href=\"https:\/\/cuicui.be\/fr\/germany-maulbronn-monastery\/\"  title=\"Le monast\u00e8re de Maulbronn\"><img loading=\"lazy\" decoding=\"async\" width=\"1024\" height=\"512\" src=\"https:\/\/cuicui.be\/wp-content\/uploads\/2016\/10\/de-maulbronn.jpg\" class=\"attachment-full size-full wp-post-image\" alt=\"\" itemprop=\"image\" srcset=\"https:\/\/cuicui.be\/wp-content\/uploads\/2016\/10\/de-maulbronn.jpg 1024w, https:\/\/cuicui.be\/wp-content\/uploads\/2016\/10\/de-maulbronn-150x75.jpg 150w, https:\/\/cuicui.be\/wp-content\/uploads\/2016\/10\/de-maulbronn-300x150.jpg 300w, https:\/\/cuicui.be\/wp-content\/uploads\/2016\/10\/de-maulbronn-768x384.jpg 768w, https:\/\/cuicui.be\/wp-content\/uploads\/2016\/10\/de-maulbronn-600x300.jpg 600w\" sizes=\"auto, (max-width: 1024px) 100vw, 1024px\" \/><\/a>\t\t<\/div>\n\t\t\t\t\t\t\t\t<header class=\"wp-show-posts-entry-header\">\n\t\t\t\t\t\t\t<h2 class=\"wp-show-posts-entry-title\" itemprop=\"headline\"><a href=\"https:\/\/cuicui.be\/fr\/germany-maulbronn-monastery\/\" rel=\"bookmark\">Le monast\u00e8re de Maulbronn<\/a><\/h2>\t\t\t\t\t\t<\/header><!-- .entry-header -->\n\t\t\t\t\t\t\t\t\t\t\t<div class=\"wp-show-posts-entry-summary\" itemprop=\"text\">\n\t\t\t\t\t\t\t<p>\u00ab\u00a0Fond\u00e9e en 1147, l&rsquo;abbaye cistercienne de Maulbronn est l&rsquo;ensemble monastique m\u00e9di\u00e9val le plus complet et le mieux pr\u00e9serv\u00e9 au nord des Alpes&#8230;.<\/p>\n\t\t\t\t\t\t<\/div><!-- .entry-summary -->\n\t\t\t\t\t<\/div><!-- wp-show-posts-inner --><\/article><article class=\"  wp-show-posts-masonry-col-4  wp-show-posts-masonry-block wp-show-posts-single post-2384 post type-post status-publish format-standard has-post-thumbnail hentry category-europe category-germany wpsp-col-4\" itemtype=\"http:\/\/schema.org\/CreativeWork\" itemscope><div class=\"wp-show-posts-inner\" style=\"\">\t\t<div class=\"wp-show-posts-image zoom wpsp-image-center \">\n\t\t\t<a href=\"https:\/\/cuicui.be\/fr\/abbey-and-altenmunster-of-lorsch\/\"  title=\"L&rsquo;abbaye et Altenm\u00fcnster de Lorsch\"><img loading=\"lazy\" decoding=\"async\" width=\"1024\" height=\"512\" src=\"https:\/\/cuicui.be\/wp-content\/uploads\/2016\/10\/de-lorsch.jpg\" class=\"attachment-full size-full wp-post-image\" alt=\"\" itemprop=\"image\" srcset=\"https:\/\/cuicui.be\/wp-content\/uploads\/2016\/10\/de-lorsch.jpg 1024w, https:\/\/cuicui.be\/wp-content\/uploads\/2016\/10\/de-lorsch-150x75.jpg 150w, https:\/\/cuicui.be\/wp-content\/uploads\/2016\/10\/de-lorsch-300x150.jpg 300w, https:\/\/cuicui.be\/wp-content\/uploads\/2016\/10\/de-lorsch-768x384.jpg 768w, https:\/\/cuicui.be\/wp-content\/uploads\/2016\/10\/de-lorsch-600x300.jpg 600w\" sizes=\"auto, (max-width: 1024px) 100vw, 1024px\" \/><\/a>\t\t<\/div>\n\t\t\t\t\t\t\t\t<header class=\"wp-show-posts-entry-header\">\n\t\t\t\t\t\t\t<h2 class=\"wp-show-posts-entry-title\" itemprop=\"headline\"><a href=\"https:\/\/cuicui.be\/fr\/abbey-and-altenmunster-of-lorsch\/\" rel=\"bookmark\">L&rsquo;abbaye et Altenm\u00fcnster de Lorsch<\/a><\/h2>\t\t\t\t\t\t<\/header><!-- .entry-header -->\n\t\t\t\t\t\t\t\t\t\t\t<div class=\"wp-show-posts-entry-summary\" itemprop=\"text\">\n\t\t\t\t\t\t\t<p>\u00ab\u00a0L&rsquo;ensemble form\u00e9 par l&rsquo;abbaye et son entr\u00e9e monumentale, la c\u00e9l\u00e8bre \u00ab Torhalle \u00bb, est un rare t\u00e9moignage architectural de l&rsquo;\u00e9poque carolingienne, avec&#8230;<\/p>\n\t\t\t\t\t\t<\/div><!-- .entry-summary -->\n\t\t\t\t\t<\/div><!-- wp-show-posts-inner --><\/article><div class=\"wpsp-clear\"><\/div><\/section><!-- .wp-show-posts -->\n","protected":false},"excerpt":{"rendered":"","protected":false},"author":1,"featured_media":0,"parent":0,"menu_order":0,"comment_status":"closed","ping_status":"closed","template":"","meta":{"generate_page_header":"","footnotes":""},"class_list":["post-2403","page","type-page","status-publish","hentry","generate-columns","tablet-grid-50","mobile-grid-100","grid-parent","grid-33"],"_links":{"self":[{"href":"https:\/\/cuicui.be\/fr\/wp-json\/wp\/v2\/pages\/2403","targetHints":{"allow":["GET"]}}],"collection":[{"href":"https:\/\/cuicui.be\/fr\/wp-json\/wp\/v2\/pages"}],"about":[{"href":"https:\/\/cuicui.be\/fr\/wp-json\/wp\/v2\/types\/page"}],"author":[{"embeddable":true,"href":"https:\/\/cuicui.be\/fr\/wp-json\/wp\/v2\/users\/1"}],"replies":[{"embeddable":true,"href":"https:\/\/cuicui.be\/fr\/wp-json\/wp\/v2\/comments?post=2403"}],"version-history":[{"count":0,"href":"https:\/\/cuicui.be\/fr\/wp-json\/wp\/v2\/pages\/2403\/revisions"}],"wp:attachment":[{"href":"https:\/\/cuicui.be\/fr\/wp-json\/wp\/v2\/media?parent=2403"}],"curies":[{"name":"wp","href":"https:\/\/api.w.org\/{rel}","templated":true}]}}