{"id":2417,"date":"2016-10-16T14:38:25","date_gmt":"2016-10-16T13:38:25","guid":{"rendered":"http:\/\/cuicui.be\/?page_id=2417"},"modified":"2016-10-16T14:38:25","modified_gmt":"2016-10-16T13:38:25","slug":"palestine","status":"publish","type":"page","link":"https:\/\/cuicui.be\/fr\/palestine\/","title":{"rendered":"Palestine"},"content":{"rendered":"<style>.slick-slider#wpsp-2416 {margin-left: 0px; }.slick-slider#wpsp-2416 .wp-show-posts-inner {margin-left: 1em; margin-right: 1em; }#wpsp-2416.wpsp-card .wp-show-posts-single {margin-bottom: 2em; }.slick-slider#wpsp-2416 .wp-show-posts-single {margin-bottom: 0px; }#wpsp-2416 .wp-show-posts-inner {border: 1px solid #adadad; }#wpsp-2416:not(.wpsp-card) .wp-show-posts-inner {padding: 5px; }#wpsp-2416.wpsp-card .wpsp-content-wrap {padding: 5px; }<\/style><style>.wp-show-posts-columns#wpsp-2416 {margin-left: -2em; }.wp-show-posts-columns#wpsp-2416 .wp-show-posts-inner {margin: 0 0 2em 2em; }<\/style><section id=\"wpsp-2416\" class=\" wp-show-posts-columns wp-show-posts-masonry wp-show-posts\" style=\"\"><div class=\"grid-sizer wpsp-col-4\"><\/div><article class=\"  wp-show-posts-masonry-col-4  wp-show-posts-masonry-block wp-show-posts-single post-2145 post type-post status-publish format-standard has-post-thumbnail hentry category-israel category-middle-east category-palestine wpsp-col-4\" itemtype=\"http:\/\/schema.org\/CreativeWork\" itemscope><div class=\"wp-show-posts-inner\" style=\"\">\t\t<div class=\"wp-show-posts-image zoom wpsp-image-center \">\n\t\t\t<a href=\"https:\/\/cuicui.be\/fr\/jerusalem-old-city-and-its-walls\/\"  title=\"La vieille ville de J\u00e9rusalem et ses remparts\"><img loading=\"lazy\" decoding=\"async\" width=\"1024\" height=\"512\" src=\"https:\/\/cuicui.be\/wp-content\/uploads\/2016\/10\/il-jerusalem-walls.jpg\" class=\"attachment-full size-full wp-post-image\" alt=\"\" itemprop=\"image\" srcset=\"https:\/\/cuicui.be\/wp-content\/uploads\/2016\/10\/il-jerusalem-walls.jpg 1024w, https:\/\/cuicui.be\/wp-content\/uploads\/2016\/10\/il-jerusalem-walls-150x75.jpg 150w, https:\/\/cuicui.be\/wp-content\/uploads\/2016\/10\/il-jerusalem-walls-300x150.jpg 300w, https:\/\/cuicui.be\/wp-content\/uploads\/2016\/10\/il-jerusalem-walls-768x384.jpg 768w, https:\/\/cuicui.be\/wp-content\/uploads\/2016\/10\/il-jerusalem-walls-600x300.jpg 600w\" sizes=\"auto, (max-width: 1024px) 100vw, 1024px\" \/><\/a>\t\t<\/div>\n\t\t\t\t\t\t\t\t<header class=\"wp-show-posts-entry-header\">\n\t\t\t\t\t\t\t<h2 class=\"wp-show-posts-entry-title\" itemprop=\"headline\"><a href=\"https:\/\/cuicui.be\/fr\/jerusalem-old-city-and-its-walls\/\" rel=\"bookmark\">La vieille ville de J\u00e9rusalem et ses remparts<\/a><\/h2>\t\t\t\t\t\t<\/header><!-- .entry-header -->\n\t\t\t\t\t\t\t\t\t\t\t<div class=\"wp-show-posts-entry-summary\" itemprop=\"text\">\n\t\t\t\t\t\t\t<p>\u00ab\u00a0Ville sainte du juda\u00efsme, du christianisme et de l&rsquo;islam, J\u00e9rusalem a toujours eu une valeur symbolique. Parmi ses 220 monuments historiques, se&#8230;<\/p>\n\t\t\t\t\t\t<\/div><!-- .entry-summary -->\n\t\t\t\t\t<\/div><!-- wp-show-posts-inner --><\/article><article class=\"  wp-show-posts-masonry-col-4  wp-show-posts-masonry-block wp-show-posts-single post-2172 post type-post status-publish format-standard has-post-thumbnail hentry category-israel category-middle-east category-palestine wpsp-col-4\" itemtype=\"http:\/\/schema.org\/CreativeWork\" itemscope><div class=\"wp-show-posts-inner\" style=\"\">\t\t<div class=\"wp-show-posts-image zoom wpsp-image-center \">\n\t\t\t<a href=\"https:\/\/cuicui.be\/fr\/jerusalem-church-of-the-holy-sepulchre\/\"  title=\"Via Dolorosa et l&rsquo;\u00c9glise du Saint-S\u00e9pulcre \u00e0 J\u00e9rusalem\"><img loading=\"lazy\" decoding=\"async\" width=\"1024\" height=\"512\" src=\"https:\/\/cuicui.be\/wp-content\/uploads\/2006\/10\/il-jerusalem-sepulcher.jpg\" class=\"attachment-full size-full wp-post-image\" alt=\"\" itemprop=\"image\" srcset=\"https:\/\/cuicui.be\/wp-content\/uploads\/2006\/10\/il-jerusalem-sepulcher.jpg 1024w, https:\/\/cuicui.be\/wp-content\/uploads\/2006\/10\/il-jerusalem-sepulcher-150x75.jpg 150w, https:\/\/cuicui.be\/wp-content\/uploads\/2006\/10\/il-jerusalem-sepulcher-300x150.jpg 300w, https:\/\/cuicui.be\/wp-content\/uploads\/2006\/10\/il-jerusalem-sepulcher-768x384.jpg 768w, https:\/\/cuicui.be\/wp-content\/uploads\/2006\/10\/il-jerusalem-sepulcher-600x300.jpg 600w\" sizes=\"auto, (max-width: 1024px) 100vw, 1024px\" \/><\/a>\t\t<\/div>\n\t\t\t\t\t\t\t\t<header class=\"wp-show-posts-entry-header\">\n\t\t\t\t\t\t\t<h2 class=\"wp-show-posts-entry-title\" itemprop=\"headline\"><a href=\"https:\/\/cuicui.be\/fr\/jerusalem-church-of-the-holy-sepulchre\/\" rel=\"bookmark\">Via Dolorosa et l&rsquo;\u00c9glise du Saint-S\u00e9pulcre \u00e0 J\u00e9rusalem<\/a><\/h2>\t\t\t\t\t\t<\/header><!-- .entry-header -->\n\t\t\t\t\t\t\t\t\t\t\t<div class=\"wp-show-posts-entry-summary\" itemprop=\"text\">\n\t\t\t\t\t\t\t<p>\u00ab\u00a0La Via Dolorosa est une rue de la Vieille Ville de J\u00e9rusalem. Selon la tradition religieuse, elle est le chemin que J\u00e9sus&#8230;<\/p>\n\t\t\t\t\t\t<\/div><!-- .entry-summary -->\n\t\t\t\t\t<\/div><!-- wp-show-posts-inner --><\/article><article class=\"  wp-show-posts-masonry-col-4  wp-show-posts-masonry-block wp-show-posts-single post-2155 post type-post status-publish format-standard has-post-thumbnail hentry category-israel category-middle-east category-palestine wpsp-col-4\" itemtype=\"http:\/\/schema.org\/CreativeWork\" itemscope><div class=\"wp-show-posts-inner\" style=\"\">\t\t<div class=\"wp-show-posts-image zoom wpsp-image-center \">\n\t\t\t<a href=\"https:\/\/cuicui.be\/fr\/jerusalem-church-of-all-nations\/\"  title=\"L&rsquo;\u00e9glise de Toutes-les-Nations sur le mont des oliviers \u00e0 J\u00e9rusalem\"><img loading=\"lazy\" decoding=\"async\" width=\"1024\" height=\"512\" src=\"https:\/\/cuicui.be\/wp-content\/uploads\/2016\/10\/il-jerusalem-olives.jpg\" class=\"attachment-full size-full wp-post-image\" alt=\"\" itemprop=\"image\" srcset=\"https:\/\/cuicui.be\/wp-content\/uploads\/2016\/10\/il-jerusalem-olives.jpg 1024w, https:\/\/cuicui.be\/wp-content\/uploads\/2016\/10\/il-jerusalem-olives-150x75.jpg 150w, https:\/\/cuicui.be\/wp-content\/uploads\/2016\/10\/il-jerusalem-olives-300x150.jpg 300w, https:\/\/cuicui.be\/wp-content\/uploads\/2016\/10\/il-jerusalem-olives-768x384.jpg 768w, https:\/\/cuicui.be\/wp-content\/uploads\/2016\/10\/il-jerusalem-olives-600x300.jpg 600w\" sizes=\"auto, (max-width: 1024px) 100vw, 1024px\" \/><\/a>\t\t<\/div>\n\t\t\t\t\t\t\t\t<header class=\"wp-show-posts-entry-header\">\n\t\t\t\t\t\t\t<h2 class=\"wp-show-posts-entry-title\" itemprop=\"headline\"><a href=\"https:\/\/cuicui.be\/fr\/jerusalem-church-of-all-nations\/\" rel=\"bookmark\">L&rsquo;\u00e9glise de Toutes-les-Nations sur le mont des oliviers \u00e0 J\u00e9rusalem<\/a><\/h2>\t\t\t\t\t\t<\/header><!-- .entry-header -->\n\t\t\t\t\t\t\t\t\t\t\t<div class=\"wp-show-posts-entry-summary\" itemprop=\"text\">\n\t\t\t\t\t\t\t<p>\u00ab\u00a0L\u2019\u00e9glise de Toutes-les-Nations est une \u00e9glise catholique situ\u00e9e au pied du mont des oliviers \u00e0 J\u00e9rusalem. Construite de 1922 \u00e0 1924, elle&#8230;<\/p>\n\t\t\t\t\t\t<\/div><!-- .entry-summary -->\n\t\t\t\t\t<\/div><!-- wp-show-posts-inner --><\/article><article class=\"  wp-show-posts-masonry-col-4  wp-show-posts-masonry-block wp-show-posts-single post-2166 post type-post status-publish format-standard has-post-thumbnail hentry category-israel category-middle-east category-palestine wpsp-col-4\" itemtype=\"http:\/\/schema.org\/CreativeWork\" itemscope><div class=\"wp-show-posts-inner\" style=\"\">\t\t<div class=\"wp-show-posts-image zoom wpsp-image-center \">\n\t\t\t<a href=\"https:\/\/cuicui.be\/fr\/jerusalem-dome-of-the-rock\/\"  title=\"Le d\u00f4me du Rocher \u00e0 J\u00e9rusalem\"><img loading=\"lazy\" decoding=\"async\" width=\"1024\" height=\"512\" src=\"https:\/\/cuicui.be\/wp-content\/uploads\/2016\/10\/il-jerusalem-temple-mount.jpg\" class=\"attachment-full size-full wp-post-image\" alt=\"\" itemprop=\"image\" srcset=\"https:\/\/cuicui.be\/wp-content\/uploads\/2016\/10\/il-jerusalem-temple-mount.jpg 1024w, https:\/\/cuicui.be\/wp-content\/uploads\/2016\/10\/il-jerusalem-temple-mount-150x75.jpg 150w, https:\/\/cuicui.be\/wp-content\/uploads\/2016\/10\/il-jerusalem-temple-mount-300x150.jpg 300w, https:\/\/cuicui.be\/wp-content\/uploads\/2016\/10\/il-jerusalem-temple-mount-768x384.jpg 768w, https:\/\/cuicui.be\/wp-content\/uploads\/2016\/10\/il-jerusalem-temple-mount-600x300.jpg 600w\" sizes=\"auto, (max-width: 1024px) 100vw, 1024px\" \/><\/a>\t\t<\/div>\n\t\t\t\t\t\t\t\t<header class=\"wp-show-posts-entry-header\">\n\t\t\t\t\t\t\t<h2 class=\"wp-show-posts-entry-title\" itemprop=\"headline\"><a href=\"https:\/\/cuicui.be\/fr\/jerusalem-dome-of-the-rock\/\" rel=\"bookmark\">Le d\u00f4me du Rocher \u00e0 J\u00e9rusalem<\/a><\/h2>\t\t\t\t\t\t<\/header><!-- .entry-header -->\n\t\t\t\t\t\t\t\t\t\t\t<div class=\"wp-show-posts-entry-summary\" itemprop=\"text\">\n\t\t\t\t\t\t\t<p>\u00ab\u00a0Le d\u00f4me du Rocher est un sanctuaire situ\u00e9 sur le mont du Temple et le troisi\u00e8me lieu saint musulman apr\u00e8s La Mecque&#8230;<\/p>\n\t\t\t\t\t\t<\/div><!-- .entry-summary -->\n\t\t\t\t\t<\/div><!-- wp-show-posts-inner --><\/article><div class=\"wpsp-clear\"><\/div><\/section><!-- .wp-show-posts -->\n","protected":false},"excerpt":{"rendered":"","protected":false},"author":1,"featured_media":0,"parent":0,"menu_order":0,"comment_status":"closed","ping_status":"closed","template":"","meta":{"generate_page_header":"","footnotes":""},"class_list":["post-2417","page","type-page","status-publish","hentry","generate-columns","tablet-grid-50","mobile-grid-100","grid-parent","grid-33"],"_links":{"self":[{"href":"https:\/\/cuicui.be\/fr\/wp-json\/wp\/v2\/pages\/2417","targetHints":{"allow":["GET"]}}],"collection":[{"href":"https:\/\/cuicui.be\/fr\/wp-json\/wp\/v2\/pages"}],"about":[{"href":"https:\/\/cuicui.be\/fr\/wp-json\/wp\/v2\/types\/page"}],"author":[{"embeddable":true,"href":"https:\/\/cuicui.be\/fr\/wp-json\/wp\/v2\/users\/1"}],"replies":[{"embeddable":true,"href":"https:\/\/cuicui.be\/fr\/wp-json\/wp\/v2\/comments?post=2417"}],"version-history":[{"count":0,"href":"https:\/\/cuicui.be\/fr\/wp-json\/wp\/v2\/pages\/2417\/revisions"}],"wp:attachment":[{"href":"https:\/\/cuicui.be\/fr\/wp-json\/wp\/v2\/media?parent=2417"}],"curies":[{"name":"wp","href":"https:\/\/api.w.org\/{rel}","templated":true}]}}