{"id":2433,"date":"2016-10-16T15:08:44","date_gmt":"2016-10-16T14:08:44","guid":{"rendered":"http:\/\/cuicui.be\/?page_id=2433"},"modified":"2016-10-16T15:08:44","modified_gmt":"2016-10-16T14:08:44","slug":"tibet","status":"publish","type":"page","link":"https:\/\/cuicui.be\/fr\/tibet\/","title":{"rendered":"Tibet"},"content":{"rendered":"<style>.slick-slider#wpsp-2432 {margin-left: 0px; }.slick-slider#wpsp-2432 .wp-show-posts-inner {margin-left: 1em; margin-right: 1em; }#wpsp-2432.wpsp-card .wp-show-posts-single {margin-bottom: 2em; }.slick-slider#wpsp-2432 .wp-show-posts-single {margin-bottom: 0px; }#wpsp-2432 .wp-show-posts-inner {border: 1px solid #adadad; }#wpsp-2432:not(.wpsp-card) .wp-show-posts-inner {padding: 5px; }#wpsp-2432.wpsp-card .wpsp-content-wrap {padding: 5px; }<\/style><style>.wp-show-posts-columns#wpsp-2432 {margin-left: -2em; }.wp-show-posts-columns#wpsp-2432 .wp-show-posts-inner {margin: 0 0 2em 2em; }<\/style><section id=\"wpsp-2432\" class=\" wp-show-posts-columns wp-show-posts-masonry wp-show-posts\" style=\"\"><div class=\"grid-sizer wpsp-col-4\"><\/div><article class=\"  wp-show-posts-masonry-col-4  wp-show-posts-masonry-block wp-show-posts-single post-1177 post type-post status-publish format-standard has-post-thumbnail hentry category-asia category-china category-tibet wpsp-col-4\" itemtype=\"http:\/\/schema.org\/CreativeWork\" itemscope><div class=\"wp-show-posts-inner\" style=\"\">\t\t<div class=\"wp-show-posts-image zoom wpsp-image-center \">\n\t\t\t<a href=\"https:\/\/cuicui.be\/fr\/china-lhasa-katmandu-road\/\"  title=\"Route Lhassa \u2013 Katmandou\"><img loading=\"lazy\" decoding=\"async\" width=\"1024\" height=\"512\" src=\"https:\/\/cuicui.be\/wp-content\/uploads\/2016\/07\/tibet.jpg\" class=\"attachment-full size-full wp-post-image\" alt=\"\" itemprop=\"image\" srcset=\"https:\/\/cuicui.be\/wp-content\/uploads\/2016\/07\/tibet.jpg 1024w, https:\/\/cuicui.be\/wp-content\/uploads\/2016\/07\/tibet-300x150.jpg 300w, https:\/\/cuicui.be\/wp-content\/uploads\/2016\/07\/tibet-768x384.jpg 768w, https:\/\/cuicui.be\/wp-content\/uploads\/2016\/07\/tibet-150x75.jpg 150w, https:\/\/cuicui.be\/wp-content\/uploads\/2016\/07\/tibet-600x300.jpg 600w\" sizes=\"auto, (max-width: 1024px) 100vw, 1024px\" \/><\/a>\t\t<\/div>\n\t\t\t\t\t\t\t\t<header class=\"wp-show-posts-entry-header\">\n\t\t\t\t\t\t\t<h2 class=\"wp-show-posts-entry-title\" itemprop=\"headline\"><a href=\"https:\/\/cuicui.be\/fr\/china-lhasa-katmandu-road\/\" rel=\"bookmark\">Route Lhassa \u2013 Katmandou<\/a><\/h2>\t\t\t\t\t\t<\/header><!-- .entry-header -->\n\t\t\t\t\t\t\t\t\t\t\t<div class=\"wp-show-posts-entry-summary\" itemprop=\"text\">\n\t\t\t\t\t\t\t<p>\u00ab\u00a0La route Lhassa \u2013 Katmandou est l&rsquo;un des grands axes routiers de franchissement de l&rsquo;Himalaya. Elle traverse trois cols de montagne \u00e0&#8230;<\/p>\n\t\t\t\t\t\t<\/div><!-- .entry-summary -->\n\t\t\t\t\t<\/div><!-- wp-show-posts-inner --><\/article><article class=\"  wp-show-posts-masonry-col-4  wp-show-posts-masonry-block wp-show-posts-single post-1302 post type-post status-publish format-standard has-post-thumbnail hentry category-asia category-china category-tibet wpsp-col-4\" itemtype=\"http:\/\/schema.org\/CreativeWork\" itemscope><div class=\"wp-show-posts-inner\" style=\"\">\t\t<div class=\"wp-show-posts-image zoom wpsp-image-center \">\n\t\t\t<a href=\"https:\/\/cuicui.be\/fr\/lhasa-jokhang-potala-and-norbulingka\/\"  title=\"Le temple de Jokhang, le Palais du Potala et Norbulingka \u00e0 Lhasa\"><img loading=\"lazy\" decoding=\"async\" width=\"1024\" height=\"512\" src=\"https:\/\/cuicui.be\/wp-content\/uploads\/2016\/08\/cn-lhassa.jpg\" class=\"attachment-full size-full wp-post-image\" alt=\"\" itemprop=\"image\" srcset=\"https:\/\/cuicui.be\/wp-content\/uploads\/2016\/08\/cn-lhassa.jpg 1024w, https:\/\/cuicui.be\/wp-content\/uploads\/2016\/08\/cn-lhassa-300x150.jpg 300w, https:\/\/cuicui.be\/wp-content\/uploads\/2016\/08\/cn-lhassa-768x384.jpg 768w, https:\/\/cuicui.be\/wp-content\/uploads\/2016\/08\/cn-lhassa-150x75.jpg 150w, https:\/\/cuicui.be\/wp-content\/uploads\/2016\/08\/cn-lhassa-600x300.jpg 600w\" sizes=\"auto, (max-width: 1024px) 100vw, 1024px\" \/><\/a>\t\t<\/div>\n\t\t\t\t\t\t\t\t<header class=\"wp-show-posts-entry-header\">\n\t\t\t\t\t\t\t<h2 class=\"wp-show-posts-entry-title\" itemprop=\"headline\"><a href=\"https:\/\/cuicui.be\/fr\/lhasa-jokhang-potala-and-norbulingka\/\" rel=\"bookmark\">Le temple de Jokhang, le Palais du Potala et Norbulingka \u00e0 Lhasa<\/a><\/h2>\t\t\t\t\t\t<\/header><!-- .entry-header -->\n\t\t\t\t\t\t\t\t\t\t\t<div class=\"wp-show-posts-entry-summary\" itemprop=\"text\">\n\t\t\t\t\t\t\t<p>\u00ab\u00a0Le palais du Potala, palais d&rsquo;hiver du dala\u00ef-lama depuis le VIIe si\u00e8cle, symbolise le bouddhisme tib\u00e9tain et son r\u00f4le central dans l&rsquo;administration&#8230;<\/p>\n\t\t\t\t\t\t<\/div><!-- .entry-summary -->\n\t\t\t\t\t<\/div><!-- wp-show-posts-inner --><\/article><div class=\"wpsp-clear\"><\/div><\/section><!-- .wp-show-posts -->\n","protected":false},"excerpt":{"rendered":"","protected":false},"author":1,"featured_media":0,"parent":0,"menu_order":0,"comment_status":"closed","ping_status":"closed","template":"","meta":{"generate_page_header":"","footnotes":""},"class_list":["post-2433","page","type-page","status-publish","hentry","generate-columns","tablet-grid-50","mobile-grid-100","grid-parent","grid-33"],"_links":{"self":[{"href":"https:\/\/cuicui.be\/fr\/wp-json\/wp\/v2\/pages\/2433","targetHints":{"allow":["GET"]}}],"collection":[{"href":"https:\/\/cuicui.be\/fr\/wp-json\/wp\/v2\/pages"}],"about":[{"href":"https:\/\/cuicui.be\/fr\/wp-json\/wp\/v2\/types\/page"}],"author":[{"embeddable":true,"href":"https:\/\/cuicui.be\/fr\/wp-json\/wp\/v2\/users\/1"}],"replies":[{"embeddable":true,"href":"https:\/\/cuicui.be\/fr\/wp-json\/wp\/v2\/comments?post=2433"}],"version-history":[{"count":0,"href":"https:\/\/cuicui.be\/fr\/wp-json\/wp\/v2\/pages\/2433\/revisions"}],"wp:attachment":[{"href":"https:\/\/cuicui.be\/fr\/wp-json\/wp\/v2\/media?parent=2433"}],"curies":[{"name":"wp","href":"https:\/\/api.w.org\/{rel}","templated":true}]}}