{"id":2528,"date":"2016-10-23T14:12:15","date_gmt":"2016-10-23T13:12:15","guid":{"rendered":"http:\/\/cuicui.be\/?page_id=2528"},"modified":"2016-10-23T14:12:15","modified_gmt":"2016-10-23T13:12:15","slug":"pakistan","status":"publish","type":"page","link":"https:\/\/cuicui.be\/fr\/pakistan\/","title":{"rendered":"Pakistan"},"content":{"rendered":"<style>.slick-slider#wpsp-2527 {margin-left: 0px; }.slick-slider#wpsp-2527 .wp-show-posts-inner {margin-left: 1em; margin-right: 1em; }#wpsp-2527.wpsp-card .wp-show-posts-single {margin-bottom: 2em; }.slick-slider#wpsp-2527 .wp-show-posts-single {margin-bottom: 0px; }#wpsp-2527 .wp-show-posts-inner {border: 1px solid #adadad; }#wpsp-2527:not(.wpsp-card) .wp-show-posts-inner {padding: 5px; }#wpsp-2527.wpsp-card .wpsp-content-wrap {padding: 5px; }<\/style><style>.wp-show-posts-columns#wpsp-2527 {margin-left: -2em; }.wp-show-posts-columns#wpsp-2527 .wp-show-posts-inner {margin: 0 0 2em 2em; }<\/style><section id=\"wpsp-2527\" class=\" wp-show-posts-columns wp-show-posts-masonry wp-show-posts\" style=\"\"><div class=\"grid-sizer wpsp-col-4\"><\/div><article class=\"  wp-show-posts-masonry-col-4  wp-show-posts-masonry-block wp-show-posts-single post-2541 post type-post status-publish format-standard has-post-thumbnail hentry category-asia category-pakistan wpsp-col-4\" itemtype=\"http:\/\/schema.org\/CreativeWork\" itemscope><div class=\"wp-show-posts-inner\" style=\"\">\t\t<div class=\"wp-show-posts-image zoom wpsp-image-center \">\n\t\t\t<a href=\"https:\/\/cuicui.be\/fr\/pakistan-makli-thatta\/\"  title=\"Monuments \u00e0 Makli pr\u00e8s de Thatta\"><img loading=\"lazy\" decoding=\"async\" width=\"1024\" height=\"512\" src=\"https:\/\/cuicui.be\/wp-content\/uploads\/2016\/10\/pk-thatta.jpg\" class=\"attachment-full size-full wp-post-image\" alt=\"\" itemprop=\"image\" srcset=\"https:\/\/cuicui.be\/wp-content\/uploads\/2016\/10\/pk-thatta.jpg 1024w, https:\/\/cuicui.be\/wp-content\/uploads\/2016\/10\/pk-thatta-150x75.jpg 150w, https:\/\/cuicui.be\/wp-content\/uploads\/2016\/10\/pk-thatta-300x150.jpg 300w, https:\/\/cuicui.be\/wp-content\/uploads\/2016\/10\/pk-thatta-768x384.jpg 768w, https:\/\/cuicui.be\/wp-content\/uploads\/2016\/10\/pk-thatta-600x300.jpg 600w\" sizes=\"auto, (max-width: 1024px) 100vw, 1024px\" \/><\/a>\t\t<\/div>\n\t\t\t\t\t\t\t\t<header class=\"wp-show-posts-entry-header\">\n\t\t\t\t\t\t\t<h2 class=\"wp-show-posts-entry-title\" itemprop=\"headline\"><a href=\"https:\/\/cuicui.be\/fr\/pakistan-makli-thatta\/\" rel=\"bookmark\">Monuments \u00e0 Makli pr\u00e8s de Thatta<\/a><\/h2>\t\t\t\t\t\t<\/header><!-- .entry-header -->\n\t\t\t\t\t\t\t\t\t\t\t<div class=\"wp-show-posts-entry-summary\" itemprop=\"text\">\n\t\t\t\t\t\t\t<p>\u00ab\u00a0Capitale de trois dynasties successives, puis possession des empereurs moghols de Delhi, Thatta n&rsquo;a cess\u00e9 d&rsquo;\u00eatre embellie du XIVe au XVIIIe si\u00e8cle&#8230;.<\/p>\n\t\t\t\t\t\t<\/div><!-- .entry-summary -->\n\t\t\t\t\t<\/div><!-- wp-show-posts-inner --><\/article><article class=\"  wp-show-posts-masonry-col-4  wp-show-posts-masonry-block wp-show-posts-single post-2546 post type-post status-publish format-standard has-post-thumbnail hentry category-asia category-pakistan wpsp-col-4\" itemtype=\"http:\/\/schema.org\/CreativeWork\" itemscope><div class=\"wp-show-posts-inner\" style=\"\">\t\t<div class=\"wp-show-posts-image zoom wpsp-image-center \">\n\t\t\t<a href=\"https:\/\/cuicui.be\/fr\/pakistan-rohtas-fort\/\"  title=\"Fort de Rohtas\"><img loading=\"lazy\" decoding=\"async\" width=\"1024\" height=\"512\" src=\"https:\/\/cuicui.be\/wp-content\/uploads\/2016\/10\/pk-rothas.jpg\" class=\"attachment-full size-full wp-post-image\" alt=\"\" itemprop=\"image\" srcset=\"https:\/\/cuicui.be\/wp-content\/uploads\/2016\/10\/pk-rothas.jpg 1024w, https:\/\/cuicui.be\/wp-content\/uploads\/2016\/10\/pk-rothas-150x75.jpg 150w, https:\/\/cuicui.be\/wp-content\/uploads\/2016\/10\/pk-rothas-300x150.jpg 300w, https:\/\/cuicui.be\/wp-content\/uploads\/2016\/10\/pk-rothas-768x384.jpg 768w, https:\/\/cuicui.be\/wp-content\/uploads\/2016\/10\/pk-rothas-600x300.jpg 600w\" sizes=\"auto, (max-width: 1024px) 100vw, 1024px\" \/><\/a>\t\t<\/div>\n\t\t\t\t\t\t\t\t<header class=\"wp-show-posts-entry-header\">\n\t\t\t\t\t\t\t<h2 class=\"wp-show-posts-entry-title\" itemprop=\"headline\"><a href=\"https:\/\/cuicui.be\/fr\/pakistan-rohtas-fort\/\" rel=\"bookmark\">Fort de Rohtas<\/a><\/h2>\t\t\t\t\t\t<\/header><!-- .entry-header -->\n\t\t\t\t\t\t\t\t\t\t\t<div class=\"wp-show-posts-entry-summary\" itemprop=\"text\">\n\t\t\t\t\t\t\t<p>\u00ab\u00a0Apr\u00e8s avoir vaincu l&#8217;empereur moghol Humayun en 1541, Sher Shah Suri a construit un ensemble d&rsquo;ouvrages d\u00e9fensifs \u00e0 Rohtas, site strat\u00e9gique dans&#8230;<\/p>\n\t\t\t\t\t\t<\/div><!-- .entry-summary -->\n\t\t\t\t\t<\/div><!-- wp-show-posts-inner --><\/article><article class=\"  wp-show-posts-masonry-col-4  wp-show-posts-masonry-block wp-show-posts-single post-2531 post type-post status-publish format-standard has-post-thumbnail hentry category-asia category-pakistan wpsp-col-4\" itemtype=\"http:\/\/schema.org\/CreativeWork\" itemscope><div class=\"wp-show-posts-inner\" style=\"\">\t\t<div class=\"wp-show-posts-image zoom wpsp-image-center \">\n\t\t\t<a href=\"https:\/\/cuicui.be\/fr\/pakistan-multan-monuments\/\"  title=\"Monuments \u00e0 Multan\"><img loading=\"lazy\" decoding=\"async\" width=\"1024\" height=\"512\" src=\"https:\/\/cuicui.be\/wp-content\/uploads\/2016\/10\/pk-multan.jpg\" class=\"attachment-full size-full wp-post-image\" alt=\"\" itemprop=\"image\" srcset=\"https:\/\/cuicui.be\/wp-content\/uploads\/2016\/10\/pk-multan.jpg 1024w, https:\/\/cuicui.be\/wp-content\/uploads\/2016\/10\/pk-multan-150x75.jpg 150w, https:\/\/cuicui.be\/wp-content\/uploads\/2016\/10\/pk-multan-300x150.jpg 300w, https:\/\/cuicui.be\/wp-content\/uploads\/2016\/10\/pk-multan-768x384.jpg 768w, https:\/\/cuicui.be\/wp-content\/uploads\/2016\/10\/pk-multan-600x300.jpg 600w\" sizes=\"auto, (max-width: 1024px) 100vw, 1024px\" \/><\/a>\t\t<\/div>\n\t\t\t\t\t\t\t\t<header class=\"wp-show-posts-entry-header\">\n\t\t\t\t\t\t\t<h2 class=\"wp-show-posts-entry-title\" itemprop=\"headline\"><a href=\"https:\/\/cuicui.be\/fr\/pakistan-multan-monuments\/\" rel=\"bookmark\">Monuments \u00e0 Multan<\/a><\/h2>\t\t\t\t\t\t<\/header><!-- .entry-header -->\n\t\t\t\t\t\t\t\t\t\t\t<div class=\"wp-show-posts-entry-summary\" itemprop=\"text\">\n\t\t\t\t\t\t\t<p>Parmi l&rsquo;architecture islamique de la ville, \u00ab\u00a0la tombe Hazrat Rukn-e-Alam, construite en 1320-24, fait partie du Fort de Multan. Son plan est&#8230;<\/p>\n\t\t\t\t\t\t<\/div><!-- .entry-summary -->\n\t\t\t\t\t<\/div><!-- wp-show-posts-inner --><\/article><article class=\"  wp-show-posts-masonry-col-4  wp-show-posts-masonry-block wp-show-posts-single post-2553 post type-post status-publish format-standard has-post-thumbnail hentry category-asia category-pakistan wpsp-col-4\" itemtype=\"http:\/\/schema.org\/CreativeWork\" itemscope><div class=\"wp-show-posts-inner\" style=\"\">\t\t<div class=\"wp-show-posts-image zoom wpsp-image-center \">\n\t\t\t<a href=\"https:\/\/cuicui.be\/fr\/pakistan-taxila\/\"  title=\"Taxila\"><img loading=\"lazy\" decoding=\"async\" width=\"1024\" height=\"512\" src=\"https:\/\/cuicui.be\/wp-content\/uploads\/2016\/10\/pk-taxila.jpg\" class=\"attachment-full size-full wp-post-image\" alt=\"\" itemprop=\"image\" srcset=\"https:\/\/cuicui.be\/wp-content\/uploads\/2016\/10\/pk-taxila.jpg 1024w, https:\/\/cuicui.be\/wp-content\/uploads\/2016\/10\/pk-taxila-150x75.jpg 150w, https:\/\/cuicui.be\/wp-content\/uploads\/2016\/10\/pk-taxila-300x150.jpg 300w, https:\/\/cuicui.be\/wp-content\/uploads\/2016\/10\/pk-taxila-768x384.jpg 768w, https:\/\/cuicui.be\/wp-content\/uploads\/2016\/10\/pk-taxila-600x300.jpg 600w\" sizes=\"auto, (max-width: 1024px) 100vw, 1024px\" \/><\/a>\t\t<\/div>\n\t\t\t\t\t\t\t\t<header class=\"wp-show-posts-entry-header\">\n\t\t\t\t\t\t\t<h2 class=\"wp-show-posts-entry-title\" itemprop=\"headline\"><a href=\"https:\/\/cuicui.be\/fr\/pakistan-taxila\/\" rel=\"bookmark\">Taxila<\/a><\/h2>\t\t\t\t\t\t<\/header><!-- .entry-header -->\n\t\t\t\t\t\t\t\t\t\t\t<div class=\"wp-show-posts-entry-summary\" itemprop=\"text\">\n\t\t\t\t\t\t\t<p>\u00ab\u00a0Taxila illustre les \u00e9tapes du d\u00e9veloppement urbain d&rsquo;une ville de l&rsquo;Indus soumise tour \u00e0 tour aux influences de la Perse, du monde&#8230;<\/p>\n\t\t\t\t\t\t<\/div><!-- .entry-summary -->\n\t\t\t\t\t<\/div><!-- wp-show-posts-inner --><\/article><article class=\"  wp-show-posts-masonry-col-4  wp-show-posts-masonry-block wp-show-posts-single post-2560 post type-post status-publish format-standard has-post-thumbnail hentry category-asia category-pakistan wpsp-col-4\" itemtype=\"http:\/\/schema.org\/CreativeWork\" itemscope><div class=\"wp-show-posts-inner\" style=\"\">\t\t<div class=\"wp-show-posts-image zoom wpsp-image-center \">\n\t\t\t<a href=\"https:\/\/cuicui.be\/fr\/pakistan-lahore-fort\/\"  title=\"Fort et jardins de Shalimar \u00e0 Lahore\"><img loading=\"lazy\" decoding=\"async\" width=\"1024\" height=\"512\" src=\"https:\/\/cuicui.be\/wp-content\/uploads\/2016\/10\/pk-lahore.jpg\" class=\"attachment-full size-full wp-post-image\" alt=\"\" itemprop=\"image\" srcset=\"https:\/\/cuicui.be\/wp-content\/uploads\/2016\/10\/pk-lahore.jpg 1024w, https:\/\/cuicui.be\/wp-content\/uploads\/2016\/10\/pk-lahore-150x75.jpg 150w, https:\/\/cuicui.be\/wp-content\/uploads\/2016\/10\/pk-lahore-300x150.jpg 300w, https:\/\/cuicui.be\/wp-content\/uploads\/2016\/10\/pk-lahore-768x384.jpg 768w, https:\/\/cuicui.be\/wp-content\/uploads\/2016\/10\/pk-lahore-600x300.jpg 600w\" sizes=\"auto, (max-width: 1024px) 100vw, 1024px\" \/><\/a>\t\t<\/div>\n\t\t\t\t\t\t\t\t<header class=\"wp-show-posts-entry-header\">\n\t\t\t\t\t\t\t<h2 class=\"wp-show-posts-entry-title\" itemprop=\"headline\"><a href=\"https:\/\/cuicui.be\/fr\/pakistan-lahore-fort\/\" rel=\"bookmark\">Fort et jardins de Shalimar \u00e0 Lahore<\/a><\/h2>\t\t\t\t\t\t<\/header><!-- .entry-header -->\n\t\t\t\t\t\t\t\t\t\t\t<div class=\"wp-show-posts-entry-summary\" itemprop=\"text\">\n\t\t\t\t\t\t\t<p>\u00ab\u00a0Il s&rsquo;agit de deux chefs-d&rsquo;\u0153uvre de la brillante civilisation moghole \u00e0 son apog\u00e9e, au temps de l&#8217;empereur Shah Jahan. Le fort de&#8230;<\/p>\n\t\t\t\t\t\t<\/div><!-- .entry-summary -->\n\t\t\t\t\t<\/div><!-- wp-show-posts-inner --><\/article><article class=\"  wp-show-posts-masonry-col-4  wp-show-posts-masonry-block wp-show-posts-single post-2507 post type-post status-publish format-standard has-post-thumbnail hentry category-asia category-pakistan wpsp-col-4\" itemtype=\"http:\/\/schema.org\/CreativeWork\" itemscope><div class=\"wp-show-posts-inner\" style=\"\">\t\t<div class=\"wp-show-posts-image zoom wpsp-image-center \">\n\t\t\t<a href=\"https:\/\/cuicui.be\/fr\/pakistan-harappa\/\"  title=\"Le site arch\u00e9ologique d&rsquo;Harappa\"><img loading=\"lazy\" decoding=\"async\" width=\"1024\" height=\"512\" src=\"https:\/\/cuicui.be\/wp-content\/uploads\/2016\/10\/pk-harappa.jpg\" class=\"attachment-full size-full wp-post-image\" alt=\"\" itemprop=\"image\" srcset=\"https:\/\/cuicui.be\/wp-content\/uploads\/2016\/10\/pk-harappa.jpg 1024w, https:\/\/cuicui.be\/wp-content\/uploads\/2016\/10\/pk-harappa-150x75.jpg 150w, https:\/\/cuicui.be\/wp-content\/uploads\/2016\/10\/pk-harappa-300x150.jpg 300w, https:\/\/cuicui.be\/wp-content\/uploads\/2016\/10\/pk-harappa-768x384.jpg 768w, https:\/\/cuicui.be\/wp-content\/uploads\/2016\/10\/pk-harappa-600x300.jpg 600w\" sizes=\"auto, (max-width: 1024px) 100vw, 1024px\" \/><\/a>\t\t<\/div>\n\t\t\t\t\t\t\t\t<header class=\"wp-show-posts-entry-header\">\n\t\t\t\t\t\t\t<h2 class=\"wp-show-posts-entry-title\" itemprop=\"headline\"><a href=\"https:\/\/cuicui.be\/fr\/pakistan-harappa\/\" rel=\"bookmark\">Le site arch\u00e9ologique d&rsquo;Harappa<\/a><\/h2>\t\t\t\t\t\t<\/header><!-- .entry-header -->\n\t\t\t\t\t\t\t\t\t\t\t<div class=\"wp-show-posts-entry-summary\" itemprop=\"text\">\n\t\t\t\t\t\t\t<p>\u00ab\u00a0Le site couvre les ruines d&rsquo;une ville fortifi\u00e9e de l&rsquo;\u00e2ge du bronze, faisant partie de la culture des cimeti\u00e8res et de la&#8230;<\/p>\n\t\t\t\t\t\t<\/div><!-- .entry-summary -->\n\t\t\t\t\t<\/div><!-- wp-show-posts-inner --><\/article><div class=\"wpsp-clear\"><\/div><\/section><!-- .wp-show-posts --><div class=\"wpsp-load-more\"><span aria-current=\"page\" class=\"page-numbers current\">1<\/span>\n<a class=\"page-numbers\" href=\"https:\/\/cuicui.be\/fr\/wp-json\/wp\/v2\/pages\/2528\/page\/2\/\">2<\/a>\n<a class=\"next page-numbers\" href=\"https:\/\/cuicui.be\/fr\/wp-json\/wp\/v2\/pages\/2528\/page\/2\/\">Next &rarr;<\/a><\/div>\n","protected":false},"excerpt":{"rendered":"","protected":false},"author":1,"featured_media":0,"parent":0,"menu_order":0,"comment_status":"closed","ping_status":"closed","template":"","meta":{"generate_page_header":"","footnotes":""},"class_list":["post-2528","page","type-page","status-publish","hentry","generate-columns","tablet-grid-50","mobile-grid-100","grid-parent","grid-33"],"_links":{"self":[{"href":"https:\/\/cuicui.be\/fr\/wp-json\/wp\/v2\/pages\/2528","targetHints":{"allow":["GET"]}}],"collection":[{"href":"https:\/\/cuicui.be\/fr\/wp-json\/wp\/v2\/pages"}],"about":[{"href":"https:\/\/cuicui.be\/fr\/wp-json\/wp\/v2\/types\/page"}],"author":[{"embeddable":true,"href":"https:\/\/cuicui.be\/fr\/wp-json\/wp\/v2\/users\/1"}],"replies":[{"embeddable":true,"href":"https:\/\/cuicui.be\/fr\/wp-json\/wp\/v2\/comments?post=2528"}],"version-history":[{"count":0,"href":"https:\/\/cuicui.be\/fr\/wp-json\/wp\/v2\/pages\/2528\/revisions"}],"wp:attachment":[{"href":"https:\/\/cuicui.be\/fr\/wp-json\/wp\/v2\/media?parent=2528"}],"curies":[{"name":"wp","href":"https:\/\/api.w.org\/{rel}","templated":true}]}}