{"id":2588,"date":"2016-10-29T20:42:30","date_gmt":"2016-10-29T19:42:30","guid":{"rendered":"http:\/\/cuicui.be\/?page_id=2588"},"modified":"2016-10-29T20:42:30","modified_gmt":"2016-10-29T19:42:30","slug":"india","status":"publish","type":"page","link":"https:\/\/cuicui.be\/fr\/india\/","title":{"rendered":"Inde"},"content":{"rendered":"<style>.slick-slider#wpsp-2587 {margin-left: 0px; }.slick-slider#wpsp-2587 .wp-show-posts-inner {margin-left: 1em; margin-right: 1em; }#wpsp-2587.wpsp-card .wp-show-posts-single {margin-bottom: 2em; }.slick-slider#wpsp-2587 .wp-show-posts-single {margin-bottom: 0px; }#wpsp-2587 .wp-show-posts-inner {border: 1px solid #adadad; }#wpsp-2587:not(.wpsp-card) .wp-show-posts-inner {padding: 5px; }#wpsp-2587.wpsp-card .wpsp-content-wrap {padding: 5px; }<\/style><style>.wp-show-posts-columns#wpsp-2587 {margin-left: -2em; }.wp-show-posts-columns#wpsp-2587 .wp-show-posts-inner {margin: 0 0 2em 2em; }<\/style><section id=\"wpsp-2587\" class=\" wp-show-posts-columns wp-show-posts-masonry wp-show-posts\" style=\"\"><div class=\"grid-sizer wpsp-col-4\"><\/div><article class=\"  wp-show-posts-masonry-col-4  wp-show-posts-masonry-block wp-show-posts-single post-3424 post type-post status-publish format-standard has-post-thumbnail hentry category-asia category-india wpsp-col-4\" itemtype=\"http:\/\/schema.org\/CreativeWork\" itemscope><div class=\"wp-show-posts-inner\" style=\"\">\t\t<div class=\"wp-show-posts-image zoom wpsp-image-center \">\n\t\t\t<a href=\"https:\/\/cuicui.be\/fr\/churches-and-convents-of-goa\/\"  title=\"\u00c9glises et couvents de Goa\"><img loading=\"lazy\" decoding=\"async\" width=\"1024\" height=\"512\" src=\"https:\/\/cuicui.be\/wp-content\/uploads\/2004\/03\/in-goa.jpg\" class=\"attachment-full size-full wp-post-image\" alt=\"\" itemprop=\"image\" srcset=\"https:\/\/cuicui.be\/wp-content\/uploads\/2004\/03\/in-goa.jpg 1024w, https:\/\/cuicui.be\/wp-content\/uploads\/2004\/03\/in-goa-150x75.jpg 150w, https:\/\/cuicui.be\/wp-content\/uploads\/2004\/03\/in-goa-300x150.jpg 300w, https:\/\/cuicui.be\/wp-content\/uploads\/2004\/03\/in-goa-768x384.jpg 768w, https:\/\/cuicui.be\/wp-content\/uploads\/2004\/03\/in-goa-600x300.jpg 600w\" sizes=\"auto, (max-width: 1024px) 100vw, 1024px\" \/><\/a>\t\t<\/div>\n\t\t\t\t\t\t\t\t<header class=\"wp-show-posts-entry-header\">\n\t\t\t\t\t\t\t<h2 class=\"wp-show-posts-entry-title\" itemprop=\"headline\"><a href=\"https:\/\/cuicui.be\/fr\/churches-and-convents-of-goa\/\" rel=\"bookmark\">\u00c9glises et couvents de Goa<\/a><\/h2>\t\t\t\t\t\t<\/header><!-- .entry-header -->\n\t\t\t\t\t\t\t\t\t\t\t<div class=\"wp-show-posts-entry-summary\" itemprop=\"text\">\n\t\t\t\t\t\t\t<p>\u00ab\u00a0Ancienne capitale des Indes portugaises, Goa a conserv\u00e9 un ensemble d&rsquo;\u00e9glises et de couvents qui illustrent l&rsquo;activit\u00e9 des missionnaires en Asie, en&#8230;<\/p>\n\t\t\t\t\t\t<\/div><!-- .entry-summary -->\n\t\t\t\t\t<\/div><!-- wp-show-posts-inner --><\/article><article class=\"  wp-show-posts-masonry-col-4  wp-show-posts-masonry-block wp-show-posts-single post-3484 post type-post status-publish format-standard has-post-thumbnail hentry category-asia category-india wpsp-col-4\" itemtype=\"http:\/\/schema.org\/CreativeWork\" itemscope><div class=\"wp-show-posts-inner\" style=\"\">\t\t<div class=\"wp-show-posts-image zoom wpsp-image-center \">\n\t\t\t<a href=\"https:\/\/cuicui.be\/fr\/india-ajanta-caves\/\"  title=\"Les grottes d&rsquo;Ajanta\"><img loading=\"lazy\" decoding=\"async\" width=\"1024\" height=\"512\" src=\"https:\/\/cuicui.be\/wp-content\/uploads\/2017\/01\/in-ajanta.jpg\" class=\"attachment-full size-full wp-post-image\" alt=\"\" itemprop=\"image\" srcset=\"https:\/\/cuicui.be\/wp-content\/uploads\/2017\/01\/in-ajanta.jpg 1024w, https:\/\/cuicui.be\/wp-content\/uploads\/2017\/01\/in-ajanta-150x75.jpg 150w, https:\/\/cuicui.be\/wp-content\/uploads\/2017\/01\/in-ajanta-300x150.jpg 300w, https:\/\/cuicui.be\/wp-content\/uploads\/2017\/01\/in-ajanta-768x384.jpg 768w, https:\/\/cuicui.be\/wp-content\/uploads\/2017\/01\/in-ajanta-600x300.jpg 600w\" sizes=\"auto, (max-width: 1024px) 100vw, 1024px\" \/><\/a>\t\t<\/div>\n\t\t\t\t\t\t\t\t<header class=\"wp-show-posts-entry-header\">\n\t\t\t\t\t\t\t<h2 class=\"wp-show-posts-entry-title\" itemprop=\"headline\"><a href=\"https:\/\/cuicui.be\/fr\/india-ajanta-caves\/\" rel=\"bookmark\">Les grottes d&rsquo;Ajanta<\/a><\/h2>\t\t\t\t\t\t<\/header><!-- .entry-header -->\n\t\t\t\t\t\t\t\t\t\t\t<div class=\"wp-show-posts-entry-summary\" itemprop=\"text\">\n\t\t\t\t\t\t\t<p>\u00ab\u00a0\u00c0 un groupe de monuments rupestres bouddhiques des IIe et Ier si\u00e8cles av. J.-C. sont venues s&rsquo;ajouter, \u00e0 l&rsquo;\u00e9poque gupta (Ve et&#8230;<\/p>\n\t\t\t\t\t\t<\/div><!-- .entry-summary -->\n\t\t\t\t\t<\/div><!-- wp-show-posts-inner --><\/article><article class=\"  wp-show-posts-masonry-col-4  wp-show-posts-masonry-block wp-show-posts-single post-3435 post type-post status-publish format-standard has-post-thumbnail hentry category-asia category-india wpsp-col-4\" itemtype=\"http:\/\/schema.org\/CreativeWork\" itemscope><div class=\"wp-show-posts-inner\" style=\"\">\t\t<div class=\"wp-show-posts-image zoom wpsp-image-center \">\n\t\t\t<a href=\"https:\/\/cuicui.be\/fr\/india-champaner-pavagadh\/\"  title=\"Parc arch\u00e9ologique de Champaner-Pavagadh\"><img loading=\"lazy\" decoding=\"async\" width=\"1024\" height=\"512\" src=\"https:\/\/cuicui.be\/wp-content\/uploads\/2016\/12\/in-champaner-pavagadh.jpg\" class=\"attachment-full size-full wp-post-image\" alt=\"\" itemprop=\"image\" srcset=\"https:\/\/cuicui.be\/wp-content\/uploads\/2016\/12\/in-champaner-pavagadh.jpg 1024w, https:\/\/cuicui.be\/wp-content\/uploads\/2016\/12\/in-champaner-pavagadh-150x75.jpg 150w, https:\/\/cuicui.be\/wp-content\/uploads\/2016\/12\/in-champaner-pavagadh-300x150.jpg 300w, https:\/\/cuicui.be\/wp-content\/uploads\/2016\/12\/in-champaner-pavagadh-768x384.jpg 768w, https:\/\/cuicui.be\/wp-content\/uploads\/2016\/12\/in-champaner-pavagadh-600x300.jpg 600w\" sizes=\"auto, (max-width: 1024px) 100vw, 1024px\" \/><\/a>\t\t<\/div>\n\t\t\t\t\t\t\t\t<header class=\"wp-show-posts-entry-header\">\n\t\t\t\t\t\t\t<h2 class=\"wp-show-posts-entry-title\" itemprop=\"headline\"><a href=\"https:\/\/cuicui.be\/fr\/india-champaner-pavagadh\/\" rel=\"bookmark\">Parc arch\u00e9ologique de Champaner-Pavagadh<\/a><\/h2>\t\t\t\t\t\t<\/header><!-- .entry-header -->\n\t\t\t\t\t\t\t\t\t\t\t<div class=\"wp-show-posts-entry-summary\" itemprop=\"text\">\n\t\t\t\t\t\t\t<p>\u00ab\u00a0Cet ensemble conjugue des sites arch\u00e9ologiques, en grande partie encore enfouis, et un patrimoine culturel vivant s\u2019inscrivant dans un paysage spectaculaire qui&#8230;<\/p>\n\t\t\t\t\t\t<\/div><!-- .entry-summary -->\n\t\t\t\t\t<\/div><!-- wp-show-posts-inner --><\/article><article class=\"  wp-show-posts-masonry-col-4  wp-show-posts-masonry-block wp-show-posts-single post-3474 post type-post status-publish format-standard has-post-thumbnail hentry category-asia category-india wpsp-col-4\" itemtype=\"http:\/\/schema.org\/CreativeWork\" itemscope><div class=\"wp-show-posts-inner\" style=\"\">\t\t<div class=\"wp-show-posts-image zoom wpsp-image-center \">\n\t\t\t<a href=\"https:\/\/cuicui.be\/fr\/in-manas-wildlife-sanctuary\/\"  title=\"Le sanctuaire de faune de Manas\"><img loading=\"lazy\" decoding=\"async\" width=\"1024\" height=\"512\" src=\"https:\/\/cuicui.be\/wp-content\/uploads\/2017\/01\/in-manas.jpg\" class=\"attachment-full size-full wp-post-image\" alt=\"\" itemprop=\"image\" srcset=\"https:\/\/cuicui.be\/wp-content\/uploads\/2017\/01\/in-manas.jpg 1024w, https:\/\/cuicui.be\/wp-content\/uploads\/2017\/01\/in-manas-150x75.jpg 150w, https:\/\/cuicui.be\/wp-content\/uploads\/2017\/01\/in-manas-300x150.jpg 300w, https:\/\/cuicui.be\/wp-content\/uploads\/2017\/01\/in-manas-768x384.jpg 768w, https:\/\/cuicui.be\/wp-content\/uploads\/2017\/01\/in-manas-600x300.jpg 600w\" sizes=\"auto, (max-width: 1024px) 100vw, 1024px\" \/><\/a>\t\t<\/div>\n\t\t\t\t\t\t\t\t<header class=\"wp-show-posts-entry-header\">\n\t\t\t\t\t\t\t<h2 class=\"wp-show-posts-entry-title\" itemprop=\"headline\"><a href=\"https:\/\/cuicui.be\/fr\/in-manas-wildlife-sanctuary\/\" rel=\"bookmark\">Le sanctuaire de faune de Manas<\/a><\/h2>\t\t\t\t\t\t<\/header><!-- .entry-header -->\n\t\t\t\t\t\t\t\t\t\t\t<div class=\"wp-show-posts-entry-summary\" itemprop=\"text\">\n\t\t\t\t\t\t\t<p>\u00ab\u00a0Dans une zone des contreforts de l&rsquo;Himalaya o\u00f9 alternent collines bois\u00e9es, prairies alluviales et for\u00eats tropicales, le sanctuaire de Manas abrite une&#8230;<\/p>\n\t\t\t\t\t\t<\/div><!-- .entry-summary -->\n\t\t\t\t\t<\/div><!-- wp-show-posts-inner --><\/article><article class=\"  wp-show-posts-masonry-col-4  wp-show-posts-masonry-block wp-show-posts-single post-3246 post type-post status-publish format-standard has-post-thumbnail hentry category-asia category-india wpsp-col-4\" itemtype=\"http:\/\/schema.org\/CreativeWork\" itemscope><div class=\"wp-show-posts-inner\" style=\"\">\t\t<div class=\"wp-show-posts-image zoom wpsp-image-center \">\n\t\t\t<a href=\"https:\/\/cuicui.be\/fr\/in-buddhist-monuments-at-sanchi\/\"  title=\"Monuments bouddhiques de S\u00e2nch\u00ee\"><img loading=\"lazy\" decoding=\"async\" width=\"1024\" height=\"512\" src=\"https:\/\/cuicui.be\/wp-content\/uploads\/2016\/12\/in-sanchi.jpg\" class=\"attachment-full size-full wp-post-image\" alt=\"\" itemprop=\"image\" srcset=\"https:\/\/cuicui.be\/wp-content\/uploads\/2016\/12\/in-sanchi.jpg 1024w, https:\/\/cuicui.be\/wp-content\/uploads\/2016\/12\/in-sanchi-150x75.jpg 150w, https:\/\/cuicui.be\/wp-content\/uploads\/2016\/12\/in-sanchi-300x150.jpg 300w, https:\/\/cuicui.be\/wp-content\/uploads\/2016\/12\/in-sanchi-768x384.jpg 768w, https:\/\/cuicui.be\/wp-content\/uploads\/2016\/12\/in-sanchi-600x300.jpg 600w\" sizes=\"auto, (max-width: 1024px) 100vw, 1024px\" \/><\/a>\t\t<\/div>\n\t\t\t\t\t\t\t\t<header class=\"wp-show-posts-entry-header\">\n\t\t\t\t\t\t\t<h2 class=\"wp-show-posts-entry-title\" itemprop=\"headline\"><a href=\"https:\/\/cuicui.be\/fr\/in-buddhist-monuments-at-sanchi\/\" rel=\"bookmark\">Monuments bouddhiques de S\u00e2nch\u00ee<\/a><\/h2>\t\t\t\t\t\t<\/header><!-- .entry-header -->\n\t\t\t\t\t\t\t\t\t\t\t<div class=\"wp-show-posts-entry-summary\" itemprop=\"text\">\n\t\t\t\t\t\t\t<p>\u00ab\u00a0Sur une colline dominant la plaine, \u00e0 une quarantaine de kilom\u00e8tres de Bhopal, le site de S\u00e2nch\u00ee regroupe des monuments bouddhiques (piliers&#8230;<\/p>\n\t\t\t\t\t\t<\/div><!-- .entry-summary -->\n\t\t\t\t\t<\/div><!-- wp-show-posts-inner --><\/article><article class=\"  wp-show-posts-masonry-col-4  wp-show-posts-masonry-block wp-show-posts-single post-3406 post type-post status-publish format-standard has-post-thumbnail hentry category-asia category-india wpsp-col-4\" itemtype=\"http:\/\/schema.org\/CreativeWork\" itemscope><div class=\"wp-show-posts-inner\" style=\"\">\t\t<div class=\"wp-show-posts-image zoom wpsp-image-center \">\n\t\t\t<a href=\"https:\/\/cuicui.be\/fr\/india-mahabodhi-temple-complex-at-bodh-gaya\/\"  title=\"Le temple de la Mahabodhi \u00e0 Bodhgaya\"><img loading=\"lazy\" decoding=\"async\" width=\"1024\" height=\"512\" src=\"https:\/\/cuicui.be\/wp-content\/uploads\/2016\/12\/in-mahabodhi.jpg\" class=\"attachment-full size-full wp-post-image\" alt=\"\" itemprop=\"image\" srcset=\"https:\/\/cuicui.be\/wp-content\/uploads\/2016\/12\/in-mahabodhi.jpg 1024w, https:\/\/cuicui.be\/wp-content\/uploads\/2016\/12\/in-mahabodhi-150x75.jpg 150w, https:\/\/cuicui.be\/wp-content\/uploads\/2016\/12\/in-mahabodhi-300x150.jpg 300w, https:\/\/cuicui.be\/wp-content\/uploads\/2016\/12\/in-mahabodhi-768x384.jpg 768w, https:\/\/cuicui.be\/wp-content\/uploads\/2016\/12\/in-mahabodhi-600x300.jpg 600w\" sizes=\"auto, (max-width: 1024px) 100vw, 1024px\" \/><\/a>\t\t<\/div>\n\t\t\t\t\t\t\t\t<header class=\"wp-show-posts-entry-header\">\n\t\t\t\t\t\t\t<h2 class=\"wp-show-posts-entry-title\" itemprop=\"headline\"><a href=\"https:\/\/cuicui.be\/fr\/india-mahabodhi-temple-complex-at-bodh-gaya\/\" rel=\"bookmark\">Le temple de la Mahabodhi \u00e0 Bodhgaya<\/a><\/h2>\t\t\t\t\t\t<\/header><!-- .entry-header -->\n\t\t\t\t\t\t\t\t\t\t\t<div class=\"wp-show-posts-entry-summary\" itemprop=\"text\">\n\t\t\t\t\t\t\t<p>\u00ab\u00a0L&rsquo;ensemble du temple de la Mahabodhi constitue l&rsquo;un des quatre lieux saints associ\u00e9s \u00e0 la vie du Bouddha et notamment \u00e0 son&#8230;<\/p>\n\t\t\t\t\t\t<\/div><!-- .entry-summary -->\n\t\t\t\t\t<\/div><!-- wp-show-posts-inner --><\/article><div class=\"wpsp-clear\"><\/div><\/section><!-- .wp-show-posts --><div class=\"wpsp-load-more\"><span aria-current=\"page\" class=\"page-numbers current\">1<\/span>\n<a class=\"page-numbers\" href=\"https:\/\/cuicui.be\/fr\/wp-json\/wp\/v2\/pages\/2588\/page\/2\/\">2<\/a>\n<span class=\"page-numbers dots\">\u2026<\/span>\n<a class=\"page-numbers\" href=\"https:\/\/cuicui.be\/fr\/wp-json\/wp\/v2\/pages\/2588\/page\/4\/\">4<\/a>\n<a class=\"next page-numbers\" href=\"https:\/\/cuicui.be\/fr\/wp-json\/wp\/v2\/pages\/2588\/page\/2\/\">Next &rarr;<\/a><\/div>\n","protected":false},"excerpt":{"rendered":"","protected":false},"author":1,"featured_media":0,"parent":0,"menu_order":0,"comment_status":"closed","ping_status":"closed","template":"","meta":{"generate_page_header":"","footnotes":""},"class_list":["post-2588","page","type-page","status-publish","hentry","generate-columns","tablet-grid-50","mobile-grid-100","grid-parent","grid-33"],"_links":{"self":[{"href":"https:\/\/cuicui.be\/fr\/wp-json\/wp\/v2\/pages\/2588","targetHints":{"allow":["GET"]}}],"collection":[{"href":"https:\/\/cuicui.be\/fr\/wp-json\/wp\/v2\/pages"}],"about":[{"href":"https:\/\/cuicui.be\/fr\/wp-json\/wp\/v2\/types\/page"}],"author":[{"embeddable":true,"href":"https:\/\/cuicui.be\/fr\/wp-json\/wp\/v2\/users\/1"}],"replies":[{"embeddable":true,"href":"https:\/\/cuicui.be\/fr\/wp-json\/wp\/v2\/comments?post=2588"}],"version-history":[{"count":0,"href":"https:\/\/cuicui.be\/fr\/wp-json\/wp\/v2\/pages\/2588\/revisions"}],"wp:attachment":[{"href":"https:\/\/cuicui.be\/fr\/wp-json\/wp\/v2\/media?parent=2588"}],"curies":[{"name":"wp","href":"https:\/\/api.w.org\/{rel}","templated":true}]}}