{"id":2593,"date":"2016-10-29T20:47:10","date_gmt":"2016-10-29T19:47:10","guid":{"rendered":"http:\/\/cuicui.be\/?page_id=2593"},"modified":"2016-10-29T20:47:10","modified_gmt":"2016-10-29T19:47:10","slug":"bangladesh","status":"publish","type":"page","link":"https:\/\/cuicui.be\/fr\/bangladesh\/","title":{"rendered":"Bangladesh"},"content":{"rendered":"<style>.slick-slider#wpsp-2592 {margin-left: 0px; }.slick-slider#wpsp-2592 .wp-show-posts-inner {margin-left: 1em; margin-right: 1em; }#wpsp-2592.wpsp-card .wp-show-posts-single {margin-bottom: 2em; }.slick-slider#wpsp-2592 .wp-show-posts-single {margin-bottom: 0px; }#wpsp-2592 .wp-show-posts-inner {border: 1px solid #adadad; }#wpsp-2592:not(.wpsp-card) .wp-show-posts-inner {padding: 5px; }#wpsp-2592.wpsp-card .wpsp-content-wrap {padding: 5px; }<\/style><style>.wp-show-posts-columns#wpsp-2592 {margin-left: -2em; }.wp-show-posts-columns#wpsp-2592 .wp-show-posts-inner {margin: 0 0 2em 2em; }<\/style><section id=\"wpsp-2592\" class=\" wp-show-posts-columns wp-show-posts-masonry wp-show-posts\" style=\"\"><div class=\"grid-sizer wpsp-col-4\"><\/div><article class=\"  wp-show-posts-masonry-col-4  wp-show-posts-masonry-block wp-show-posts-single post-2582 post type-post status-publish format-standard has-post-thumbnail hentry category-asia category-bangladesh category-india wpsp-col-4\" itemtype=\"http:\/\/schema.org\/CreativeWork\" itemscope><div class=\"wp-show-posts-inner\" style=\"\">\t\t<div class=\"wp-show-posts-image zoom wpsp-image-center \">\n\t\t\t<a href=\"https:\/\/cuicui.be\/fr\/bangladesh-india-sundarbans\/\"  title=\"Les Sundarbans\"><img loading=\"lazy\" decoding=\"async\" width=\"1024\" height=\"512\" src=\"https:\/\/cuicui.be\/wp-content\/uploads\/2016\/10\/bd-in-sundarbans.jpg\" class=\"attachment-full size-full wp-post-image\" alt=\"\" itemprop=\"image\" srcset=\"https:\/\/cuicui.be\/wp-content\/uploads\/2016\/10\/bd-in-sundarbans.jpg 1024w, https:\/\/cuicui.be\/wp-content\/uploads\/2016\/10\/bd-in-sundarbans-150x75.jpg 150w, https:\/\/cuicui.be\/wp-content\/uploads\/2016\/10\/bd-in-sundarbans-300x150.jpg 300w, https:\/\/cuicui.be\/wp-content\/uploads\/2016\/10\/bd-in-sundarbans-768x384.jpg 768w, https:\/\/cuicui.be\/wp-content\/uploads\/2016\/10\/bd-in-sundarbans-600x300.jpg 600w\" sizes=\"auto, (max-width: 1024px) 100vw, 1024px\" \/><\/a>\t\t<\/div>\n\t\t\t\t\t\t\t\t<header class=\"wp-show-posts-entry-header\">\n\t\t\t\t\t\t\t<h2 class=\"wp-show-posts-entry-title\" itemprop=\"headline\"><a href=\"https:\/\/cuicui.be\/fr\/bangladesh-india-sundarbans\/\" rel=\"bookmark\">Les Sundarbans<\/a><\/h2>\t\t\t\t\t\t<\/header><!-- .entry-header -->\n\t\t\t\t\t\t\t\t\t\t\t<div class=\"wp-show-posts-entry-summary\" itemprop=\"text\">\n\t\t\t\t\t\t\t<p>\u00ab\u00a0L\u2019ensemble du site est entrecoup\u00e9 d\u2019un r\u00e9seau complexe de voies d\u2019eau sous l\u2019influence des mar\u00e9es, de vasi\u00e8res et d\u2019\u00eelots de for\u00eats de&#8230;<\/p>\n\t\t\t\t\t\t<\/div><!-- .entry-summary -->\n\t\t\t\t\t<\/div><!-- wp-show-posts-inner --><\/article><article class=\"  wp-show-posts-masonry-col-4  wp-show-posts-masonry-block wp-show-posts-single post-2577 post type-post status-publish format-standard has-post-thumbnail hentry category-asia category-bangladesh wpsp-col-4\" itemtype=\"http:\/\/schema.org\/CreativeWork\" itemscope><div class=\"wp-show-posts-inner\" style=\"\">\t\t<div class=\"wp-show-posts-image zoom wpsp-image-center \">\n\t\t\t<a href=\"https:\/\/cuicui.be\/fr\/bangladesh-bagerhat\/\"  title=\"La ville-mosqu\u00e9e historique de Bagerhat\"><img loading=\"lazy\" decoding=\"async\" width=\"1024\" height=\"512\" src=\"https:\/\/cuicui.be\/wp-content\/uploads\/2016\/10\/bd-bagerhat.jpg\" class=\"attachment-full size-full wp-post-image\" alt=\"\" itemprop=\"image\" srcset=\"https:\/\/cuicui.be\/wp-content\/uploads\/2016\/10\/bd-bagerhat.jpg 1024w, https:\/\/cuicui.be\/wp-content\/uploads\/2016\/10\/bd-bagerhat-150x75.jpg 150w, https:\/\/cuicui.be\/wp-content\/uploads\/2016\/10\/bd-bagerhat-300x150.jpg 300w, https:\/\/cuicui.be\/wp-content\/uploads\/2016\/10\/bd-bagerhat-768x384.jpg 768w, https:\/\/cuicui.be\/wp-content\/uploads\/2016\/10\/bd-bagerhat-600x300.jpg 600w\" sizes=\"auto, (max-width: 1024px) 100vw, 1024px\" \/><\/a>\t\t<\/div>\n\t\t\t\t\t\t\t\t<header class=\"wp-show-posts-entry-header\">\n\t\t\t\t\t\t\t<h2 class=\"wp-show-posts-entry-title\" itemprop=\"headline\"><a href=\"https:\/\/cuicui.be\/fr\/bangladesh-bagerhat\/\" rel=\"bookmark\">La ville-mosqu\u00e9e historique de Bagerhat<\/a><\/h2>\t\t\t\t\t\t<\/header><!-- .entry-header -->\n\t\t\t\t\t\t\t\t\t\t\t<div class=\"wp-show-posts-entry-summary\" itemprop=\"text\">\n\t\t\t\t\t\t\t<p>\u00ab\u00a0Au c\u0153ur des faubourgs de Bagerhat, au confluent du Gange et du Brahmapoutre, la ville ancienne, autrefois appel\u00e9e Khalifatabad, fut fond\u00e9e au&#8230;<\/p>\n\t\t\t\t\t\t<\/div><!-- .entry-summary -->\n\t\t\t\t\t<\/div><!-- wp-show-posts-inner --><\/article><article class=\"  wp-show-posts-masonry-col-4  wp-show-posts-masonry-block wp-show-posts-single post-2573 post type-post status-publish format-standard has-post-thumbnail hentry category-asia category-bangladesh wpsp-col-4\" itemtype=\"http:\/\/schema.org\/CreativeWork\" itemscope><div class=\"wp-show-posts-inner\" style=\"\">\t\t<div class=\"wp-show-posts-image zoom wpsp-image-center \">\n\t\t\t<a href=\"https:\/\/cuicui.be\/fr\/bangladesh-paharpur\/\"  title=\"Les ruines du Vihara bouddhique de Paharpur\"><img loading=\"lazy\" decoding=\"async\" width=\"1024\" height=\"512\" src=\"https:\/\/cuicui.be\/wp-content\/uploads\/2016\/10\/bd-paharpur.jpg\" class=\"attachment-full size-full wp-post-image\" alt=\"\" itemprop=\"image\" srcset=\"https:\/\/cuicui.be\/wp-content\/uploads\/2016\/10\/bd-paharpur.jpg 1024w, https:\/\/cuicui.be\/wp-content\/uploads\/2016\/10\/bd-paharpur-150x75.jpg 150w, https:\/\/cuicui.be\/wp-content\/uploads\/2016\/10\/bd-paharpur-300x150.jpg 300w, https:\/\/cuicui.be\/wp-content\/uploads\/2016\/10\/bd-paharpur-768x384.jpg 768w, https:\/\/cuicui.be\/wp-content\/uploads\/2016\/10\/bd-paharpur-600x300.jpg 600w\" sizes=\"auto, (max-width: 1024px) 100vw, 1024px\" \/><\/a>\t\t<\/div>\n\t\t\t\t\t\t\t\t<header class=\"wp-show-posts-entry-header\">\n\t\t\t\t\t\t\t<h2 class=\"wp-show-posts-entry-title\" itemprop=\"headline\"><a href=\"https:\/\/cuicui.be\/fr\/bangladesh-paharpur\/\" rel=\"bookmark\">Les ruines du Vihara bouddhique de Paharpur<\/a><\/h2>\t\t\t\t\t\t<\/header><!-- .entry-header -->\n\t\t\t\t\t\t\t\t\t\t\t<div class=\"wp-show-posts-entry-summary\" itemprop=\"text\">\n\t\t\t\t\t\t\t<p>\u00ab\u00a0T\u00e9moin de l\u2019essor du bouddhisme du Mahayana au Bengale \u00e0 partir du VIIe si\u00e8cle, cet ensemble, connu sous le nom de Somapura&#8230;<\/p>\n\t\t\t\t\t\t<\/div><!-- .entry-summary -->\n\t\t\t\t\t<\/div><!-- wp-show-posts-inner --><\/article><div class=\"wpsp-clear\"><\/div><\/section><!-- .wp-show-posts -->\n","protected":false},"excerpt":{"rendered":"","protected":false},"author":1,"featured_media":0,"parent":0,"menu_order":0,"comment_status":"closed","ping_status":"closed","template":"","meta":{"generate_page_header":"","footnotes":""},"class_list":["post-2593","page","type-page","status-publish","hentry","generate-columns","tablet-grid-50","mobile-grid-100","grid-parent","grid-33"],"_links":{"self":[{"href":"https:\/\/cuicui.be\/fr\/wp-json\/wp\/v2\/pages\/2593","targetHints":{"allow":["GET"]}}],"collection":[{"href":"https:\/\/cuicui.be\/fr\/wp-json\/wp\/v2\/pages"}],"about":[{"href":"https:\/\/cuicui.be\/fr\/wp-json\/wp\/v2\/types\/page"}],"author":[{"embeddable":true,"href":"https:\/\/cuicui.be\/fr\/wp-json\/wp\/v2\/users\/1"}],"replies":[{"embeddable":true,"href":"https:\/\/cuicui.be\/fr\/wp-json\/wp\/v2\/comments?post=2593"}],"version-history":[{"count":0,"href":"https:\/\/cuicui.be\/fr\/wp-json\/wp\/v2\/pages\/2593\/revisions"}],"wp:attachment":[{"href":"https:\/\/cuicui.be\/fr\/wp-json\/wp\/v2\/media?parent=2593"}],"curies":[{"name":"wp","href":"https:\/\/api.w.org\/{rel}","templated":true}]}}