{"id":2646,"date":"2016-11-01T20:05:54","date_gmt":"2016-11-01T19:05:54","guid":{"rendered":"http:\/\/cuicui.be\/?page_id=2646"},"modified":"2016-11-01T20:05:54","modified_gmt":"2016-11-01T19:05:54","slug":"lebanon","status":"publish","type":"page","link":"https:\/\/cuicui.be\/fr\/lebanon\/","title":{"rendered":"Liban"},"content":{"rendered":"<style>.slick-slider#wpsp-2645 {margin-left: 0px; }.slick-slider#wpsp-2645 .wp-show-posts-inner {margin-left: 1em; margin-right: 1em; }#wpsp-2645.wpsp-card .wp-show-posts-single {margin-bottom: 2em; }.slick-slider#wpsp-2645 .wp-show-posts-single {margin-bottom: 0px; }#wpsp-2645 .wp-show-posts-inner {border: 1px solid #adadad; }#wpsp-2645:not(.wpsp-card) .wp-show-posts-inner {padding: 5px; }#wpsp-2645.wpsp-card .wpsp-content-wrap {padding: 5px; }<\/style><style>.wp-show-posts-columns#wpsp-2645 {margin-left: -2em; }.wp-show-posts-columns#wpsp-2645 .wp-show-posts-inner {margin: 0 0 2em 2em; }<\/style><section id=\"wpsp-2645\" class=\" wp-show-posts-columns wp-show-posts-masonry wp-show-posts\" style=\"\"><div class=\"grid-sizer wpsp-col-4\"><\/div><article class=\"  wp-show-posts-masonry-col-4  wp-show-posts-masonry-block wp-show-posts-single post-2623 post type-post status-publish format-standard has-post-thumbnail hentry category-lebanon category-middle-east wpsp-col-4\" itemtype=\"http:\/\/schema.org\/CreativeWork\" itemscope><div class=\"wp-show-posts-inner\" style=\"\">\t\t<div class=\"wp-show-posts-image zoom wpsp-image-center \">\n\t\t\t<a href=\"https:\/\/cuicui.be\/fr\/lebanon-anjar\/\"  title=\"Anjar\"><img loading=\"lazy\" decoding=\"async\" width=\"1024\" height=\"512\" src=\"https:\/\/cuicui.be\/wp-content\/uploads\/2016\/11\/lb-anjar.jpg\" class=\"attachment-full size-full wp-post-image\" alt=\"\" itemprop=\"image\" srcset=\"https:\/\/cuicui.be\/wp-content\/uploads\/2016\/11\/lb-anjar.jpg 1024w, https:\/\/cuicui.be\/wp-content\/uploads\/2016\/11\/lb-anjar-150x75.jpg 150w, https:\/\/cuicui.be\/wp-content\/uploads\/2016\/11\/lb-anjar-300x150.jpg 300w, https:\/\/cuicui.be\/wp-content\/uploads\/2016\/11\/lb-anjar-768x384.jpg 768w, https:\/\/cuicui.be\/wp-content\/uploads\/2016\/11\/lb-anjar-600x300.jpg 600w\" sizes=\"auto, (max-width: 1024px) 100vw, 1024px\" \/><\/a>\t\t<\/div>\n\t\t\t\t\t\t\t\t<header class=\"wp-show-posts-entry-header\">\n\t\t\t\t\t\t\t<h2 class=\"wp-show-posts-entry-title\" itemprop=\"headline\"><a href=\"https:\/\/cuicui.be\/fr\/lebanon-anjar\/\" rel=\"bookmark\">Anjar<\/a><\/h2>\t\t\t\t\t\t<\/header><!-- .entry-header -->\n\t\t\t\t\t\t\t\t\t\t\t<div class=\"wp-show-posts-entry-summary\" itemprop=\"text\">\n\t\t\t\t\t\t\t<p>\u00ab\u00a0Les ruines d&rsquo;Anjar, ville fond\u00e9e par le calife Walid Ier au d\u00e9but du VIIIe si\u00e8cle, r\u00e9v\u00e8lent une organisation tr\u00e8s rigoureuse de l&rsquo;espace&#8230;<\/p>\n\t\t\t\t\t\t<\/div><!-- .entry-summary -->\n\t\t\t\t\t<\/div><!-- wp-show-posts-inner --><\/article><article class=\"  wp-show-posts-masonry-col-4  wp-show-posts-masonry-block wp-show-posts-single post-2619 post type-post status-publish format-standard has-post-thumbnail hentry category-lebanon category-middle-east wpsp-col-4\" itemtype=\"http:\/\/schema.org\/CreativeWork\" itemscope><div class=\"wp-show-posts-inner\" style=\"\">\t\t<div class=\"wp-show-posts-image zoom wpsp-image-center \">\n\t\t\t<a href=\"https:\/\/cuicui.be\/fr\/lebanon-cedars-of-god\/\"  title=\"La for\u00eat des c\u00e8dres de Dieu\"><img loading=\"lazy\" decoding=\"async\" width=\"1024\" height=\"512\" src=\"https:\/\/cuicui.be\/wp-content\/uploads\/2016\/11\/lb-cedars.jpg\" class=\"attachment-full size-full wp-post-image\" alt=\"\" itemprop=\"image\" srcset=\"https:\/\/cuicui.be\/wp-content\/uploads\/2016\/11\/lb-cedars.jpg 1024w, https:\/\/cuicui.be\/wp-content\/uploads\/2016\/11\/lb-cedars-150x75.jpg 150w, https:\/\/cuicui.be\/wp-content\/uploads\/2016\/11\/lb-cedars-300x150.jpg 300w, https:\/\/cuicui.be\/wp-content\/uploads\/2016\/11\/lb-cedars-768x384.jpg 768w, https:\/\/cuicui.be\/wp-content\/uploads\/2016\/11\/lb-cedars-600x300.jpg 600w\" sizes=\"auto, (max-width: 1024px) 100vw, 1024px\" \/><\/a>\t\t<\/div>\n\t\t\t\t\t\t\t\t<header class=\"wp-show-posts-entry-header\">\n\t\t\t\t\t\t\t<h2 class=\"wp-show-posts-entry-title\" itemprop=\"headline\"><a href=\"https:\/\/cuicui.be\/fr\/lebanon-cedars-of-god\/\" rel=\"bookmark\">La for\u00eat des c\u00e8dres de Dieu<\/a><\/h2>\t\t\t\t\t\t<\/header><!-- .entry-header -->\n\t\t\t\t\t\t\t\t\t\t\t<div class=\"wp-show-posts-entry-summary\" itemprop=\"text\">\n\t\t\t\t\t\t\t<p>\u00ab\u00a0La vall\u00e9e de la Qadisha est l&rsquo;un des plus importants sites d&rsquo;\u00e9tablissement chr\u00e9tien au monde, et ses monast\u00e8res, souvent tr\u00e8s anciens, s&rsquo;inscrivent&#8230;<\/p>\n\t\t\t\t\t\t<\/div><!-- .entry-summary -->\n\t\t\t\t\t<\/div><!-- wp-show-posts-inner --><\/article><article class=\"  wp-show-posts-masonry-col-4  wp-show-posts-masonry-block wp-show-posts-single post-2640 post type-post status-publish format-standard has-post-thumbnail hentry category-lebanon category-middle-east wpsp-col-4\" itemtype=\"http:\/\/schema.org\/CreativeWork\" itemscope><div class=\"wp-show-posts-inner\" style=\"\">\t\t<div class=\"wp-show-posts-image zoom wpsp-image-center \">\n\t\t\t<a href=\"https:\/\/cuicui.be\/fr\/lebanon-byblos\/\"  title=\"Byblos\"><img loading=\"lazy\" decoding=\"async\" width=\"1024\" height=\"512\" src=\"https:\/\/cuicui.be\/wp-content\/uploads\/2016\/11\/lb-byblos.jpg\" class=\"attachment-full size-full wp-post-image\" alt=\"\" itemprop=\"image\" srcset=\"https:\/\/cuicui.be\/wp-content\/uploads\/2016\/11\/lb-byblos.jpg 1024w, https:\/\/cuicui.be\/wp-content\/uploads\/2016\/11\/lb-byblos-150x75.jpg 150w, https:\/\/cuicui.be\/wp-content\/uploads\/2016\/11\/lb-byblos-300x150.jpg 300w, https:\/\/cuicui.be\/wp-content\/uploads\/2016\/11\/lb-byblos-768x384.jpg 768w, https:\/\/cuicui.be\/wp-content\/uploads\/2016\/11\/lb-byblos-600x300.jpg 600w\" sizes=\"auto, (max-width: 1024px) 100vw, 1024px\" \/><\/a>\t\t<\/div>\n\t\t\t\t\t\t\t\t<header class=\"wp-show-posts-entry-header\">\n\t\t\t\t\t\t\t<h2 class=\"wp-show-posts-entry-title\" itemprop=\"headline\"><a href=\"https:\/\/cuicui.be\/fr\/lebanon-byblos\/\" rel=\"bookmark\">Byblos<\/a><\/h2>\t\t\t\t\t\t<\/header><!-- .entry-header -->\n\t\t\t\t\t\t\t\t\t\t\t<div class=\"wp-show-posts-entry-summary\" itemprop=\"text\">\n\t\t\t\t\t\t\t<p>\u00ab\u00a0On trouve \u00e0 Byblos les ruines successives d&rsquo;une des plus anciennes cit\u00e9s du Liban, habit\u00e9e d\u00e8s le n\u00e9olithique et \u00e9troitement li\u00e9e \u00e0&#8230;<\/p>\n\t\t\t\t\t\t<\/div><!-- .entry-summary -->\n\t\t\t\t\t<\/div><!-- wp-show-posts-inner --><\/article><article class=\"  wp-show-posts-masonry-col-4  wp-show-posts-masonry-block wp-show-posts-single post-2631 post type-post status-publish format-standard has-post-thumbnail hentry category-lebanon category-middle-east wpsp-col-4\" itemtype=\"http:\/\/schema.org\/CreativeWork\" itemscope><div class=\"wp-show-posts-inner\" style=\"\">\t\t<div class=\"wp-show-posts-image zoom wpsp-image-center \">\n\t\t\t<a href=\"https:\/\/cuicui.be\/fr\/lebanon-tyre\/\"  title=\"Tyr\"><img loading=\"lazy\" decoding=\"async\" width=\"1024\" height=\"512\" src=\"https:\/\/cuicui.be\/wp-content\/uploads\/2016\/11\/lb-tyr.jpg\" class=\"attachment-full size-full wp-post-image\" alt=\"\" itemprop=\"image\" srcset=\"https:\/\/cuicui.be\/wp-content\/uploads\/2016\/11\/lb-tyr.jpg 1024w, https:\/\/cuicui.be\/wp-content\/uploads\/2016\/11\/lb-tyr-150x75.jpg 150w, https:\/\/cuicui.be\/wp-content\/uploads\/2016\/11\/lb-tyr-300x150.jpg 300w, https:\/\/cuicui.be\/wp-content\/uploads\/2016\/11\/lb-tyr-768x384.jpg 768w, https:\/\/cuicui.be\/wp-content\/uploads\/2016\/11\/lb-tyr-600x300.jpg 600w\" sizes=\"auto, (max-width: 1024px) 100vw, 1024px\" \/><\/a>\t\t<\/div>\n\t\t\t\t\t\t\t\t<header class=\"wp-show-posts-entry-header\">\n\t\t\t\t\t\t\t<h2 class=\"wp-show-posts-entry-title\" itemprop=\"headline\"><a href=\"https:\/\/cuicui.be\/fr\/lebanon-tyre\/\" rel=\"bookmark\">Tyr<\/a><\/h2>\t\t\t\t\t\t<\/header><!-- .entry-header -->\n\t\t\t\t\t\t\t\t\t\t\t<div class=\"wp-show-posts-entry-summary\" itemprop=\"text\">\n\t\t\t\t\t\t\t<p>\u00ab\u00a0Tyr, o\u00f9, selon la l\u00e9gende, fut d\u00e9couverte la pourpre, fut la grande cit\u00e9 ph\u00e9nicienne ma\u00eetresse des mers, fondatrice de comptoirs prosp\u00e8res comme&#8230;<\/p>\n\t\t\t\t\t\t<\/div><!-- .entry-summary -->\n\t\t\t\t\t<\/div><!-- wp-show-posts-inner --><\/article><article class=\"  wp-show-posts-masonry-col-4  wp-show-posts-masonry-block wp-show-posts-single post-2650 post type-post status-publish format-standard has-post-thumbnail hentry category-lebanon category-middle-east wpsp-col-4\" itemtype=\"http:\/\/schema.org\/CreativeWork\" itemscope><div class=\"wp-show-posts-inner\" style=\"\">\t\t<div class=\"wp-show-posts-image zoom wpsp-image-center \">\n\t\t\t<a href=\"https:\/\/cuicui.be\/fr\/lebanon-baalbek\/\"  title=\"Baalbek\"><img loading=\"lazy\" decoding=\"async\" width=\"1024\" height=\"512\" src=\"https:\/\/cuicui.be\/wp-content\/uploads\/2006\/11\/lb-baalbek.jpg\" class=\"attachment-full size-full wp-post-image\" alt=\"\" itemprop=\"image\" srcset=\"https:\/\/cuicui.be\/wp-content\/uploads\/2006\/11\/lb-baalbek.jpg 1024w, https:\/\/cuicui.be\/wp-content\/uploads\/2006\/11\/lb-baalbek-150x75.jpg 150w, https:\/\/cuicui.be\/wp-content\/uploads\/2006\/11\/lb-baalbek-300x150.jpg 300w, https:\/\/cuicui.be\/wp-content\/uploads\/2006\/11\/lb-baalbek-768x384.jpg 768w, https:\/\/cuicui.be\/wp-content\/uploads\/2006\/11\/lb-baalbek-600x300.jpg 600w\" sizes=\"auto, (max-width: 1024px) 100vw, 1024px\" \/><\/a>\t\t<\/div>\n\t\t\t\t\t\t\t\t<header class=\"wp-show-posts-entry-header\">\n\t\t\t\t\t\t\t<h2 class=\"wp-show-posts-entry-title\" itemprop=\"headline\"><a href=\"https:\/\/cuicui.be\/fr\/lebanon-baalbek\/\" rel=\"bookmark\">Baalbek<\/a><\/h2>\t\t\t\t\t\t<\/header><!-- .entry-header -->\n\t\t\t\t\t\t\t\t\t\t\t<div class=\"wp-show-posts-entry-summary\" itemprop=\"text\">\n\t\t\t\t\t\t\t<p>\u00ab\u00a0Cette cit\u00e9 ph\u00e9nicienne, o\u00f9 l&rsquo;on c\u00e9l\u00e9brait le culte d&rsquo;une triade divine, fut nomm\u00e9e H\u00e9liopolis \u00e0 la p\u00e9riode hell\u00e9nistique. Elle conserva sa fonction&#8230;<\/p>\n\t\t\t\t\t\t<\/div><!-- .entry-summary -->\n\t\t\t\t\t<\/div><!-- wp-show-posts-inner --><\/article><div class=\"wpsp-clear\"><\/div><\/section><!-- .wp-show-posts -->\n","protected":false},"excerpt":{"rendered":"","protected":false},"author":1,"featured_media":0,"parent":0,"menu_order":0,"comment_status":"closed","ping_status":"closed","template":"","meta":{"generate_page_header":"","footnotes":""},"class_list":["post-2646","page","type-page","status-publish","hentry","generate-columns","tablet-grid-50","mobile-grid-100","grid-parent","grid-33"],"_links":{"self":[{"href":"https:\/\/cuicui.be\/fr\/wp-json\/wp\/v2\/pages\/2646","targetHints":{"allow":["GET"]}}],"collection":[{"href":"https:\/\/cuicui.be\/fr\/wp-json\/wp\/v2\/pages"}],"about":[{"href":"https:\/\/cuicui.be\/fr\/wp-json\/wp\/v2\/types\/page"}],"author":[{"embeddable":true,"href":"https:\/\/cuicui.be\/fr\/wp-json\/wp\/v2\/users\/1"}],"replies":[{"embeddable":true,"href":"https:\/\/cuicui.be\/fr\/wp-json\/wp\/v2\/comments?post=2646"}],"version-history":[{"count":0,"href":"https:\/\/cuicui.be\/fr\/wp-json\/wp\/v2\/pages\/2646\/revisions"}],"wp:attachment":[{"href":"https:\/\/cuicui.be\/fr\/wp-json\/wp\/v2\/media?parent=2646"}],"curies":[{"name":"wp","href":"https:\/\/api.w.org\/{rel}","templated":true}]}}