{"id":2663,"date":"2016-11-03T21:25:10","date_gmt":"2016-11-03T20:25:10","guid":{"rendered":"http:\/\/cuicui.be\/?page_id=2663"},"modified":"2016-11-03T21:25:10","modified_gmt":"2016-11-03T20:25:10","slug":"oman","status":"publish","type":"page","link":"https:\/\/cuicui.be\/fr\/oman\/","title":{"rendered":"Oman"},"content":{"rendered":"<style>.slick-slider#wpsp-2661 {margin-left: 0px; }.slick-slider#wpsp-2661 .wp-show-posts-inner {margin-left: 1em; margin-right: 1em; }#wpsp-2661.wpsp-card .wp-show-posts-single {margin-bottom: 2em; }.slick-slider#wpsp-2661 .wp-show-posts-single {margin-bottom: 0px; }#wpsp-2661 .wp-show-posts-inner {border: 1px solid #adadad; }#wpsp-2661:not(.wpsp-card) .wp-show-posts-inner {padding: 5px; }#wpsp-2661.wpsp-card .wpsp-content-wrap {padding: 5px; }<\/style><style>.wp-show-posts-columns#wpsp-2661 {margin-left: -2em; }.wp-show-posts-columns#wpsp-2661 .wp-show-posts-inner {margin: 0 0 2em 2em; }<\/style><section id=\"wpsp-2661\" class=\" wp-show-posts-columns wp-show-posts-masonry wp-show-posts\" style=\"\"><div class=\"grid-sizer wpsp-col-4\"><\/div><article class=\"  wp-show-posts-masonry-col-4  wp-show-posts-masonry-block wp-show-posts-single post-2686 post type-post status-publish format-standard has-post-thumbnail hentry category-middle-east category-oman wpsp-col-4\" itemtype=\"http:\/\/schema.org\/CreativeWork\" itemscope><div class=\"wp-show-posts-inner\" style=\"\">\t\t<div class=\"wp-show-posts-image zoom wpsp-image-center \">\n\t\t\t<a href=\"https:\/\/cuicui.be\/fr\/oman-land-of-frankincense\/\"  title=\"Les terres de l\u2019encens\"><img loading=\"lazy\" decoding=\"async\" width=\"1024\" height=\"512\" src=\"https:\/\/cuicui.be\/wp-content\/uploads\/2016\/11\/om-frankincense.jpg\" class=\"attachment-full size-full wp-post-image\" alt=\"\" itemprop=\"image\" srcset=\"https:\/\/cuicui.be\/wp-content\/uploads\/2016\/11\/om-frankincense.jpg 1024w, https:\/\/cuicui.be\/wp-content\/uploads\/2016\/11\/om-frankincense-150x75.jpg 150w, https:\/\/cuicui.be\/wp-content\/uploads\/2016\/11\/om-frankincense-300x150.jpg 300w, https:\/\/cuicui.be\/wp-content\/uploads\/2016\/11\/om-frankincense-768x384.jpg 768w, https:\/\/cuicui.be\/wp-content\/uploads\/2016\/11\/om-frankincense-600x300.jpg 600w\" sizes=\"auto, (max-width: 1024px) 100vw, 1024px\" \/><\/a>\t\t<\/div>\n\t\t\t\t\t\t\t\t<header class=\"wp-show-posts-entry-header\">\n\t\t\t\t\t\t\t<h2 class=\"wp-show-posts-entry-title\" itemprop=\"headline\"><a href=\"https:\/\/cuicui.be\/fr\/oman-land-of-frankincense\/\" rel=\"bookmark\">Les terres de l\u2019encens<\/a><\/h2>\t\t\t\t\t\t<\/header><!-- .entry-header -->\n\t\t\t\t\t\t\t\t\t\t\t<div class=\"wp-show-posts-entry-summary\" itemprop=\"text\">\n\t\t\t\t\t\t\t<p>\u00ab\u00a0Les arbres d&rsquo;encens de l&rsquo;Ouadi Dawkah, les vestiges de l&rsquo;oasis caravani\u00e8re de Shisr\/Wubar et les ports associ\u00e9s de Khor Rori et d&rsquo;Al-Baleed&#8230;<\/p>\n\t\t\t\t\t\t<\/div><!-- .entry-summary -->\n\t\t\t\t\t<\/div><!-- wp-show-posts-inner --><\/article><article class=\"  wp-show-posts-masonry-col-4  wp-show-posts-masonry-block wp-show-posts-single post-2656 post type-post status-publish format-standard has-post-thumbnail hentry category-middle-east category-oman wpsp-col-4\" itemtype=\"http:\/\/schema.org\/CreativeWork\" itemscope><div class=\"wp-show-posts-inner\" style=\"\">\t\t<div class=\"wp-show-posts-image zoom wpsp-image-center \">\n\t\t\t<a href=\"https:\/\/cuicui.be\/fr\/oman-arabian-oryx-sanctuary\/\"  title=\"Le sanctuaire de l\u2019oryx arabe\"><img loading=\"lazy\" decoding=\"async\" width=\"1024\" height=\"512\" src=\"https:\/\/cuicui.be\/wp-content\/uploads\/2006\/12\/om-oryx.jpg\" class=\"attachment-full size-full wp-post-image\" alt=\"\" itemprop=\"image\" srcset=\"https:\/\/cuicui.be\/wp-content\/uploads\/2006\/12\/om-oryx.jpg 1024w, https:\/\/cuicui.be\/wp-content\/uploads\/2006\/12\/om-oryx-150x75.jpg 150w, https:\/\/cuicui.be\/wp-content\/uploads\/2006\/12\/om-oryx-300x150.jpg 300w, https:\/\/cuicui.be\/wp-content\/uploads\/2006\/12\/om-oryx-768x384.jpg 768w, https:\/\/cuicui.be\/wp-content\/uploads\/2006\/12\/om-oryx-600x300.jpg 600w\" sizes=\"auto, (max-width: 1024px) 100vw, 1024px\" \/><\/a>\t\t<\/div>\n\t\t\t\t\t\t\t\t<header class=\"wp-show-posts-entry-header\">\n\t\t\t\t\t\t\t<h2 class=\"wp-show-posts-entry-title\" itemprop=\"headline\"><a href=\"https:\/\/cuicui.be\/fr\/oman-arabian-oryx-sanctuary\/\" rel=\"bookmark\">Le sanctuaire de l\u2019oryx arabe<\/a><\/h2>\t\t\t\t\t\t<\/header><!-- .entry-header -->\n\t\t\t\t\t\t\t\t\t\t\t<div class=\"wp-show-posts-entry-summary\" itemprop=\"text\">\n\t\t\t\t\t\t\t<p>\u00ab\u00a0Le Comit\u00e9 du patrimoine mondial a retir\u00e9 ce bien de la Liste suite \u00e0 la d\u00e9cision d&rsquo;Oman de r\u00e9duire la taille de&#8230;<\/p>\n\t\t\t\t\t\t<\/div><!-- .entry-summary -->\n\t\t\t\t\t<\/div><!-- wp-show-posts-inner --><\/article><article class=\"  wp-show-posts-masonry-col-4  wp-show-posts-masonry-block wp-show-posts-single post-2666 post type-post status-publish format-standard has-post-thumbnail hentry category-middle-east category-oman wpsp-col-4\" itemtype=\"http:\/\/schema.org\/CreativeWork\" itemscope><div class=\"wp-show-posts-inner\" style=\"\">\t\t<div class=\"wp-show-posts-image zoom wpsp-image-center \">\n\t\t\t<a href=\"https:\/\/cuicui.be\/fr\/oman-bahla-fort\/\"  title=\"Le fort de Bahla\"><img loading=\"lazy\" decoding=\"async\" width=\"1024\" height=\"512\" src=\"https:\/\/cuicui.be\/wp-content\/uploads\/2016\/11\/om-bahla.jpg\" class=\"attachment-full size-full wp-post-image\" alt=\"\" itemprop=\"image\" srcset=\"https:\/\/cuicui.be\/wp-content\/uploads\/2016\/11\/om-bahla.jpg 1024w, https:\/\/cuicui.be\/wp-content\/uploads\/2016\/11\/om-bahla-150x75.jpg 150w, https:\/\/cuicui.be\/wp-content\/uploads\/2016\/11\/om-bahla-300x150.jpg 300w, https:\/\/cuicui.be\/wp-content\/uploads\/2016\/11\/om-bahla-768x384.jpg 768w, https:\/\/cuicui.be\/wp-content\/uploads\/2016\/11\/om-bahla-600x300.jpg 600w\" sizes=\"auto, (max-width: 1024px) 100vw, 1024px\" \/><\/a>\t\t<\/div>\n\t\t\t\t\t\t\t\t<header class=\"wp-show-posts-entry-header\">\n\t\t\t\t\t\t\t<h2 class=\"wp-show-posts-entry-title\" itemprop=\"headline\"><a href=\"https:\/\/cuicui.be\/fr\/oman-bahla-fort\/\" rel=\"bookmark\">Le fort de Bahla<\/a><\/h2>\t\t\t\t\t\t<\/header><!-- .entry-header -->\n\t\t\t\t\t\t\t\t\t\t\t<div class=\"wp-show-posts-entry-summary\" itemprop=\"text\">\n\t\t\t\t\t\t\t<p>\u00ab\u00a0L&rsquo;oasis de Bahla doit sa prosp\u00e9rit\u00e9 aux Banu Nabhan, qui s&rsquo;impos\u00e8rent aux autres communaut\u00e9s entre le XIIe si\u00e8cle et la fin du&#8230;<\/p>\n\t\t\t\t\t\t<\/div><!-- .entry-summary -->\n\t\t\t\t\t<\/div><!-- wp-show-posts-inner --><\/article><article class=\"  wp-show-posts-masonry-col-4  wp-show-posts-masonry-block wp-show-posts-single post-2672 post type-post status-publish format-standard has-post-thumbnail hentry category-middle-east category-oman wpsp-col-4\" itemtype=\"http:\/\/schema.org\/CreativeWork\" itemscope><div class=\"wp-show-posts-inner\" style=\"\">\t\t<div class=\"wp-show-posts-image zoom wpsp-image-center \">\n\t\t\t<a href=\"https:\/\/cuicui.be\/fr\/oman-bat-al-khutm-al-ayn\/\"  title=\"Les sites arch\u00e9ologiques de Bat, Al-Khutm et Al-Ayn\"><img loading=\"lazy\" decoding=\"async\" width=\"1024\" height=\"512\" src=\"https:\/\/cuicui.be\/wp-content\/uploads\/2006\/12\/om-bat-al-ayn.jpg\" class=\"attachment-full size-full wp-post-image\" alt=\"\" itemprop=\"image\" srcset=\"https:\/\/cuicui.be\/wp-content\/uploads\/2006\/12\/om-bat-al-ayn.jpg 1024w, https:\/\/cuicui.be\/wp-content\/uploads\/2006\/12\/om-bat-al-ayn-150x75.jpg 150w, https:\/\/cuicui.be\/wp-content\/uploads\/2006\/12\/om-bat-al-ayn-300x150.jpg 300w, https:\/\/cuicui.be\/wp-content\/uploads\/2006\/12\/om-bat-al-ayn-768x384.jpg 768w, https:\/\/cuicui.be\/wp-content\/uploads\/2006\/12\/om-bat-al-ayn-600x300.jpg 600w\" sizes=\"auto, (max-width: 1024px) 100vw, 1024px\" \/><\/a>\t\t<\/div>\n\t\t\t\t\t\t\t\t<header class=\"wp-show-posts-entry-header\">\n\t\t\t\t\t\t\t<h2 class=\"wp-show-posts-entry-title\" itemprop=\"headline\"><a href=\"https:\/\/cuicui.be\/fr\/oman-bat-al-khutm-al-ayn\/\" rel=\"bookmark\">Les sites arch\u00e9ologiques de Bat, Al-Khutm et Al-Ayn<\/a><\/h2>\t\t\t\t\t\t<\/header><!-- .entry-header -->\n\t\t\t\t\t\t\t\t\t\t\t<div class=\"wp-show-posts-entry-summary\" itemprop=\"text\">\n\t\t\t\t\t\t\t<p>\u00ab\u00a0Le site protohistorique de Bat, au voisinage d&rsquo;une palmeraie de l&rsquo;int\u00e9rieur du sultanat d&rsquo;Oman, constitue avec ses sites annexes l&rsquo;ensemble le plus&#8230;<\/p>\n\t\t\t\t\t\t<\/div><!-- .entry-summary -->\n\t\t\t\t\t<\/div><!-- wp-show-posts-inner --><\/article><article class=\"  wp-show-posts-masonry-col-4  wp-show-posts-masonry-block wp-show-posts-single post-2679 post type-post status-publish format-standard has-post-thumbnail hentry category-middle-east category-oman wpsp-col-4\" itemtype=\"http:\/\/schema.org\/CreativeWork\" itemscope><div class=\"wp-show-posts-inner\" style=\"\">\t\t<div class=\"wp-show-posts-image zoom wpsp-image-center \">\n\t\t\t<a href=\"https:\/\/cuicui.be\/fr\/oman-irrigation-aflaj\/\"  title=\"Les syst\u00e8mes d\u2019irrigation d\u2019Oman\"><img loading=\"lazy\" decoding=\"async\" width=\"1024\" height=\"512\" src=\"https:\/\/cuicui.be\/wp-content\/uploads\/2016\/11\/om-irrigation-aflaj.jpg\" class=\"attachment-full size-full wp-post-image\" alt=\"\" itemprop=\"image\" srcset=\"https:\/\/cuicui.be\/wp-content\/uploads\/2016\/11\/om-irrigation-aflaj.jpg 1024w, https:\/\/cuicui.be\/wp-content\/uploads\/2016\/11\/om-irrigation-aflaj-150x75.jpg 150w, https:\/\/cuicui.be\/wp-content\/uploads\/2016\/11\/om-irrigation-aflaj-300x150.jpg 300w, https:\/\/cuicui.be\/wp-content\/uploads\/2016\/11\/om-irrigation-aflaj-768x384.jpg 768w, https:\/\/cuicui.be\/wp-content\/uploads\/2016\/11\/om-irrigation-aflaj-600x300.jpg 600w\" sizes=\"auto, (max-width: 1024px) 100vw, 1024px\" \/><\/a>\t\t<\/div>\n\t\t\t\t\t\t\t\t<header class=\"wp-show-posts-entry-header\">\n\t\t\t\t\t\t\t<h2 class=\"wp-show-posts-entry-title\" itemprop=\"headline\"><a href=\"https:\/\/cuicui.be\/fr\/oman-irrigation-aflaj\/\" rel=\"bookmark\">Les syst\u00e8mes d\u2019irrigation d\u2019Oman<\/a><\/h2>\t\t\t\t\t\t<\/header><!-- .entry-header -->\n\t\t\t\t\t\t\t\t\t\t\t<div class=\"wp-show-posts-entry-summary\" itemprop=\"text\">\n\t\t\t\t\t\t\t<p>Il existe \u00ab\u00a0quelques 3 000 syst\u00e8mes d\u2019irrigation encore en activit\u00e9 en Oman. La construction la plus ancienne pourrait remonter aux environs de&#8230;<\/p>\n\t\t\t\t\t\t<\/div><!-- .entry-summary -->\n\t\t\t\t\t<\/div><!-- wp-show-posts-inner --><\/article><div class=\"wpsp-clear\"><\/div><\/section><!-- .wp-show-posts -->\n","protected":false},"excerpt":{"rendered":"","protected":false},"author":1,"featured_media":0,"parent":0,"menu_order":0,"comment_status":"closed","ping_status":"closed","template":"","meta":{"generate_page_header":"","footnotes":""},"class_list":["post-2663","page","type-page","status-publish","hentry","generate-columns","tablet-grid-50","mobile-grid-100","grid-parent","grid-33"],"_links":{"self":[{"href":"https:\/\/cuicui.be\/fr\/wp-json\/wp\/v2\/pages\/2663","targetHints":{"allow":["GET"]}}],"collection":[{"href":"https:\/\/cuicui.be\/fr\/wp-json\/wp\/v2\/pages"}],"about":[{"href":"https:\/\/cuicui.be\/fr\/wp-json\/wp\/v2\/types\/page"}],"author":[{"embeddable":true,"href":"https:\/\/cuicui.be\/fr\/wp-json\/wp\/v2\/users\/1"}],"replies":[{"embeddable":true,"href":"https:\/\/cuicui.be\/fr\/wp-json\/wp\/v2\/comments?post=2663"}],"version-history":[{"count":0,"href":"https:\/\/cuicui.be\/fr\/wp-json\/wp\/v2\/pages\/2663\/revisions"}],"wp:attachment":[{"href":"https:\/\/cuicui.be\/fr\/wp-json\/wp\/v2\/media?parent=2663"}],"curies":[{"name":"wp","href":"https:\/\/api.w.org\/{rel}","templated":true}]}}