{"id":2751,"date":"2016-11-06T16:16:27","date_gmt":"2016-11-06T15:16:27","guid":{"rendered":"http:\/\/cuicui.be\/?page_id=2751"},"modified":"2016-11-06T16:16:27","modified_gmt":"2016-11-06T15:16:27","slug":"south-korea","status":"publish","type":"page","link":"https:\/\/cuicui.be\/fr\/south-korea\/","title":{"rendered":"Cor\u00e9e du Sud"},"content":{"rendered":"<style>.slick-slider#wpsp-2750 {margin-left: 0px; }.slick-slider#wpsp-2750 .wp-show-posts-inner {margin-left: 1em; margin-right: 1em; }#wpsp-2750.wpsp-card .wp-show-posts-single {margin-bottom: 2em; }.slick-slider#wpsp-2750 .wp-show-posts-single {margin-bottom: 0px; }<\/style><style>.wp-show-posts-columns#wpsp-2750 {margin-left: -2em; }.wp-show-posts-columns#wpsp-2750 .wp-show-posts-inner {margin: 0 0 2em 2em; }<\/style><section id=\"wpsp-2750\" class=\" wp-show-posts-columns wp-show-posts\" style=\"\"><article class=\" wp-show-posts-single post-3490 post type-post status-publish format-standard has-post-thumbnail hentry category-press wpsp-col-6\" itemtype=\"http:\/\/schema.org\/CreativeWork\" itemscope><div class=\"wp-show-posts-inner\" style=\"\">\t\t\t\t\t\t<div class=\"wp-show-posts-entry-summary\" itemprop=\"text\">\n\t\t\t\t\t\t\t<p>Ce mardi dans Globe-Croqueurs, nous partons en Syrie avec Tito Dupret. La Syrie, comme elle existait en 2006. Le voyageur Tito archive le monde en r\u00e9alisant des pano photographies. Ce&#8230;<\/p>\n\t\t\t\t\t\t<\/div><!-- .entry-summary -->\n\t\t\t\t\t<\/div><!-- wp-show-posts-inner --><\/article><article class=\" wp-show-posts-single post-3368 post type-post status-publish format-standard has-post-thumbnail hentry category-press wpsp-col-6\" itemtype=\"http:\/\/schema.org\/CreativeWork\" itemscope><div class=\"wp-show-posts-inner\" style=\"\">\t\t\t\t\t\t<div class=\"wp-show-posts-entry-summary\" itemprop=\"text\">\n\t\t\t\t\t\t\t<p>\u00ab\u00a0L&rsquo;Ethiopie avec Tito Dupret\u00a0\u00bb. Que diriez-vous de croquer \u00e0 nouveau quelques bouts de notre plan\u00e8te en compagnie de voyageurs dont la vie a chang\u00e9 en chemin ? Le jour o\u00f9&#8230;<\/p>\n\t\t\t\t\t\t<\/div><!-- .entry-summary -->\n\t\t\t\t\t<\/div><!-- wp-show-posts-inner --><\/article><article class=\" wp-show-posts-single post-2911 post type-post status-publish format-standard has-post-thumbnail hentry category-europe category-france wpsp-col-6\" itemtype=\"http:\/\/schema.org\/CreativeWork\" itemscope><div class=\"wp-show-posts-inner\" style=\"\">\t\t\t\t\t\t<div class=\"wp-show-posts-entry-summary\" itemprop=\"text\">\n\t\t\t\t\t\t\t<p>\u00ab\u00a0Admirable par ses proportions et l&rsquo;unit\u00e9 de sa conception, la cath\u00e9drale Saint-\u00c9tienne de Bourges, construite entre la fin du XIIe et la fin du XIIIe si\u00e8cle, est l&rsquo;un des grands&#8230;<\/p>\n\t\t\t\t\t\t<\/div><!-- .entry-summary -->\n\t\t\t\t\t<\/div><!-- wp-show-posts-inner --><\/article><article class=\" wp-show-posts-single post-829 post type-post status-publish format-standard has-post-thumbnail hentry category-belgium category-europe wpsp-col-6\" itemtype=\"http:\/\/schema.org\/CreativeWork\" itemscope><div class=\"wp-show-posts-inner\" style=\"\">\t\t\t\t\t\t<div class=\"wp-show-posts-entry-summary\" itemprop=\"text\">\n\t\t\t\t\t\t\t<p>\u00ab\u00a0Trois attentats-suicide \u00e0 la bombe ont lieu le 22 mars 2016 \u00e0 Bruxelles. Le public rend hommage aux victimes sur la Place de la Bourse pendant les jours qui suivent.\u00a0\u00bb&#8230;<\/p>\n\t\t\t\t\t\t<\/div><!-- .entry-summary -->\n\t\t\t\t\t<\/div><!-- wp-show-posts-inner --><\/article><article class=\" wp-show-posts-single post-2923 post type-post status-publish format-standard has-post-thumbnail hentry category-europe category-italy category-switzerland wpsp-col-6\" itemtype=\"http:\/\/schema.org\/CreativeWork\" itemscope><div class=\"wp-show-posts-inner\" style=\"\">\t\t\t\t\t\t<div class=\"wp-show-posts-entry-summary\" itemprop=\"text\">\n\t\t\t\t\t\t\t<p>\u00ab\u00a0La montagne bois\u00e9e, de forme pyramidale, du Monte San Giorgio, pr\u00e8s du lac de Lugano, est consid\u00e9r\u00e9e comme le meilleur t\u00e9moin de la vie marine du Trias (il y a&#8230;<\/p>\n\t\t\t\t\t\t<\/div><!-- .entry-summary -->\n\t\t\t\t\t<\/div><!-- wp-show-posts-inner --><\/article><article class=\" wp-show-posts-single post-509 post type-post status-publish format-standard has-post-thumbnail hentry category-press wpsp-col-6\" itemtype=\"http:\/\/schema.org\/CreativeWork\" itemscope><div class=\"wp-show-posts-inner\" style=\"\">\t\t\t\t\t\t<div class=\"wp-show-posts-entry-summary\" itemprop=\"text\">\n\t\t\t\t\t\t\t<p>L&rsquo;Etat islamique sait parfaitement ce qu&rsquo;il fait en s&#8217;emparant de l&rsquo;oasis de Palmyre, en Syrie. Il n&rsquo;agit pas en sauvage inculte. Il veut redessiner la carte du temps. Par Tito&#8230;<\/p>\n\t\t\t\t\t\t<\/div><!-- .entry-summary -->\n\t\t\t\t\t<\/div><!-- wp-show-posts-inner --><\/article><article class=\" wp-show-posts-single post-2311 post type-post status-publish format-standard has-post-thumbnail hentry category-europe category-france wpsp-col-6\" itemtype=\"http:\/\/schema.org\/CreativeWork\" itemscope><div class=\"wp-show-posts-inner\" style=\"\">\t\t\t\t\t\t<div class=\"wp-show-posts-entry-summary\" itemprop=\"text\">\n\t\t\t\t\t\t\t<p>\u00ab\u00a0Fond\u00e9e en 1119 par saint Bernard, l&rsquo;abbaye bourguignonne de Fontenay, \u00e0 l&rsquo;architecture d\u00e9pouill\u00e9e, avec son \u00e9glise, son clo\u00eetre, son r\u00e9fectoire, son dortoir, sa boulangerie et sa forge, illustre bien l&rsquo;id\u00e9al&#8230;<\/p>\n\t\t\t\t\t\t<\/div><!-- .entry-summary -->\n\t\t\t\t\t<\/div><!-- wp-show-posts-inner --><\/article><article class=\" wp-show-posts-single post-2319 post type-post status-publish format-standard has-post-thumbnail hentry category-europe category-france wpsp-col-6\" itemtype=\"http:\/\/schema.org\/CreativeWork\" itemscope><div class=\"wp-show-posts-inner\" style=\"\">\t\t\t\t\t\t<div class=\"wp-show-posts-entry-summary\" itemprop=\"text\">\n\t\t\t\t\t\t\t<p>\u00ab\u00a0Cern\u00e9e de cam\u00e9ras de vid\u00e9o de surveillance, la Demeure du Chaos a l&rsquo;apparence d&rsquo;un vaste d\u00e9cor post-apocalyptique, sorte de no man&rsquo;s land militaire, o\u00f9 se c\u00f4toient de nombreuses installations :&#8230;<\/p>\n\t\t\t\t\t\t<\/div><!-- .entry-summary -->\n\t\t\t\t\t<\/div><!-- wp-show-posts-inner --><\/article><article class=\" wp-show-posts-single post-2301 post type-post status-publish format-standard has-post-thumbnail hentry category-europe category-france wpsp-col-6\" itemtype=\"http:\/\/schema.org\/CreativeWork\" itemscope><div class=\"wp-show-posts-inner\" style=\"\">\t\t\t\t\t\t<div class=\"wp-show-posts-entry-summary\" itemprop=\"text\">\n\t\t\t\t\t\t\t<p>\u00ab\u00a0Peu apr\u00e8s sa fondation au IXe si\u00e8cle, le monast\u00e8re b\u00e9n\u00e9dictin a acquis les reliques de sainte Marie-Madeleine et devint, depuis lors, un haut lieu de p\u00e8lerinage. La basilique Sainte-Madeleine, \u00e9glise&#8230;<\/p>\n\t\t\t\t\t\t<\/div><!-- .entry-summary -->\n\t\t\t\t\t<\/div><!-- wp-show-posts-inner --><\/article><article class=\" wp-show-posts-single post-2306 post type-post status-publish format-standard has-post-thumbnail hentry category-europe category-france wpsp-col-6\" itemtype=\"http:\/\/schema.org\/CreativeWork\" itemscope><div class=\"wp-show-posts-inner\" style=\"\">\t\t\t\t\t\t<div class=\"wp-show-posts-entry-summary\" itemprop=\"text\">\n\t\t\t\t\t\t\t<p>\u00ab\u00a0L&rsquo;utilisation exceptionnelle des nouvelles techniques architecturales du XIIIe si\u00e8cle et l&rsquo;harmonieux mariage de la d\u00e9coration sculpt\u00e9e avec les \u00e9l\u00e9ments architecturaux ont fait de la cath\u00e9drale Notre-Dame de Reims un des&#8230;<\/p>\n\t\t\t\t\t\t<\/div><!-- .entry-summary -->\n\t\t\t\t\t<\/div><!-- wp-show-posts-inner --><\/article><div class=\"wpsp-clear\"><\/div><\/section><!-- .wp-show-posts -->\n","protected":false},"excerpt":{"rendered":"","protected":false},"author":1,"featured_media":0,"parent":0,"menu_order":0,"comment_status":"closed","ping_status":"closed","template":"","meta":{"generate_page_header":"","footnotes":""},"class_list":["post-2751","page","type-page","status-publish","hentry","generate-columns","tablet-grid-50","mobile-grid-100","grid-parent","grid-33"],"_links":{"self":[{"href":"https:\/\/cuicui.be\/fr\/wp-json\/wp\/v2\/pages\/2751","targetHints":{"allow":["GET"]}}],"collection":[{"href":"https:\/\/cuicui.be\/fr\/wp-json\/wp\/v2\/pages"}],"about":[{"href":"https:\/\/cuicui.be\/fr\/wp-json\/wp\/v2\/types\/page"}],"author":[{"embeddable":true,"href":"https:\/\/cuicui.be\/fr\/wp-json\/wp\/v2\/users\/1"}],"replies":[{"embeddable":true,"href":"https:\/\/cuicui.be\/fr\/wp-json\/wp\/v2\/comments?post=2751"}],"version-history":[{"count":0,"href":"https:\/\/cuicui.be\/fr\/wp-json\/wp\/v2\/pages\/2751\/revisions"}],"wp:attachment":[{"href":"https:\/\/cuicui.be\/fr\/wp-json\/wp\/v2\/media?parent=2751"}],"curies":[{"name":"wp","href":"https:\/\/api.w.org\/{rel}","templated":true}]}}