{"id":2790,"date":"2016-11-12T15:05:46","date_gmt":"2016-11-12T14:05:46","guid":{"rendered":"http:\/\/cuicui.be\/?page_id=2790"},"modified":"2016-11-12T15:05:46","modified_gmt":"2016-11-12T14:05:46","slug":"jordan","status":"publish","type":"page","link":"https:\/\/cuicui.be\/fr\/jordan\/","title":{"rendered":"Jordanie"},"content":{"rendered":"<style>.slick-slider#wpsp-2789 {margin-left: 0px; }.slick-slider#wpsp-2789 .wp-show-posts-inner {margin-left: 1em; margin-right: 1em; }#wpsp-2789.wpsp-card .wp-show-posts-single {margin-bottom: 2em; }.slick-slider#wpsp-2789 .wp-show-posts-single {margin-bottom: 0px; }#wpsp-2789 .wp-show-posts-inner {border: 1px solid #adadad; }#wpsp-2789:not(.wpsp-card) .wp-show-posts-inner {padding: 5px; }#wpsp-2789.wpsp-card .wpsp-content-wrap {padding: 5px; }<\/style><style>.wp-show-posts-columns#wpsp-2789 {margin-left: -2em; }.wp-show-posts-columns#wpsp-2789 .wp-show-posts-inner {margin: 0 0 2em 2em; }<\/style><section id=\"wpsp-2789\" class=\" wp-show-posts-columns wp-show-posts-masonry wp-show-posts\" style=\"\"><div class=\"grid-sizer wpsp-col-4\"><\/div><article class=\"  wp-show-posts-masonry-col-4  wp-show-posts-masonry-block wp-show-posts-single post-2832 post type-post status-publish format-standard has-post-thumbnail hentry category-jordan category-middle-east wpsp-col-4\" itemtype=\"http:\/\/schema.org\/CreativeWork\" itemscope><div class=\"wp-show-posts-inner\" style=\"\">\t\t<div class=\"wp-show-posts-image zoom wpsp-image-center \">\n\t\t\t<a href=\"https:\/\/cuicui.be\/fr\/byzantine-church-in-petra\/\"  title=\"L&rsquo;\u00e9glise byzantine de Petra\"><img loading=\"lazy\" decoding=\"async\" width=\"1024\" height=\"512\" src=\"https:\/\/cuicui.be\/wp-content\/uploads\/2016\/11\/jo-petra-byzantine-church.jpg\" class=\"attachment-full size-full wp-post-image\" alt=\"\" itemprop=\"image\" srcset=\"https:\/\/cuicui.be\/wp-content\/uploads\/2016\/11\/jo-petra-byzantine-church.jpg 1024w, https:\/\/cuicui.be\/wp-content\/uploads\/2016\/11\/jo-petra-byzantine-church-150x75.jpg 150w, https:\/\/cuicui.be\/wp-content\/uploads\/2016\/11\/jo-petra-byzantine-church-300x150.jpg 300w, https:\/\/cuicui.be\/wp-content\/uploads\/2016\/11\/jo-petra-byzantine-church-768x384.jpg 768w, https:\/\/cuicui.be\/wp-content\/uploads\/2016\/11\/jo-petra-byzantine-church-600x300.jpg 600w\" sizes=\"auto, (max-width: 1024px) 100vw, 1024px\" \/><\/a>\t\t<\/div>\n\t\t\t\t\t\t\t\t<header class=\"wp-show-posts-entry-header\">\n\t\t\t\t\t\t\t<h2 class=\"wp-show-posts-entry-title\" itemprop=\"headline\"><a href=\"https:\/\/cuicui.be\/fr\/byzantine-church-in-petra\/\" rel=\"bookmark\">L&rsquo;\u00e9glise byzantine de Petra<\/a><\/h2>\t\t\t\t\t\t<\/header><!-- .entry-header -->\n\t\t\t\t\t\t\t\t\t\t\t<div class=\"wp-show-posts-entry-summary\" itemprop=\"text\">\n\t\t\t\t\t\t\t<p>\u00ab\u00a0Pendant la domination byzantine, on construit de grandes \u00e9glises fastueusement d\u00e9cor\u00e9es de pierres venant de la Gr\u00e8ce, d&rsquo;\u00c9gypte, et d&rsquo;autres terres lointaines&#8230;.<\/p>\n\t\t\t\t\t\t<\/div><!-- .entry-summary -->\n\t\t\t\t\t<\/div><!-- wp-show-posts-inner --><\/article><article class=\"  wp-show-posts-masonry-col-4  wp-show-posts-masonry-block wp-show-posts-single post-2824 post type-post status-publish format-standard has-post-thumbnail hentry category-jordan category-middle-east wpsp-col-4\" itemtype=\"http:\/\/schema.org\/CreativeWork\" itemscope><div class=\"wp-show-posts-inner\" style=\"\">\t\t<div class=\"wp-show-posts-image zoom wpsp-image-center \">\n\t\t\t<a href=\"https:\/\/cuicui.be\/fr\/nabatean-theatre-in-petra\/\"  title=\"Le th\u00e9\u00e2tre nabat\u00e9en de Petra\"><img loading=\"lazy\" decoding=\"async\" width=\"1024\" height=\"512\" src=\"https:\/\/cuicui.be\/wp-content\/uploads\/2006\/10\/jo-petra-theatre.jpg\" class=\"attachment-full size-full wp-post-image\" alt=\"\" itemprop=\"image\" srcset=\"https:\/\/cuicui.be\/wp-content\/uploads\/2006\/10\/jo-petra-theatre.jpg 1024w, https:\/\/cuicui.be\/wp-content\/uploads\/2006\/10\/jo-petra-theatre-150x75.jpg 150w, https:\/\/cuicui.be\/wp-content\/uploads\/2006\/10\/jo-petra-theatre-300x150.jpg 300w, https:\/\/cuicui.be\/wp-content\/uploads\/2006\/10\/jo-petra-theatre-768x384.jpg 768w, https:\/\/cuicui.be\/wp-content\/uploads\/2006\/10\/jo-petra-theatre-600x300.jpg 600w\" sizes=\"auto, (max-width: 1024px) 100vw, 1024px\" \/><\/a>\t\t<\/div>\n\t\t\t\t\t\t\t\t<header class=\"wp-show-posts-entry-header\">\n\t\t\t\t\t\t\t<h2 class=\"wp-show-posts-entry-title\" itemprop=\"headline\"><a href=\"https:\/\/cuicui.be\/fr\/nabatean-theatre-in-petra\/\" rel=\"bookmark\">Le th\u00e9\u00e2tre nabat\u00e9en de Petra<\/a><\/h2>\t\t\t\t\t\t<\/header><!-- .entry-header -->\n\t\t\t\t\t\t\t\t\t\t\t<div class=\"wp-show-posts-entry-summary\" itemprop=\"text\">\n\t\t\t\t\t\t\t<p>\u00ab\u00a0Construit au Ier si\u00e8cle, un th\u00e9\u00e2tre romain taill\u00e9 dans la roche pouvait accueillir de 3 000 \u00e0 8 500 personnes, selon les&#8230;<\/p>\n\t\t\t\t\t\t<\/div><!-- .entry-summary -->\n\t\t\t\t\t<\/div><!-- wp-show-posts-inner --><\/article><article class=\"  wp-show-posts-masonry-col-4  wp-show-posts-masonry-block wp-show-posts-single post-2819 post type-post status-publish format-standard has-post-thumbnail hentry category-jordan category-middle-east wpsp-col-4\" itemtype=\"http:\/\/schema.org\/CreativeWork\" itemscope><div class=\"wp-show-posts-inner\" style=\"\">\t\t<div class=\"wp-show-posts-image zoom wpsp-image-center \">\n\t\t\t<a href=\"https:\/\/cuicui.be\/fr\/jordan-petra-al-khazneh\/\"  title=\"La Khazneh \u00e0 Petra\"><img loading=\"lazy\" decoding=\"async\" width=\"1024\" height=\"512\" src=\"https:\/\/cuicui.be\/wp-content\/uploads\/2016\/11\/jo-petra-treasury.jpg\" class=\"attachment-full size-full wp-post-image\" alt=\"\" itemprop=\"image\" srcset=\"https:\/\/cuicui.be\/wp-content\/uploads\/2016\/11\/jo-petra-treasury.jpg 1024w, https:\/\/cuicui.be\/wp-content\/uploads\/2016\/11\/jo-petra-treasury-150x75.jpg 150w, https:\/\/cuicui.be\/wp-content\/uploads\/2016\/11\/jo-petra-treasury-300x150.jpg 300w, https:\/\/cuicui.be\/wp-content\/uploads\/2016\/11\/jo-petra-treasury-768x384.jpg 768w, https:\/\/cuicui.be\/wp-content\/uploads\/2016\/11\/jo-petra-treasury-600x300.jpg 600w\" sizes=\"auto, (max-width: 1024px) 100vw, 1024px\" \/><\/a>\t\t<\/div>\n\t\t\t\t\t\t\t\t<header class=\"wp-show-posts-entry-header\">\n\t\t\t\t\t\t\t<h2 class=\"wp-show-posts-entry-title\" itemprop=\"headline\"><a href=\"https:\/\/cuicui.be\/fr\/jordan-petra-al-khazneh\/\" rel=\"bookmark\">La Khazneh \u00e0 Petra<\/a><\/h2>\t\t\t\t\t\t<\/header><!-- .entry-header -->\n\t\t\t\t\t\t\t\t\t\t\t<div class=\"wp-show-posts-entry-summary\" itemprop=\"text\">\n\t\t\t\t\t\t\t<p>\u00ab\u00a0La Khazneh (\u00ab tr\u00e9sor du Pharaon \u00bb) ou Khasn\u00e9, excav\u00e9 de la falaise en une seule pi\u00e8ce, est l&rsquo;un des monuments les&#8230;<\/p>\n\t\t\t\t\t\t<\/div><!-- .entry-summary -->\n\t\t\t\t\t<\/div><!-- wp-show-posts-inner --><\/article><article class=\"  wp-show-posts-masonry-col-4  wp-show-posts-masonry-block wp-show-posts-single post-2839 post type-post status-publish format-standard has-post-thumbnail hentry category-jordan category-middle-east wpsp-col-4\" itemtype=\"http:\/\/schema.org\/CreativeWork\" itemscope><div class=\"wp-show-posts-inner\" style=\"\">\t\t<div class=\"wp-show-posts-image zoom wpsp-image-center \">\n\t\t\t<a href=\"https:\/\/cuicui.be\/fr\/jordan-petra-necropolis\/\"  title=\"La n\u00e9cropole de Petra\"><img loading=\"lazy\" decoding=\"async\" width=\"1024\" height=\"512\" src=\"https:\/\/cuicui.be\/wp-content\/uploads\/2006\/10\/jo-petra-necropolis.jpg\" class=\"attachment-full size-full wp-post-image\" alt=\"\" itemprop=\"image\" srcset=\"https:\/\/cuicui.be\/wp-content\/uploads\/2006\/10\/jo-petra-necropolis.jpg 1024w, https:\/\/cuicui.be\/wp-content\/uploads\/2006\/10\/jo-petra-necropolis-150x75.jpg 150w, https:\/\/cuicui.be\/wp-content\/uploads\/2006\/10\/jo-petra-necropolis-300x150.jpg 300w, https:\/\/cuicui.be\/wp-content\/uploads\/2006\/10\/jo-petra-necropolis-768x384.jpg 768w, https:\/\/cuicui.be\/wp-content\/uploads\/2006\/10\/jo-petra-necropolis-600x300.jpg 600w\" sizes=\"auto, (max-width: 1024px) 100vw, 1024px\" \/><\/a>\t\t<\/div>\n\t\t\t\t\t\t\t\t<header class=\"wp-show-posts-entry-header\">\n\t\t\t\t\t\t\t<h2 class=\"wp-show-posts-entry-title\" itemprop=\"headline\"><a href=\"https:\/\/cuicui.be\/fr\/jordan-petra-necropolis\/\" rel=\"bookmark\">La n\u00e9cropole de Petra<\/a><\/h2>\t\t\t\t\t\t<\/header><!-- .entry-header -->\n\t\t\t\t\t\t\t\t\t\t\t<div class=\"wp-show-posts-entry-summary\" itemprop=\"text\">\n\t\t\t\t\t\t\t<p>\u00ab\u00a0Cr\u00e9\u00e9e dans l&rsquo;Antiquit\u00e9 vers la fin du VIIIe si\u00e8cle av. J.-C. par les \u00c9domites, elle est ensuite occup\u00e9e vers le VIe si\u00e8cle&#8230;<\/p>\n\t\t\t\t\t\t<\/div><!-- .entry-summary -->\n\t\t\t\t\t<\/div><!-- wp-show-posts-inner --><\/article><article class=\"  wp-show-posts-masonry-col-4  wp-show-posts-masonry-block wp-show-posts-single post-2799 post type-post status-publish format-standard has-post-thumbnail hentry category-jordan category-middle-east wpsp-col-4\" itemtype=\"http:\/\/schema.org\/CreativeWork\" itemscope><div class=\"wp-show-posts-inner\" style=\"\">\t\t<div class=\"wp-show-posts-image zoom wpsp-image-center \">\n\t\t\t<a href=\"https:\/\/cuicui.be\/fr\/jordan-qasr-kharana\/\"  title=\"Qasr Kharana\"><img loading=\"lazy\" decoding=\"async\" width=\"1024\" height=\"512\" src=\"https:\/\/cuicui.be\/wp-content\/uploads\/2016\/11\/jo-qasr-kharana.jpg\" class=\"attachment-full size-full wp-post-image\" alt=\"\" itemprop=\"image\" srcset=\"https:\/\/cuicui.be\/wp-content\/uploads\/2016\/11\/jo-qasr-kharana.jpg 1024w, https:\/\/cuicui.be\/wp-content\/uploads\/2016\/11\/jo-qasr-kharana-150x75.jpg 150w, https:\/\/cuicui.be\/wp-content\/uploads\/2016\/11\/jo-qasr-kharana-300x150.jpg 300w, https:\/\/cuicui.be\/wp-content\/uploads\/2016\/11\/jo-qasr-kharana-768x384.jpg 768w, https:\/\/cuicui.be\/wp-content\/uploads\/2016\/11\/jo-qasr-kharana-600x300.jpg 600w\" sizes=\"auto, (max-width: 1024px) 100vw, 1024px\" \/><\/a>\t\t<\/div>\n\t\t\t\t\t\t\t\t<header class=\"wp-show-posts-entry-header\">\n\t\t\t\t\t\t\t<h2 class=\"wp-show-posts-entry-title\" itemprop=\"headline\"><a href=\"https:\/\/cuicui.be\/fr\/jordan-qasr-kharana\/\" rel=\"bookmark\">Qasr Kharana<\/a><\/h2>\t\t\t\t\t\t<\/header><!-- .entry-header -->\n\t\t\t\t\t\t\t\t\t\t\t<div class=\"wp-show-posts-entry-summary\" itemprop=\"text\">\n\t\t\t\t\t\t\t<p>\u00ab\u00a0Le Qasr Kharana est un des ch\u00e2teaux du d\u00e9sert les plus connus. Il a probablement \u00e9t\u00e9 construit au d\u00e9but du VIIIe si\u00e8cle&#8230;.<\/p>\n\t\t\t\t\t\t<\/div><!-- .entry-summary -->\n\t\t\t\t\t<\/div><!-- wp-show-posts-inner --><\/article><article class=\"  wp-show-posts-masonry-col-4  wp-show-posts-masonry-block wp-show-posts-single post-2851 post type-post status-publish format-standard has-post-thumbnail hentry category-jordan category-middle-east wpsp-col-4\" itemtype=\"http:\/\/schema.org\/CreativeWork\" itemscope><div class=\"wp-show-posts-inner\" style=\"\">\t\t<div class=\"wp-show-posts-image zoom wpsp-image-center \">\n\t\t\t<a href=\"https:\/\/cuicui.be\/fr\/ad-deir-in-petra\/\"  title=\"Le Deir \u00e0 Petra\"><img loading=\"lazy\" decoding=\"async\" width=\"1024\" height=\"512\" src=\"https:\/\/cuicui.be\/wp-content\/uploads\/2016\/11\/jo-petra-deir.jpg\" class=\"attachment-full size-full wp-post-image\" alt=\"\" itemprop=\"image\" srcset=\"https:\/\/cuicui.be\/wp-content\/uploads\/2016\/11\/jo-petra-deir.jpg 1024w, https:\/\/cuicui.be\/wp-content\/uploads\/2016\/11\/jo-petra-deir-150x75.jpg 150w, https:\/\/cuicui.be\/wp-content\/uploads\/2016\/11\/jo-petra-deir-300x150.jpg 300w, https:\/\/cuicui.be\/wp-content\/uploads\/2016\/11\/jo-petra-deir-768x384.jpg 768w, https:\/\/cuicui.be\/wp-content\/uploads\/2016\/11\/jo-petra-deir-600x300.jpg 600w\" sizes=\"auto, (max-width: 1024px) 100vw, 1024px\" \/><\/a>\t\t<\/div>\n\t\t\t\t\t\t\t\t<header class=\"wp-show-posts-entry-header\">\n\t\t\t\t\t\t\t<h2 class=\"wp-show-posts-entry-title\" itemprop=\"headline\"><a href=\"https:\/\/cuicui.be\/fr\/ad-deir-in-petra\/\" rel=\"bookmark\">Le Deir \u00e0 Petra<\/a><\/h2>\t\t\t\t\t\t<\/header><!-- .entry-header -->\n\t\t\t\t\t\t\t\t\t\t\t<div class=\"wp-show-posts-entry-summary\" itemprop=\"text\">\n\t\t\t\t\t\t\t<p>\u00ab\u00a0Le Deir (de l&rsquo;arabe al-Deir, \u00ab le monast\u00e8re \u00bb) est l&rsquo;un des b\u00e2timents les plus connus et le plus grand de la&#8230;<\/p>\n\t\t\t\t\t\t<\/div><!-- .entry-summary -->\n\t\t\t\t\t<\/div><!-- wp-show-posts-inner --><\/article><div class=\"wpsp-clear\"><\/div><\/section><!-- .wp-show-posts --><div class=\"wpsp-load-more\"><span aria-current=\"page\" class=\"page-numbers current\">1<\/span>\n<a class=\"page-numbers\" href=\"https:\/\/cuicui.be\/fr\/wp-json\/wp\/v2\/pages\/2790\/page\/2\/\">2<\/a>\n<a class=\"next page-numbers\" href=\"https:\/\/cuicui.be\/fr\/wp-json\/wp\/v2\/pages\/2790\/page\/2\/\">Next &rarr;<\/a><\/div>\n","protected":false},"excerpt":{"rendered":"","protected":false},"author":1,"featured_media":0,"parent":0,"menu_order":0,"comment_status":"closed","ping_status":"closed","template":"","meta":{"generate_page_header":"","footnotes":""},"class_list":["post-2790","page","type-page","status-publish","hentry","generate-columns","tablet-grid-50","mobile-grid-100","grid-parent","grid-33"],"_links":{"self":[{"href":"https:\/\/cuicui.be\/fr\/wp-json\/wp\/v2\/pages\/2790","targetHints":{"allow":["GET"]}}],"collection":[{"href":"https:\/\/cuicui.be\/fr\/wp-json\/wp\/v2\/pages"}],"about":[{"href":"https:\/\/cuicui.be\/fr\/wp-json\/wp\/v2\/types\/page"}],"author":[{"embeddable":true,"href":"https:\/\/cuicui.be\/fr\/wp-json\/wp\/v2\/users\/1"}],"replies":[{"embeddable":true,"href":"https:\/\/cuicui.be\/fr\/wp-json\/wp\/v2\/comments?post=2790"}],"version-history":[{"count":0,"href":"https:\/\/cuicui.be\/fr\/wp-json\/wp\/v2\/pages\/2790\/revisions"}],"wp:attachment":[{"href":"https:\/\/cuicui.be\/fr\/wp-json\/wp\/v2\/media?parent=2790"}],"curies":[{"name":"wp","href":"https:\/\/api.w.org\/{rel}","templated":true}]}}