{"id":3261,"date":"2016-12-25T22:40:11","date_gmt":"2016-12-25T21:40:11","guid":{"rendered":"http:\/\/cuicui.be\/?page_id=3261"},"modified":"2016-12-25T22:40:11","modified_gmt":"2016-12-25T21:40:11","slug":"malaysia","status":"publish","type":"page","link":"https:\/\/cuicui.be\/fr\/malaysia\/","title":{"rendered":"Malaisie"},"content":{"rendered":"<style>.slick-slider#wpsp-3260 {margin-left: 0px; }.slick-slider#wpsp-3260 .wp-show-posts-inner {margin-left: 1em; margin-right: 1em; }#wpsp-3260.wpsp-card .wp-show-posts-single {margin-bottom: 2em; }.slick-slider#wpsp-3260 .wp-show-posts-single {margin-bottom: 0px; }<\/style><style>.wp-show-posts-columns#wpsp-3260 {margin-left: -2em; }.wp-show-posts-columns#wpsp-3260 .wp-show-posts-inner {margin: 0 0 2em 2em; }<\/style><section id=\"wpsp-3260\" class=\" wp-show-posts-columns wp-show-posts-masonry wp-show-posts\" style=\"\"><div class=\"grid-sizer wpsp-col-4\"><\/div><article class=\"  wp-show-posts-masonry-col-4  wp-show-posts-masonry-block wp-show-posts-single post-3271 post type-post status-publish format-standard has-post-thumbnail hentry category-asia category-malaysia wpsp-col-4\" itemtype=\"http:\/\/schema.org\/CreativeWork\" itemscope><div class=\"wp-show-posts-inner\" style=\"\">\t\t<div class=\"wp-show-posts-image zoom wpsp-image-center \">\n\t\t\t<a href=\"https:\/\/cuicui.be\/fr\/malaysia-kinabalu-park\/\"  title=\"Parc du Kinabalu\"><img loading=\"lazy\" decoding=\"async\" width=\"1024\" height=\"512\" src=\"https:\/\/cuicui.be\/wp-content\/uploads\/2016\/12\/my-kinabalu.jpg\" class=\"attachment-full size-full wp-post-image\" alt=\"\" itemprop=\"image\" srcset=\"https:\/\/cuicui.be\/wp-content\/uploads\/2016\/12\/my-kinabalu.jpg 1024w, https:\/\/cuicui.be\/wp-content\/uploads\/2016\/12\/my-kinabalu-150x75.jpg 150w, https:\/\/cuicui.be\/wp-content\/uploads\/2016\/12\/my-kinabalu-300x150.jpg 300w, https:\/\/cuicui.be\/wp-content\/uploads\/2016\/12\/my-kinabalu-768x384.jpg 768w, https:\/\/cuicui.be\/wp-content\/uploads\/2016\/12\/my-kinabalu-600x300.jpg 600w\" sizes=\"auto, (max-width: 1024px) 100vw, 1024px\" \/><\/a>\t\t<\/div>\n\t\t\t\t\t\t\t\t<header class=\"wp-show-posts-entry-header\">\n\t\t\t\t\t\t\t<h2 class=\"wp-show-posts-entry-title\" itemprop=\"headline\"><a href=\"https:\/\/cuicui.be\/fr\/malaysia-kinabalu-park\/\" rel=\"bookmark\">Parc du Kinabalu<\/a><\/h2>\t\t\t\t\t\t<\/header><!-- .entry-header -->\n\t\t\t\t\t\t\t\t\t\t\t<div class=\"wp-show-posts-entry-summary\" itemprop=\"text\">\n\t\t\t\t\t\t\t<p>\u00ab\u00a0Ce parc, situ\u00e9 dans l&rsquo;Etat de Sabah, au nord de l&rsquo;\u00eele de Born\u00e9o, est domin\u00e9 par le mont Kinabalu (4 095 m),&#8230;<\/p>\n\t\t\t\t\t\t<\/div><!-- .entry-summary -->\n\t\t\t\t\t<\/div><!-- wp-show-posts-inner --><\/article><article class=\"  wp-show-posts-masonry-col-4  wp-show-posts-masonry-block wp-show-posts-single post-3255 post type-post status-publish format-standard has-post-thumbnail hentry category-asia category-malaysia wpsp-col-4\" itemtype=\"http:\/\/schema.org\/CreativeWork\" itemscope><div class=\"wp-show-posts-inner\" style=\"\">\t\t<div class=\"wp-show-posts-image zoom wpsp-image-center \">\n\t\t\t<a href=\"https:\/\/cuicui.be\/fr\/malaysia-melaka-and-george-town\/\"  title=\"Melaka et George Town\"><img loading=\"lazy\" decoding=\"async\" width=\"1024\" height=\"512\" src=\"https:\/\/cuicui.be\/wp-content\/uploads\/2002\/07\/my-melaka.jpg\" class=\"attachment-full size-full wp-post-image\" alt=\"\" itemprop=\"image\" srcset=\"https:\/\/cuicui.be\/wp-content\/uploads\/2002\/07\/my-melaka.jpg 1024w, https:\/\/cuicui.be\/wp-content\/uploads\/2002\/07\/my-melaka-150x75.jpg 150w, https:\/\/cuicui.be\/wp-content\/uploads\/2002\/07\/my-melaka-300x150.jpg 300w, https:\/\/cuicui.be\/wp-content\/uploads\/2002\/07\/my-melaka-768x384.jpg 768w, https:\/\/cuicui.be\/wp-content\/uploads\/2002\/07\/my-melaka-600x300.jpg 600w\" sizes=\"auto, (max-width: 1024px) 100vw, 1024px\" \/><\/a>\t\t<\/div>\n\t\t\t\t\t\t\t\t<header class=\"wp-show-posts-entry-header\">\n\t\t\t\t\t\t\t<h2 class=\"wp-show-posts-entry-title\" itemprop=\"headline\"><a href=\"https:\/\/cuicui.be\/fr\/malaysia-melaka-and-george-town\/\" rel=\"bookmark\">Melaka et George Town<\/a><\/h2>\t\t\t\t\t\t<\/header><!-- .entry-header -->\n\t\t\t\t\t\t\t\t\t\t\t<div class=\"wp-show-posts-entry-summary\" itemprop=\"text\">\n\t\t\t\t\t\t\t<p>\u00ab\u00a0Les villes historiques Melaka et George Town sont le produit de 500 ans de contacts commerciaux et culturels entre l\u2019Orient et l\u2019Occident&#8230;<\/p>\n\t\t\t\t\t\t<\/div><!-- .entry-summary -->\n\t\t\t\t\t<\/div><!-- wp-show-posts-inner --><\/article><article class=\"  wp-show-posts-masonry-col-4  wp-show-posts-masonry-block wp-show-posts-single post-3265 post type-post status-publish format-standard has-post-thumbnail hentry category-asia category-malaysia wpsp-col-4\" itemtype=\"http:\/\/schema.org\/CreativeWork\" itemscope><div class=\"wp-show-posts-inner\" style=\"\">\t\t<div class=\"wp-show-posts-image zoom wpsp-image-center \">\n\t\t\t<a href=\"https:\/\/cuicui.be\/fr\/malaysia-gunung-mulu-national-park\/\"  title=\"Parc du Gunung Mulu\"><img loading=\"lazy\" decoding=\"async\" width=\"1024\" height=\"512\" src=\"https:\/\/cuicui.be\/wp-content\/uploads\/2002\/07\/my-gunung-mulu.jpg\" class=\"attachment-full size-full wp-post-image\" alt=\"\" itemprop=\"image\" srcset=\"https:\/\/cuicui.be\/wp-content\/uploads\/2002\/07\/my-gunung-mulu.jpg 1024w, https:\/\/cuicui.be\/wp-content\/uploads\/2002\/07\/my-gunung-mulu-150x75.jpg 150w, https:\/\/cuicui.be\/wp-content\/uploads\/2002\/07\/my-gunung-mulu-300x150.jpg 300w, https:\/\/cuicui.be\/wp-content\/uploads\/2002\/07\/my-gunung-mulu-768x384.jpg 768w, https:\/\/cuicui.be\/wp-content\/uploads\/2002\/07\/my-gunung-mulu-600x300.jpg 600w\" sizes=\"auto, (max-width: 1024px) 100vw, 1024px\" \/><\/a>\t\t<\/div>\n\t\t\t\t\t\t\t\t<header class=\"wp-show-posts-entry-header\">\n\t\t\t\t\t\t\t<h2 class=\"wp-show-posts-entry-title\" itemprop=\"headline\"><a href=\"https:\/\/cuicui.be\/fr\/malaysia-gunung-mulu-national-park\/\" rel=\"bookmark\">Parc du Gunung Mulu<\/a><\/h2>\t\t\t\t\t\t<\/header><!-- .entry-header -->\n\t\t\t\t\t\t\t\t\t\t\t<div class=\"wp-show-posts-entry-summary\" itemprop=\"text\">\n\t\t\t\t\t\t\t<p>\u00ab\u00a0Important aussi bien pour sa grande biodiversit\u00e9 que pour son caract\u00e8re karstique, le Parc national du Gunung Mulu (52 864 ha), dans&#8230;<\/p>\n\t\t\t\t\t\t<\/div><!-- .entry-summary -->\n\t\t\t\t\t<\/div><!-- wp-show-posts-inner --><\/article><div class=\"wpsp-clear\"><\/div><\/section><!-- .wp-show-posts -->\n","protected":false},"excerpt":{"rendered":"","protected":false},"author":1,"featured_media":0,"parent":0,"menu_order":0,"comment_status":"closed","ping_status":"closed","template":"","meta":{"generate_page_header":"","footnotes":""},"class_list":["post-3261","page","type-page","status-publish","hentry","generate-columns","tablet-grid-50","mobile-grid-100","grid-parent","grid-33"],"_links":{"self":[{"href":"https:\/\/cuicui.be\/fr\/wp-json\/wp\/v2\/pages\/3261","targetHints":{"allow":["GET"]}}],"collection":[{"href":"https:\/\/cuicui.be\/fr\/wp-json\/wp\/v2\/pages"}],"about":[{"href":"https:\/\/cuicui.be\/fr\/wp-json\/wp\/v2\/types\/page"}],"author":[{"embeddable":true,"href":"https:\/\/cuicui.be\/fr\/wp-json\/wp\/v2\/users\/1"}],"replies":[{"embeddable":true,"href":"https:\/\/cuicui.be\/fr\/wp-json\/wp\/v2\/comments?post=3261"}],"version-history":[{"count":0,"href":"https:\/\/cuicui.be\/fr\/wp-json\/wp\/v2\/pages\/3261\/revisions"}],"wp:attachment":[{"href":"https:\/\/cuicui.be\/fr\/wp-json\/wp\/v2\/media?parent=3261"}],"curies":[{"name":"wp","href":"https:\/\/api.w.org\/{rel}","templated":true}]}}