{"id":3302,"date":"2016-12-26T20:43:48","date_gmt":"2016-12-26T19:43:48","guid":{"rendered":"http:\/\/cuicui.be\/?page_id=3302"},"modified":"2016-12-26T20:43:48","modified_gmt":"2016-12-26T19:43:48","slug":"lao","status":"publish","type":"page","link":"https:\/\/cuicui.be\/fr\/lao\/","title":{"rendered":"Lao"},"content":{"rendered":"<style>.slick-slider#wpsp-3301 {margin-left: 0px; }.slick-slider#wpsp-3301 .wp-show-posts-inner {margin-left: 1em; margin-right: 1em; }#wpsp-3301.wpsp-card .wp-show-posts-single {margin-bottom: 2em; }.slick-slider#wpsp-3301 .wp-show-posts-single {margin-bottom: 0px; }#wpsp-3301:not(.wpsp-card) .wp-show-posts-inner {padding: 5px; }#wpsp-3301.wpsp-card .wpsp-content-wrap {padding: 5px; }<\/style><style>.wp-show-posts-columns#wpsp-3301 {margin-left: -2em; }.wp-show-posts-columns#wpsp-3301 .wp-show-posts-inner {margin: 0 0 2em 2em; }<\/style><section id=\"wpsp-3301\" class=\" wp-show-posts-columns wp-show-posts-masonry wp-show-posts\" style=\"\"><div class=\"grid-sizer wpsp-col-4\"><\/div><article class=\"  wp-show-posts-masonry-col-4  wp-show-posts-masonry-block wp-show-posts-single post-3305 post type-post status-publish format-standard has-post-thumbnail hentry category-asia category-lao wpsp-col-4\" itemtype=\"http:\/\/schema.org\/CreativeWork\" itemscope><div class=\"wp-show-posts-inner\" style=\"\">\t\t<div class=\"wp-show-posts-image zoom wpsp-image-center \">\n\t\t\t<a href=\"https:\/\/cuicui.be\/fr\/lao-luang-prabang\/\"  title=\"Ville de Luang Prabang\"><img loading=\"lazy\" decoding=\"async\" width=\"1024\" height=\"512\" src=\"https:\/\/cuicui.be\/wp-content\/uploads\/2016\/12\/lao-luang-prabang.jpg\" class=\"attachment-full size-full wp-post-image\" alt=\"\" itemprop=\"image\" srcset=\"https:\/\/cuicui.be\/wp-content\/uploads\/2016\/12\/lao-luang-prabang.jpg 1024w, https:\/\/cuicui.be\/wp-content\/uploads\/2016\/12\/lao-luang-prabang-150x75.jpg 150w, https:\/\/cuicui.be\/wp-content\/uploads\/2016\/12\/lao-luang-prabang-300x150.jpg 300w, https:\/\/cuicui.be\/wp-content\/uploads\/2016\/12\/lao-luang-prabang-768x384.jpg 768w, https:\/\/cuicui.be\/wp-content\/uploads\/2016\/12\/lao-luang-prabang-600x300.jpg 600w\" sizes=\"auto, (max-width: 1024px) 100vw, 1024px\" \/><\/a>\t\t<\/div>\n\t\t\t\t\t\t\t\t<header class=\"wp-show-posts-entry-header\">\n\t\t\t\t\t\t\t<h2 class=\"wp-show-posts-entry-title\" itemprop=\"headline\"><a href=\"https:\/\/cuicui.be\/fr\/lao-luang-prabang\/\" rel=\"bookmark\">Ville de Luang Prabang<\/a><\/h2>\t\t\t\t\t\t<\/header><!-- .entry-header -->\n\t\t\t\t\t\t\t\t\t\t\t<div class=\"wp-show-posts-entry-summary\" itemprop=\"text\">\n\t\t\t\t\t\t\t<p>\u00ab\u00a0Cette ville refl\u00e8te la fusion exceptionnelle de l&rsquo;architecture traditionnelle et des structures urbaines con\u00e7ues par les autorit\u00e9s coloniales europ\u00e9ennes aux XIXe et&#8230;<\/p>\n\t\t\t\t\t\t<\/div><!-- .entry-summary -->\n\t\t\t\t\t<\/div><!-- wp-show-posts-inner --><\/article><article class=\"  wp-show-posts-masonry-col-4  wp-show-posts-masonry-block wp-show-posts-single post-3295 post type-post status-publish format-standard has-post-thumbnail hentry category-asia category-lao wpsp-col-4\" itemtype=\"http:\/\/schema.org\/CreativeWork\" itemscope><div class=\"wp-show-posts-inner\" style=\"\">\t\t<div class=\"wp-show-posts-image zoom wpsp-image-center \">\n\t\t\t<a href=\"https:\/\/cuicui.be\/fr\/lao-vat-phou-off-angkor\/\"  title=\"Vat Phou hors d&rsquo;Angkor\"><img loading=\"lazy\" decoding=\"async\" width=\"1024\" height=\"512\" src=\"https:\/\/cuicui.be\/wp-content\/uploads\/2016\/12\/la-vat-phou.jpg\" class=\"attachment-full size-full wp-post-image\" alt=\"\" itemprop=\"image\" srcset=\"https:\/\/cuicui.be\/wp-content\/uploads\/2016\/12\/la-vat-phou.jpg 1024w, https:\/\/cuicui.be\/wp-content\/uploads\/2016\/12\/la-vat-phou-150x75.jpg 150w, https:\/\/cuicui.be\/wp-content\/uploads\/2016\/12\/la-vat-phou-300x150.jpg 300w, https:\/\/cuicui.be\/wp-content\/uploads\/2016\/12\/la-vat-phou-768x384.jpg 768w, https:\/\/cuicui.be\/wp-content\/uploads\/2016\/12\/la-vat-phou-600x300.jpg 600w\" sizes=\"auto, (max-width: 1024px) 100vw, 1024px\" \/><\/a>\t\t<\/div>\n\t\t\t\t\t\t\t\t<header class=\"wp-show-posts-entry-header\">\n\t\t\t\t\t\t\t<h2 class=\"wp-show-posts-entry-title\" itemprop=\"headline\"><a href=\"https:\/\/cuicui.be\/fr\/lao-vat-phou-off-angkor\/\" rel=\"bookmark\">Vat Phou hors d&rsquo;Angkor<\/a><\/h2>\t\t\t\t\t\t<\/header><!-- .entry-header -->\n\t\t\t\t\t\t\t\t\t\t\t<div class=\"wp-show-posts-entry-summary\" itemprop=\"text\">\n\t\t\t\t\t\t\t<p>\u00ab\u00a0Le paysage culturel de Champassak, y compris l&rsquo;ensemble du temple de Vat Phou, repr\u00e9sente une zone de paysage planifi\u00e9e remontant \u00e0 plus&#8230;<\/p>\n\t\t\t\t\t\t<\/div><!-- .entry-summary -->\n\t\t\t\t\t<\/div><!-- wp-show-posts-inner --><\/article><div class=\"wpsp-clear\"><\/div><\/section><!-- .wp-show-posts -->\n","protected":false},"excerpt":{"rendered":"","protected":false},"author":1,"featured_media":0,"parent":0,"menu_order":0,"comment_status":"closed","ping_status":"closed","template":"","meta":{"generate_page_header":"","footnotes":""},"class_list":["post-3302","page","type-page","status-publish","hentry","generate-columns","tablet-grid-50","mobile-grid-100","grid-parent","grid-33"],"_links":{"self":[{"href":"https:\/\/cuicui.be\/fr\/wp-json\/wp\/v2\/pages\/3302","targetHints":{"allow":["GET"]}}],"collection":[{"href":"https:\/\/cuicui.be\/fr\/wp-json\/wp\/v2\/pages"}],"about":[{"href":"https:\/\/cuicui.be\/fr\/wp-json\/wp\/v2\/types\/page"}],"author":[{"embeddable":true,"href":"https:\/\/cuicui.be\/fr\/wp-json\/wp\/v2\/users\/1"}],"replies":[{"embeddable":true,"href":"https:\/\/cuicui.be\/fr\/wp-json\/wp\/v2\/comments?post=3302"}],"version-history":[{"count":0,"href":"https:\/\/cuicui.be\/fr\/wp-json\/wp\/v2\/pages\/3302\/revisions"}],"wp:attachment":[{"href":"https:\/\/cuicui.be\/fr\/wp-json\/wp\/v2\/media?parent=3302"}],"curies":[{"name":"wp","href":"https:\/\/api.w.org\/{rel}","templated":true}]}}