{"id":743,"date":"2016-07-17T19:11:48","date_gmt":"2016-07-17T18:11:48","guid":{"rendered":"http:\/\/cuicui.be\/?page_id=743"},"modified":"2016-10-09T00:21:44","modified_gmt":"2016-10-08T23:21:44","slug":"thank-you","status":"publish","type":"page","link":"https:\/\/cuicui.be\/fr\/thank-you\/","title":{"rendered":"Merci"},"content":{"rendered":"<p>&nbsp;<\/p>\n<h2 style=\"text-align: center;\">Merci pour votre soutien !<\/h2>\n<h2 style=\"text-align: center;\">Vous serez bient\u00f4t personnellement contact\u00e9.<\/h2>\n<h2 style=\"text-align: center;\">D&rsquo;ici l\u00e0 continuons le voyage \ud83d\ude42<\/h2>\n<p style=\"text-align: center;\"><a href=\"http:\/\/cuicui.be\/random\"><br \/>\n<i class=\"fa fa-random fa-4x fa-fw\"><\/i><br \/>\n<\/a><\/p>\n<p><\/p>","protected":false},"excerpt":{"rendered":"<p>&nbsp; Merci pour votre soutien ! Vous serez bient\u00f4t personnellement contact\u00e9. D&rsquo;ici l\u00e0 continuons le voyage \ud83d\ude42<\/p>\n","protected":false},"author":1,"featured_media":578,"parent":0,"menu_order":0,"comment_status":"closed","ping_status":"closed","template":"","meta":{"generate_page_header":"","footnotes":""},"class_list":["post-743","page","type-page","status-publish","has-post-thumbnail"],"_links":{"self":[{"href":"https:\/\/cuicui.be\/fr\/wp-json\/wp\/v2\/pages\/743","targetHints":{"allow":["GET"]}}],"collection":[{"href":"https:\/\/cuicui.be\/fr\/wp-json\/wp\/v2\/pages"}],"about":[{"href":"https:\/\/cuicui.be\/fr\/wp-json\/wp\/v2\/types\/page"}],"author":[{"embeddable":true,"href":"https:\/\/cuicui.be\/fr\/wp-json\/wp\/v2\/users\/1"}],"replies":[{"embeddable":true,"href":"https:\/\/cuicui.be\/fr\/wp-json\/wp\/v2\/comments?post=743"}],"version-history":[{"count":0,"href":"https:\/\/cuicui.be\/fr\/wp-json\/wp\/v2\/pages\/743\/revisions"}],"wp:featuredmedia":[{"embeddable":true,"href":"https:\/\/cuicui.be\/fr\/wp-json\/wp\/v2\/media\/578"}],"wp:attachment":[{"href":"https:\/\/cuicui.be\/fr\/wp-json\/wp\/v2\/media?parent=743"}],"curies":[{"name":"wp","href":"https:\/\/api.w.org\/{rel}","templated":true}]}}